{"id":29047,"date":"2025-10-20T06:19:14","date_gmt":"2025-10-20T06:19:14","guid":{"rendered":"https:\/\/hardnesstests.com\/?post_type=product&#038;p=29047"},"modified":"2025-11-27T09:26:08","modified_gmt":"2025-11-27T09:26:08","slug":"sw-20-digital-webster-hardness-tester","status":"publish","type":"product","link":"https:\/\/hardnesstests.com\/de_de_formal\/produkt\/sw-20-digital-webster-hardness-tester\/","title":{"rendered":"SW-20 Digitales Webster-H\u00e4rtepr\u00fcfger\u00e4t"},"content":{"rendered":"<div class=\"table-responsive\">\n<table border=\"1\">\n<tbody>\n<tr>\n<td><strong>Die wichtigsten Funktionen und Merkmale:<\/strong><\/td>\n<\/tr>\n<\/tbody>\n<\/table>\n<\/div>\n<p>1. Das Webster H\u00e4rtepr\u00fcfger\u00e4t ist f\u00fcr die Pr\u00fcfung von Profilen, Rohren und Platten geeignet. Es eignet sich besonders f\u00fcr die schnelle und zerst\u00f6rungsfreie Pr\u00fcfung der Produkth\u00e4rte in der Produktion, im Verkauf oder auf der Baustelle.<br \/>\n2. Schnelle und direkte digitale Anzeige des H\u00e4rtepr\u00fcfers.<\/p>\n<p>3. Der Webster-H\u00e4rtewert kann in die g\u00e4ngigen Werte f\u00fcr Vickers-, Rockwell-, Brinell-H\u00e4rte und Zugfestigkeit umgerechnet werden.<\/p>\n<p>&nbsp;<\/p>\n<h1><strong>Hauptzweck und Anwendungsbereich:<\/strong><\/h1>\n<p>1. Bestimmen Sie, ob das Werkst\u00fcck w\u00e4rmebehandelt ist, pr\u00fcfen Sie die Wirkung der W\u00e4rmebehandlung<br \/>\n2. Bestimmen Sie, ob das Werkst\u00fcck nicht mit der entsprechenden Legierung bearbeitet wird<br \/>\n3. Unannehmlichkeiten beim Testen langer, schwerer Werkst\u00fccke oder Baugruppen im Labor<br \/>\n4. F\u00fcr Produktionsinspektion, Abnahmepr\u00fcfung und Qualit\u00e4ts\u00fcberwachung und -kontrolle<\/p>\n<p>5. Haupts\u00e4chlich verwendet, um die H\u00e4rte von Aluminiumlegierungen (1100~7075 Serie) zu messen.<\/p>\n<p>&nbsp;<\/p>\n<div class=\"table-responsive\">\n<table border=\"1\">\n<tbody>\n<tr>\n<td><strong>Technische Parameter:<\/strong><\/td>\n<\/tr>\n<\/tbody>\n<\/table>\n<\/div>\n<p>1. Bereich: 0-20HW<\/p>\n<p>2. Genauigkeit: 0,5HW<\/p>\n<p>3. Display-Aufl\u00f6sung: 0.1HW<\/p>\n<p>4. Messbereich: entspricht der Rockwell-H\u00e4rte 20 ~ 110HRE.<\/p>","protected":false},"excerpt":{"rendered":"<p>Das SW-20 Webster-H\u00e4rtepr\u00fcfger\u00e4t f\u00fcr Aluminiumlegierungen (auch als Klammerh\u00e4rtepr\u00fcfger\u00e4t bekannt) ist ein leichtes Ger\u00e4t, mit dem Sie vor Ort schnell die H\u00e4rte von Aluminiumlegierungen pr\u00fcfen k\u00f6nnen. Der Test ist schnell und einfach und es kann eine Karte verwendet werden. Der H\u00e4rtewert kann direkt abgelesen werden. Es entspricht der chinesischen Norm f\u00fcr Nichteisenmetalle YS\/T420 und der amerikanischen Norm ASTM B647. Es ist eines der beiden Ger\u00e4te, die von der Norm YS\/T420 empfohlen werden.<\/p>","protected":false},"featured_media":29048,"comment_status":"open","ping_status":"closed","template":"","meta":[],"product_brand":[],"product_cat":[70,77],"product_tag":[112],"class_list":{"0":"post-29047","1":"product","2":"type-product","3":"status-publish","4":"has-post-thumbnail","6":"product_cat-hardness-tester","7":"product_cat-webster-hardness-tester","8":"product_tag-webster-hardness-tester","10":"first","11":"instock","12":"shipping-taxable","13":"product-type-simple"},"yoast_head":"<!-- This site is optimized with the Yoast SEO Premium plugin v25.4 (Yoast SEO v27.4) - https:\/\/yoast.com\/product\/yoast-seo-premium-wordpress\/ -->\n<title>SW-20 Digital Webster hardness tester - hardnesstests<\/title>\n<meta name=\"robots\" content=\"index, follow, max-snippet:-1, max-image-preview:large, max-video-preview:-1\" \/>\n<link rel=\"canonical\" href=\"https:\/\/hardnesstests.com\/de_de_formal\/produkt\/sw-20-digital-webster-hardness-tester\/\" \/>\n<meta property=\"og:locale\" content=\"de_DE\" \/>\n<meta property=\"og:type\" content=\"article\" \/>\n<meta property=\"og:title\" content=\"SW-20 Digital Webster hardness tester\" \/>\n<meta property=\"og:description\" content=\"SW-20 Aluminum Alloy Webster Hardness Tester (also known as the clamp-type hardness tester) is a lightweight, on-site instrument that can quickly test the hardness of aluminum alloys. The test is rapid, simple, and one card can be used. The hardness value can be read directly. It conforms to the China Nonferrous Metals Standard YS\/T420 and American Standard ASTM B647. It is one of the two instruments recommended by the standard YS\/T420.\" \/>\n<meta property=\"og:url\" content=\"https:\/\/hardnesstests.com\/de_de_formal\/produkt\/sw-20-digital-webster-hardness-tester\/\" \/>\n<meta property=\"og:site_name\" content=\"hardnesstests\" \/>\n<meta property=\"article:modified_time\" content=\"2025-11-27T09:26:08+00:00\" \/>\n<meta property=\"og:image\" content=\"https:\/\/hardnesstests.com\/wp-content\/uploads\/2025\/10\/SW-20-\u6570\u663e\u97e6\u6c0f\u786c\u5ea6\u8ba1.jpg\" \/>\n\t<meta property=\"og:image:width\" content=\"463\" \/>\n\t<meta property=\"og:image:height\" content=\"463\" \/>\n\t<meta property=\"og:image:type\" content=\"image\/jpeg\" \/>\n<meta name=\"twitter:card\" content=\"summary_large_image\" \/>\n<meta name=\"twitter:label1\" content=\"Gesch\u00e4tzte Lesezeit\" \/>\n\t<meta name=\"twitter:data1\" content=\"1\u00a0Minute\" \/>\n<script type=\"application\/ld+json\" class=\"yoast-schema-graph\">{\"@context\":\"https:\\\/\\\/schema.org\",\"@graph\":[{\"@type\":\"WebPage\",\"@id\":\"https:\\\/\\\/hardnesstests.com\\\/product\\\/sw-20-digital-webster-hardness-tester\\\/\",\"url\":\"https:\\\/\\\/hardnesstests.com\\\/product\\\/sw-20-digital-webster-hardness-tester\\\/\",\"name\":\"SW-20 Digital Webster hardness tester - hardnesstests\",\"isPartOf\":{\"@id\":\"https:\\\/\\\/hardnesstests.com\\\/tr\\\/#website\"},\"primaryImageOfPage\":{\"@id\":\"https:\\\/\\\/hardnesstests.com\\\/product\\\/sw-20-digital-webster-hardness-tester\\\/#primaryimage\"},\"image\":{\"@id\":\"https:\\\/\\\/hardnesstests.com\\\/product\\\/sw-20-digital-webster-hardness-tester\\\/#primaryimage\"},\"thumbnailUrl\":\"https:\\\/\\\/hardnesstests.com\\\/wp-content\\\/uploads\\\/2025\\\/10\\\/SW-20-\u6570\u663e\u97e6\u6c0f\u786c\u5ea6\u8ba1.jpg\",\"datePublished\":\"2025-10-20T06:19:14+00:00\",\"dateModified\":\"2025-11-27T09:26:08+00:00\",\"breadcrumb\":{\"@id\":\"https:\\\/\\\/hardnesstests.com\\\/product\\\/sw-20-digital-webster-hardness-tester\\\/#breadcrumb\"},\"inLanguage\":\"de\",\"potentialAction\":[{\"@type\":\"ReadAction\",\"target\":[\"https:\\\/\\\/hardnesstests.com\\\/product\\\/sw-20-digital-webster-hardness-tester\\\/\"]}]},{\"@type\":\"ImageObject\",\"inLanguage\":\"de\",\"@id\":\"https:\\\/\\\/hardnesstests.com\\\/product\\\/sw-20-digital-webster-hardness-tester\\\/#primaryimage\",\"url\":\"https:\\\/\\\/hardnesstests.com\\\/wp-content\\\/uploads\\\/2025\\\/10\\\/SW-20-\u6570\u663e\u97e6\u6c0f\u786c\u5ea6\u8ba1.jpg\",\"contentUrl\":\"https:\\\/\\\/hardnesstests.com\\\/wp-content\\\/uploads\\\/2025\\\/10\\\/SW-20-\u6570\u663e\u97e6\u6c0f\u786c\u5ea6\u8ba1.jpg\",\"width\":463,\"height\":463,\"caption\":\"SW-20 Digital Webster hardness tester\"},{\"@type\":\"BreadcrumbList\",\"@id\":\"https:\\\/\\\/hardnesstests.com\\\/product\\\/sw-20-digital-webster-hardness-tester\\\/#breadcrumb\",\"itemListElement\":[{\"@type\":\"ListItem\",\"position\":1,\"name\":\"\u9996\u9875\",\"item\":\"https:\\\/\\\/hardnesstests.com\\\/\"},{\"@type\":\"ListItem\",\"position\":2,\"name\":\"products\",\"item\":\"https:\\\/\\\/hardnesstests.com\\\/products\\\/\"},{\"@type\":\"ListItem\",\"position\":3,\"name\":\"SW-20 Digital Webster hardness tester\"}]},{\"@type\":\"WebSite\",\"@id\":\"https:\\\/\\\/hardnesstests.com\\\/tr\\\/#website\",\"url\":\"https:\\\/\\\/hardnesstests.com\\\/tr\\\/\",\"name\":\"hardnesstests\",\"description\":\"\",\"publisher\":{\"@id\":\"https:\\\/\\\/hardnesstests.com\\\/tr\\\/#organization\"},\"potentialAction\":[{\"@type\":\"SearchAction\",\"target\":{\"@type\":\"EntryPoint\",\"urlTemplate\":\"https:\\\/\\\/hardnesstests.com\\\/tr\\\/?s={search_term_string}\"},\"query-input\":{\"@type\":\"PropertyValueSpecification\",\"valueRequired\":true,\"valueName\":\"search_term_string\"}}],\"inLanguage\":\"de\"},{\"@type\":\"Organization\",\"@id\":\"https:\\\/\\\/hardnesstests.com\\\/tr\\\/#organization\",\"name\":\"hardnesstests\",\"url\":\"https:\\\/\\\/hardnesstests.com\\\/tr\\\/\",\"logo\":{\"@type\":\"ImageObject\",\"inLanguage\":\"de\",\"@id\":\"https:\\\/\\\/hardnesstests.com\\\/tr\\\/#\\\/schema\\\/logo\\\/image\\\/\",\"url\":\"https:\\\/\\\/hardnesstests.com\\\/wp-content\\\/uploads\\\/2021\\\/08\\\/\u5fae\u4fe1\u56fe\u7247_20251029102004_335_1287.png\",\"contentUrl\":\"https:\\\/\\\/hardnesstests.com\\\/wp-content\\\/uploads\\\/2021\\\/08\\\/\u5fae\u4fe1\u56fe\u7247_20251029102004_335_1287.png\",\"width\":1308,\"height\":467,\"caption\":\"hardnesstests\"},\"image\":{\"@id\":\"https:\\\/\\\/hardnesstests.com\\\/tr\\\/#\\\/schema\\\/logo\\\/image\\\/\"}}]}<\/script>\n<!-- \/ Yoast SEO Premium plugin. -->","yoast_head_json":{"title":"SW-20 Digital Webster hardness tester - hardnesstests","robots":{"index":"index","follow":"follow","max-snippet":"max-snippet:-1","max-image-preview":"max-image-preview:large","max-video-preview":"max-video-preview:-1"},"canonical":"https:\/\/hardnesstests.com\/de_de_formal\/produkt\/sw-20-digital-webster-hardness-tester\/","og_locale":"de_DE","og_type":"article","og_title":"SW-20 Digital Webster hardness tester","og_description":"SW-20 Aluminum Alloy Webster Hardness Tester (also known as the clamp-type hardness tester) is a lightweight, on-site instrument that can quickly test the hardness of aluminum alloys. The test is rapid, simple, and one card can be used. The hardness value can be read directly. It conforms to the China Nonferrous Metals Standard YS\/T420 and American Standard ASTM B647. It is one of the two instruments recommended by the standard YS\/T420.","og_url":"https:\/\/hardnesstests.com\/de_de_formal\/produkt\/sw-20-digital-webster-hardness-tester\/","og_site_name":"hardnesstests","article_modified_time":"2025-11-27T09:26:08+00:00","og_image":[{"width":463,"height":463,"url":"https:\/\/hardnesstests.com\/wp-content\/uploads\/2025\/10\/SW-20-\u6570\u663e\u97e6\u6c0f\u786c\u5ea6\u8ba1.jpg","type":"image\/jpeg"}],"twitter_card":"summary_large_image","twitter_misc":{"Gesch\u00e4tzte Lesezeit":"1\u00a0Minute"},"schema":{"@context":"https:\/\/schema.org","@graph":[{"@type":"WebPage","@id":"https:\/\/hardnesstests.com\/product\/sw-20-digital-webster-hardness-tester\/","url":"https:\/\/hardnesstests.com\/product\/sw-20-digital-webster-hardness-tester\/","name":"SW-20 Digital Webster hardness tester - hardnesstests","isPartOf":{"@id":"https:\/\/hardnesstests.com\/tr\/#website"},"primaryImageOfPage":{"@id":"https:\/\/hardnesstests.com\/product\/sw-20-digital-webster-hardness-tester\/#primaryimage"},"image":{"@id":"https:\/\/hardnesstests.com\/product\/sw-20-digital-webster-hardness-tester\/#primaryimage"},"thumbnailUrl":"https:\/\/hardnesstests.com\/wp-content\/uploads\/2025\/10\/SW-20-\u6570\u663e\u97e6\u6c0f\u786c\u5ea6\u8ba1.jpg","datePublished":"2025-10-20T06:19:14+00:00","dateModified":"2025-11-27T09:26:08+00:00","breadcrumb":{"@id":"https:\/\/hardnesstests.com\/product\/sw-20-digital-webster-hardness-tester\/#breadcrumb"},"inLanguage":"de","potentialAction":[{"@type":"ReadAction","target":["https:\/\/hardnesstests.com\/product\/sw-20-digital-webster-hardness-tester\/"]}]},{"@type":"ImageObject","inLanguage":"de","@id":"https:\/\/hardnesstests.com\/product\/sw-20-digital-webster-hardness-tester\/#primaryimage","url":"https:\/\/hardnesstests.com\/wp-content\/uploads\/2025\/10\/SW-20-\u6570\u663e\u97e6\u6c0f\u786c\u5ea6\u8ba1.jpg","contentUrl":"https:\/\/hardnesstests.com\/wp-content\/uploads\/2025\/10\/SW-20-\u6570\u663e\u97e6\u6c0f\u786c\u5ea6\u8ba1.jpg","width":463,"height":463,"caption":"SW-20 Digital Webster hardness tester"},{"@type":"BreadcrumbList","@id":"https:\/\/hardnesstests.com\/product\/sw-20-digital-webster-hardness-tester\/#breadcrumb","itemListElement":[{"@type":"ListItem","position":1,"name":"\u9996\u9875","item":"https:\/\/hardnesstests.com\/"},{"@type":"ListItem","position":2,"name":"products","item":"https:\/\/hardnesstests.com\/products\/"},{"@type":"ListItem","position":3,"name":"SW-20 Digital Webster hardness tester"}]},{"@type":"WebSite","@id":"https:\/\/hardnesstests.com\/tr\/#website","url":"https:\/\/hardnesstests.com\/tr\/","name":"hardnesstests","description":"","publisher":{"@id":"https:\/\/hardnesstests.com\/tr\/#organization"},"potentialAction":[{"@type":"SearchAction","target":{"@type":"EntryPoint","urlTemplate":"https:\/\/hardnesstests.com\/tr\/?s={search_term_string}"},"query-input":{"@type":"PropertyValueSpecification","valueRequired":true,"valueName":"search_term_string"}}],"inLanguage":"de"},{"@type":"Organization","@id":"https:\/\/hardnesstests.com\/tr\/#organization","name":"hardnesstests","url":"https:\/\/hardnesstests.com\/tr\/","logo":{"@type":"ImageObject","inLanguage":"de","@id":"https:\/\/hardnesstests.com\/tr\/#\/schema\/logo\/image\/","url":"https:\/\/hardnesstests.com\/wp-content\/uploads\/2021\/08\/\u5fae\u4fe1\u56fe\u7247_20251029102004_335_1287.png","contentUrl":"https:\/\/hardnesstests.com\/wp-content\/uploads\/2021\/08\/\u5fae\u4fe1\u56fe\u7247_20251029102004_335_1287.png","width":1308,"height":467,"caption":"hardnesstests"},"image":{"@id":"https:\/\/hardnesstests.com\/tr\/#\/schema\/logo\/image\/"}}]}},"_links":{"self":[{"href":"https:\/\/hardnesstests.com\/de_de_formal\/wp-json\/wp\/v2\/product\/29047","targetHints":{"allow":["GET"]}}],"collection":[{"href":"https:\/\/hardnesstests.com\/de_de_formal\/wp-json\/wp\/v2\/product"}],"about":[{"href":"https:\/\/hardnesstests.com\/de_de_formal\/wp-json\/wp\/v2\/types\/product"}],"replies":[{"embeddable":true,"href":"https:\/\/hardnesstests.com\/de_de_formal\/wp-json\/wp\/v2\/comments?post=29047"}],"version-history":[{"count":3,"href":"https:\/\/hardnesstests.com\/de_de_formal\/wp-json\/wp\/v2\/product\/29047\/revisions"}],"predecessor-version":[{"id":29864,"href":"https:\/\/hardnesstests.com\/de_de_formal\/wp-json\/wp\/v2\/product\/29047\/revisions\/29864"}],"wp:featuredmedia":[{"embeddable":true,"href":"https:\/\/hardnesstests.com\/de_de_formal\/wp-json\/wp\/v2\/media\/29048"}],"wp:attachment":[{"href":"https:\/\/hardnesstests.com\/de_de_formal\/wp-json\/wp\/v2\/media?parent=29047"}],"wp:term":[{"taxonomy":"product_brand","embeddable":true,"href":"https:\/\/hardnesstests.com\/de_de_formal\/wp-json\/wp\/v2\/product_brand?post=29047"},{"taxonomy":"product_cat","embeddable":true,"href":"https:\/\/hardnesstests.com\/de_de_formal\/wp-json\/wp\/v2\/product_cat?post=29047"},{"taxonomy":"product_tag","embeddable":true,"href":"https:\/\/hardnesstests.com\/de_de_formal\/wp-json\/wp\/v2\/product_tag?post=29047"}],"curies":[{"name":"wp","href":"https:\/\/api.w.org\/{rel}","templated":true}]}}