{"id":29041,"date":"2025-10-20T06:16:16","date_gmt":"2025-10-20T06:16:16","guid":{"rendered":"https:\/\/hardnesstests.com\/?post_type=product&#038;p=29041"},"modified":"2025-11-27T08:01:15","modified_gmt":"2025-11-27T08:01:15","slug":"chrts-45z%ef%bc%89fully-automatic-rockwell-hardness-tester","status":"publish","type":"product","link":"https:\/\/hardnesstests.com\/de_de_formal\/produkt\/chrts-45z%ef%bc%89fully-automatic-rockwell-hardness-tester\/","title":{"rendered":"(CHRTS-45Z\uff09Vollautomatisches Rockwell-H\u00e4rtepr\u00fcfger\u00e4t \/ - Vollautomatisches Oberfl\u00e4chen-Rockwell-H\u00e4rtepr\u00fcfger\u00e4t"},"content":{"rendered":"<h1><strong>Main functions and features of the instrument<\/strong><\/h1>\n<p><span style=\"font-weight: 400;\">1. The 8-inch LCD touch screen can intuitively display hardness value, converted hardness, test method, test force, brightness, initial test force holding time, total test force holding time, elastic recovery time, number of measurements, statistical data, test time, etc.;<\/span><br style=\"font-weight: 400;\" \/><span style=\"font-weight: 400;\">2. The system has its own calibration function, which can automatically adjust the error range of 80-120%, or calibrate the instrument separately with low and high values<\/span><br style=\"font-weight: 400;\" \/><span style=\"font-weight: 400;\">3. Wenn Sie die gekr\u00fcmmte Oberfl\u00e4che testen, wird sie automatisch entsprechend dem Standardradius der gekr\u00fcmmten Oberfl\u00e4che korrigiert;<\/span><br style=\"font-weight: 400;\" \/><span style=\"font-weight: 400;\">4. It can display real-time force value and indentation curve;<\/span><br style=\"font-weight: 400;\" \/><span style=\"font-weight: 400;\">5. It can store 100 sets of test data, and can view the test data at any time, or delete the current data or clear all test data;<\/span><br style=\"font-weight: 400;\" \/><span style=\"font-weight: 400;\">6. The test force units can be converted to each other, and the conversion units are: (Kgf, N)<\/span><br style=\"font-weight: 400;\" \/><span style=\"font-weight: 400;\">7. It can simultaneously display: average value, number of tests, product name;<\/span><br style=\"font-weight: 400;\" \/><span style=\"font-weight: 400;\">8. The main interface can display 4 conversion scales at the same time, and can switch between: national standard (GB), American standard (ASTM) and international (ISO) standard. A total of 20 measurement scales can be converted: HRA, HRB, HRC, HRD, HRE, HRF, HRG, HRK, HR15N, HR30N, HR45N, HR15T, HR30T, HR45T, HK, HBW, HS, HBS, HV, Rm (tensile strength),<\/span><br style=\"font-weight: 400;\" \/><span style=\"font-weight: 400;\">9, The screen sleep time can be set, and it will automatically enter the sleep state after long-term inactivity, which is environmentally friendly;<\/span><br style=\"font-weight: 400;\" \/><span style=\"font-weight: 400;\">9. The upper and lower limits of the measurement range can be set, which will be displayed on the main measurement interface, and the unqualified value will automatically prompt an alarm;<\/span><br style=\"font-weight: 400;\" \/><span style=\"font-weight: 400;\">10. The operating system has 14 languages, which can be switched at will: Chinese, Traditional Chinese, English, Russian, German, French, Spanish, Portuguese, Turkish, Czech, Japanese, Korean, Thai, and Vietnamese;<\/span><br style=\"font-weight: 400;\" \/><span style=\"font-weight: 400;\">11. Equipped with a built-in printer, the test data can also be exported to a USB flash drive via USB for storage and analysis;<\/span><br style=\"font-weight: 400;\" \/><span style=\"font-weight: 400;\">12. The one-time molding structure of the casting shell is stable and does not deform, and the pure white paint has strong scratch resistance, and it is still bright as new after years of use;<\/span><br style=\"font-weight: 400;\" \/><span style=\"font-weight: 400;\">13. Our company has the ability to develop, design and produce independently, and our machines provide lifetime parts replacement and maintenance upgrade services;<\/span><\/p>\n<h1><strong>The main uses and scope of the instrument:<\/strong><\/h1>\n<ol>\n<li><span style=\"font-weight: 400;\">Determine the Rockwell hardness of ferrous metals, non-ferrous metals and hard alloys:<\/span><\/li>\n<li><span style=\"font-weight: 400;\">Rockwell hardness of castings, annealed steel, normalized steel, non-ferrous metals and soft alloys;<\/span><\/li>\n<li>Rockwell hardness of heat-treated materials such as quenching and tempering;<\/li>\n<\/ol>\n<h1><strong>Detailed parameters of the instrument\uff1a<\/strong><\/h1>\n<table width=\"545\">\n<tbody>\n<tr>\n<td width=\"133\">Parameter name<\/td>\n<td width=\"412\">Parameter Daten<\/td>\n<\/tr>\n<tr>\n<td width=\"133\">Initial test force<\/td>\n<td width=\"412\">3kgf (29.42N) allowable error \u00b1 2.0%<\/td>\n<\/tr>\n<tr>\n<td width=\"133\">Total test force<\/td>\n<td width=\"412\">15kgf(147.1N)\u00a0\u00a0\u00a030kgf(294.2N) 45kgf(441.3N)<\/td>\n<\/tr>\n<tr>\n<td width=\"133\">Measurement scale<\/td>\n<td width=\"412\">HR15N\u3001HR30N\u3001HR45N\u3001HR15T\u3001HR30T\u3001HR45T\u3001HR15W\u3001HR30W\u3001HR45W\u3001HR15X\u3001HR30X\u3001HR45X\u3001HR15Y\u3001HR30Y\u3001HE45Y<\/td>\n<\/tr>\n<tr>\n<td width=\"133\">Compliance with standard<\/td>\n<td width=\"412\">GB\/T230.1, GB\/T230.2 national standards, JJG112 verification procedures<\/p>\n<p>GB\/T2848, GB\/T3773 original standards, EN10109, ASTM E18, ISO 6508<\/td>\n<\/tr>\n<tr>\n<td width=\"133\">Conversion unit<\/td>\n<td width=\"412\">Brinell, Rockwell, Vickers<\/td>\n<\/tr>\n<tr>\n<td width=\"133\">Conversion standard<\/td>\n<td width=\"412\">ASTM\u3001ISO\u3001GBT<\/td>\n<\/tr>\n<tr>\n<td width=\"133\">Hardness display<\/td>\n<td width=\"412\">8-inch color touch screen<\/td>\n<\/tr>\n<tr>\n<td width=\"133\">Display accuracy (HR)<\/td>\n<td width=\"412\">0.1<\/td>\n<\/tr>\n<tr>\n<td width=\"133\">Total test force holding time<\/td>\n<td width=\"412\">3-60S\u53ef\u8bbe\u7f6e<\/td>\n<\/tr>\n<tr>\n<td width=\"133\">Initial test force holding time<\/td>\n<td width=\"412\">0.1-4 S\u53ef\u8bbe\u7f6e<\/td>\n<\/tr>\n<tr>\n<td width=\"133\">Elastic recovery time<\/td>\n<td width=\"412\">0.2-5 S\u53ef\u8bbe\u7f6e<\/td>\n<\/tr>\n<tr>\n<td width=\"133\">Test force conversion<\/td>\n<td width=\"412\">Automatic<\/td>\n<\/tr>\n<tr>\n<td width=\"133\">Ladekontrolle<\/td>\n<td width=\"412\">Automatic<\/td>\n<\/tr>\n<tr>\n<td width=\"133\">Z-axis lifting system control<\/td>\n<td width=\"412\">Automatic<\/td>\n<\/tr>\n<tr>\n<td width=\"133\">Z-axis lifting mode<\/td>\n<td width=\"412\">Momentary lifting, automatic lifting, one-key test<\/td>\n<\/tr>\n<tr>\n<td width=\"133\">Hardness value calibration<\/td>\n<td width=\"412\"><\/td>\n<\/tr>\n<tr>\n<td width=\"133\">Arc correction compensation<\/td>\n<td width=\"412\"><\/td>\n<\/tr>\n<tr>\n<td width=\"133\">Test force compensation<\/td>\n<td width=\"412\"><\/td>\n<\/tr>\n<tr>\n<td width=\"133\">Qualifiziertes Urteil<\/td>\n<td width=\"412\"><\/td>\n<\/tr>\n<tr>\n<td width=\"133\">Data statistics<\/td>\n<td width=\"412\">Automatically calculate maximum value, minimum value, average value, maximum error, number of tests, etc.<\/td>\n<\/tr>\n<tr>\n<td width=\"133\">Datenausgabe<\/td>\n<td width=\"412\">Printer, communication interface, PC<\/td>\n<\/tr>\n<tr>\n<td width=\"133\">Maximale H\u00f6he des Exemplars (mm)<\/td>\n<td width=\"412\">270<\/td>\n<\/tr>\n<tr>\n<td width=\"133\">Distance from indenter to machine (mm)<\/td>\n<td width=\"412\">160<\/td>\n<\/tr>\n<tr>\n<td width=\"133\">Dimensions (mm)<\/td>\n<td width=\"412\">560X210X810<\/td>\n<\/tr>\n<tr>\n<td width=\"133\">Energieversorgung<\/td>\n<td width=\"412\">220V\/50HZ<\/td>\n<\/tr>\n<tr>\n<td width=\"133\">Weight (Kg)<\/td>\n<td width=\"412\">100<\/td>\n<\/tr>\n<\/tbody>\n<\/table>","protected":false},"excerpt":{"rendered":"<p>CHRTS-45Z fully automatic Rockwell hardness tester series is a new generation of high-tech intelligent products, using a closed-loop loading control system, high test force accuracy, good repeatability and stability of the indicated value, the shell is made of one-piece casting, the surface is treated with automotive paint, and the shape is novel. It has good reliability, operability and repeatability, and it is fully functional, one-button operation, fully automatic measurement, and clear and intuitive display. Automatic loading and unloading of test force can be used to perform hardness tests on the entire series of Rockwell scales. The hardness tester can be equipped with an optional XY automatic moving platform, automatic programming, and automatic dotting, which is suitable for end quenching tests; it can be equipped with a PC computer, and the hardness tester can be controlled and measured through multiple computer terminals, and statistical analysis of data can be performed to issue test reports, etc. The test report can also be customized according to user requirements. Automated operation is realized, eliminating human operation and reading errors! At the same time, the machine is also equipped with an emergency stop device, which is safer to use<\/p>","protected":false},"featured_media":29042,"comment_status":"open","ping_status":"closed","template":"","meta":[],"product_brand":[],"product_cat":[70,74],"product_tag":[109],"class_list":{"0":"post-29041","1":"product","2":"type-product","3":"status-publish","4":"has-post-thumbnail","6":"product_cat-hardness-tester","7":"product_cat-rockwell-hardness-tester","8":"product_tag-methods-rockwell-hardness-test","10":"first","11":"instock","12":"shipping-taxable","13":"product-type-simple"},"yoast_head":"<!-- This site is optimized with the Yoast SEO Premium plugin v25.4 (Yoast SEO v27.4) - https:\/\/yoast.com\/product\/yoast-seo-premium-wordpress\/ -->\n<title>(CHRTS-45Z\uff09Fully automatic Rockwell hardness tester \/ - Fully automatic surface Rockwell hardness - hardnesstests<\/title>\n<meta name=\"robots\" content=\"index, follow, max-snippet:-1, max-image-preview:large, max-video-preview:-1\" \/>\n<link rel=\"canonical\" href=\"https:\/\/hardnesstests.com\/de_de_formal\/produkt\/chrts-45z\uff09fully-automatic-rockwell-hardness-tester\/\" \/>\n<meta property=\"og:locale\" content=\"de_DE\" \/>\n<meta property=\"og:type\" content=\"article\" \/>\n<meta property=\"og:title\" content=\"(CHRTS-45Z\uff09Fully automatic Rockwell hardness tester \/ - Fully automatic surface Rockwell hardness\" \/>\n<meta property=\"og:description\" content=\"CHRTS-45Z fully automatic Rockwell hardness tester series is a new generation of high-tech intelligent products, using a closed-loop loading control system, high test force accuracy, good repeatability and stability of the indicated value, the shell is made of one-piece casting, the surface is treated with automotive paint, and the shape is novel. It has good reliability, operability and repeatability, and it is fully functional, one-button operation, fully automatic measurement, and clear and intuitive display. Automatic loading and unloading of test force can be used to perform hardness tests on the entire series of Rockwell scales. The hardness tester can be equipped with an optional XY automatic moving platform, automatic programming, and automatic dotting, which is suitable for end quenching tests; it can be equipped with a PC computer, and the hardness tester can be controlled and measured through multiple computer terminals, and statistical analysis of data can be performed to issue test reports, etc. The test report can also be customized according to user requirements. Automated operation is realized, eliminating human operation and reading errors! At the same time, the machine is also equipped with an emergency stop device, which is safer to use\" \/>\n<meta property=\"og:url\" content=\"https:\/\/hardnesstests.com\/de_de_formal\/produkt\/chrts-45z\uff09fully-automatic-rockwell-hardness-tester\/\" \/>\n<meta property=\"og:site_name\" content=\"hardnesstests\" \/>\n<meta property=\"article:modified_time\" content=\"2025-11-27T08:01:15+00:00\" \/>\n<meta property=\"og:image\" content=\"https:\/\/hardnesstests.com\/wp-content\/uploads\/2025\/10\/CHRTS-45Z\u5168\u81ea\u52a8\u6d1b\u6c0f\u786c\u5ea6\u8ba1.jpg\" \/>\n\t<meta property=\"og:image:width\" content=\"800\" \/>\n\t<meta property=\"og:image:height\" content=\"800\" \/>\n\t<meta property=\"og:image:type\" content=\"image\/jpeg\" \/>\n<meta name=\"twitter:card\" content=\"summary_large_image\" \/>\n<meta name=\"twitter:label1\" content=\"Gesch\u00e4tzte Lesezeit\" \/>\n\t<meta name=\"twitter:data1\" content=\"3\u00a0Minuten\" \/>\n<script type=\"application\/ld+json\" class=\"yoast-schema-graph\">{\"@context\":\"https:\\\/\\\/schema.org\",\"@graph\":[{\"@type\":\"WebPage\",\"@id\":\"https:\\\/\\\/hardnesstests.com\\\/product\\\/chrts-45z%ef%bc%89fully-automatic-rockwell-hardness-tester\\\/\",\"url\":\"https:\\\/\\\/hardnesstests.com\\\/product\\\/chrts-45z%ef%bc%89fully-automatic-rockwell-hardness-tester\\\/\",\"name\":\"(CHRTS-45Z\uff09Fully automatic Rockwell hardness tester \\\/ - Fully automatic surface Rockwell hardness - hardnesstests\",\"isPartOf\":{\"@id\":\"https:\\\/\\\/hardnesstests.com\\\/tr\\\/#website\"},\"primaryImageOfPage\":{\"@id\":\"https:\\\/\\\/hardnesstests.com\\\/product\\\/chrts-45z%ef%bc%89fully-automatic-rockwell-hardness-tester\\\/#primaryimage\"},\"image\":{\"@id\":\"https:\\\/\\\/hardnesstests.com\\\/product\\\/chrts-45z%ef%bc%89fully-automatic-rockwell-hardness-tester\\\/#primaryimage\"},\"thumbnailUrl\":\"https:\\\/\\\/hardnesstests.com\\\/wp-content\\\/uploads\\\/2025\\\/10\\\/CHRTS-45Z\u5168\u81ea\u52a8\u6d1b\u6c0f\u786c\u5ea6\u8ba1.jpg\",\"datePublished\":\"2025-10-20T06:16:16+00:00\",\"dateModified\":\"2025-11-27T08:01:15+00:00\",\"breadcrumb\":{\"@id\":\"https:\\\/\\\/hardnesstests.com\\\/product\\\/chrts-45z%ef%bc%89fully-automatic-rockwell-hardness-tester\\\/#breadcrumb\"},\"inLanguage\":\"de\",\"potentialAction\":[{\"@type\":\"ReadAction\",\"target\":[\"https:\\\/\\\/hardnesstests.com\\\/product\\\/chrts-45z%ef%bc%89fully-automatic-rockwell-hardness-tester\\\/\"]}]},{\"@type\":\"ImageObject\",\"inLanguage\":\"de\",\"@id\":\"https:\\\/\\\/hardnesstests.com\\\/product\\\/chrts-45z%ef%bc%89fully-automatic-rockwell-hardness-tester\\\/#primaryimage\",\"url\":\"https:\\\/\\\/hardnesstests.com\\\/wp-content\\\/uploads\\\/2025\\\/10\\\/CHRTS-45Z\u5168\u81ea\u52a8\u6d1b\u6c0f\u786c\u5ea6\u8ba1.jpg\",\"contentUrl\":\"https:\\\/\\\/hardnesstests.com\\\/wp-content\\\/uploads\\\/2025\\\/10\\\/CHRTS-45Z\u5168\u81ea\u52a8\u6d1b\u6c0f\u786c\u5ea6\u8ba1.jpg\",\"width\":800,\"height\":800},{\"@type\":\"BreadcrumbList\",\"@id\":\"https:\\\/\\\/hardnesstests.com\\\/product\\\/chrts-45z%ef%bc%89fully-automatic-rockwell-hardness-tester\\\/#breadcrumb\",\"itemListElement\":[{\"@type\":\"ListItem\",\"position\":1,\"name\":\"\u9996\u9875\",\"item\":\"https:\\\/\\\/hardnesstests.com\\\/\"},{\"@type\":\"ListItem\",\"position\":2,\"name\":\"products\",\"item\":\"https:\\\/\\\/hardnesstests.com\\\/products\\\/\"},{\"@type\":\"ListItem\",\"position\":3,\"name\":\"(CHRTS-45Z\uff09Fully automatic Rockwell hardness tester \\\/ &#8211; Fully automatic surface Rockwell hardness\"}]},{\"@type\":\"WebSite\",\"@id\":\"https:\\\/\\\/hardnesstests.com\\\/tr\\\/#website\",\"url\":\"https:\\\/\\\/hardnesstests.com\\\/tr\\\/\",\"name\":\"hardnesstests\",\"description\":\"\",\"publisher\":{\"@id\":\"https:\\\/\\\/hardnesstests.com\\\/tr\\\/#organization\"},\"potentialAction\":[{\"@type\":\"SearchAction\",\"target\":{\"@type\":\"EntryPoint\",\"urlTemplate\":\"https:\\\/\\\/hardnesstests.com\\\/tr\\\/?s={search_term_string}\"},\"query-input\":{\"@type\":\"PropertyValueSpecification\",\"valueRequired\":true,\"valueName\":\"search_term_string\"}}],\"inLanguage\":\"de\"},{\"@type\":\"Organization\",\"@id\":\"https:\\\/\\\/hardnesstests.com\\\/tr\\\/#organization\",\"name\":\"hardnesstests\",\"url\":\"https:\\\/\\\/hardnesstests.com\\\/tr\\\/\",\"logo\":{\"@type\":\"ImageObject\",\"inLanguage\":\"de\",\"@id\":\"https:\\\/\\\/hardnesstests.com\\\/tr\\\/#\\\/schema\\\/logo\\\/image\\\/\",\"url\":\"https:\\\/\\\/hardnesstests.com\\\/wp-content\\\/uploads\\\/2021\\\/08\\\/\u5fae\u4fe1\u56fe\u7247_20251029102004_335_1287.png\",\"contentUrl\":\"https:\\\/\\\/hardnesstests.com\\\/wp-content\\\/uploads\\\/2021\\\/08\\\/\u5fae\u4fe1\u56fe\u7247_20251029102004_335_1287.png\",\"width\":1308,\"height\":467,\"caption\":\"hardnesstests\"},\"image\":{\"@id\":\"https:\\\/\\\/hardnesstests.com\\\/tr\\\/#\\\/schema\\\/logo\\\/image\\\/\"}}]}<\/script>\n<!-- \/ Yoast SEO Premium plugin. -->","yoast_head_json":{"title":"(CHRTS-45Z\uff09Fully automatic Rockwell hardness tester \/ - Fully automatic surface Rockwell hardness - hardnesstests","robots":{"index":"index","follow":"follow","max-snippet":"max-snippet:-1","max-image-preview":"max-image-preview:large","max-video-preview":"max-video-preview:-1"},"canonical":"https:\/\/hardnesstests.com\/de_de_formal\/produkt\/chrts-45z\uff09fully-automatic-rockwell-hardness-tester\/","og_locale":"de_DE","og_type":"article","og_title":"(CHRTS-45Z\uff09Fully automatic Rockwell hardness tester \/ - Fully automatic surface Rockwell hardness","og_description":"CHRTS-45Z fully automatic Rockwell hardness tester series is a new generation of high-tech intelligent products, using a closed-loop loading control system, high test force accuracy, good repeatability and stability of the indicated value, the shell is made of one-piece casting, the surface is treated with automotive paint, and the shape is novel. It has good reliability, operability and repeatability, and it is fully functional, one-button operation, fully automatic measurement, and clear and intuitive display. Automatic loading and unloading of test force can be used to perform hardness tests on the entire series of Rockwell scales. The hardness tester can be equipped with an optional XY automatic moving platform, automatic programming, and automatic dotting, which is suitable for end quenching tests; it can be equipped with a PC computer, and the hardness tester can be controlled and measured through multiple computer terminals, and statistical analysis of data can be performed to issue test reports, etc. The test report can also be customized according to user requirements. Automated operation is realized, eliminating human operation and reading errors! At the same time, the machine is also equipped with an emergency stop device, which is safer to use","og_url":"https:\/\/hardnesstests.com\/de_de_formal\/produkt\/chrts-45z\uff09fully-automatic-rockwell-hardness-tester\/","og_site_name":"hardnesstests","article_modified_time":"2025-11-27T08:01:15+00:00","og_image":[{"width":800,"height":800,"url":"https:\/\/hardnesstests.com\/wp-content\/uploads\/2025\/10\/CHRTS-45Z\u5168\u81ea\u52a8\u6d1b\u6c0f\u786c\u5ea6\u8ba1.jpg","type":"image\/jpeg"}],"twitter_card":"summary_large_image","twitter_misc":{"Gesch\u00e4tzte Lesezeit":"3\u00a0Minuten"},"schema":{"@context":"https:\/\/schema.org","@graph":[{"@type":"WebPage","@id":"https:\/\/hardnesstests.com\/product\/chrts-45z%ef%bc%89fully-automatic-rockwell-hardness-tester\/","url":"https:\/\/hardnesstests.com\/product\/chrts-45z%ef%bc%89fully-automatic-rockwell-hardness-tester\/","name":"(CHRTS-45Z\uff09Fully automatic Rockwell hardness tester \/ - Fully automatic surface Rockwell hardness - hardnesstests","isPartOf":{"@id":"https:\/\/hardnesstests.com\/tr\/#website"},"primaryImageOfPage":{"@id":"https:\/\/hardnesstests.com\/product\/chrts-45z%ef%bc%89fully-automatic-rockwell-hardness-tester\/#primaryimage"},"image":{"@id":"https:\/\/hardnesstests.com\/product\/chrts-45z%ef%bc%89fully-automatic-rockwell-hardness-tester\/#primaryimage"},"thumbnailUrl":"https:\/\/hardnesstests.com\/wp-content\/uploads\/2025\/10\/CHRTS-45Z\u5168\u81ea\u52a8\u6d1b\u6c0f\u786c\u5ea6\u8ba1.jpg","datePublished":"2025-10-20T06:16:16+00:00","dateModified":"2025-11-27T08:01:15+00:00","breadcrumb":{"@id":"https:\/\/hardnesstests.com\/product\/chrts-45z%ef%bc%89fully-automatic-rockwell-hardness-tester\/#breadcrumb"},"inLanguage":"de","potentialAction":[{"@type":"ReadAction","target":["https:\/\/hardnesstests.com\/product\/chrts-45z%ef%bc%89fully-automatic-rockwell-hardness-tester\/"]}]},{"@type":"ImageObject","inLanguage":"de","@id":"https:\/\/hardnesstests.com\/product\/chrts-45z%ef%bc%89fully-automatic-rockwell-hardness-tester\/#primaryimage","url":"https:\/\/hardnesstests.com\/wp-content\/uploads\/2025\/10\/CHRTS-45Z\u5168\u81ea\u52a8\u6d1b\u6c0f\u786c\u5ea6\u8ba1.jpg","contentUrl":"https:\/\/hardnesstests.com\/wp-content\/uploads\/2025\/10\/CHRTS-45Z\u5168\u81ea\u52a8\u6d1b\u6c0f\u786c\u5ea6\u8ba1.jpg","width":800,"height":800},{"@type":"BreadcrumbList","@id":"https:\/\/hardnesstests.com\/product\/chrts-45z%ef%bc%89fully-automatic-rockwell-hardness-tester\/#breadcrumb","itemListElement":[{"@type":"ListItem","position":1,"name":"\u9996\u9875","item":"https:\/\/hardnesstests.com\/"},{"@type":"ListItem","position":2,"name":"products","item":"https:\/\/hardnesstests.com\/products\/"},{"@type":"ListItem","position":3,"name":"(CHRTS-45Z\uff09Fully automatic Rockwell hardness tester \/ &#8211; Fully automatic surface Rockwell hardness"}]},{"@type":"WebSite","@id":"https:\/\/hardnesstests.com\/tr\/#website","url":"https:\/\/hardnesstests.com\/tr\/","name":"hardnesstests","description":"","publisher":{"@id":"https:\/\/hardnesstests.com\/tr\/#organization"},"potentialAction":[{"@type":"SearchAction","target":{"@type":"EntryPoint","urlTemplate":"https:\/\/hardnesstests.com\/tr\/?s={search_term_string}"},"query-input":{"@type":"PropertyValueSpecification","valueRequired":true,"valueName":"search_term_string"}}],"inLanguage":"de"},{"@type":"Organization","@id":"https:\/\/hardnesstests.com\/tr\/#organization","name":"hardnesstests","url":"https:\/\/hardnesstests.com\/tr\/","logo":{"@type":"ImageObject","inLanguage":"de","@id":"https:\/\/hardnesstests.com\/tr\/#\/schema\/logo\/image\/","url":"https:\/\/hardnesstests.com\/wp-content\/uploads\/2021\/08\/\u5fae\u4fe1\u56fe\u7247_20251029102004_335_1287.png","contentUrl":"https:\/\/hardnesstests.com\/wp-content\/uploads\/2021\/08\/\u5fae\u4fe1\u56fe\u7247_20251029102004_335_1287.png","width":1308,"height":467,"caption":"hardnesstests"},"image":{"@id":"https:\/\/hardnesstests.com\/tr\/#\/schema\/logo\/image\/"}}]}},"_links":{"self":[{"href":"https:\/\/hardnesstests.com\/de_de_formal\/wp-json\/wp\/v2\/product\/29041","targetHints":{"allow":["GET"]}}],"collection":[{"href":"https:\/\/hardnesstests.com\/de_de_formal\/wp-json\/wp\/v2\/product"}],"about":[{"href":"https:\/\/hardnesstests.com\/de_de_formal\/wp-json\/wp\/v2\/types\/product"}],"replies":[{"embeddable":true,"href":"https:\/\/hardnesstests.com\/de_de_formal\/wp-json\/wp\/v2\/comments?post=29041"}],"version-history":[{"count":3,"href":"https:\/\/hardnesstests.com\/de_de_formal\/wp-json\/wp\/v2\/product\/29041\/revisions"}],"predecessor-version":[{"id":29782,"href":"https:\/\/hardnesstests.com\/de_de_formal\/wp-json\/wp\/v2\/product\/29041\/revisions\/29782"}],"wp:featuredmedia":[{"embeddable":true,"href":"https:\/\/hardnesstests.com\/de_de_formal\/wp-json\/wp\/v2\/media\/29042"}],"wp:attachment":[{"href":"https:\/\/hardnesstests.com\/de_de_formal\/wp-json\/wp\/v2\/media?parent=29041"}],"wp:term":[{"taxonomy":"product_brand","embeddable":true,"href":"https:\/\/hardnesstests.com\/de_de_formal\/wp-json\/wp\/v2\/product_brand?post=29041"},{"taxonomy":"product_cat","embeddable":true,"href":"https:\/\/hardnesstests.com\/de_de_formal\/wp-json\/wp\/v2\/product_cat?post=29041"},{"taxonomy":"product_tag","embeddable":true,"href":"https:\/\/hardnesstests.com\/de_de_formal\/wp-json\/wp\/v2\/product_tag?post=29041"}],"curies":[{"name":"wp","href":"https:\/\/api.w.org\/{rel}","templated":true}]}}