{"id":30107,"date":"2025-11-28T06:36:36","date_gmt":"2025-11-28T06:36:36","guid":{"rendered":"https:\/\/hardnesstests.com\/?post_type=product&#038;p=30107"},"modified":"2025-11-28T06:36:36","modified_gmt":"2025-11-28T06:36:36","slug":"p-1-metallographic-sample-polishing-machine","status":"publish","type":"product","link":"https:\/\/hardnesstests.com\/de\/produkt\/p-1-metallographic-sample-polishing-machine\/","title":{"rendered":"P-1 Poliermaschine f\u00fcr metallografische Proben"},"content":{"rendered":"<table>\n<tbody>\n<tr>\n<td>\n<h1><strong>Hauptfunktionen und Merkmale\uff1a<\/strong><\/h1>\n<\/td>\n<\/tr>\n<\/tbody>\n<\/table>\n<ol>\n<li style=\"font-weight: 400;\">Das Geh\u00e4use besteht aus hochwertigem ABS, das ein neuartiges Aussehen und eine hochwertige Atmosph\u00e4re bietet.<\/li>\n<li style=\"font-weight: 400;\">Wirtschaftlich und erschwinglich, langlebig<\/li>\n<\/ol>\n<table>\n<tbody>\n<tr>\n<td>\n<h1><strong>Technische Parameter\uff1a<\/strong><\/h1>\n<\/td>\n<\/tr>\n<\/tbody>\n<\/table>\n<table>\n<tbody>\n<tr>\n<td width=\"229\">Durchmesser der Schleifscheibe<\/td>\n<td width=\"399\">Standard \u03c6203mm (andere Spezifikationen kundenspezifisch)<\/td>\n<\/tr>\n<tr>\n<td width=\"229\">Rotationsgeschwindigkeit der Schleifscheibe<\/td>\n<td width=\"399\">1400r\/min<\/td>\n<\/tr>\n<tr>\n<td width=\"229\">Stromversorgung<\/td>\n<td width=\"399\">Spannung: 220V Frequenz: 50HZ<\/td>\n<\/tr>\n<tr>\n<td width=\"229\">Motor<\/td>\n<td width=\"399\">0.18KW<\/td>\n<\/tr>\n<tr>\n<td width=\"229\">Erscheinungsbild Gr\u00f6\u00dfe<\/td>\n<td width=\"399\">520\u00d7420\u00d7320mm<\/td>\n<\/tr>\n<tr>\n<td width=\"229\">Gewicht<\/td>\n<td width=\"399\">19Kg<\/td>\n<\/tr>\n<\/tbody>\n<\/table>","protected":false},"excerpt":{"rendered":"<p>Bei der metallografischen Probenpr\u00e4paration ist das Polieren der Probe ein wichtiger Vorgang. Der Zweck des Polierens besteht darin, die feinen Abriebspuren auf der geschliffenen Oberfl\u00e4che der Probe zu entfernen und eine helle Spiegeloberfl\u00e4che f\u00fcr die Beobachtung und Messung der metallografischen Struktur unter einem Mikroskop zu erhalten. Die Poliermaschine f\u00fcr metallografische Proben P-1 kann zum Polieren der fein geschliffenen metallografischen Probe verwendet werden. Das Geh\u00e4use ist mit einer integrierten Kunststoffabsorptionstechnologie ausgestattet und zeichnet sich durch ein neuartiges Erscheinungsbild, stabile Rotation, geringe Ger\u00e4uschentwicklung, einfache Bedienung und hohe Arbeitseffizienz aus. Sie kann sich an die Polieranforderungen einer Vielzahl von Materialien anpassen. Sie eignet sich f\u00fcr das metallographische Labor von Fabriken, Universit\u00e4ten und Forschungsinstituten. Es ist eine ausgezeichnete Ausr\u00fcstung f\u00fcr das Polieren von metallographischen Proben.<\/p>","protected":false},"featured_media":30108,"comment_status":"open","ping_status":"closed","template":"","meta":[],"product_brand":[],"product_cat":[94,81],"product_tag":[115],"class_list":{"0":"post-30107","1":"product","2":"type-product","3":"status-publish","4":"has-post-thumbnail","6":"product_cat-metallographic-grinding-and-polishing-machine","7":"product_cat-sample-preparation-and-analysis","8":"product_tag-metallographic-grinding-polishing-machine","10":"first","11":"instock","12":"shipping-taxable","13":"product-type-simple"},"yoast_head":"<!-- This site is optimized with the Yoast SEO Premium plugin v25.4 (Yoast SEO v27.4) - https:\/\/yoast.com\/product\/yoast-seo-premium-wordpress\/ -->\n<title>P-1 Metallographic Sample Polishing Machine - hardnesstests<\/title>\n<meta name=\"robots\" content=\"index, follow, max-snippet:-1, max-image-preview:large, max-video-preview:-1\" \/>\n<link rel=\"canonical\" href=\"https:\/\/hardnesstests.com\/de\/produkt\/p-1-metallographic-sample-polishing-machine\/\" \/>\n<meta property=\"og:locale\" content=\"de_DE\" \/>\n<meta property=\"og:type\" content=\"article\" \/>\n<meta property=\"og:title\" content=\"P-1 Metallographic Sample Polishing Machine\" \/>\n<meta property=\"og:description\" content=\"In the process of metallographic sample preparation, the polishing of the sample is a major process. The purpose of polishing is to remove the fine abrasion marks on the grinding surface of the sample and obtain a bright mirror surface for observation and measurement of the metallographic structure under a microscope. The P-1 metallographic sample polishing machine can be used to polish the finely ground metallographic sample. The shell adopts integral plastic absorbing technology, with novel appearance, stable rotation, low noise, convenient operation, and high work efficiency. It can adapt to the polishing requirements of a variety of materials. It is suitable for the metallographic laboratory of factories, universities and research institutes. It is an excellent equipment for polishing metallographic samples.\" \/>\n<meta property=\"og:url\" content=\"https:\/\/hardnesstests.com\/de\/produkt\/p-1-metallographic-sample-polishing-machine\/\" \/>\n<meta property=\"og:site_name\" content=\"hardnesstests\" \/>\n<meta property=\"og:image\" content=\"https:\/\/hardnesstests.com\/wp-content\/uploads\/2025\/11\/P-1.jpg\" \/>\n\t<meta property=\"og:image:width\" content=\"800\" \/>\n\t<meta property=\"og:image:height\" content=\"800\" \/>\n\t<meta property=\"og:image:type\" content=\"image\/jpeg\" \/>\n<meta name=\"twitter:card\" content=\"summary_large_image\" \/>\n<script type=\"application\/ld+json\" class=\"yoast-schema-graph\">{\"@context\":\"https:\\\/\\\/schema.org\",\"@graph\":[{\"@type\":\"WebPage\",\"@id\":\"https:\\\/\\\/hardnesstests.com\\\/product\\\/p-1-metallographic-sample-polishing-machine\\\/\",\"url\":\"https:\\\/\\\/hardnesstests.com\\\/product\\\/p-1-metallographic-sample-polishing-machine\\\/\",\"name\":\"P-1 Metallographic Sample Polishing Machine - hardnesstests\",\"isPartOf\":{\"@id\":\"https:\\\/\\\/hardnesstests.com\\\/tr\\\/#website\"},\"primaryImageOfPage\":{\"@id\":\"https:\\\/\\\/hardnesstests.com\\\/product\\\/p-1-metallographic-sample-polishing-machine\\\/#primaryimage\"},\"image\":{\"@id\":\"https:\\\/\\\/hardnesstests.com\\\/product\\\/p-1-metallographic-sample-polishing-machine\\\/#primaryimage\"},\"thumbnailUrl\":\"https:\\\/\\\/hardnesstests.com\\\/wp-content\\\/uploads\\\/2025\\\/11\\\/P-1.jpg\",\"datePublished\":\"2025-11-28T06:36:36+00:00\",\"breadcrumb\":{\"@id\":\"https:\\\/\\\/hardnesstests.com\\\/product\\\/p-1-metallographic-sample-polishing-machine\\\/#breadcrumb\"},\"inLanguage\":\"de-CH\",\"potentialAction\":[{\"@type\":\"ReadAction\",\"target\":[\"https:\\\/\\\/hardnesstests.com\\\/product\\\/p-1-metallographic-sample-polishing-machine\\\/\"]}]},{\"@type\":\"ImageObject\",\"inLanguage\":\"de-CH\",\"@id\":\"https:\\\/\\\/hardnesstests.com\\\/product\\\/p-1-metallographic-sample-polishing-machine\\\/#primaryimage\",\"url\":\"https:\\\/\\\/hardnesstests.com\\\/wp-content\\\/uploads\\\/2025\\\/11\\\/P-1.jpg\",\"contentUrl\":\"https:\\\/\\\/hardnesstests.com\\\/wp-content\\\/uploads\\\/2025\\\/11\\\/P-1.jpg\",\"width\":800,\"height\":800,\"caption\":\"P-1 Metallographic Sample Polishing Machine\"},{\"@type\":\"BreadcrumbList\",\"@id\":\"https:\\\/\\\/hardnesstests.com\\\/product\\\/p-1-metallographic-sample-polishing-machine\\\/#breadcrumb\",\"itemListElement\":[{\"@type\":\"ListItem\",\"position\":1,\"name\":\"\u9996\u9875\",\"item\":\"https:\\\/\\\/hardnesstests.com\\\/\"},{\"@type\":\"ListItem\",\"position\":2,\"name\":\"products\",\"item\":\"https:\\\/\\\/hardnesstests.com\\\/products\\\/\"},{\"@type\":\"ListItem\",\"position\":3,\"name\":\"P-1 Metallographic Sample Polishing Machine\"}]},{\"@type\":\"WebSite\",\"@id\":\"https:\\\/\\\/hardnesstests.com\\\/tr\\\/#website\",\"url\":\"https:\\\/\\\/hardnesstests.com\\\/tr\\\/\",\"name\":\"hardnesstests\",\"description\":\"\",\"publisher\":{\"@id\":\"https:\\\/\\\/hardnesstests.com\\\/tr\\\/#organization\"},\"potentialAction\":[{\"@type\":\"SearchAction\",\"target\":{\"@type\":\"EntryPoint\",\"urlTemplate\":\"https:\\\/\\\/hardnesstests.com\\\/tr\\\/?s={search_term_string}\"},\"query-input\":{\"@type\":\"PropertyValueSpecification\",\"valueRequired\":true,\"valueName\":\"search_term_string\"}}],\"inLanguage\":\"de-CH\"},{\"@type\":\"Organization\",\"@id\":\"https:\\\/\\\/hardnesstests.com\\\/tr\\\/#organization\",\"name\":\"hardnesstests\",\"url\":\"https:\\\/\\\/hardnesstests.com\\\/tr\\\/\",\"logo\":{\"@type\":\"ImageObject\",\"inLanguage\":\"de-CH\",\"@id\":\"https:\\\/\\\/hardnesstests.com\\\/tr\\\/#\\\/schema\\\/logo\\\/image\\\/\",\"url\":\"https:\\\/\\\/hardnesstests.com\\\/wp-content\\\/uploads\\\/2021\\\/08\\\/\u5fae\u4fe1\u56fe\u7247_20251029102004_335_1287.png\",\"contentUrl\":\"https:\\\/\\\/hardnesstests.com\\\/wp-content\\\/uploads\\\/2021\\\/08\\\/\u5fae\u4fe1\u56fe\u7247_20251029102004_335_1287.png\",\"width\":1308,\"height\":467,\"caption\":\"hardnesstests\"},\"image\":{\"@id\":\"https:\\\/\\\/hardnesstests.com\\\/tr\\\/#\\\/schema\\\/logo\\\/image\\\/\"}}]}<\/script>\n<!-- \/ Yoast SEO Premium plugin. -->","yoast_head_json":{"title":"P-1 Metallographic Sample Polishing Machine - hardnesstests","robots":{"index":"index","follow":"follow","max-snippet":"max-snippet:-1","max-image-preview":"max-image-preview:large","max-video-preview":"max-video-preview:-1"},"canonical":"https:\/\/hardnesstests.com\/de\/produkt\/p-1-metallographic-sample-polishing-machine\/","og_locale":"de_DE","og_type":"article","og_title":"P-1 Metallographic Sample Polishing Machine","og_description":"In the process of metallographic sample preparation, the polishing of the sample is a major process. The purpose of polishing is to remove the fine abrasion marks on the grinding surface of the sample and obtain a bright mirror surface for observation and measurement of the metallographic structure under a microscope. The P-1 metallographic sample polishing machine can be used to polish the finely ground metallographic sample. The shell adopts integral plastic absorbing technology, with novel appearance, stable rotation, low noise, convenient operation, and high work efficiency. It can adapt to the polishing requirements of a variety of materials. It is suitable for the metallographic laboratory of factories, universities and research institutes. It is an excellent equipment for polishing metallographic samples.","og_url":"https:\/\/hardnesstests.com\/de\/produkt\/p-1-metallographic-sample-polishing-machine\/","og_site_name":"hardnesstests","og_image":[{"width":800,"height":800,"url":"https:\/\/hardnesstests.com\/wp-content\/uploads\/2025\/11\/P-1.jpg","type":"image\/jpeg"}],"twitter_card":"summary_large_image","schema":{"@context":"https:\/\/schema.org","@graph":[{"@type":"WebPage","@id":"https:\/\/hardnesstests.com\/product\/p-1-metallographic-sample-polishing-machine\/","url":"https:\/\/hardnesstests.com\/product\/p-1-metallographic-sample-polishing-machine\/","name":"P-1 Metallographic Sample Polishing Machine - hardnesstests","isPartOf":{"@id":"https:\/\/hardnesstests.com\/tr\/#website"},"primaryImageOfPage":{"@id":"https:\/\/hardnesstests.com\/product\/p-1-metallographic-sample-polishing-machine\/#primaryimage"},"image":{"@id":"https:\/\/hardnesstests.com\/product\/p-1-metallographic-sample-polishing-machine\/#primaryimage"},"thumbnailUrl":"https:\/\/hardnesstests.com\/wp-content\/uploads\/2025\/11\/P-1.jpg","datePublished":"2025-11-28T06:36:36+00:00","breadcrumb":{"@id":"https:\/\/hardnesstests.com\/product\/p-1-metallographic-sample-polishing-machine\/#breadcrumb"},"inLanguage":"de-CH","potentialAction":[{"@type":"ReadAction","target":["https:\/\/hardnesstests.com\/product\/p-1-metallographic-sample-polishing-machine\/"]}]},{"@type":"ImageObject","inLanguage":"de-CH","@id":"https:\/\/hardnesstests.com\/product\/p-1-metallographic-sample-polishing-machine\/#primaryimage","url":"https:\/\/hardnesstests.com\/wp-content\/uploads\/2025\/11\/P-1.jpg","contentUrl":"https:\/\/hardnesstests.com\/wp-content\/uploads\/2025\/11\/P-1.jpg","width":800,"height":800,"caption":"P-1 Metallographic Sample Polishing Machine"},{"@type":"BreadcrumbList","@id":"https:\/\/hardnesstests.com\/product\/p-1-metallographic-sample-polishing-machine\/#breadcrumb","itemListElement":[{"@type":"ListItem","position":1,"name":"\u9996\u9875","item":"https:\/\/hardnesstests.com\/"},{"@type":"ListItem","position":2,"name":"products","item":"https:\/\/hardnesstests.com\/products\/"},{"@type":"ListItem","position":3,"name":"P-1 Metallographic Sample Polishing Machine"}]},{"@type":"WebSite","@id":"https:\/\/hardnesstests.com\/tr\/#website","url":"https:\/\/hardnesstests.com\/tr\/","name":"hardnesstests","description":"","publisher":{"@id":"https:\/\/hardnesstests.com\/tr\/#organization"},"potentialAction":[{"@type":"SearchAction","target":{"@type":"EntryPoint","urlTemplate":"https:\/\/hardnesstests.com\/tr\/?s={search_term_string}"},"query-input":{"@type":"PropertyValueSpecification","valueRequired":true,"valueName":"search_term_string"}}],"inLanguage":"de-CH"},{"@type":"Organization","@id":"https:\/\/hardnesstests.com\/tr\/#organization","name":"hardnesstests","url":"https:\/\/hardnesstests.com\/tr\/","logo":{"@type":"ImageObject","inLanguage":"de-CH","@id":"https:\/\/hardnesstests.com\/tr\/#\/schema\/logo\/image\/","url":"https:\/\/hardnesstests.com\/wp-content\/uploads\/2021\/08\/\u5fae\u4fe1\u56fe\u7247_20251029102004_335_1287.png","contentUrl":"https:\/\/hardnesstests.com\/wp-content\/uploads\/2021\/08\/\u5fae\u4fe1\u56fe\u7247_20251029102004_335_1287.png","width":1308,"height":467,"caption":"hardnesstests"},"image":{"@id":"https:\/\/hardnesstests.com\/tr\/#\/schema\/logo\/image\/"}}]}},"_links":{"self":[{"href":"https:\/\/hardnesstests.com\/de\/wp-json\/wp\/v2\/product\/30107","targetHints":{"allow":["GET"]}}],"collection":[{"href":"https:\/\/hardnesstests.com\/de\/wp-json\/wp\/v2\/product"}],"about":[{"href":"https:\/\/hardnesstests.com\/de\/wp-json\/wp\/v2\/types\/product"}],"replies":[{"embeddable":true,"href":"https:\/\/hardnesstests.com\/de\/wp-json\/wp\/v2\/comments?post=30107"}],"version-history":[{"count":1,"href":"https:\/\/hardnesstests.com\/de\/wp-json\/wp\/v2\/product\/30107\/revisions"}],"predecessor-version":[{"id":30109,"href":"https:\/\/hardnesstests.com\/de\/wp-json\/wp\/v2\/product\/30107\/revisions\/30109"}],"wp:featuredmedia":[{"embeddable":true,"href":"https:\/\/hardnesstests.com\/de\/wp-json\/wp\/v2\/media\/30108"}],"wp:attachment":[{"href":"https:\/\/hardnesstests.com\/de\/wp-json\/wp\/v2\/media?parent=30107"}],"wp:term":[{"taxonomy":"product_brand","embeddable":true,"href":"https:\/\/hardnesstests.com\/de\/wp-json\/wp\/v2\/product_brand?post=30107"},{"taxonomy":"product_cat","embeddable":true,"href":"https:\/\/hardnesstests.com\/de\/wp-json\/wp\/v2\/product_cat?post=30107"},{"taxonomy":"product_tag","embeddable":true,"href":"https:\/\/hardnesstests.com\/de\/wp-json\/wp\/v2\/product_tag?post=30107"}],"curies":[{"name":"wp","href":"https:\/\/api.w.org\/{rel}","templated":true}]}}