{"id":30049,"date":"2025-11-28T05:43:55","date_gmt":"2025-11-28T05:43:55","guid":{"rendered":"https:\/\/hardnesstests.com\/?post_type=product&#038;p=30049"},"modified":"2025-11-28T05:43:55","modified_gmt":"2025-11-28T05:43:55","slug":"%ef%bc%88lx-a-1%ef%bc%89-shore-hardness-tester","status":"publish","type":"product","link":"https:\/\/hardnesstests.com\/de\/produkt\/%ef%bc%88lx-a-1%ef%bc%89-shore-hardness-tester\/","title":{"rendered":"\uff08LX-A-1\uff09 Shore-H\u00e4rtepr\u00fcfer"},"content":{"rendered":"<h1 style=\"font-weight: 400;\"><strong>Produktstandard und Anwendungen:<\/strong><\/h1>\n<ol>\n<li style=\"font-weight: 400;\">Die Produkte werden nach den internationalen Normen ISO 868 und ISO 7619 hergestellt und entsprechen den Normen GB\/T531, JB6148 und JJG304.<\/li>\n<li style=\"font-weight: 400;\">Es ist weit verbreitet bei der H\u00e4rtepr\u00fcfung von Kunststoffen niedriger und mittlerer H\u00e4rte, allen Arten von Gummi, Mehrkomponentenfett, Leder, Wachs usw.<\/li>\n<\/ol>\n<h1 style=\"font-weight: 400;\"><strong>Technische Parameter:<\/strong><\/h1>\n<table>\n<tbody>\n<tr>\n<td width=\"187\">Messbereich<\/td>\n<td width=\"293\">0-100HD<\/td>\n<\/tr>\n<tr>\n<td width=\"187\">Messfehler<\/td>\n<td width=\"293\">Innerhalb von 10-90 Grad, Abweichung &lt;\u00b11 Grad<\/td>\n<\/tr>\n<tr>\n<td width=\"187\">Aufl\u00f6sung<\/td>\n<td width=\"293\">1 Grad<\/td>\n<\/tr>\n<tr>\n<td width=\"187\">Nadelhub<\/td>\n<td width=\"293\">2,5 mm<\/td>\n<\/tr>\n<tr>\n<td width=\"187\">Druck am Nadelende<\/td>\n<td width=\"293\">0,55N-8,05N<\/td>\n<\/tr>\n<tr>\n<td width=\"187\">Nadelkopfgr\u00f6\u00dfe<\/td>\n<td width=\"293\">\u03a6 0,79 mm<\/td>\n<\/tr>\n<tr>\n<td width=\"187\">Gr\u00f6\u00dfe des Produkts<\/td>\n<td width=\"293\">115\u00d760\u00d725mm<\/td>\n<\/tr>\n<tr>\n<td width=\"187\">Gewicht<\/td>\n<td width=\"293\">Etwa 160g<\/td>\n<\/tr>\n<\/tbody>\n<\/table>\n<p style=\"font-weight: 400;\">Anmerkungen: Sie k\u00f6nnen eine Testhalterung w\u00e4hlen, um den Test stabiler und genauer zu machen.<\/p>","protected":false},"excerpt":{"rendered":"<p><strong>Shore-H\u00e4rtepr\u00fcfger\u00e4t (Gummi-H\u00e4rtepr\u00fcfger\u00e4t) ist weit verbreitet in H\u00e4rtemessung von Gummi und Kunststoff verwendet. Mit den Merkmalen der einfachen Struktur, bequeme Nutzung, kleine K\u00f6rper, geringes Gewicht und intuitive Lesung, kann es Hand-Held-Messung zu tragen, oder es kann auf die gleiche Art von festen Lasthalter f\u00fcr passende Produktion gesetzt werden.<\/strong><\/p>","protected":false},"featured_media":30050,"comment_status":"open","ping_status":"closed","template":"","meta":[],"product_brand":[],"product_cat":[70,79],"product_tag":[114],"class_list":{"0":"post-30049","1":"product","2":"type-product","3":"status-publish","4":"has-post-thumbnail","6":"product_cat-hardness-tester","7":"product_cat-shore-hardness-tester","8":"product_tag-methods-shore-durometer-test","10":"first","11":"instock","12":"shipping-taxable","13":"product-type-simple"},"yoast_head":"<!-- This site is optimized with the Yoast SEO Premium plugin v25.4 (Yoast SEO v27.4) - https:\/\/yoast.com\/product\/yoast-seo-premium-wordpress\/ -->\n<title>\uff08LX-A-1\uff09 Shore Hardness Tester - hardnesstests<\/title>\n<meta name=\"robots\" content=\"index, follow, max-snippet:-1, max-image-preview:large, max-video-preview:-1\" \/>\n<link rel=\"canonical\" href=\"https:\/\/hardnesstests.com\/de\/produkt\/\uff08lx-a-1\uff09-shore-hardness-tester\/\" \/>\n<meta property=\"og:locale\" content=\"de_DE\" \/>\n<meta property=\"og:type\" content=\"article\" \/>\n<meta property=\"og:title\" content=\"\uff08LX-A-1\uff09 Shore Hardness Tester\" \/>\n<meta property=\"og:description\" content=\"Shore hardness tester (rubber hardness tester) is widely used in hardness measurement of rubber and plastic. With the features of simple structure, convenient use, small body, light weight, and intuitive reading, it can carry hand-held measurement, or it can be set on the same type of fixed load holder for matching production.\" \/>\n<meta property=\"og:url\" content=\"https:\/\/hardnesstests.com\/de\/produkt\/\uff08lx-a-1\uff09-shore-hardness-tester\/\" \/>\n<meta property=\"og:site_name\" content=\"hardnesstests\" \/>\n<meta property=\"og:image\" content=\"https:\/\/hardnesstests.com\/wp-content\/uploads\/2025\/11\/LX-A-1\u90b5\u6c0f\u786c\u5ea6\u8ba1.png\" \/>\n\t<meta property=\"og:image:width\" content=\"550\" \/>\n\t<meta property=\"og:image:height\" content=\"348\" \/>\n\t<meta property=\"og:image:type\" content=\"image\/png\" \/>\n<meta name=\"twitter:card\" content=\"summary_large_image\" \/>\n<script type=\"application\/ld+json\" class=\"yoast-schema-graph\">{\"@context\":\"https:\\\/\\\/schema.org\",\"@graph\":[{\"@type\":\"WebPage\",\"@id\":\"https:\\\/\\\/hardnesstests.com\\\/product\\\/%ef%bc%88lx-a-1%ef%bc%89-shore-hardness-tester\\\/\",\"url\":\"https:\\\/\\\/hardnesstests.com\\\/product\\\/%ef%bc%88lx-a-1%ef%bc%89-shore-hardness-tester\\\/\",\"name\":\"\uff08LX-A-1\uff09 Shore Hardness Tester - hardnesstests\",\"isPartOf\":{\"@id\":\"https:\\\/\\\/hardnesstests.com\\\/tr\\\/#website\"},\"primaryImageOfPage\":{\"@id\":\"https:\\\/\\\/hardnesstests.com\\\/product\\\/%ef%bc%88lx-a-1%ef%bc%89-shore-hardness-tester\\\/#primaryimage\"},\"image\":{\"@id\":\"https:\\\/\\\/hardnesstests.com\\\/product\\\/%ef%bc%88lx-a-1%ef%bc%89-shore-hardness-tester\\\/#primaryimage\"},\"thumbnailUrl\":\"https:\\\/\\\/hardnesstests.com\\\/wp-content\\\/uploads\\\/2025\\\/11\\\/LX-A-1\u90b5\u6c0f\u786c\u5ea6\u8ba1.png\",\"datePublished\":\"2025-11-28T05:43:55+00:00\",\"breadcrumb\":{\"@id\":\"https:\\\/\\\/hardnesstests.com\\\/product\\\/%ef%bc%88lx-a-1%ef%bc%89-shore-hardness-tester\\\/#breadcrumb\"},\"inLanguage\":\"de-CH\",\"potentialAction\":[{\"@type\":\"ReadAction\",\"target\":[\"https:\\\/\\\/hardnesstests.com\\\/product\\\/%ef%bc%88lx-a-1%ef%bc%89-shore-hardness-tester\\\/\"]}]},{\"@type\":\"ImageObject\",\"inLanguage\":\"de-CH\",\"@id\":\"https:\\\/\\\/hardnesstests.com\\\/product\\\/%ef%bc%88lx-a-1%ef%bc%89-shore-hardness-tester\\\/#primaryimage\",\"url\":\"https:\\\/\\\/hardnesstests.com\\\/wp-content\\\/uploads\\\/2025\\\/11\\\/LX-A-1\u90b5\u6c0f\u786c\u5ea6\u8ba1.png\",\"contentUrl\":\"https:\\\/\\\/hardnesstests.com\\\/wp-content\\\/uploads\\\/2025\\\/11\\\/LX-A-1\u90b5\u6c0f\u786c\u5ea6\u8ba1.png\",\"width\":550,\"height\":348,\"caption\":\"\uff08LX-A-1\uff09 Shore Hardness Tester\"},{\"@type\":\"BreadcrumbList\",\"@id\":\"https:\\\/\\\/hardnesstests.com\\\/product\\\/%ef%bc%88lx-a-1%ef%bc%89-shore-hardness-tester\\\/#breadcrumb\",\"itemListElement\":[{\"@type\":\"ListItem\",\"position\":1,\"name\":\"\u9996\u9875\",\"item\":\"https:\\\/\\\/hardnesstests.com\\\/\"},{\"@type\":\"ListItem\",\"position\":2,\"name\":\"products\",\"item\":\"https:\\\/\\\/hardnesstests.com\\\/products\\\/\"},{\"@type\":\"ListItem\",\"position\":3,\"name\":\"\uff08LX-A-1\uff09 Shore Hardness Tester\"}]},{\"@type\":\"WebSite\",\"@id\":\"https:\\\/\\\/hardnesstests.com\\\/tr\\\/#website\",\"url\":\"https:\\\/\\\/hardnesstests.com\\\/tr\\\/\",\"name\":\"hardnesstests\",\"description\":\"\",\"publisher\":{\"@id\":\"https:\\\/\\\/hardnesstests.com\\\/tr\\\/#organization\"},\"potentialAction\":[{\"@type\":\"SearchAction\",\"target\":{\"@type\":\"EntryPoint\",\"urlTemplate\":\"https:\\\/\\\/hardnesstests.com\\\/tr\\\/?s={search_term_string}\"},\"query-input\":{\"@type\":\"PropertyValueSpecification\",\"valueRequired\":true,\"valueName\":\"search_term_string\"}}],\"inLanguage\":\"de-CH\"},{\"@type\":\"Organization\",\"@id\":\"https:\\\/\\\/hardnesstests.com\\\/tr\\\/#organization\",\"name\":\"hardnesstests\",\"url\":\"https:\\\/\\\/hardnesstests.com\\\/tr\\\/\",\"logo\":{\"@type\":\"ImageObject\",\"inLanguage\":\"de-CH\",\"@id\":\"https:\\\/\\\/hardnesstests.com\\\/tr\\\/#\\\/schema\\\/logo\\\/image\\\/\",\"url\":\"https:\\\/\\\/hardnesstests.com\\\/wp-content\\\/uploads\\\/2021\\\/08\\\/\u5fae\u4fe1\u56fe\u7247_20251029102004_335_1287.png\",\"contentUrl\":\"https:\\\/\\\/hardnesstests.com\\\/wp-content\\\/uploads\\\/2021\\\/08\\\/\u5fae\u4fe1\u56fe\u7247_20251029102004_335_1287.png\",\"width\":1308,\"height\":467,\"caption\":\"hardnesstests\"},\"image\":{\"@id\":\"https:\\\/\\\/hardnesstests.com\\\/tr\\\/#\\\/schema\\\/logo\\\/image\\\/\"}}]}<\/script>\n<!-- \/ Yoast SEO Premium plugin. -->","yoast_head_json":{"title":"\uff08LX-A-1\uff09 Shore Hardness Tester - hardnesstests","robots":{"index":"index","follow":"follow","max-snippet":"max-snippet:-1","max-image-preview":"max-image-preview:large","max-video-preview":"max-video-preview:-1"},"canonical":"https:\/\/hardnesstests.com\/de\/produkt\/\uff08lx-a-1\uff09-shore-hardness-tester\/","og_locale":"de_DE","og_type":"article","og_title":"\uff08LX-A-1\uff09 Shore Hardness Tester","og_description":"Shore hardness tester (rubber hardness tester) is widely used in hardness measurement of rubber and plastic. With the features of simple structure, convenient use, small body, light weight, and intuitive reading, it can carry hand-held measurement, or it can be set on the same type of fixed load holder for matching production.","og_url":"https:\/\/hardnesstests.com\/de\/produkt\/\uff08lx-a-1\uff09-shore-hardness-tester\/","og_site_name":"hardnesstests","og_image":[{"width":550,"height":348,"url":"https:\/\/hardnesstests.com\/wp-content\/uploads\/2025\/11\/LX-A-1\u90b5\u6c0f\u786c\u5ea6\u8ba1.png","type":"image\/png"}],"twitter_card":"summary_large_image","schema":{"@context":"https:\/\/schema.org","@graph":[{"@type":"WebPage","@id":"https:\/\/hardnesstests.com\/product\/%ef%bc%88lx-a-1%ef%bc%89-shore-hardness-tester\/","url":"https:\/\/hardnesstests.com\/product\/%ef%bc%88lx-a-1%ef%bc%89-shore-hardness-tester\/","name":"\uff08LX-A-1\uff09 Shore Hardness Tester - hardnesstests","isPartOf":{"@id":"https:\/\/hardnesstests.com\/tr\/#website"},"primaryImageOfPage":{"@id":"https:\/\/hardnesstests.com\/product\/%ef%bc%88lx-a-1%ef%bc%89-shore-hardness-tester\/#primaryimage"},"image":{"@id":"https:\/\/hardnesstests.com\/product\/%ef%bc%88lx-a-1%ef%bc%89-shore-hardness-tester\/#primaryimage"},"thumbnailUrl":"https:\/\/hardnesstests.com\/wp-content\/uploads\/2025\/11\/LX-A-1\u90b5\u6c0f\u786c\u5ea6\u8ba1.png","datePublished":"2025-11-28T05:43:55+00:00","breadcrumb":{"@id":"https:\/\/hardnesstests.com\/product\/%ef%bc%88lx-a-1%ef%bc%89-shore-hardness-tester\/#breadcrumb"},"inLanguage":"de-CH","potentialAction":[{"@type":"ReadAction","target":["https:\/\/hardnesstests.com\/product\/%ef%bc%88lx-a-1%ef%bc%89-shore-hardness-tester\/"]}]},{"@type":"ImageObject","inLanguage":"de-CH","@id":"https:\/\/hardnesstests.com\/product\/%ef%bc%88lx-a-1%ef%bc%89-shore-hardness-tester\/#primaryimage","url":"https:\/\/hardnesstests.com\/wp-content\/uploads\/2025\/11\/LX-A-1\u90b5\u6c0f\u786c\u5ea6\u8ba1.png","contentUrl":"https:\/\/hardnesstests.com\/wp-content\/uploads\/2025\/11\/LX-A-1\u90b5\u6c0f\u786c\u5ea6\u8ba1.png","width":550,"height":348,"caption":"\uff08LX-A-1\uff09 Shore Hardness Tester"},{"@type":"BreadcrumbList","@id":"https:\/\/hardnesstests.com\/product\/%ef%bc%88lx-a-1%ef%bc%89-shore-hardness-tester\/#breadcrumb","itemListElement":[{"@type":"ListItem","position":1,"name":"\u9996\u9875","item":"https:\/\/hardnesstests.com\/"},{"@type":"ListItem","position":2,"name":"products","item":"https:\/\/hardnesstests.com\/products\/"},{"@type":"ListItem","position":3,"name":"\uff08LX-A-1\uff09 Shore Hardness Tester"}]},{"@type":"WebSite","@id":"https:\/\/hardnesstests.com\/tr\/#website","url":"https:\/\/hardnesstests.com\/tr\/","name":"hardnesstests","description":"","publisher":{"@id":"https:\/\/hardnesstests.com\/tr\/#organization"},"potentialAction":[{"@type":"SearchAction","target":{"@type":"EntryPoint","urlTemplate":"https:\/\/hardnesstests.com\/tr\/?s={search_term_string}"},"query-input":{"@type":"PropertyValueSpecification","valueRequired":true,"valueName":"search_term_string"}}],"inLanguage":"de-CH"},{"@type":"Organization","@id":"https:\/\/hardnesstests.com\/tr\/#organization","name":"hardnesstests","url":"https:\/\/hardnesstests.com\/tr\/","logo":{"@type":"ImageObject","inLanguage":"de-CH","@id":"https:\/\/hardnesstests.com\/tr\/#\/schema\/logo\/image\/","url":"https:\/\/hardnesstests.com\/wp-content\/uploads\/2021\/08\/\u5fae\u4fe1\u56fe\u7247_20251029102004_335_1287.png","contentUrl":"https:\/\/hardnesstests.com\/wp-content\/uploads\/2021\/08\/\u5fae\u4fe1\u56fe\u7247_20251029102004_335_1287.png","width":1308,"height":467,"caption":"hardnesstests"},"image":{"@id":"https:\/\/hardnesstests.com\/tr\/#\/schema\/logo\/image\/"}}]}},"_links":{"self":[{"href":"https:\/\/hardnesstests.com\/de\/wp-json\/wp\/v2\/product\/30049","targetHints":{"allow":["GET"]}}],"collection":[{"href":"https:\/\/hardnesstests.com\/de\/wp-json\/wp\/v2\/product"}],"about":[{"href":"https:\/\/hardnesstests.com\/de\/wp-json\/wp\/v2\/types\/product"}],"replies":[{"embeddable":true,"href":"https:\/\/hardnesstests.com\/de\/wp-json\/wp\/v2\/comments?post=30049"}],"version-history":[{"count":1,"href":"https:\/\/hardnesstests.com\/de\/wp-json\/wp\/v2\/product\/30049\/revisions"}],"predecessor-version":[{"id":30051,"href":"https:\/\/hardnesstests.com\/de\/wp-json\/wp\/v2\/product\/30049\/revisions\/30051"}],"wp:featuredmedia":[{"embeddable":true,"href":"https:\/\/hardnesstests.com\/de\/wp-json\/wp\/v2\/media\/30050"}],"wp:attachment":[{"href":"https:\/\/hardnesstests.com\/de\/wp-json\/wp\/v2\/media?parent=30049"}],"wp:term":[{"taxonomy":"product_brand","embeddable":true,"href":"https:\/\/hardnesstests.com\/de\/wp-json\/wp\/v2\/product_brand?post=30049"},{"taxonomy":"product_cat","embeddable":true,"href":"https:\/\/hardnesstests.com\/de\/wp-json\/wp\/v2\/product_cat?post=30049"},{"taxonomy":"product_tag","embeddable":true,"href":"https:\/\/hardnesstests.com\/de\/wp-json\/wp\/v2\/product_tag?post=30049"}],"curies":[{"name":"wp","href":"https:\/\/api.w.org\/{rel}","templated":true}]}}