{"id":30046,"date":"2025-11-28T05:42:41","date_gmt":"2025-11-28T05:42:41","guid":{"rendered":"https:\/\/hardnesstests.com\/?post_type=product&#038;p=30046"},"modified":"2025-11-28T05:42:41","modified_gmt":"2025-11-28T05:42:41","slug":"ld-yj-shore-hardness-tester-bracket","status":"publish","type":"product","link":"https:\/\/hardnesstests.com\/de\/produkt\/ld-yj-shore-hardness-tester-bracket\/","title":{"rendered":"LD-YJ Shore-H\u00e4rtepr\u00fcfger\u00e4t Halterung"},"content":{"rendered":"<p data-start=\"81\" data-end=\"481\">The hardness tester bracket is a <strong data-start=\"114\" data-end=\"146\">new-generation support stand<\/strong> for Shore hardness testers, independently developed by our company to enhance measurement stability and precision. The base is constructed from <strong data-start=\"291\" data-end=\"320\">high-quality black marble<\/strong>, chosen for its excellent rigidity, density, and vibration-damping properties. This solid foundation effectively minimizes external interference during testing.<\/p>\n<p data-start=\"483\" data-end=\"766\">The testing platform is made of <strong data-start=\"515\" data-end=\"557\">high-strength, refined toughened glass<\/strong>, offering exceptional flatness, durability, and resistance to deformation. This advanced platform design significantly improves test stability and ensures <strong data-start=\"713\" data-end=\"765\">more accurate and repeatable measurement results<\/strong>.<\/p>\n<p data-start=\"768\" data-end=\"1006\">The bracket features a <strong data-start=\"791\" data-end=\"828\">well-engineered structural design<\/strong> with a clean, professional, and aesthetically pleasing appearance. It is durable, easy to operate, and suitable for long-term use in both laboratory and industrial environments.<\/p>\n<ul data-start=\"1008\" data-end=\"1156\">\n<li data-start=\"1008\" data-end=\"1089\">\n<p data-start=\"1010\" data-end=\"1089\"><strong data-start=\"1010\" data-end=\"1026\">Model LAC-YJ<\/strong> is compatible with <strong data-start=\"1046\" data-end=\"1069\">Shore A and Shore C<\/strong> hardness testers.<\/p>\n<\/li>\n<li data-start=\"1090\" data-end=\"1156\">\n<p data-start=\"1092\" data-end=\"1156\"><strong data-start=\"1092\" data-end=\"1107\">Model LD-YJ<\/strong> is compatible with <strong data-start=\"1127\" data-end=\"1138\">Shore D<\/strong> hardness testers.<\/p>\n<\/li>\n<\/ul>\n<p data-start=\"1158\" data-end=\"1304\" data-is-last-node=\"\" data-is-only-node=\"\">Overall, this upgraded bracket provides a reliable, stable, and visually refined solution for achieving higher accuracy in Shore hardness testing.<\/p>","protected":false},"excerpt":{"rendered":"<p>The hardness tester bracket is a new generation of Shore hardness tester bracket developed by our company. Using high quality black marble as the base, high strength and refined toughened glass is used as the testing platform, which greatly improves the test stability and makes the measurement results more accurate. The structure of the bracket is reasonable and the style is beautiful. Model LAC-YJ adaptable A, C type Shore hardness tester, LD-YJ adaptable D hardness tester.<\/p>","protected":false},"featured_media":30047,"comment_status":"open","ping_status":"closed","template":"","meta":[],"product_brand":[],"product_cat":[70,79],"product_tag":[114],"class_list":{"0":"post-30046","1":"product","2":"type-product","3":"status-publish","4":"has-post-thumbnail","6":"product_cat-hardness-tester","7":"product_cat-shore-hardness-tester","8":"product_tag-methods-shore-durometer-test","10":"first","11":"instock","12":"shipping-taxable","13":"product-type-simple"},"yoast_head":"<!-- This site is optimized with the Yoast SEO Premium plugin v25.4 (Yoast SEO v27.4) - https:\/\/yoast.com\/product\/yoast-seo-premium-wordpress\/ -->\n<title>LD-YJ Shore hardness tester bracket - hardnesstests<\/title>\n<meta name=\"robots\" content=\"index, follow, max-snippet:-1, max-image-preview:large, max-video-preview:-1\" \/>\n<link rel=\"canonical\" href=\"https:\/\/hardnesstests.com\/de\/produkt\/ld-yj-shore-hardness-tester-bracket\/\" \/>\n<meta property=\"og:locale\" content=\"de_DE\" \/>\n<meta property=\"og:type\" content=\"article\" \/>\n<meta property=\"og:title\" content=\"LD-YJ Shore hardness tester bracket\" \/>\n<meta property=\"og:description\" content=\"The hardness tester bracket is a new generation of Shore hardness tester bracket developed by our company. Using high quality black marble as the base, high strength and refined toughened glass is used as the testing platform, which greatly improves the test stability and makes the measurement results more accurate. The structure of the bracket is reasonable and the style is beautiful. Model LAC-YJ adaptable A, C type Shore hardness tester, LD-YJ adaptable D hardness tester.\" \/>\n<meta property=\"og:url\" content=\"https:\/\/hardnesstests.com\/de\/produkt\/ld-yj-shore-hardness-tester-bracket\/\" \/>\n<meta property=\"og:site_name\" content=\"hardnesstests\" \/>\n<meta property=\"og:image\" content=\"https:\/\/hardnesstests.com\/wp-content\/uploads\/2025\/11\/LD-YJ-\u90b5\u6c0f\u786c\u5ea6\u8ba1\u652f\u67b6.png\" \/>\n\t<meta property=\"og:image:width\" content=\"200\" \/>\n\t<meta property=\"og:image:height\" content=\"383\" \/>\n\t<meta property=\"og:image:type\" content=\"image\/png\" \/>\n<meta name=\"twitter:card\" content=\"summary_large_image\" \/>\n<meta name=\"twitter:label1\" content=\"Gesch\u00e4tzte Lesezeit\" \/>\n\t<meta name=\"twitter:data1\" content=\"1\u00a0Minute\" \/>\n<script type=\"application\/ld+json\" class=\"yoast-schema-graph\">{\"@context\":\"https:\\\/\\\/schema.org\",\"@graph\":[{\"@type\":\"WebPage\",\"@id\":\"https:\\\/\\\/hardnesstests.com\\\/product\\\/ld-yj-shore-hardness-tester-bracket\\\/\",\"url\":\"https:\\\/\\\/hardnesstests.com\\\/product\\\/ld-yj-shore-hardness-tester-bracket\\\/\",\"name\":\"LD-YJ Shore hardness tester bracket - hardnesstests\",\"isPartOf\":{\"@id\":\"https:\\\/\\\/hardnesstests.com\\\/tr\\\/#website\"},\"primaryImageOfPage\":{\"@id\":\"https:\\\/\\\/hardnesstests.com\\\/product\\\/ld-yj-shore-hardness-tester-bracket\\\/#primaryimage\"},\"image\":{\"@id\":\"https:\\\/\\\/hardnesstests.com\\\/product\\\/ld-yj-shore-hardness-tester-bracket\\\/#primaryimage\"},\"thumbnailUrl\":\"https:\\\/\\\/hardnesstests.com\\\/wp-content\\\/uploads\\\/2025\\\/11\\\/LD-YJ-\u90b5\u6c0f\u786c\u5ea6\u8ba1\u652f\u67b6.png\",\"datePublished\":\"2025-11-28T05:42:41+00:00\",\"breadcrumb\":{\"@id\":\"https:\\\/\\\/hardnesstests.com\\\/product\\\/ld-yj-shore-hardness-tester-bracket\\\/#breadcrumb\"},\"inLanguage\":\"de-CH\",\"potentialAction\":[{\"@type\":\"ReadAction\",\"target\":[\"https:\\\/\\\/hardnesstests.com\\\/product\\\/ld-yj-shore-hardness-tester-bracket\\\/\"]}]},{\"@type\":\"ImageObject\",\"inLanguage\":\"de-CH\",\"@id\":\"https:\\\/\\\/hardnesstests.com\\\/product\\\/ld-yj-shore-hardness-tester-bracket\\\/#primaryimage\",\"url\":\"https:\\\/\\\/hardnesstests.com\\\/wp-content\\\/uploads\\\/2025\\\/11\\\/LD-YJ-\u90b5\u6c0f\u786c\u5ea6\u8ba1\u652f\u67b6.png\",\"contentUrl\":\"https:\\\/\\\/hardnesstests.com\\\/wp-content\\\/uploads\\\/2025\\\/11\\\/LD-YJ-\u90b5\u6c0f\u786c\u5ea6\u8ba1\u652f\u67b6.png\",\"width\":200,\"height\":383,\"caption\":\"LD-YJ Shore hardness tester bracket\"},{\"@type\":\"BreadcrumbList\",\"@id\":\"https:\\\/\\\/hardnesstests.com\\\/product\\\/ld-yj-shore-hardness-tester-bracket\\\/#breadcrumb\",\"itemListElement\":[{\"@type\":\"ListItem\",\"position\":1,\"name\":\"\u9996\u9875\",\"item\":\"https:\\\/\\\/hardnesstests.com\\\/\"},{\"@type\":\"ListItem\",\"position\":2,\"name\":\"products\",\"item\":\"https:\\\/\\\/hardnesstests.com\\\/products\\\/\"},{\"@type\":\"ListItem\",\"position\":3,\"name\":\"LD-YJ Shore hardness tester bracket\"}]},{\"@type\":\"WebSite\",\"@id\":\"https:\\\/\\\/hardnesstests.com\\\/tr\\\/#website\",\"url\":\"https:\\\/\\\/hardnesstests.com\\\/tr\\\/\",\"name\":\"hardnesstests\",\"description\":\"\",\"publisher\":{\"@id\":\"https:\\\/\\\/hardnesstests.com\\\/tr\\\/#organization\"},\"potentialAction\":[{\"@type\":\"SearchAction\",\"target\":{\"@type\":\"EntryPoint\",\"urlTemplate\":\"https:\\\/\\\/hardnesstests.com\\\/tr\\\/?s={search_term_string}\"},\"query-input\":{\"@type\":\"PropertyValueSpecification\",\"valueRequired\":true,\"valueName\":\"search_term_string\"}}],\"inLanguage\":\"de-CH\"},{\"@type\":\"Organization\",\"@id\":\"https:\\\/\\\/hardnesstests.com\\\/tr\\\/#organization\",\"name\":\"hardnesstests\",\"url\":\"https:\\\/\\\/hardnesstests.com\\\/tr\\\/\",\"logo\":{\"@type\":\"ImageObject\",\"inLanguage\":\"de-CH\",\"@id\":\"https:\\\/\\\/hardnesstests.com\\\/tr\\\/#\\\/schema\\\/logo\\\/image\\\/\",\"url\":\"https:\\\/\\\/hardnesstests.com\\\/wp-content\\\/uploads\\\/2021\\\/08\\\/\u5fae\u4fe1\u56fe\u7247_20251029102004_335_1287.png\",\"contentUrl\":\"https:\\\/\\\/hardnesstests.com\\\/wp-content\\\/uploads\\\/2021\\\/08\\\/\u5fae\u4fe1\u56fe\u7247_20251029102004_335_1287.png\",\"width\":1308,\"height\":467,\"caption\":\"hardnesstests\"},\"image\":{\"@id\":\"https:\\\/\\\/hardnesstests.com\\\/tr\\\/#\\\/schema\\\/logo\\\/image\\\/\"}}]}<\/script>\n<!-- \/ Yoast SEO Premium plugin. -->","yoast_head_json":{"title":"LD-YJ Shore hardness tester bracket - hardnesstests","robots":{"index":"index","follow":"follow","max-snippet":"max-snippet:-1","max-image-preview":"max-image-preview:large","max-video-preview":"max-video-preview:-1"},"canonical":"https:\/\/hardnesstests.com\/de\/produkt\/ld-yj-shore-hardness-tester-bracket\/","og_locale":"de_DE","og_type":"article","og_title":"LD-YJ Shore hardness tester bracket","og_description":"The hardness tester bracket is a new generation of Shore hardness tester bracket developed by our company. Using high quality black marble as the base, high strength and refined toughened glass is used as the testing platform, which greatly improves the test stability and makes the measurement results more accurate. The structure of the bracket is reasonable and the style is beautiful. Model LAC-YJ adaptable A, C type Shore hardness tester, LD-YJ adaptable D hardness tester.","og_url":"https:\/\/hardnesstests.com\/de\/produkt\/ld-yj-shore-hardness-tester-bracket\/","og_site_name":"hardnesstests","og_image":[{"width":200,"height":383,"url":"https:\/\/hardnesstests.com\/wp-content\/uploads\/2025\/11\/LD-YJ-\u90b5\u6c0f\u786c\u5ea6\u8ba1\u652f\u67b6.png","type":"image\/png"}],"twitter_card":"summary_large_image","twitter_misc":{"Gesch\u00e4tzte Lesezeit":"1\u00a0Minute"},"schema":{"@context":"https:\/\/schema.org","@graph":[{"@type":"WebPage","@id":"https:\/\/hardnesstests.com\/product\/ld-yj-shore-hardness-tester-bracket\/","url":"https:\/\/hardnesstests.com\/product\/ld-yj-shore-hardness-tester-bracket\/","name":"LD-YJ Shore hardness tester bracket - hardnesstests","isPartOf":{"@id":"https:\/\/hardnesstests.com\/tr\/#website"},"primaryImageOfPage":{"@id":"https:\/\/hardnesstests.com\/product\/ld-yj-shore-hardness-tester-bracket\/#primaryimage"},"image":{"@id":"https:\/\/hardnesstests.com\/product\/ld-yj-shore-hardness-tester-bracket\/#primaryimage"},"thumbnailUrl":"https:\/\/hardnesstests.com\/wp-content\/uploads\/2025\/11\/LD-YJ-\u90b5\u6c0f\u786c\u5ea6\u8ba1\u652f\u67b6.png","datePublished":"2025-11-28T05:42:41+00:00","breadcrumb":{"@id":"https:\/\/hardnesstests.com\/product\/ld-yj-shore-hardness-tester-bracket\/#breadcrumb"},"inLanguage":"de-CH","potentialAction":[{"@type":"ReadAction","target":["https:\/\/hardnesstests.com\/product\/ld-yj-shore-hardness-tester-bracket\/"]}]},{"@type":"ImageObject","inLanguage":"de-CH","@id":"https:\/\/hardnesstests.com\/product\/ld-yj-shore-hardness-tester-bracket\/#primaryimage","url":"https:\/\/hardnesstests.com\/wp-content\/uploads\/2025\/11\/LD-YJ-\u90b5\u6c0f\u786c\u5ea6\u8ba1\u652f\u67b6.png","contentUrl":"https:\/\/hardnesstests.com\/wp-content\/uploads\/2025\/11\/LD-YJ-\u90b5\u6c0f\u786c\u5ea6\u8ba1\u652f\u67b6.png","width":200,"height":383,"caption":"LD-YJ Shore hardness tester bracket"},{"@type":"BreadcrumbList","@id":"https:\/\/hardnesstests.com\/product\/ld-yj-shore-hardness-tester-bracket\/#breadcrumb","itemListElement":[{"@type":"ListItem","position":1,"name":"\u9996\u9875","item":"https:\/\/hardnesstests.com\/"},{"@type":"ListItem","position":2,"name":"products","item":"https:\/\/hardnesstests.com\/products\/"},{"@type":"ListItem","position":3,"name":"LD-YJ Shore hardness tester bracket"}]},{"@type":"WebSite","@id":"https:\/\/hardnesstests.com\/tr\/#website","url":"https:\/\/hardnesstests.com\/tr\/","name":"hardnesstests","description":"","publisher":{"@id":"https:\/\/hardnesstests.com\/tr\/#organization"},"potentialAction":[{"@type":"SearchAction","target":{"@type":"EntryPoint","urlTemplate":"https:\/\/hardnesstests.com\/tr\/?s={search_term_string}"},"query-input":{"@type":"PropertyValueSpecification","valueRequired":true,"valueName":"search_term_string"}}],"inLanguage":"de-CH"},{"@type":"Organization","@id":"https:\/\/hardnesstests.com\/tr\/#organization","name":"hardnesstests","url":"https:\/\/hardnesstests.com\/tr\/","logo":{"@type":"ImageObject","inLanguage":"de-CH","@id":"https:\/\/hardnesstests.com\/tr\/#\/schema\/logo\/image\/","url":"https:\/\/hardnesstests.com\/wp-content\/uploads\/2021\/08\/\u5fae\u4fe1\u56fe\u7247_20251029102004_335_1287.png","contentUrl":"https:\/\/hardnesstests.com\/wp-content\/uploads\/2021\/08\/\u5fae\u4fe1\u56fe\u7247_20251029102004_335_1287.png","width":1308,"height":467,"caption":"hardnesstests"},"image":{"@id":"https:\/\/hardnesstests.com\/tr\/#\/schema\/logo\/image\/"}}]}},"_links":{"self":[{"href":"https:\/\/hardnesstests.com\/de\/wp-json\/wp\/v2\/product\/30046","targetHints":{"allow":["GET"]}}],"collection":[{"href":"https:\/\/hardnesstests.com\/de\/wp-json\/wp\/v2\/product"}],"about":[{"href":"https:\/\/hardnesstests.com\/de\/wp-json\/wp\/v2\/types\/product"}],"replies":[{"embeddable":true,"href":"https:\/\/hardnesstests.com\/de\/wp-json\/wp\/v2\/comments?post=30046"}],"version-history":[{"count":1,"href":"https:\/\/hardnesstests.com\/de\/wp-json\/wp\/v2\/product\/30046\/revisions"}],"predecessor-version":[{"id":30048,"href":"https:\/\/hardnesstests.com\/de\/wp-json\/wp\/v2\/product\/30046\/revisions\/30048"}],"wp:featuredmedia":[{"embeddable":true,"href":"https:\/\/hardnesstests.com\/de\/wp-json\/wp\/v2\/media\/30047"}],"wp:attachment":[{"href":"https:\/\/hardnesstests.com\/de\/wp-json\/wp\/v2\/media?parent=30046"}],"wp:term":[{"taxonomy":"product_brand","embeddable":true,"href":"https:\/\/hardnesstests.com\/de\/wp-json\/wp\/v2\/product_brand?post=30046"},{"taxonomy":"product_cat","embeddable":true,"href":"https:\/\/hardnesstests.com\/de\/wp-json\/wp\/v2\/product_cat?post=30046"},{"taxonomy":"product_tag","embeddable":true,"href":"https:\/\/hardnesstests.com\/de\/wp-json\/wp\/v2\/product_tag?post=30046"}],"curies":[{"name":"wp","href":"https:\/\/api.w.org\/{rel}","templated":true}]}}