{"id":29966,"date":"2025-11-28T03:18:18","date_gmt":"2025-11-28T03:18:18","guid":{"rendered":"https:\/\/hardnesstests.com\/?post_type=product&#038;p=29966"},"modified":"2025-11-28T03:18:18","modified_gmt":"2025-11-28T03:18:18","slug":"hvs-50zdigital-display-automatic-turret-type-vickers-hardness-tester","status":"publish","type":"product","link":"https:\/\/hardnesstests.com\/de\/produkt\/hvs-50zdigital-display-automatic-turret-type-vickers-hardness-tester\/","title":{"rendered":"(HVS-50Z)Digitales Display automatische Revolver Typ Vickers H\u00e4rtepr\u00fcfger\u00e4t"},"content":{"rendered":"<h1 style=\"font-weight: 400;\"><strong>Wichtigste Funktionen und Merkmale:<\/strong><\/h1>\n<ol>\n<li style=\"font-weight: 400;\">Das von erfahrenen Optikern entwickelte optische System liefert nicht nur klare Bilder, sondern kann auch als einfaches Mikroskop mit einstellbarer Helligkeit und bequemer Sicht verwendet werden.<\/li>\n<li style=\"font-weight: 400;\">Industrial display LCD large-screen display can display test methods, test force, measurement of indentation length, hardness value, test force retention time, number of measurements and type in year, month, date, test results and data processing;<\/li>\n<li style=\"font-weight: 400;\">Gegossenes Aluminium Schalenformteil, die Struktur ist stabil und nicht verformt, hochwertige Autolackierung, Anti-Kratz-F\u00e4higkeit, Verwendung f\u00fcr viele Jahre ist immer noch hell wie neu;<\/li>\n<\/ol>\n<ol start=\"4\">\n<li style=\"font-weight: 400;\">Unser Unternehmen verf\u00fcgt \u00fcber eigene Forschungs- und Entwicklungs-, Produktions- und Verarbeitungskapazit\u00e4ten. Unsere Maschinen bieten lebenslangen Ersatzteil- und Wartungs-Upgrade-Service.<\/li>\n<li style=\"font-weight: 400;\">HVS-50Zmodel can directly confirm the hardness value by measuring the actual length;<\/li>\n<li style=\"font-weight: 400;\">HVS-50Z models can be realized: observation &#8211; test &#8211; measurement of the position switch by the automatic turret to complete;<\/li>\n<li style=\"font-weight: 400;\">Optional LCD large screen; LCD large-screen display to facilitate observation, test conditions, the test process is straightforward;<\/li>\n<li style=\"font-weight: 400;\">optional internal printer; test results and test data directly print;<\/li>\n<\/ol>\n<h1 style=\"font-weight: 400;\"><strong>Hauptanwendungsbereich:<\/strong><\/h1>\n<ol>\n<li style=\"font-weight: 400;\">Eisen und Stahl, Nichteisenmetalle, Metallfolien, Hartlegierungen, Bleche, Mikrostrukturen, Karbonisierung;<\/li>\n<li style=\"font-weight: 400;\">Aufkohlungs-, Nitrier- und Entkohlungsschichten, oberfl\u00e4chengeh\u00e4rtete Schicht, Plattierungsschicht, Beschichtung, W\u00e4rmebehandlung;<\/li>\n<li style=\"font-weight: 400;\">Glas, Wafer, keramische Materialien;<\/li>\n<\/ol>\n<h1 style=\"font-weight: 400;\"><strong>Technische Parameter:<\/strong><\/h1>\n<table>\n<tbody>\n<tr>\n<td width=\"187\">Parametername<\/td>\n<td width=\"366\">Parameter-Daten<\/td>\n<\/tr>\n<tr>\n<td width=\"187\">Vickers-H\u00e4rteskala<\/td>\n<td width=\"366\">HV1, ,HV5,HV10,HV20,HV30,HV50<\/td>\n<\/tr>\n<tr>\n<td width=\"187\">Anzeige<\/td>\n<td width=\"366\">5-stelliger H\u00e4rtewert, 4-stellige Diagonall\u00e4nge (D1, D2),<\/p>\n<p>Haltezeit, Anzahl der Tests, Durchschnitt, Standardabweichung, Rendite<\/td>\n<\/tr>\n<tr>\n<td width=\"187\">Test force(Kgf)<\/td>\n<td width=\"366\">1.0Kgf(9.8N)\u30015.0Kgf(49.0N)\u300110Kgf(98.0N)\u3001<\/p>\n<p>20Kgf(196N)\u300130Kgf(294N)\u300150Kgf(490N)<\/td>\n<\/tr>\n<tr>\n<td width=\"187\">Ladekontrolle<\/td>\n<td width=\"366\">Automatisch (Laden\/Halten\/Deinstallieren)<\/td>\n<\/tr>\n<tr>\n<td width=\"187\">Pr\u00fcfkraft Haltezeit(en)<\/td>\n<td width=\"366\">1\uff5e99<\/td>\n<\/tr>\n<tr>\n<td width=\"187\">Optischer Kanal<\/td>\n<td width=\"366\">Zwei Lichtkan\u00e4le (Okulare und CCD-Kamerakan\u00e4le)<\/td>\n<\/tr>\n<tr>\n<td width=\"187\">Optisches System<\/td>\n<td width=\"366\">Objectives: 10\u00d7, 20\u00d7<\/p>\n<p>Eyepiece Magnification: 10\u00d7(can be changed to 15X)<\/p>\n<p>Total magnification (\u03bcm): 100\u00d7, 200\u00d7(can be changed to 150X,300X)<\/p>\n<p>Measuring range (\u03bcm): 400<\/p>\n<p>Resolution (\u03bcm): 0.125<\/td>\n<\/tr>\n<tr>\n<td width=\"187\">H\u00e4rtemessbereich<\/td>\n<td width=\"366\">(5-3000)HV<\/td>\n<\/tr>\n<tr>\n<td width=\"187\">XY-Pr\u00fcfstand (optional)<\/td>\n<td width=\"366\">Gr\u00f6\u00dfe (mm): 100\u00d7100<\/p>\n<p>Verfahrbereich (mm): 25\u00d725<\/p>\n<p>Mindestablesung (mm): 0.01<\/td>\n<\/tr>\n<tr>\n<td width=\"187\">Maximale H\u00f6he des Probek\u00f6rpers (mm)<\/td>\n<td width=\"366\">165<\/td>\n<\/tr>\n<tr>\n<td width=\"187\">Maximale Breite des Musters (mm)<\/td>\n<td width=\"366\">130 (Abstand von der Mittellinie des Eindringk\u00f6rpers zur Wand)<\/td>\n<\/tr>\n<tr>\n<td width=\"187\">Datenausgabe<\/td>\n<td width=\"366\">Reserve built-in mini printer interface, (RS232 serial interface) optional installation<\/td>\n<\/tr>\n<tr>\n<td width=\"187\">Spannung<\/td>\n<td width=\"366\">AC220V\/50HZ<\/td>\n<\/tr>\n<tr>\n<td width=\"187\">Gesamtgr\u00f6\u00dfe (mm)<\/td>\n<td width=\"366\">585\u00d7200\u00d7630<\/td>\n<\/tr>\n<tr>\n<td width=\"187\">Gewicht (kg)<\/td>\n<td width=\"366\">42<\/td>\n<\/tr>\n<\/tbody>\n<\/table>\n<h1 style=\"font-weight: 400;\"><strong>Standard-Konfiguration<\/strong><\/h1>\n<table>\n<tbody>\n<tr>\n<td width=\"277\">Leitrechner<\/td>\n<td width=\"277\">1<\/td>\n<\/tr>\n<tr>\n<td width=\"277\">Gewicht<\/td>\n<td width=\"277\">3<\/td>\n<\/tr>\n<tr>\n<td width=\"277\">Large and medium &#8220;V&#8221; test benches<\/td>\n<td width=\"277\">1each<\/td>\n<\/tr>\n<tr>\n<td width=\"277\">Horizontale Einstellschraube<\/td>\n<td width=\"277\">4<\/td>\n<\/tr>\n<tr>\n<td width=\"277\">Stromkabel<\/td>\n<td width=\"277\">1<\/td>\n<\/tr>\n<tr>\n<td width=\"277\">10X digitales Mikroskop Okular<\/td>\n<td width=\"277\">1<\/td>\n<\/tr>\n<tr>\n<td width=\"277\">Vickers-H\u00e4rteblock<\/td>\n<td width=\"277\">2<\/td>\n<\/tr>\n<tr>\n<td width=\"277\">Ersatz-Sicherung 2A<\/td>\n<td width=\"277\">2<\/td>\n<\/tr>\n<tr>\n<td width=\"277\">Produkt-Zertifikat<\/td>\n<td width=\"277\">1<\/td>\n<\/tr>\n<tr>\n<td width=\"277\">Gebrauchsanweisung<\/td>\n<td width=\"277\">1<\/td>\n<\/tr>\n<\/tbody>\n<\/table>\n<p style=\"font-weight: 400;\">Bemerkungen: Optional H\u00e4rtemessger\u00e4t Mess-Software, beseitigen menschliche Fehler, Computer-Betrieb, die Effizienz zu verbessern, ist die Genauigkeit genauer.<\/p>","protected":false},"excerpt":{"rendered":"<p>The digital turret-type Vickers hardness tester can meet the basic Vickers hardness test requirements. The upgraded digital micrometer eyepiece can directly read the measurement length, so that the measurement value can be obtained more quickly and accurately. The tower can automatically switch the eyepiece and indenter to avoid artificial errors and damage the instrument, and also greatly improve the efficiency.<\/p>","protected":false},"featured_media":29967,"comment_status":"open","ping_status":"closed","template":"","meta":[],"product_brand":[],"product_cat":[70,72],"product_tag":[113],"class_list":{"0":"post-29966","1":"product","2":"type-product","3":"status-publish","4":"has-post-thumbnail","6":"product_cat-hardness-tester","7":"product_cat-vickers-hardness-tester","8":"product_tag-vickers-hardness-tester","10":"first","11":"instock","12":"shipping-taxable","13":"product-type-simple"},"yoast_head":"<!-- This site is optimized with the Yoast SEO Premium plugin v25.4 (Yoast SEO v27.1.1) - https:\/\/yoast.com\/product\/yoast-seo-premium-wordpress\/ -->\n<title>(HVS-50Z)Digital display automatic turret type Vickers Hardness Tester - hardnesstests<\/title>\n<meta name=\"robots\" content=\"index, follow, max-snippet:-1, max-image-preview:large, max-video-preview:-1\" \/>\n<link rel=\"canonical\" href=\"https:\/\/hardnesstests.com\/de\/produkt\/hvs-50zdigital-display-automatic-turret-type-vickers-hardness-tester\/\" \/>\n<meta property=\"og:locale\" content=\"de_DE\" \/>\n<meta property=\"og:type\" content=\"article\" \/>\n<meta property=\"og:title\" content=\"(HVS-50Z)Digital display automatic turret type Vickers Hardness Tester\" \/>\n<meta property=\"og:description\" content=\"The digital turret-type Vickers hardness tester can meet the basic Vickers hardness test requirements. The upgraded digital micrometer eyepiece can directly read the measurement length, so that the measurement value can be obtained more quickly and accurately. The tower can automatically switch the eyepiece and indenter to avoid artificial errors and damage the instrument, and also greatly improve the efficiency.\" \/>\n<meta property=\"og:url\" content=\"https:\/\/hardnesstests.com\/de\/produkt\/hvs-50zdigital-display-automatic-turret-type-vickers-hardness-tester\/\" \/>\n<meta property=\"og:site_name\" content=\"hardnesstests\" \/>\n<meta property=\"og:image\" content=\"https:\/\/hardnesstests.com\/wp-content\/uploads\/2025\/11\/HVS-50Z\u81ea\u52a8\u8f6c\u5854\u6570\u663e\u7ef4\u6c0f\u786c\u5ea6\u8ba1.jpg\" \/>\n\t<meta property=\"og:image:width\" content=\"800\" \/>\n\t<meta property=\"og:image:height\" content=\"800\" \/>\n\t<meta property=\"og:image:type\" content=\"image\/jpeg\" \/>\n<meta name=\"twitter:card\" content=\"summary_large_image\" \/>\n<meta name=\"twitter:label1\" content=\"Gesch\u00e4tzte Lesezeit\" \/>\n\t<meta name=\"twitter:data1\" content=\"2\u00a0Minuten\" \/>\n<script type=\"application\/ld+json\" class=\"yoast-schema-graph\">{\"@context\":\"https:\/\/schema.org\",\"@graph\":[{\"@type\":\"WebPage\",\"@id\":\"https:\/\/hardnesstests.com\/product\/hvs-50zdigital-display-automatic-turret-type-vickers-hardness-tester\/\",\"url\":\"https:\/\/hardnesstests.com\/product\/hvs-50zdigital-display-automatic-turret-type-vickers-hardness-tester\/\",\"name\":\"(HVS-50Z)Digital display automatic turret type Vickers Hardness Tester - hardnesstests\",\"isPartOf\":{\"@id\":\"https:\/\/hardnesstests.com\/tr\/#website\"},\"primaryImageOfPage\":{\"@id\":\"https:\/\/hardnesstests.com\/product\/hvs-50zdigital-display-automatic-turret-type-vickers-hardness-tester\/#primaryimage\"},\"image\":{\"@id\":\"https:\/\/hardnesstests.com\/product\/hvs-50zdigital-display-automatic-turret-type-vickers-hardness-tester\/#primaryimage\"},\"thumbnailUrl\":\"https:\/\/hardnesstests.com\/wp-content\/uploads\/2025\/11\/HVS-50Z\u81ea\u52a8\u8f6c\u5854\u6570\u663e\u7ef4\u6c0f\u786c\u5ea6\u8ba1.jpg\",\"datePublished\":\"2025-11-28T03:18:18+00:00\",\"breadcrumb\":{\"@id\":\"https:\/\/hardnesstests.com\/product\/hvs-50zdigital-display-automatic-turret-type-vickers-hardness-tester\/#breadcrumb\"},\"inLanguage\":\"de-CH\",\"potentialAction\":[{\"@type\":\"ReadAction\",\"target\":[\"https:\/\/hardnesstests.com\/product\/hvs-50zdigital-display-automatic-turret-type-vickers-hardness-tester\/\"]}]},{\"@type\":\"ImageObject\",\"inLanguage\":\"de-CH\",\"@id\":\"https:\/\/hardnesstests.com\/product\/hvs-50zdigital-display-automatic-turret-type-vickers-hardness-tester\/#primaryimage\",\"url\":\"https:\/\/hardnesstests.com\/wp-content\/uploads\/2025\/11\/HVS-50Z\u81ea\u52a8\u8f6c\u5854\u6570\u663e\u7ef4\u6c0f\u786c\u5ea6\u8ba1.jpg\",\"contentUrl\":\"https:\/\/hardnesstests.com\/wp-content\/uploads\/2025\/11\/HVS-50Z\u81ea\u52a8\u8f6c\u5854\u6570\u663e\u7ef4\u6c0f\u786c\u5ea6\u8ba1.jpg\",\"width\":800,\"height\":800,\"caption\":\"(HVS-50Z)Digital display automatic turret type Vickers Hardness Tester\"},{\"@type\":\"BreadcrumbList\",\"@id\":\"https:\/\/hardnesstests.com\/product\/hvs-50zdigital-display-automatic-turret-type-vickers-hardness-tester\/#breadcrumb\",\"itemListElement\":[{\"@type\":\"ListItem\",\"position\":1,\"name\":\"\u9996\u9875\",\"item\":\"https:\/\/hardnesstests.com\/\"},{\"@type\":\"ListItem\",\"position\":2,\"name\":\"products\",\"item\":\"https:\/\/hardnesstests.com\/products\/\"},{\"@type\":\"ListItem\",\"position\":3,\"name\":\"(HVS-50Z)Digital display automatic turret type Vickers Hardness Tester\"}]},{\"@type\":\"WebSite\",\"@id\":\"https:\/\/hardnesstests.com\/tr\/#website\",\"url\":\"https:\/\/hardnesstests.com\/tr\/\",\"name\":\"hardnesstests\",\"description\":\"\",\"publisher\":{\"@id\":\"https:\/\/hardnesstests.com\/tr\/#organization\"},\"potentialAction\":[{\"@type\":\"SearchAction\",\"target\":{\"@type\":\"EntryPoint\",\"urlTemplate\":\"https:\/\/hardnesstests.com\/tr\/?s={search_term_string}\"},\"query-input\":{\"@type\":\"PropertyValueSpecification\",\"valueRequired\":true,\"valueName\":\"search_term_string\"}}],\"inLanguage\":\"de-CH\"},{\"@type\":\"Organization\",\"@id\":\"https:\/\/hardnesstests.com\/tr\/#organization\",\"name\":\"hardnesstests\",\"url\":\"https:\/\/hardnesstests.com\/tr\/\",\"logo\":{\"@type\":\"ImageObject\",\"inLanguage\":\"de-CH\",\"@id\":\"https:\/\/hardnesstests.com\/tr\/#\/schema\/logo\/image\/\",\"url\":\"https:\/\/hardnesstests.com\/wp-content\/uploads\/2021\/08\/\u5fae\u4fe1\u56fe\u7247_20251029102004_335_1287.png\",\"contentUrl\":\"https:\/\/hardnesstests.com\/wp-content\/uploads\/2021\/08\/\u5fae\u4fe1\u56fe\u7247_20251029102004_335_1287.png\",\"width\":1308,\"height\":467,\"caption\":\"hardnesstests\"},\"image\":{\"@id\":\"https:\/\/hardnesstests.com\/tr\/#\/schema\/logo\/image\/\"}}]}<\/script>\n<!-- \/ Yoast SEO Premium plugin. -->","yoast_head_json":{"title":"(HVS-50Z)Digital display automatic turret type Vickers Hardness Tester - hardnesstests","robots":{"index":"index","follow":"follow","max-snippet":"max-snippet:-1","max-image-preview":"max-image-preview:large","max-video-preview":"max-video-preview:-1"},"canonical":"https:\/\/hardnesstests.com\/de\/produkt\/hvs-50zdigital-display-automatic-turret-type-vickers-hardness-tester\/","og_locale":"de_DE","og_type":"article","og_title":"(HVS-50Z)Digital display automatic turret type Vickers Hardness Tester","og_description":"The digital turret-type Vickers hardness tester can meet the basic Vickers hardness test requirements. The upgraded digital micrometer eyepiece can directly read the measurement length, so that the measurement value can be obtained more quickly and accurately. The tower can automatically switch the eyepiece and indenter to avoid artificial errors and damage the instrument, and also greatly improve the efficiency.","og_url":"https:\/\/hardnesstests.com\/de\/produkt\/hvs-50zdigital-display-automatic-turret-type-vickers-hardness-tester\/","og_site_name":"hardnesstests","og_image":[{"width":800,"height":800,"url":"https:\/\/hardnesstests.com\/wp-content\/uploads\/2025\/11\/HVS-50Z\u81ea\u52a8\u8f6c\u5854\u6570\u663e\u7ef4\u6c0f\u786c\u5ea6\u8ba1.jpg","type":"image\/jpeg"}],"twitter_card":"summary_large_image","twitter_misc":{"Gesch\u00e4tzte Lesezeit":"2\u00a0Minuten"},"schema":{"@context":"https:\/\/schema.org","@graph":[{"@type":"WebPage","@id":"https:\/\/hardnesstests.com\/product\/hvs-50zdigital-display-automatic-turret-type-vickers-hardness-tester\/","url":"https:\/\/hardnesstests.com\/product\/hvs-50zdigital-display-automatic-turret-type-vickers-hardness-tester\/","name":"(HVS-50Z)Digital display automatic turret type Vickers Hardness Tester - hardnesstests","isPartOf":{"@id":"https:\/\/hardnesstests.com\/tr\/#website"},"primaryImageOfPage":{"@id":"https:\/\/hardnesstests.com\/product\/hvs-50zdigital-display-automatic-turret-type-vickers-hardness-tester\/#primaryimage"},"image":{"@id":"https:\/\/hardnesstests.com\/product\/hvs-50zdigital-display-automatic-turret-type-vickers-hardness-tester\/#primaryimage"},"thumbnailUrl":"https:\/\/hardnesstests.com\/wp-content\/uploads\/2025\/11\/HVS-50Z\u81ea\u52a8\u8f6c\u5854\u6570\u663e\u7ef4\u6c0f\u786c\u5ea6\u8ba1.jpg","datePublished":"2025-11-28T03:18:18+00:00","breadcrumb":{"@id":"https:\/\/hardnesstests.com\/product\/hvs-50zdigital-display-automatic-turret-type-vickers-hardness-tester\/#breadcrumb"},"inLanguage":"de-CH","potentialAction":[{"@type":"ReadAction","target":["https:\/\/hardnesstests.com\/product\/hvs-50zdigital-display-automatic-turret-type-vickers-hardness-tester\/"]}]},{"@type":"ImageObject","inLanguage":"de-CH","@id":"https:\/\/hardnesstests.com\/product\/hvs-50zdigital-display-automatic-turret-type-vickers-hardness-tester\/#primaryimage","url":"https:\/\/hardnesstests.com\/wp-content\/uploads\/2025\/11\/HVS-50Z\u81ea\u52a8\u8f6c\u5854\u6570\u663e\u7ef4\u6c0f\u786c\u5ea6\u8ba1.jpg","contentUrl":"https:\/\/hardnesstests.com\/wp-content\/uploads\/2025\/11\/HVS-50Z\u81ea\u52a8\u8f6c\u5854\u6570\u663e\u7ef4\u6c0f\u786c\u5ea6\u8ba1.jpg","width":800,"height":800,"caption":"(HVS-50Z)Digital display automatic turret type Vickers Hardness Tester"},{"@type":"BreadcrumbList","@id":"https:\/\/hardnesstests.com\/product\/hvs-50zdigital-display-automatic-turret-type-vickers-hardness-tester\/#breadcrumb","itemListElement":[{"@type":"ListItem","position":1,"name":"\u9996\u9875","item":"https:\/\/hardnesstests.com\/"},{"@type":"ListItem","position":2,"name":"products","item":"https:\/\/hardnesstests.com\/products\/"},{"@type":"ListItem","position":3,"name":"(HVS-50Z)Digital display automatic turret type Vickers Hardness Tester"}]},{"@type":"WebSite","@id":"https:\/\/hardnesstests.com\/tr\/#website","url":"https:\/\/hardnesstests.com\/tr\/","name":"hardnesstests","description":"","publisher":{"@id":"https:\/\/hardnesstests.com\/tr\/#organization"},"potentialAction":[{"@type":"SearchAction","target":{"@type":"EntryPoint","urlTemplate":"https:\/\/hardnesstests.com\/tr\/?s={search_term_string}"},"query-input":{"@type":"PropertyValueSpecification","valueRequired":true,"valueName":"search_term_string"}}],"inLanguage":"de-CH"},{"@type":"Organization","@id":"https:\/\/hardnesstests.com\/tr\/#organization","name":"hardnesstests","url":"https:\/\/hardnesstests.com\/tr\/","logo":{"@type":"ImageObject","inLanguage":"de-CH","@id":"https:\/\/hardnesstests.com\/tr\/#\/schema\/logo\/image\/","url":"https:\/\/hardnesstests.com\/wp-content\/uploads\/2021\/08\/\u5fae\u4fe1\u56fe\u7247_20251029102004_335_1287.png","contentUrl":"https:\/\/hardnesstests.com\/wp-content\/uploads\/2021\/08\/\u5fae\u4fe1\u56fe\u7247_20251029102004_335_1287.png","width":1308,"height":467,"caption":"hardnesstests"},"image":{"@id":"https:\/\/hardnesstests.com\/tr\/#\/schema\/logo\/image\/"}}]}},"_links":{"self":[{"href":"https:\/\/hardnesstests.com\/de\/wp-json\/wp\/v2\/product\/29966","targetHints":{"allow":["GET"]}}],"collection":[{"href":"https:\/\/hardnesstests.com\/de\/wp-json\/wp\/v2\/product"}],"about":[{"href":"https:\/\/hardnesstests.com\/de\/wp-json\/wp\/v2\/types\/product"}],"replies":[{"embeddable":true,"href":"https:\/\/hardnesstests.com\/de\/wp-json\/wp\/v2\/comments?post=29966"}],"version-history":[{"count":1,"href":"https:\/\/hardnesstests.com\/de\/wp-json\/wp\/v2\/product\/29966\/revisions"}],"predecessor-version":[{"id":29968,"href":"https:\/\/hardnesstests.com\/de\/wp-json\/wp\/v2\/product\/29966\/revisions\/29968"}],"wp:featuredmedia":[{"embeddable":true,"href":"https:\/\/hardnesstests.com\/de\/wp-json\/wp\/v2\/media\/29967"}],"wp:attachment":[{"href":"https:\/\/hardnesstests.com\/de\/wp-json\/wp\/v2\/media?parent=29966"}],"wp:term":[{"taxonomy":"product_brand","embeddable":true,"href":"https:\/\/hardnesstests.com\/de\/wp-json\/wp\/v2\/product_brand?post=29966"},{"taxonomy":"product_cat","embeddable":true,"href":"https:\/\/hardnesstests.com\/de\/wp-json\/wp\/v2\/product_cat?post=29966"},{"taxonomy":"product_tag","embeddable":true,"href":"https:\/\/hardnesstests.com\/de\/wp-json\/wp\/v2\/product_tag?post=29966"}],"curies":[{"name":"wp","href":"https:\/\/api.w.org\/{rel}","templated":true}]}}