{"id":29910,"date":"2025-11-28T02:00:26","date_gmt":"2025-11-28T02:00:26","guid":{"rendered":"https:\/\/hardnesstests.com\/?post_type=product&#038;p=29910"},"modified":"2025-11-28T02:00:26","modified_gmt":"2025-11-28T02:00:26","slug":"hvt-1000touch-screen-micro-hardness-tester","status":"publish","type":"product","link":"https:\/\/hardnesstests.com\/de\/produkt\/hvt-1000touch-screen-micro-hardness-tester\/","title":{"rendered":"(HVT-1000)Mikroh\u00e4rtepr\u00fcfer mit Touchscreen"},"content":{"rendered":"<h1 style=\"font-weight: 400;\"><strong>Wichtigste Funktionen und Merkmale:<\/strong><\/h1>\n<ol>\n<li style=\"font-weight: 400;\">Das von erfahrenen Optikern entwickelte optische System liefert nicht nur klare Bilder, sondern kann auch als einfaches Mikroskop verwendet werden. Die Helligkeit ist einstellbar, die Sicht ist bequem, und es ist nicht leicht zu erm\u00fcden f\u00fcr eine lange Zeit Betrieb.<\/li>\n<li style=\"font-weight: 400;\">Der 7-Zoll-LCD-Touchscreen kann den H\u00e4rtewert, die umgerechnete H\u00e4rte, das Pr\u00fcfverfahren, die Pr\u00fcfkraft, die Helligkeit, die Haltezeit, die Messzeiten, die statistischen Daten, den oberen und unteren Grenzmessbereich, die Pr\u00fcfzeit und andere Pr\u00fcfprozesse intuitiv anzeigen;<\/li>\n<li style=\"font-weight: 400;\">Das System verf\u00fcgt \u00fcber eine Kalibrierungsfunktion, mit der der Eingangsfehler des Kalibrierungsinstruments manuell eingestellt werden kann;<\/li>\n<li style=\"font-weight: 400;\">Einstellbarer Bereich der Helligkeit des optischen Systems: 0-100;<\/li>\n<li style=\"font-weight: 400;\">kann bis zu 100 S\u00e4tze von Testdaten speichern;<\/li>\n<\/ol>\n<ol start=\"6\">\n<li style=\"font-weight: 400;\">Die Einheit der Pr\u00fcfkraft kann manuell ausgew\u00e4hlt und umgerechnet werden. Die Umrechnungseinheit ist: (Kgf, N)<\/li>\n<li style=\"font-weight: 400;\">k\u00f6nnen gleichzeitig angezeigt werden: Maximum, Minimum, Durchschnitt, maximaler Fehler, Stichprobendifferenz;<\/li>\n<\/ol>\n<ol start=\"8\">\n<li style=\"font-weight: 400;\">Auf der Hauptschnittstelle k\u00f6nnen 4 Umrechnungsskalen gleichzeitig angezeigt und umgeschaltet werden: nationale Normen, amerikanische Normen und internationale Normen. Insgesamt k\u00f6nnen 18 Messskalen umgerechnet werden: HRA, HRB, HRC, HRD, HRE, HRF, HRG, HRH, HRK , HR15N, HR30N, HR45N, HR15T, HR30T, HR45T, HV, HK, HBW;<\/li>\n<li style=\"font-weight: 400;\">Der obere und untere Grenzmessbereich kann auf der Hauptmessoberfl\u00e4che eingestellt und angezeigt werden;<\/li>\n<li style=\"font-weight: 400;\">Die Messskala kann in HK-Knoop-H\u00e4rte umgerechnet werden;<\/li>\n<li style=\"font-weight: 400;\">Das Betriebssystem kann zwischen Chinesisch und Englisch umgestellt werden;<\/li>\n<li style=\"font-weight: 400;\">Mit dem optionalen eingebauten Drucker k\u00f6nnen die Pr\u00fcfdaten auch \u00fcber USB zur Analyse auf eine Festplatte exportiert werden;<\/li>\n<\/ol>\n<ol start=\"13\">\n<li style=\"font-weight: 400;\">Die One-Shot-Molding-Struktur der Aluminiumgussschale ist stabil und verformt sich nicht. Die reinwei\u00dfe Autolackierung hat eine hohe Qualit\u00e4t und eine starke Kratzfestigkeit.<\/li>\n<li style=\"font-weight: 400;\">Unser Unternehmen ist in der Lage, unabh\u00e4ngige Forschung und Entwicklung, Konstruktion, Produktion und Verarbeitung durchzuf\u00fchren. Unsere Maschinen bieten Ersatzteilversorgung und Wartung Upgrade-Services f\u00fcr das Leben;<\/li>\n<\/ol>\n<h1 style=\"font-weight: 400;\"><strong>Der Hauptzweck und der Anwendungsbereich:<\/strong><\/h1>\n<ol>\n<li style=\"font-weight: 400;\">Eisen und Stahl, Nichteisenmetalle, Metallfolien, Hartlegierungen, Metallbleche, Mikrostrukturen<\/li>\n<li style=\"font-weight: 400;\">Aufkohlungs-, Nitrier- und Entkohlungsschichten, Oberfl\u00e4chenh\u00e4rtungsschichten, Plattierung, Beschichtungen<\/li>\n<li style=\"font-weight: 400;\">Glas, Wafer<\/li>\n<\/ol>\n<h1 style=\"font-weight: 400;\"><strong>Technische Parameter:<\/strong><\/h1>\n<table style=\"font-weight: 400;\" width=\"573\">\n<tbody>\n<tr>\n<td width=\"213\">Name des Parameters<\/td>\n<td width=\"360\">Parameter-Daten<\/td>\n<\/tr>\n<tr>\n<td width=\"213\">Mikro-H\u00e4rteskala<\/td>\n<td width=\"360\">HV0.01,HV0.025,HV0.05,HV0.1,HV0.2,HV0.3,HV0.5,HV1<\/td>\n<\/tr>\n<tr>\n<td width=\"213\">Anzeige<\/td>\n<td width=\"360\">7-Zoll-LCD-Touchscreen<\/td>\n<\/tr>\n<tr>\n<td width=\"213\">Pr\u00fcfkraft (gf)<\/td>\n<td width=\"360\">10,25,50,100,200,300,500,1000<\/td>\n<\/tr>\n<tr>\n<td width=\"213\">Ladekontrolle<\/td>\n<td width=\"360\">Automatisch (Laden\/Halten\/Deinstallieren)<\/td>\n<\/tr>\n<tr>\n<td width=\"213\">Pr\u00fcfkraft Haltezeit (s)<\/td>\n<td width=\"360\">5 bis 60<\/td>\n<\/tr>\n<tr>\n<td width=\"213\">Auswahl der Pr\u00fcfkraft<\/td>\n<td width=\"360\">Externer Kraftwahlknopf, die Pr\u00fcfkraft wird automatisch auf dem 7-Zoll-LCD-Touch-Display angezeigt<\/td>\n<\/tr>\n<tr>\n<td width=\"213\">Objektive Vergr\u00f6\u00dferung<\/td>\n<td width=\"360\">10\u00d7, 40\u00d7<\/td>\n<\/tr>\n<tr>\n<td width=\"213\">Optischer Kanal<\/td>\n<td width=\"360\">Zwei Lichtkan\u00e4le (Okulare und CCD-Kamerakan\u00e4le)<\/td>\n<\/tr>\n<tr>\n<td width=\"213\">Optisches System<\/td>\n<td width=\"360\">1. Manuelles Mikrometer-Okular;<\/p>\n<p>2. Gesamtvergr\u00f6\u00dferung (\u03bcm): 100 \u00d7 (Beobachtung), 400 \u00d7 (Messung);<\/p>\n<p>3. Messbereich (\u03bcm): 200; 4. Aufl\u00f6sung (\u03bcm): 0.25<\/td>\n<\/tr>\n<tr>\n<td width=\"213\">H\u00e4rtemessbereich<\/td>\n<td width=\"360\">(5-3000) HV<\/td>\n<\/tr>\n<tr>\n<td width=\"213\">XY-Pr\u00fcfstand<\/td>\n<td width=\"360\">Gr\u00f6\u00dfe (mm): 100\u00d7100<br \/>\nVerfahrbereich (mm): 25\u00d725<br \/>\nMindestablesung (mm): 0.01<\/td>\n<\/tr>\n<tr>\n<td width=\"213\">Maximale H\u00f6he des Probek\u00f6rpers (mm)<\/td>\n<td width=\"360\">90<\/td>\n<\/tr>\n<tr>\n<td width=\"213\">Maximale Breite des Musters (mm)<\/td>\n<td width=\"360\">120(Abstand von der Mittellinie des Eindringk\u00f6rpers zur Wand)<\/td>\n<\/tr>\n<tr>\n<td width=\"213\">Spannung<\/td>\n<td width=\"360\">AC220V\/50HZ<\/td>\n<\/tr>\n<tr>\n<td width=\"213\">Gewicht (kg)<\/td>\n<td width=\"360\">35<\/td>\n<\/tr>\n<tr>\n<td width=\"213\">Abmessungen<\/td>\n<td width=\"360\">(400*290*480))mm<\/td>\n<\/tr>\n<\/tbody>\n<\/table>\n<h1 style=\"font-weight: 400;\"><strong>Standardkonfiguration:<\/strong><\/h1>\n<table style=\"font-weight: 400;\" width=\"568\">\n<tbody>\n<tr>\n<td width=\"268\">1. Host ( Mikro-Vickers-Eindringk\u00f6rper x1, 10x Objektiv x1, 40x Objektiv x1)<\/td>\n<td width=\"300\">2. Testplattform, Gewicht, Mikroskop-Zubeh\u00f6rbox;<\/td>\n<\/tr>\n<tr>\n<td width=\"268\">3. Gewichte x6<\/td>\n<td width=\"300\">4. Hantelstange x1<\/td>\n<\/tr>\n<tr>\n<td width=\"268\">5. Kreuztisch x1<\/td>\n<td width=\"300\">6. Blechspanntisch x1<\/td>\n<\/tr>\n<tr>\n<td width=\"268\">7. Flachmaul-Spanntisch x1<\/td>\n<td width=\"300\">8. Filament-Haltetisch x1<\/td>\n<\/tr>\n<tr>\n<td width=\"268\">9. Pegelmesser x1<\/td>\n<td width=\"300\">10. Schraubendreher x2<\/td>\n<\/tr>\n<tr>\n<td width=\"268\">11. Horizontale Einstellschrauben x4<\/td>\n<td width=\"300\">12. Externes Netzkabel x1<\/td>\n<\/tr>\n<tr>\n<td width=\"268\">13.10\u00d7 Digitales Mikrometer Okulare x1<\/td>\n<td width=\"300\">14. Mikro-Vickers-H\u00e4rteblock x2 (HV1, HV0,2 x1 f\u00fcr jeden)<\/td>\n<\/tr>\n<tr>\n<td width=\"268\">15. Sicherungen (1 A) x2<\/td>\n<td width=\"300\">16. Produktzertifizierung x1<\/td>\n<\/tr>\n<tr>\n<td width=\"268\">17. Produkt-Bedienungsanleitung x1<\/td>\n<td width=\"300\">18. Staubschutzh\u00fclle x1<\/td>\n<\/tr>\n<\/tbody>\n<\/table>\n<h1 style=\"font-weight: 400;\"><strong>Anmerkung:<\/strong><\/h1>\n<ol>\n<li style=\"font-weight: 400;\">Das optionale seitliche Hebesystem macht das Hebesystem noch stabiler und genauer.<\/li>\n<li style=\"font-weight: 400;\">Seitlich schwenkbares Hebesystem, optionales Z-Achsen-Jogging-Heben zur Verbesserung der Effizienz.<\/li>\n<li style=\"font-weight: 400;\">Optionaler eingebauter Drucker, Ausdruck der Messdaten mit einem Klick.<\/li>\n<li style=\"font-weight: 400;\">Optionale Computer-Mess-Software, Computer-Betrieb, die Effizienz zu verbessern, zu beseitigen menschliche Fehler, genauere Genauigkeit, k\u00f6nnen Daten Berichte zu erstellen.<\/li>\n<\/ol>","protected":false},"excerpt":{"rendered":"<p style=\"font-weight: 400;\">Diese digitale automatische Revolver Mikroh\u00e4rtepr\u00fcfer ist eine neue Generation von Multi-Funktions-Touchscreen Mikroh\u00e4rtepr\u00fcfer neu von unserem Unternehmen entwickelt. Das H\u00e4rtepr\u00fcfger\u00e4t hat neue Form, gute Zuverl\u00e4ssigkeit, Bedienbarkeit und Wiederholbarkeit. Ideal f\u00fcr H\u00e4rte. Die Maschine nimmt C-Sprache Programmierung, hohe Vergr\u00f6\u00dferung optisches Messsystem und optische Zwei-Kanal-Struktur, und neue Technologien wie Fotoelektrizit\u00e4t und Optokoppler Sensing k\u00f6nnen die grundlegenden Vickers-H\u00e4rtepr\u00fcfung Anforderungen zu erf\u00fcllen, so dass die gemessenen Werte k\u00f6nnen schneller und genauer erhalten und aktualisiert werden. Das anschlie\u00dfende Steuerungssystem verwendet einen 7-Zoll-LCD-Touchscreen, um mehr Messdaten und eine umfassendere und genauere Steuerung zu erm\u00f6glichen.<\/p>\n<p style=\"font-weight: 400;\">(Seitliches Hebesystem ist optional, Standard-Handschraube)<\/p>","protected":false},"featured_media":29911,"comment_status":"open","ping_status":"closed","template":"","meta":[],"product_brand":[],"product_cat":[70,91],"product_tag":[101],"class_list":{"0":"post-29910","1":"product","2":"type-product","3":"status-publish","4":"has-post-thumbnail","6":"product_cat-hardness-tester","7":"product_cat-micro-vickers-hardness-tester","8":"product_tag-micro-vickers-hardness-tester","10":"first","11":"instock","12":"shipping-taxable","13":"product-type-simple"},"yoast_head":"<!-- This site is optimized with the Yoast SEO Premium plugin v25.4 (Yoast SEO v27.4) - https:\/\/yoast.com\/product\/yoast-seo-premium-wordpress\/ -->\n<title>(HVT-1000)Touch Screen Micro Hardness Tester - hardnesstests<\/title>\n<meta name=\"robots\" content=\"index, follow, max-snippet:-1, max-image-preview:large, max-video-preview:-1\" \/>\n<link rel=\"canonical\" href=\"https:\/\/hardnesstests.com\/de\/produkt\/hvt-1000touch-screen-micro-hardness-tester\/\" \/>\n<meta property=\"og:locale\" content=\"de_DE\" \/>\n<meta property=\"og:type\" content=\"article\" \/>\n<meta property=\"og:title\" content=\"(HVT-1000)Touch Screen Micro Hardness Tester\" \/>\n<meta property=\"og:description\" content=\"This digital automatic turret micro hardness tester is a new generation of multi-function touch screen micro hardness tester newly developed by our company. The hardness tester has novel shape, good reliability, operability and repeatability. Ideal for hardness. The machine adopts C language programming, high magnification optical measurement system and optical dual-channel structure, and new technologies such as photoelectricity and photocoupler sensing can meet the basic Vickers hardness test requirements, so that the measured values can be more quickly and accurately obtained and upgraded. The subsequent control operating system uses a 7-inch LCD touch screen to provide more measurement data and more comprehensive and accurate control (Side-lifting system is optional, standard hand-screw)\" \/>\n<meta property=\"og:url\" content=\"https:\/\/hardnesstests.com\/de\/produkt\/hvt-1000touch-screen-micro-hardness-tester\/\" \/>\n<meta property=\"og:site_name\" content=\"hardnesstests\" \/>\n<meta property=\"og:image\" content=\"https:\/\/hardnesstests.com\/wp-content\/uploads\/2025\/11\/HVT-1000-\u89e6\u6478\u5c4f\u663e\u5fae\u7ef4\u6c0f\u786c\u5ea6\u8ba1.jpg\" \/>\n\t<meta property=\"og:image:width\" content=\"800\" \/>\n\t<meta property=\"og:image:height\" content=\"800\" \/>\n\t<meta property=\"og:image:type\" content=\"image\/jpeg\" \/>\n<meta name=\"twitter:card\" content=\"summary_large_image\" \/>\n<meta name=\"twitter:label1\" content=\"Gesch\u00e4tzte Lesezeit\" \/>\n\t<meta name=\"twitter:data1\" content=\"3\u00a0Minuten\" \/>\n<script type=\"application\/ld+json\" class=\"yoast-schema-graph\">{\"@context\":\"https:\\\/\\\/schema.org\",\"@graph\":[{\"@type\":\"WebPage\",\"@id\":\"https:\\\/\\\/hardnesstests.com\\\/product\\\/hvt-1000touch-screen-micro-hardness-tester\\\/\",\"url\":\"https:\\\/\\\/hardnesstests.com\\\/product\\\/hvt-1000touch-screen-micro-hardness-tester\\\/\",\"name\":\"(HVT-1000)Touch Screen Micro Hardness Tester - hardnesstests\",\"isPartOf\":{\"@id\":\"https:\\\/\\\/hardnesstests.com\\\/tr\\\/#website\"},\"primaryImageOfPage\":{\"@id\":\"https:\\\/\\\/hardnesstests.com\\\/product\\\/hvt-1000touch-screen-micro-hardness-tester\\\/#primaryimage\"},\"image\":{\"@id\":\"https:\\\/\\\/hardnesstests.com\\\/product\\\/hvt-1000touch-screen-micro-hardness-tester\\\/#primaryimage\"},\"thumbnailUrl\":\"https:\\\/\\\/hardnesstests.com\\\/wp-content\\\/uploads\\\/2025\\\/11\\\/HVT-1000-\u89e6\u6478\u5c4f\u663e\u5fae\u7ef4\u6c0f\u786c\u5ea6\u8ba1.jpg\",\"datePublished\":\"2025-11-28T02:00:26+00:00\",\"breadcrumb\":{\"@id\":\"https:\\\/\\\/hardnesstests.com\\\/product\\\/hvt-1000touch-screen-micro-hardness-tester\\\/#breadcrumb\"},\"inLanguage\":\"de-CH\",\"potentialAction\":[{\"@type\":\"ReadAction\",\"target\":[\"https:\\\/\\\/hardnesstests.com\\\/product\\\/hvt-1000touch-screen-micro-hardness-tester\\\/\"]}]},{\"@type\":\"ImageObject\",\"inLanguage\":\"de-CH\",\"@id\":\"https:\\\/\\\/hardnesstests.com\\\/product\\\/hvt-1000touch-screen-micro-hardness-tester\\\/#primaryimage\",\"url\":\"https:\\\/\\\/hardnesstests.com\\\/wp-content\\\/uploads\\\/2025\\\/11\\\/HVT-1000-\u89e6\u6478\u5c4f\u663e\u5fae\u7ef4\u6c0f\u786c\u5ea6\u8ba1.jpg\",\"contentUrl\":\"https:\\\/\\\/hardnesstests.com\\\/wp-content\\\/uploads\\\/2025\\\/11\\\/HVT-1000-\u89e6\u6478\u5c4f\u663e\u5fae\u7ef4\u6c0f\u786c\u5ea6\u8ba1.jpg\",\"width\":800,\"height\":800,\"caption\":\"(HVT-1000)Touch Screen Micro Hardness Tester\"},{\"@type\":\"BreadcrumbList\",\"@id\":\"https:\\\/\\\/hardnesstests.com\\\/product\\\/hvt-1000touch-screen-micro-hardness-tester\\\/#breadcrumb\",\"itemListElement\":[{\"@type\":\"ListItem\",\"position\":1,\"name\":\"\u9996\u9875\",\"item\":\"https:\\\/\\\/hardnesstests.com\\\/\"},{\"@type\":\"ListItem\",\"position\":2,\"name\":\"products\",\"item\":\"https:\\\/\\\/hardnesstests.com\\\/products\\\/\"},{\"@type\":\"ListItem\",\"position\":3,\"name\":\"(HVT-1000)Touch Screen Micro Hardness Tester\"}]},{\"@type\":\"WebSite\",\"@id\":\"https:\\\/\\\/hardnesstests.com\\\/tr\\\/#website\",\"url\":\"https:\\\/\\\/hardnesstests.com\\\/tr\\\/\",\"name\":\"hardnesstests\",\"description\":\"\",\"publisher\":{\"@id\":\"https:\\\/\\\/hardnesstests.com\\\/tr\\\/#organization\"},\"potentialAction\":[{\"@type\":\"SearchAction\",\"target\":{\"@type\":\"EntryPoint\",\"urlTemplate\":\"https:\\\/\\\/hardnesstests.com\\\/tr\\\/?s={search_term_string}\"},\"query-input\":{\"@type\":\"PropertyValueSpecification\",\"valueRequired\":true,\"valueName\":\"search_term_string\"}}],\"inLanguage\":\"de-CH\"},{\"@type\":\"Organization\",\"@id\":\"https:\\\/\\\/hardnesstests.com\\\/tr\\\/#organization\",\"name\":\"hardnesstests\",\"url\":\"https:\\\/\\\/hardnesstests.com\\\/tr\\\/\",\"logo\":{\"@type\":\"ImageObject\",\"inLanguage\":\"de-CH\",\"@id\":\"https:\\\/\\\/hardnesstests.com\\\/tr\\\/#\\\/schema\\\/logo\\\/image\\\/\",\"url\":\"https:\\\/\\\/hardnesstests.com\\\/wp-content\\\/uploads\\\/2021\\\/08\\\/\u5fae\u4fe1\u56fe\u7247_20251029102004_335_1287.png\",\"contentUrl\":\"https:\\\/\\\/hardnesstests.com\\\/wp-content\\\/uploads\\\/2021\\\/08\\\/\u5fae\u4fe1\u56fe\u7247_20251029102004_335_1287.png\",\"width\":1308,\"height\":467,\"caption\":\"hardnesstests\"},\"image\":{\"@id\":\"https:\\\/\\\/hardnesstests.com\\\/tr\\\/#\\\/schema\\\/logo\\\/image\\\/\"}}]}<\/script>\n<!-- \/ Yoast SEO Premium plugin. -->","yoast_head_json":{"title":"(HVT-1000)Touch Screen Micro Hardness Tester - hardnesstests","robots":{"index":"index","follow":"follow","max-snippet":"max-snippet:-1","max-image-preview":"max-image-preview:large","max-video-preview":"max-video-preview:-1"},"canonical":"https:\/\/hardnesstests.com\/de\/produkt\/hvt-1000touch-screen-micro-hardness-tester\/","og_locale":"de_DE","og_type":"article","og_title":"(HVT-1000)Touch Screen Micro Hardness Tester","og_description":"This digital automatic turret micro hardness tester is a new generation of multi-function touch screen micro hardness tester newly developed by our company. The hardness tester has novel shape, good reliability, operability and repeatability. Ideal for hardness. The machine adopts C language programming, high magnification optical measurement system and optical dual-channel structure, and new technologies such as photoelectricity and photocoupler sensing can meet the basic Vickers hardness test requirements, so that the measured values can be more quickly and accurately obtained and upgraded. The subsequent control operating system uses a 7-inch LCD touch screen to provide more measurement data and more comprehensive and accurate control (Side-lifting system is optional, standard hand-screw)","og_url":"https:\/\/hardnesstests.com\/de\/produkt\/hvt-1000touch-screen-micro-hardness-tester\/","og_site_name":"hardnesstests","og_image":[{"width":800,"height":800,"url":"https:\/\/hardnesstests.com\/wp-content\/uploads\/2025\/11\/HVT-1000-\u89e6\u6478\u5c4f\u663e\u5fae\u7ef4\u6c0f\u786c\u5ea6\u8ba1.jpg","type":"image\/jpeg"}],"twitter_card":"summary_large_image","twitter_misc":{"Gesch\u00e4tzte Lesezeit":"3\u00a0Minuten"},"schema":{"@context":"https:\/\/schema.org","@graph":[{"@type":"WebPage","@id":"https:\/\/hardnesstests.com\/product\/hvt-1000touch-screen-micro-hardness-tester\/","url":"https:\/\/hardnesstests.com\/product\/hvt-1000touch-screen-micro-hardness-tester\/","name":"(HVT-1000)Touch Screen Micro Hardness Tester - hardnesstests","isPartOf":{"@id":"https:\/\/hardnesstests.com\/tr\/#website"},"primaryImageOfPage":{"@id":"https:\/\/hardnesstests.com\/product\/hvt-1000touch-screen-micro-hardness-tester\/#primaryimage"},"image":{"@id":"https:\/\/hardnesstests.com\/product\/hvt-1000touch-screen-micro-hardness-tester\/#primaryimage"},"thumbnailUrl":"https:\/\/hardnesstests.com\/wp-content\/uploads\/2025\/11\/HVT-1000-\u89e6\u6478\u5c4f\u663e\u5fae\u7ef4\u6c0f\u786c\u5ea6\u8ba1.jpg","datePublished":"2025-11-28T02:00:26+00:00","breadcrumb":{"@id":"https:\/\/hardnesstests.com\/product\/hvt-1000touch-screen-micro-hardness-tester\/#breadcrumb"},"inLanguage":"de-CH","potentialAction":[{"@type":"ReadAction","target":["https:\/\/hardnesstests.com\/product\/hvt-1000touch-screen-micro-hardness-tester\/"]}]},{"@type":"ImageObject","inLanguage":"de-CH","@id":"https:\/\/hardnesstests.com\/product\/hvt-1000touch-screen-micro-hardness-tester\/#primaryimage","url":"https:\/\/hardnesstests.com\/wp-content\/uploads\/2025\/11\/HVT-1000-\u89e6\u6478\u5c4f\u663e\u5fae\u7ef4\u6c0f\u786c\u5ea6\u8ba1.jpg","contentUrl":"https:\/\/hardnesstests.com\/wp-content\/uploads\/2025\/11\/HVT-1000-\u89e6\u6478\u5c4f\u663e\u5fae\u7ef4\u6c0f\u786c\u5ea6\u8ba1.jpg","width":800,"height":800,"caption":"(HVT-1000)Touch Screen Micro Hardness Tester"},{"@type":"BreadcrumbList","@id":"https:\/\/hardnesstests.com\/product\/hvt-1000touch-screen-micro-hardness-tester\/#breadcrumb","itemListElement":[{"@type":"ListItem","position":1,"name":"\u9996\u9875","item":"https:\/\/hardnesstests.com\/"},{"@type":"ListItem","position":2,"name":"products","item":"https:\/\/hardnesstests.com\/products\/"},{"@type":"ListItem","position":3,"name":"(HVT-1000)Touch Screen Micro Hardness Tester"}]},{"@type":"WebSite","@id":"https:\/\/hardnesstests.com\/tr\/#website","url":"https:\/\/hardnesstests.com\/tr\/","name":"hardnesstests","description":"","publisher":{"@id":"https:\/\/hardnesstests.com\/tr\/#organization"},"potentialAction":[{"@type":"SearchAction","target":{"@type":"EntryPoint","urlTemplate":"https:\/\/hardnesstests.com\/tr\/?s={search_term_string}"},"query-input":{"@type":"PropertyValueSpecification","valueRequired":true,"valueName":"search_term_string"}}],"inLanguage":"de-CH"},{"@type":"Organization","@id":"https:\/\/hardnesstests.com\/tr\/#organization","name":"hardnesstests","url":"https:\/\/hardnesstests.com\/tr\/","logo":{"@type":"ImageObject","inLanguage":"de-CH","@id":"https:\/\/hardnesstests.com\/tr\/#\/schema\/logo\/image\/","url":"https:\/\/hardnesstests.com\/wp-content\/uploads\/2021\/08\/\u5fae\u4fe1\u56fe\u7247_20251029102004_335_1287.png","contentUrl":"https:\/\/hardnesstests.com\/wp-content\/uploads\/2021\/08\/\u5fae\u4fe1\u56fe\u7247_20251029102004_335_1287.png","width":1308,"height":467,"caption":"hardnesstests"},"image":{"@id":"https:\/\/hardnesstests.com\/tr\/#\/schema\/logo\/image\/"}}]}},"_links":{"self":[{"href":"https:\/\/hardnesstests.com\/de\/wp-json\/wp\/v2\/product\/29910","targetHints":{"allow":["GET"]}}],"collection":[{"href":"https:\/\/hardnesstests.com\/de\/wp-json\/wp\/v2\/product"}],"about":[{"href":"https:\/\/hardnesstests.com\/de\/wp-json\/wp\/v2\/types\/product"}],"replies":[{"embeddable":true,"href":"https:\/\/hardnesstests.com\/de\/wp-json\/wp\/v2\/comments?post=29910"}],"version-history":[{"count":1,"href":"https:\/\/hardnesstests.com\/de\/wp-json\/wp\/v2\/product\/29910\/revisions"}],"predecessor-version":[{"id":29912,"href":"https:\/\/hardnesstests.com\/de\/wp-json\/wp\/v2\/product\/29910\/revisions\/29912"}],"wp:featuredmedia":[{"embeddable":true,"href":"https:\/\/hardnesstests.com\/de\/wp-json\/wp\/v2\/media\/29911"}],"wp:attachment":[{"href":"https:\/\/hardnesstests.com\/de\/wp-json\/wp\/v2\/media?parent=29910"}],"wp:term":[{"taxonomy":"product_brand","embeddable":true,"href":"https:\/\/hardnesstests.com\/de\/wp-json\/wp\/v2\/product_brand?post=29910"},{"taxonomy":"product_cat","embeddable":true,"href":"https:\/\/hardnesstests.com\/de\/wp-json\/wp\/v2\/product_cat?post=29910"},{"taxonomy":"product_tag","embeddable":true,"href":"https:\/\/hardnesstests.com\/de\/wp-json\/wp\/v2\/product_tag?post=29910"}],"curies":[{"name":"wp","href":"https:\/\/api.w.org\/{rel}","templated":true}]}}