{"id":29882,"date":"2025-11-28T01:36:14","date_gmt":"2025-11-28T01:36:14","guid":{"rendered":"https:\/\/hardnesstests.com\/?post_type=product&#038;p=29882"},"modified":"2025-11-28T01:36:14","modified_gmt":"2025-11-28T01:36:14","slug":"hvs-1000-small-screen-digital-display-micro-hardness-tester","status":"publish","type":"product","link":"https:\/\/hardnesstests.com\/de\/produkt\/hvs-1000-small-screen-digital-display-micro-hardness-tester\/","title":{"rendered":"(HVS-1000 kleiner Bildschirm) Mikroh\u00e4rtepr\u00fcfger\u00e4t mit digitaler Anzeige"},"content":{"rendered":"<h1 style=\"font-weight: 400;\"><strong>Wichtigste Funktionen und Merkmale:<\/strong><\/h1>\n<ol>\n<li>The optical system designed by senior optical engineers not only has clear images, but also can be used as a simple microscope. The brightness is adjustable, and it is visually comfortable. Long-time operation is not easy to fatigue operators.<\/li>\n<li>Industrial display LCD large-screen display can display test method, test force, measuring indentation length, hardness value, converted hardness value, test force holding time, number of measurements and can be typed into year, month, date, test results and data processing, etc.<\/li>\n<li>Cast aluminum shell molding, with stable structure and is not easy to be deformed, pure white car paint high grade, anti-scratch ability, using for many years is still bright as new;<\/li>\n<li>Our company has the ability of self-developing, designing, producing and processing. The machine provides parts replacement and maintenance upgrade service for life;<\/li>\n<li>HVS-1000 models can be directly measured by the actual measurement of the length to obtain the hardness value.<\/li>\n<\/ol>\n<h1 style=\"font-weight: 400;\"><strong>Der Hauptzweck und der Anwendungsbereich:<\/strong><\/h1>\n<ol>\n<li>Eisen und Stahl, Nichteisenmetalle, Metallfolien, Hartlegierungen, Metallbleche, Mikrostrukturen<\/li>\n<li>Aufkohlungs-, Nitrier- und Entkohlungsschichten, Oberfl\u00e4chenh\u00e4rtungsschichten, Plattierung, Beschichtungen<\/li>\n<li>Glass, wafers, ceramic materials<\/li>\n<\/ol>\n<h1 style=\"font-weight: 400;\"><strong>Technische Parameter:<\/strong><\/h1>\n<table style=\"font-weight: 400;\" width=\"568\">\n<tbody>\n<tr>\n<td width=\"213\">Name des Parameters<\/td>\n<td width=\"355\">Parameter-Daten<\/td>\n<\/tr>\n<tr>\n<td width=\"213\">Mikro-H\u00e4rteskala<\/td>\n<td width=\"355\">HV0.01,HV0.025,HV0.05,HV0.1,HV0.2,HV0.3,HV0.5,HV1<\/td>\n<\/tr>\n<tr>\n<td width=\"213\">Anzeige<\/td>\n<td width=\"355\">Holding time (seconds), hardness value<\/td>\n<\/tr>\n<tr>\n<td width=\"213\">Pr\u00fcfkraft (gf)<\/td>\n<td width=\"355\">10,25,50,100,200,300,500,1000<\/td>\n<\/tr>\n<tr>\n<td width=\"213\">Ladekontrolle<\/td>\n<td width=\"355\">Automatisch (Laden\/Halten\/Deinstallieren)<\/td>\n<\/tr>\n<tr>\n<td width=\"213\">Pr\u00fcfkraft Haltezeit (s)<\/td>\n<td width=\"355\">5 ~ 60<\/td>\n<\/tr>\n<tr>\n<td width=\"213\">Auswahl der Pr\u00fcfkraft<\/td>\n<td width=\"355\">External selector knob, test force is automatically displayed on the LCD screen<\/td>\n<\/tr>\n<tr>\n<td width=\"213\">Objektive Vergr\u00f6\u00dferung<\/td>\n<td width=\"355\">10\u00d7, 40\u00d7<\/td>\n<\/tr>\n<tr>\n<td width=\"213\">Optischer Kanal<\/td>\n<td width=\"355\">Zwei Lichtkan\u00e4le (Okulare und CCD-Kamerakan\u00e4le)<\/td>\n<\/tr>\n<tr>\n<td width=\"213\">Optisches System<\/td>\n<td width=\"355\">1.Automatic digital encoder;<br \/>\n2.The total magnification (\u03bcm): 100 \u00d7 (observation), 400 \u00d7 (measurement);<br \/>\n3.Measuring range (\u03bcm): 200;<br \/>\n4.Resolution (\u03bcm): 0.01<\/td>\n<\/tr>\n<tr>\n<td width=\"213\">H\u00e4rtemessbereich<\/td>\n<td width=\"355\">(5-3000) HV<\/td>\n<\/tr>\n<tr>\n<td width=\"213\">XY-Pr\u00fcfstand<\/td>\n<td width=\"355\">Gr\u00f6\u00dfe (mm): 100\u00d7100<br \/>\nVerfahrbereich (mm): 25\u00d725<br \/>\nMindestablesung (mm): 0.01<\/td>\n<\/tr>\n<tr>\n<td width=\"213\">Maximale H\u00f6he des Probek\u00f6rpers (mm)<\/td>\n<td width=\"355\">110<\/td>\n<\/tr>\n<tr>\n<td width=\"213\">Maximale Breite des Musters (mm)<\/td>\n<td width=\"355\">85 (distance from the center line of the indenter to the wall)<\/td>\n<\/tr>\n<tr>\n<td width=\"213\">Datenausgabe<\/td>\n<td width=\"355\">Reserve built-in mini printer interface (RS232 serial interface), optional installation<\/td>\n<\/tr>\n<tr>\n<td width=\"213\">Spannung<\/td>\n<td width=\"355\">AC220V\/50HZ<\/td>\n<\/tr>\n<tr>\n<td width=\"213\">Gewicht (kg)<\/td>\n<td width=\"355\">35<\/td>\n<\/tr>\n<tr>\n<td width=\"213\">Abmessungen<\/td>\n<td width=\"355\">(540\u00d7200\u00d7530)mm<\/td>\n<\/tr>\n<\/tbody>\n<\/table>\n<h1 style=\"font-weight: 400;\"><strong>Standardkonfiguration:<\/strong><\/h1>\n<table style=\"font-weight: 400;\" width=\"568\">\n<tbody>\n<tr>\n<td width=\"268\">1.Host ( Micro Vickers indenter\u00a0x1, 10x objective x1, 40x objective x1)<\/td>\n<td width=\"300\">2.Test platform, weight, microscope accessory box;<\/td>\n<\/tr>\n<tr>\n<td width=\"268\">3.Weights x6<\/td>\n<td width=\"300\">4.Weight bar x1<\/td>\n<\/tr>\n<tr>\n<td width=\"268\">5.Cross table x1<\/td>\n<td width=\"300\">6.Sheet clamping table x1<\/td>\n<\/tr>\n<tr>\n<td width=\"268\">7.Flat mouth clamping table x1<\/td>\n<td width=\"300\">8.Filament holding table x1<\/td>\n<\/tr>\n<tr>\n<td width=\"268\">9.Level meter x1<\/td>\n<td width=\"300\">10.Screwdriver x2<\/td>\n<\/tr>\n<tr>\n<td width=\"268\">11.Horizontal adjustment screws x4<\/td>\n<td width=\"300\">12.External power cord x1<\/td>\n<\/tr>\n<tr>\n<td width=\"268\">13.10\u00d7 Digitales Mikrometer Okulare x1<\/td>\n<td width=\"300\">14.Micro Vickers hardness block x2 (HV1, HV0.2\u00a0x1 for each )<\/td>\n<\/tr>\n<tr>\n<td width=\"268\">15.Fuses (1 A) x2<\/td>\n<td width=\"300\">16.Product certification x1<\/td>\n<\/tr>\n<tr>\n<td width=\"268\">17.Product Instruction Manual x1<\/td>\n<td width=\"300\">18.Dust cover x1<\/td>\n<\/tr>\n<\/tbody>\n<\/table>\n<h1 style=\"font-weight: 400;\"><strong>Anmerkung:<\/strong><\/h1>\n<ol>\n<li style=\"font-weight: 400;\">Das optionale seitliche Hebesystem macht das Hebesystem noch stabiler und genauer.<\/li>\n<li style=\"font-weight: 400;\">Optional built-in printer, measurement data, a key print, can also upload the computer.<\/li>\n<li style=\"font-weight: 400;\">Optional hardness meter measurement software can eliminate manual error, computer operation, improve efficiency and accuracy.<\/li>\n<\/ol>","protected":false},"excerpt":{"rendered":"<p>The digital micro hardness tester can meet the basic Vickers hardness test requirements. The upgraded digital micrometer can directly read the measurement length, so that the measured value can be obtained more quickly and accurately.<\/p>","protected":false},"featured_media":29883,"comment_status":"open","ping_status":"closed","template":"","meta":[],"product_brand":[],"product_cat":[70,91],"product_tag":[101],"class_list":{"0":"post-29882","1":"product","2":"type-product","3":"status-publish","4":"has-post-thumbnail","6":"product_cat-hardness-tester","7":"product_cat-micro-vickers-hardness-tester","8":"product_tag-micro-vickers-hardness-tester","10":"first","11":"instock","12":"shipping-taxable","13":"product-type-simple"},"yoast_head":"<!-- This site is optimized with the Yoast SEO Premium plugin v25.4 (Yoast SEO v27.4) - https:\/\/yoast.com\/product\/yoast-seo-premium-wordpress\/ -->\n<title>(HVS-1000 small screen) Digital display micro hardness tester - hardnesstests<\/title>\n<meta name=\"robots\" content=\"index, follow, max-snippet:-1, max-image-preview:large, max-video-preview:-1\" \/>\n<link rel=\"canonical\" href=\"https:\/\/hardnesstests.com\/de\/produkt\/hvs-1000-small-screen-digital-display-micro-hardness-tester\/\" \/>\n<meta property=\"og:locale\" content=\"de_DE\" \/>\n<meta property=\"og:type\" content=\"article\" \/>\n<meta property=\"og:title\" content=\"(HVS-1000 small screen) Digital display micro hardness tester\" \/>\n<meta property=\"og:description\" content=\"The digital micro hardness tester can meet the basic Vickers hardness test requirements. The upgraded digital micrometer can directly read the measurement length, so that the measured value can be obtained more quickly and accurately.\" \/>\n<meta property=\"og:url\" content=\"https:\/\/hardnesstests.com\/de\/produkt\/hvs-1000-small-screen-digital-display-micro-hardness-tester\/\" \/>\n<meta property=\"og:site_name\" content=\"hardnesstests\" \/>\n<meta property=\"og:image\" content=\"https:\/\/hardnesstests.com\/wp-content\/uploads\/2025\/11\/HVS-1000-\u6570\u663e\u663e\u5fae\u786c\u5ea6\u8ba1\uff08\u5c0f\u5c4f\uff09.jpg\" \/>\n\t<meta property=\"og:image:width\" content=\"800\" \/>\n\t<meta property=\"og:image:height\" content=\"800\" \/>\n\t<meta property=\"og:image:type\" content=\"image\/jpeg\" \/>\n<meta name=\"twitter:card\" content=\"summary_large_image\" \/>\n<meta name=\"twitter:label1\" content=\"Gesch\u00e4tzte Lesezeit\" \/>\n\t<meta name=\"twitter:data1\" content=\"2\u00a0Minuten\" \/>\n<script type=\"application\/ld+json\" class=\"yoast-schema-graph\">{\"@context\":\"https:\\\/\\\/schema.org\",\"@graph\":[{\"@type\":\"WebPage\",\"@id\":\"https:\\\/\\\/hardnesstests.com\\\/product\\\/hvs-1000-small-screen-digital-display-micro-hardness-tester\\\/\",\"url\":\"https:\\\/\\\/hardnesstests.com\\\/product\\\/hvs-1000-small-screen-digital-display-micro-hardness-tester\\\/\",\"name\":\"(HVS-1000 small screen) Digital display micro hardness tester - hardnesstests\",\"isPartOf\":{\"@id\":\"https:\\\/\\\/hardnesstests.com\\\/tr\\\/#website\"},\"primaryImageOfPage\":{\"@id\":\"https:\\\/\\\/hardnesstests.com\\\/product\\\/hvs-1000-small-screen-digital-display-micro-hardness-tester\\\/#primaryimage\"},\"image\":{\"@id\":\"https:\\\/\\\/hardnesstests.com\\\/product\\\/hvs-1000-small-screen-digital-display-micro-hardness-tester\\\/#primaryimage\"},\"thumbnailUrl\":\"https:\\\/\\\/hardnesstests.com\\\/wp-content\\\/uploads\\\/2025\\\/11\\\/HVS-1000-\u6570\u663e\u663e\u5fae\u786c\u5ea6\u8ba1\uff08\u5c0f\u5c4f\uff09.jpg\",\"datePublished\":\"2025-11-28T01:36:14+00:00\",\"breadcrumb\":{\"@id\":\"https:\\\/\\\/hardnesstests.com\\\/product\\\/hvs-1000-small-screen-digital-display-micro-hardness-tester\\\/#breadcrumb\"},\"inLanguage\":\"de-CH\",\"potentialAction\":[{\"@type\":\"ReadAction\",\"target\":[\"https:\\\/\\\/hardnesstests.com\\\/product\\\/hvs-1000-small-screen-digital-display-micro-hardness-tester\\\/\"]}]},{\"@type\":\"ImageObject\",\"inLanguage\":\"de-CH\",\"@id\":\"https:\\\/\\\/hardnesstests.com\\\/product\\\/hvs-1000-small-screen-digital-display-micro-hardness-tester\\\/#primaryimage\",\"url\":\"https:\\\/\\\/hardnesstests.com\\\/wp-content\\\/uploads\\\/2025\\\/11\\\/HVS-1000-\u6570\u663e\u663e\u5fae\u786c\u5ea6\u8ba1\uff08\u5c0f\u5c4f\uff09.jpg\",\"contentUrl\":\"https:\\\/\\\/hardnesstests.com\\\/wp-content\\\/uploads\\\/2025\\\/11\\\/HVS-1000-\u6570\u663e\u663e\u5fae\u786c\u5ea6\u8ba1\uff08\u5c0f\u5c4f\uff09.jpg\",\"width\":800,\"height\":800,\"caption\":\"(HVS-1000 small screen) Digital display micro hardness tester\"},{\"@type\":\"BreadcrumbList\",\"@id\":\"https:\\\/\\\/hardnesstests.com\\\/product\\\/hvs-1000-small-screen-digital-display-micro-hardness-tester\\\/#breadcrumb\",\"itemListElement\":[{\"@type\":\"ListItem\",\"position\":1,\"name\":\"\u9996\u9875\",\"item\":\"https:\\\/\\\/hardnesstests.com\\\/\"},{\"@type\":\"ListItem\",\"position\":2,\"name\":\"products\",\"item\":\"https:\\\/\\\/hardnesstests.com\\\/products\\\/\"},{\"@type\":\"ListItem\",\"position\":3,\"name\":\"(HVS-1000 small screen) Digital display micro hardness tester\"}]},{\"@type\":\"WebSite\",\"@id\":\"https:\\\/\\\/hardnesstests.com\\\/tr\\\/#website\",\"url\":\"https:\\\/\\\/hardnesstests.com\\\/tr\\\/\",\"name\":\"hardnesstests\",\"description\":\"\",\"publisher\":{\"@id\":\"https:\\\/\\\/hardnesstests.com\\\/tr\\\/#organization\"},\"potentialAction\":[{\"@type\":\"SearchAction\",\"target\":{\"@type\":\"EntryPoint\",\"urlTemplate\":\"https:\\\/\\\/hardnesstests.com\\\/tr\\\/?s={search_term_string}\"},\"query-input\":{\"@type\":\"PropertyValueSpecification\",\"valueRequired\":true,\"valueName\":\"search_term_string\"}}],\"inLanguage\":\"de-CH\"},{\"@type\":\"Organization\",\"@id\":\"https:\\\/\\\/hardnesstests.com\\\/tr\\\/#organization\",\"name\":\"hardnesstests\",\"url\":\"https:\\\/\\\/hardnesstests.com\\\/tr\\\/\",\"logo\":{\"@type\":\"ImageObject\",\"inLanguage\":\"de-CH\",\"@id\":\"https:\\\/\\\/hardnesstests.com\\\/tr\\\/#\\\/schema\\\/logo\\\/image\\\/\",\"url\":\"https:\\\/\\\/hardnesstests.com\\\/wp-content\\\/uploads\\\/2021\\\/08\\\/\u5fae\u4fe1\u56fe\u7247_20251029102004_335_1287.png\",\"contentUrl\":\"https:\\\/\\\/hardnesstests.com\\\/wp-content\\\/uploads\\\/2021\\\/08\\\/\u5fae\u4fe1\u56fe\u7247_20251029102004_335_1287.png\",\"width\":1308,\"height\":467,\"caption\":\"hardnesstests\"},\"image\":{\"@id\":\"https:\\\/\\\/hardnesstests.com\\\/tr\\\/#\\\/schema\\\/logo\\\/image\\\/\"}}]}<\/script>\n<!-- \/ Yoast SEO Premium plugin. -->","yoast_head_json":{"title":"(HVS-1000 small screen) Digital display micro hardness tester - hardnesstests","robots":{"index":"index","follow":"follow","max-snippet":"max-snippet:-1","max-image-preview":"max-image-preview:large","max-video-preview":"max-video-preview:-1"},"canonical":"https:\/\/hardnesstests.com\/de\/produkt\/hvs-1000-small-screen-digital-display-micro-hardness-tester\/","og_locale":"de_DE","og_type":"article","og_title":"(HVS-1000 small screen) Digital display micro hardness tester","og_description":"The digital micro hardness tester can meet the basic Vickers hardness test requirements. The upgraded digital micrometer can directly read the measurement length, so that the measured value can be obtained more quickly and accurately.","og_url":"https:\/\/hardnesstests.com\/de\/produkt\/hvs-1000-small-screen-digital-display-micro-hardness-tester\/","og_site_name":"hardnesstests","og_image":[{"width":800,"height":800,"url":"https:\/\/hardnesstests.com\/wp-content\/uploads\/2025\/11\/HVS-1000-\u6570\u663e\u663e\u5fae\u786c\u5ea6\u8ba1\uff08\u5c0f\u5c4f\uff09.jpg","type":"image\/jpeg"}],"twitter_card":"summary_large_image","twitter_misc":{"Gesch\u00e4tzte Lesezeit":"2\u00a0Minuten"},"schema":{"@context":"https:\/\/schema.org","@graph":[{"@type":"WebPage","@id":"https:\/\/hardnesstests.com\/product\/hvs-1000-small-screen-digital-display-micro-hardness-tester\/","url":"https:\/\/hardnesstests.com\/product\/hvs-1000-small-screen-digital-display-micro-hardness-tester\/","name":"(HVS-1000 small screen) Digital display micro hardness tester - hardnesstests","isPartOf":{"@id":"https:\/\/hardnesstests.com\/tr\/#website"},"primaryImageOfPage":{"@id":"https:\/\/hardnesstests.com\/product\/hvs-1000-small-screen-digital-display-micro-hardness-tester\/#primaryimage"},"image":{"@id":"https:\/\/hardnesstests.com\/product\/hvs-1000-small-screen-digital-display-micro-hardness-tester\/#primaryimage"},"thumbnailUrl":"https:\/\/hardnesstests.com\/wp-content\/uploads\/2025\/11\/HVS-1000-\u6570\u663e\u663e\u5fae\u786c\u5ea6\u8ba1\uff08\u5c0f\u5c4f\uff09.jpg","datePublished":"2025-11-28T01:36:14+00:00","breadcrumb":{"@id":"https:\/\/hardnesstests.com\/product\/hvs-1000-small-screen-digital-display-micro-hardness-tester\/#breadcrumb"},"inLanguage":"de-CH","potentialAction":[{"@type":"ReadAction","target":["https:\/\/hardnesstests.com\/product\/hvs-1000-small-screen-digital-display-micro-hardness-tester\/"]}]},{"@type":"ImageObject","inLanguage":"de-CH","@id":"https:\/\/hardnesstests.com\/product\/hvs-1000-small-screen-digital-display-micro-hardness-tester\/#primaryimage","url":"https:\/\/hardnesstests.com\/wp-content\/uploads\/2025\/11\/HVS-1000-\u6570\u663e\u663e\u5fae\u786c\u5ea6\u8ba1\uff08\u5c0f\u5c4f\uff09.jpg","contentUrl":"https:\/\/hardnesstests.com\/wp-content\/uploads\/2025\/11\/HVS-1000-\u6570\u663e\u663e\u5fae\u786c\u5ea6\u8ba1\uff08\u5c0f\u5c4f\uff09.jpg","width":800,"height":800,"caption":"(HVS-1000 small screen) Digital display micro hardness tester"},{"@type":"BreadcrumbList","@id":"https:\/\/hardnesstests.com\/product\/hvs-1000-small-screen-digital-display-micro-hardness-tester\/#breadcrumb","itemListElement":[{"@type":"ListItem","position":1,"name":"\u9996\u9875","item":"https:\/\/hardnesstests.com\/"},{"@type":"ListItem","position":2,"name":"products","item":"https:\/\/hardnesstests.com\/products\/"},{"@type":"ListItem","position":3,"name":"(HVS-1000 small screen) Digital display micro hardness tester"}]},{"@type":"WebSite","@id":"https:\/\/hardnesstests.com\/tr\/#website","url":"https:\/\/hardnesstests.com\/tr\/","name":"hardnesstests","description":"","publisher":{"@id":"https:\/\/hardnesstests.com\/tr\/#organization"},"potentialAction":[{"@type":"SearchAction","target":{"@type":"EntryPoint","urlTemplate":"https:\/\/hardnesstests.com\/tr\/?s={search_term_string}"},"query-input":{"@type":"PropertyValueSpecification","valueRequired":true,"valueName":"search_term_string"}}],"inLanguage":"de-CH"},{"@type":"Organization","@id":"https:\/\/hardnesstests.com\/tr\/#organization","name":"hardnesstests","url":"https:\/\/hardnesstests.com\/tr\/","logo":{"@type":"ImageObject","inLanguage":"de-CH","@id":"https:\/\/hardnesstests.com\/tr\/#\/schema\/logo\/image\/","url":"https:\/\/hardnesstests.com\/wp-content\/uploads\/2021\/08\/\u5fae\u4fe1\u56fe\u7247_20251029102004_335_1287.png","contentUrl":"https:\/\/hardnesstests.com\/wp-content\/uploads\/2021\/08\/\u5fae\u4fe1\u56fe\u7247_20251029102004_335_1287.png","width":1308,"height":467,"caption":"hardnesstests"},"image":{"@id":"https:\/\/hardnesstests.com\/tr\/#\/schema\/logo\/image\/"}}]}},"_links":{"self":[{"href":"https:\/\/hardnesstests.com\/de\/wp-json\/wp\/v2\/product\/29882","targetHints":{"allow":["GET"]}}],"collection":[{"href":"https:\/\/hardnesstests.com\/de\/wp-json\/wp\/v2\/product"}],"about":[{"href":"https:\/\/hardnesstests.com\/de\/wp-json\/wp\/v2\/types\/product"}],"replies":[{"embeddable":true,"href":"https:\/\/hardnesstests.com\/de\/wp-json\/wp\/v2\/comments?post=29882"}],"version-history":[{"count":1,"href":"https:\/\/hardnesstests.com\/de\/wp-json\/wp\/v2\/product\/29882\/revisions"}],"predecessor-version":[{"id":29884,"href":"https:\/\/hardnesstests.com\/de\/wp-json\/wp\/v2\/product\/29882\/revisions\/29884"}],"wp:featuredmedia":[{"embeddable":true,"href":"https:\/\/hardnesstests.com\/de\/wp-json\/wp\/v2\/media\/29883"}],"wp:attachment":[{"href":"https:\/\/hardnesstests.com\/de\/wp-json\/wp\/v2\/media?parent=29882"}],"wp:term":[{"taxonomy":"product_brand","embeddable":true,"href":"https:\/\/hardnesstests.com\/de\/wp-json\/wp\/v2\/product_brand?post=29882"},{"taxonomy":"product_cat","embeddable":true,"href":"https:\/\/hardnesstests.com\/de\/wp-json\/wp\/v2\/product_cat?post=29882"},{"taxonomy":"product_tag","embeddable":true,"href":"https:\/\/hardnesstests.com\/de\/wp-json\/wp\/v2\/product_tag?post=29882"}],"curies":[{"name":"wp","href":"https:\/\/api.w.org\/{rel}","templated":true}]}}