{"id":29857,"date":"2025-11-27T09:21:02","date_gmt":"2025-11-27T09:21:02","guid":{"rendered":"https:\/\/hardnesstests.com\/?post_type=product&#038;p=29857"},"modified":"2025-11-27T09:21:02","modified_gmt":"2025-11-27T09:21:02","slug":"xq-1t-semi-automatic-metallographic-specimen-mounting-machine","status":"publish","type":"product","link":"https:\/\/hardnesstests.com\/de\/produkt\/xq-1t-semi-automatic-metallographic-specimen-mounting-machine\/","title":{"rendered":"XQ-1T Halbautomatisches metallografisches Probenmontageger\u00e4t"},"content":{"rendered":"<h1><strong> Wichtigste Funktionen und Merkmale<\/strong><\/h1>\n<ol>\n<li>Die Schale ist aus SPCC gefertigt und hat ein neuartiges Aussehen, eine hochwertige Atmosph\u00e4re und Klasse.<\/li>\n<li>Touchscreen-Display-Steuerung, klare und intuitive Schnittstelle, einfach zu bedienen.<\/li>\n<li>Pr\u00e4zise mechanische Druck\u00fcbertragung, langlebig.<\/li>\n<li>Der gesamte Prozess ist halbautomatisch geregelt, und die Bedienung \u00fcber den Touchscreen ist intuitiv und bequem.<\/li>\n<li>Mit eingebautem K\u00fchlsystem, schnellerer K\u00fchlung und h\u00f6herem Wirkungsgrad der Einlage.<\/li>\n<li>Es gibt eine Vielzahl von Werkzeugspezifikationen, und Sonderformen k\u00f6nnen je nach Kundenwunsch angepasst werden.<\/li>\n<li>Er kann je nach Kundenwunsch selbst bedient werden, was flexibler und bequemer ist.<\/li>\n<li>Mehr als 100 S\u00e4tze von Inlay-Prozessformeln k\u00f6nnen gespeichert werden, was f\u00fcr den schnellen Abruf und die Serienproduktion praktisch ist.<\/li>\n<li>Das Unternehmen kann verschiedene kundenspezifische Anforderungen erf\u00fcllen und einen Rundum-Service aus einer Hand anbieten.<\/li>\n<li>Das Programm verf\u00fcgt \u00fcber einen eingebauten intelligenten Algorithmus, und es kann zwischen Zeit- und Temperaturmodus gew\u00e4hlt werden (insbesondere f\u00fcr Erstanwender).<\/li>\n<li>Optionale K\u00e4ltemaschine zur Realisierung des K\u00fchlkreislaufs, um die Einschr\u00e4nkung des Wasserhahns zu l\u00f6sen. (Optional)<\/li>\n<\/ol>\n<h1><strong>Technische Parameter<\/strong><\/h1>\n<table width=\"558\">\n<tbody>\n<tr>\n<td width=\"151\">Name<\/td>\n<td width=\"406\">Parameter<\/td>\n<\/tr>\n<tr>\n<td width=\"151\">Spezifikationen der Form<\/td>\n<td width=\"406\">Standard \u03c630 (optional: \u03c622, \u03c645), spezielle Anpassungen m\u00f6glich<\/td>\n<\/tr>\n<tr>\n<td width=\"151\">Effektive Tiefe der Form<\/td>\n<td width=\"406\">35mm<\/td>\n<\/tr>\n<tr>\n<td width=\"151\">Heizleistung<\/td>\n<td width=\"406\">500W<\/td>\n<\/tr>\n<tr>\n<td width=\"151\">Force-Methode<\/td>\n<td width=\"406\">Manuelle mechanische Druckbeaufschlagung<\/td>\n<\/tr>\n<tr>\n<td width=\"151\">Temperatur-Einstellbereich<\/td>\n<td width=\"406\">0-190 Grad Celsius<\/td>\n<\/tr>\n<tr>\n<td width=\"151\">Einstellbereich der Isolierung<\/td>\n<td width=\"406\">0-99 Minuten<\/td>\n<\/tr>\n<tr>\n<td width=\"151\">Einstellbereich der K\u00fchlung<\/td>\n<td width=\"406\">0-99 Minuten<\/td>\n<\/tr>\n<tr>\n<td width=\"151\">Methode der K\u00fchlung<\/td>\n<td width=\"406\">Wasserk\u00fchlung<\/td>\n<\/tr>\n<tr>\n<td width=\"151\">Geeignete Einlegematerialien<\/td>\n<td width=\"406\">Duroplastisch<\/td>\n<\/tr>\n<tr>\n<td width=\"151\">Formel f\u00fcr das Inlay-Verfahren<\/td>\n<td width=\"406\">100 S\u00e4tze<\/td>\n<\/tr>\n<tr>\n<td width=\"151\">Stromversorgung<\/td>\n<td width=\"406\">Spannung: 220V Frequenz: 50HZ<\/td>\n<\/tr>\n<tr>\n<td width=\"151\">Gesamtleistung<\/td>\n<td width=\"406\">600W<\/td>\n<\/tr>\n<tr>\n<td width=\"151\">Abmessungen<\/td>\n<td width=\"406\">270X380X450<\/td>\n<\/tr>\n<tr>\n<td width=\"151\">Gewicht<\/td>\n<td width=\"406\">40KG<\/td>\n<\/tr>\n<\/tbody>\n<\/table>\n<h1 style=\"font-weight: 400;\"><strong>Konfigurationsliste<\/strong><\/h1>\n<table width=\"574\">\n<tbody>\n<tr>\n<td width=\"168\">Produkt-Zubeh\u00f6r<\/td>\n<td width=\"159\">Einheit<\/td>\n<td width=\"115\">Menge<\/td>\n<td width=\"132\">Hinweis<\/td>\n<\/tr>\n<tr>\n<td width=\"168\">\u03a630 Formenbau<\/td>\n<td width=\"159\">1<\/td>\n<td width=\"115\">St\u00fccke<\/td>\n<td width=\"132\">Installiert auf dem Ger\u00e4t<\/td>\n<\/tr>\n<tr>\n<td width=\"168\">Material der Einlage (schwarz)<\/td>\n<td width=\"159\">100<\/td>\n<td width=\"115\">Gramm<\/td>\n<td width=\"132\">&nbsp;<\/td>\n<\/tr>\n<tr>\n<td width=\"168\">F\u00fctterungsl\u00f6ffel<\/td>\n<td width=\"159\">1<\/td>\n<td width=\"115\">St\u00fccke<\/td>\n<td width=\"132\">&nbsp;<\/td>\n<\/tr>\n<tr>\n<td width=\"168\">Trichter<\/td>\n<td width=\"159\">1<\/td>\n<td width=\"115\">St\u00fccke<\/td>\n<td width=\"132\">&nbsp;<\/td>\n<\/tr>\n<tr>\n<td width=\"168\">Wasserzulaufrohr<\/td>\n<td width=\"159\">1<\/td>\n<td width=\"115\">Wurzeln<\/td>\n<td width=\"132\">6 Punkte Schnittstelle<\/td>\n<\/tr>\n<tr>\n<td width=\"168\">Wasserablaufleitung<\/td>\n<td width=\"159\">1<\/td>\n<td width=\"115\">Wurzeln<\/td>\n<td width=\"132\">\u03a632<\/td>\n<\/tr>\n<tr>\n<td width=\"168\">Technische Dokumente<\/td>\n<td colspan=\"3\" width=\"406\">1 Exemplar des Produkthandbuchs 1 Exemplar des Produktzertifikats<\/td>\n<\/tr>\n<\/tbody>\n<\/table>","protected":false},"excerpt":{"rendered":"<p>Das halbautomatische metallografische Probeneinbettungsger\u00e4t XQ-1T wird zum Einbetten und Formen kleiner oder unregelm\u00e4\u00dfig geformter Proben verwendet, die mit duroplastischen Kunststoffen nicht leicht von Hand zu halten sind. Es ist auch ein wichtiges Vorverfahren f\u00fcr das Schleifen und Polieren. Nach dem Einbetten sind die Au\u00dfenabmessungen fest und einheitlich, was das Halten von Hand oder das anschlie\u00dfende vollautomatische Schleifen und Polieren erleichtert (f\u00fcr bessere Ergebnisse kann es zusammen mit der automatischen Schleif- und Poliermaschine unseres Unternehmens verwendet werden). Sie eignet sich besonders f\u00fcr Proben, deren Kanten gesch\u00fctzt werden m\u00fcssen oder die automatisch poliert werden sollen. Das Einbetten der Probe ist ein wesentlicher Prozess. Es eignet sich besonders f\u00fcr metallografische Labors in Fabriken, Hochschulen und Universit\u00e4ten sowie f\u00fcr wissenschaftliche Forschungseinrichtungen. Es ist eine ausgezeichnete Wahl f\u00fcr das Einbetten von metallografischen Proben.<\/p>","protected":false},"featured_media":29858,"comment_status":"open","ping_status":"closed","template":"","meta":[],"product_brand":[],"product_cat":[95,81],"product_tag":[111],"class_list":{"0":"post-29857","1":"product","2":"type-product","3":"status-publish","4":"has-post-thumbnail","6":"product_cat-metallographic-mounting-machine","7":"product_cat-sample-preparation-and-analysis","8":"product_tag-metallographic-mounting-machine","10":"first","11":"instock","12":"shipping-taxable","13":"product-type-simple"},"yoast_head":"<!-- This site is optimized with the Yoast SEO Premium plugin v25.4 (Yoast SEO v27.4) - https:\/\/yoast.com\/product\/yoast-seo-premium-wordpress\/ -->\n<title>XQ-1T Semi-automatic Metallographic Specimen Mounting Machine - hardnesstests<\/title>\n<meta name=\"robots\" content=\"index, follow, max-snippet:-1, max-image-preview:large, max-video-preview:-1\" \/>\n<link rel=\"canonical\" href=\"https:\/\/hardnesstests.com\/de\/produkt\/xq-1t-semi-automatic-metallographic-specimen-mounting-machine\/\" \/>\n<meta property=\"og:locale\" content=\"de_DE\" \/>\n<meta property=\"og:type\" content=\"article\" \/>\n<meta property=\"og:title\" content=\"XQ-1T Semi-automatic Metallographic Specimen Mounting Machine\" \/>\n<meta property=\"og:description\" content=\"The XQ-1T semi-automatic metallographic specimen embedding machine is used to embed and shape small or irregular shaped specimens that are not easy to hold by hand with thermosetting plastics. It is also an essential pre-process for grinding and polishing. After embedding, its external dimensions are fixed and uniform, which is convenient for hand holding or subsequent fully automatic grinding and polishing (it can be used together with our company&#039;s automatic grinding and polishing machine for better results). It is particularly suitable for specimens that need to protect the edges or need to be automatically polished. Embedding the specimen is an essential process. It is especially suitable for metallographic laboratories in factories, colleges and universities, and scientific research institutions. It is an excellent choice for metallographic specimen embedding.\" \/>\n<meta property=\"og:url\" content=\"https:\/\/hardnesstests.com\/de\/produkt\/xq-1t-semi-automatic-metallographic-specimen-mounting-machine\/\" \/>\n<meta property=\"og:site_name\" content=\"hardnesstests\" \/>\n<meta property=\"og:image\" content=\"https:\/\/hardnesstests.com\/wp-content\/uploads\/2025\/11\/XQ-1T-\u534a\u81ea\u52a8\u91d1\u76f8\u8bd5\u6837\u9576\u5d4c\u673a.jpg\" \/>\n\t<meta property=\"og:image:width\" content=\"800\" \/>\n\t<meta property=\"og:image:height\" content=\"800\" \/>\n\t<meta property=\"og:image:type\" content=\"image\/jpeg\" \/>\n<meta name=\"twitter:card\" content=\"summary_large_image\" \/>\n<meta name=\"twitter:label1\" content=\"Gesch\u00e4tzte Lesezeit\" \/>\n\t<meta name=\"twitter:data1\" content=\"1\u00a0Minute\" \/>\n<script type=\"application\/ld+json\" class=\"yoast-schema-graph\">{\"@context\":\"https:\\\/\\\/schema.org\",\"@graph\":[{\"@type\":\"WebPage\",\"@id\":\"https:\\\/\\\/hardnesstests.com\\\/product\\\/xq-1t-semi-automatic-metallographic-specimen-mounting-machine\\\/\",\"url\":\"https:\\\/\\\/hardnesstests.com\\\/product\\\/xq-1t-semi-automatic-metallographic-specimen-mounting-machine\\\/\",\"name\":\"XQ-1T Semi-automatic Metallographic Specimen Mounting Machine - hardnesstests\",\"isPartOf\":{\"@id\":\"https:\\\/\\\/hardnesstests.com\\\/tr\\\/#website\"},\"primaryImageOfPage\":{\"@id\":\"https:\\\/\\\/hardnesstests.com\\\/product\\\/xq-1t-semi-automatic-metallographic-specimen-mounting-machine\\\/#primaryimage\"},\"image\":{\"@id\":\"https:\\\/\\\/hardnesstests.com\\\/product\\\/xq-1t-semi-automatic-metallographic-specimen-mounting-machine\\\/#primaryimage\"},\"thumbnailUrl\":\"https:\\\/\\\/hardnesstests.com\\\/wp-content\\\/uploads\\\/2025\\\/11\\\/XQ-1T-\u534a\u81ea\u52a8\u91d1\u76f8\u8bd5\u6837\u9576\u5d4c\u673a.jpg\",\"datePublished\":\"2025-11-27T09:21:02+00:00\",\"breadcrumb\":{\"@id\":\"https:\\\/\\\/hardnesstests.com\\\/product\\\/xq-1t-semi-automatic-metallographic-specimen-mounting-machine\\\/#breadcrumb\"},\"inLanguage\":\"de-CH\",\"potentialAction\":[{\"@type\":\"ReadAction\",\"target\":[\"https:\\\/\\\/hardnesstests.com\\\/product\\\/xq-1t-semi-automatic-metallographic-specimen-mounting-machine\\\/\"]}]},{\"@type\":\"ImageObject\",\"inLanguage\":\"de-CH\",\"@id\":\"https:\\\/\\\/hardnesstests.com\\\/product\\\/xq-1t-semi-automatic-metallographic-specimen-mounting-machine\\\/#primaryimage\",\"url\":\"https:\\\/\\\/hardnesstests.com\\\/wp-content\\\/uploads\\\/2025\\\/11\\\/XQ-1T-\u534a\u81ea\u52a8\u91d1\u76f8\u8bd5\u6837\u9576\u5d4c\u673a.jpg\",\"contentUrl\":\"https:\\\/\\\/hardnesstests.com\\\/wp-content\\\/uploads\\\/2025\\\/11\\\/XQ-1T-\u534a\u81ea\u52a8\u91d1\u76f8\u8bd5\u6837\u9576\u5d4c\u673a.jpg\",\"width\":800,\"height\":800,\"caption\":\"XQ-1T Semi-automatic Metallographic Specimen Mounting Machine\"},{\"@type\":\"BreadcrumbList\",\"@id\":\"https:\\\/\\\/hardnesstests.com\\\/product\\\/xq-1t-semi-automatic-metallographic-specimen-mounting-machine\\\/#breadcrumb\",\"itemListElement\":[{\"@type\":\"ListItem\",\"position\":1,\"name\":\"\u9996\u9875\",\"item\":\"https:\\\/\\\/hardnesstests.com\\\/\"},{\"@type\":\"ListItem\",\"position\":2,\"name\":\"products\",\"item\":\"https:\\\/\\\/hardnesstests.com\\\/products\\\/\"},{\"@type\":\"ListItem\",\"position\":3,\"name\":\"XQ-1T Semi-automatic Metallographic Specimen Mounting Machine\"}]},{\"@type\":\"WebSite\",\"@id\":\"https:\\\/\\\/hardnesstests.com\\\/tr\\\/#website\",\"url\":\"https:\\\/\\\/hardnesstests.com\\\/tr\\\/\",\"name\":\"hardnesstests\",\"description\":\"\",\"publisher\":{\"@id\":\"https:\\\/\\\/hardnesstests.com\\\/tr\\\/#organization\"},\"potentialAction\":[{\"@type\":\"SearchAction\",\"target\":{\"@type\":\"EntryPoint\",\"urlTemplate\":\"https:\\\/\\\/hardnesstests.com\\\/tr\\\/?s={search_term_string}\"},\"query-input\":{\"@type\":\"PropertyValueSpecification\",\"valueRequired\":true,\"valueName\":\"search_term_string\"}}],\"inLanguage\":\"de-CH\"},{\"@type\":\"Organization\",\"@id\":\"https:\\\/\\\/hardnesstests.com\\\/tr\\\/#organization\",\"name\":\"hardnesstests\",\"url\":\"https:\\\/\\\/hardnesstests.com\\\/tr\\\/\",\"logo\":{\"@type\":\"ImageObject\",\"inLanguage\":\"de-CH\",\"@id\":\"https:\\\/\\\/hardnesstests.com\\\/tr\\\/#\\\/schema\\\/logo\\\/image\\\/\",\"url\":\"https:\\\/\\\/hardnesstests.com\\\/wp-content\\\/uploads\\\/2021\\\/08\\\/\u5fae\u4fe1\u56fe\u7247_20251029102004_335_1287.png\",\"contentUrl\":\"https:\\\/\\\/hardnesstests.com\\\/wp-content\\\/uploads\\\/2021\\\/08\\\/\u5fae\u4fe1\u56fe\u7247_20251029102004_335_1287.png\",\"width\":1308,\"height\":467,\"caption\":\"hardnesstests\"},\"image\":{\"@id\":\"https:\\\/\\\/hardnesstests.com\\\/tr\\\/#\\\/schema\\\/logo\\\/image\\\/\"}}]}<\/script>\n<!-- \/ Yoast SEO Premium plugin. -->","yoast_head_json":{"title":"XQ-1T Semi-automatic Metallographic Specimen Mounting Machine - hardnesstests","robots":{"index":"index","follow":"follow","max-snippet":"max-snippet:-1","max-image-preview":"max-image-preview:large","max-video-preview":"max-video-preview:-1"},"canonical":"https:\/\/hardnesstests.com\/de\/produkt\/xq-1t-semi-automatic-metallographic-specimen-mounting-machine\/","og_locale":"de_DE","og_type":"article","og_title":"XQ-1T Semi-automatic Metallographic Specimen Mounting Machine","og_description":"The XQ-1T semi-automatic metallographic specimen embedding machine is used to embed and shape small or irregular shaped specimens that are not easy to hold by hand with thermosetting plastics. It is also an essential pre-process for grinding and polishing. After embedding, its external dimensions are fixed and uniform, which is convenient for hand holding or subsequent fully automatic grinding and polishing (it can be used together with our company's automatic grinding and polishing machine for better results). It is particularly suitable for specimens that need to protect the edges or need to be automatically polished. Embedding the specimen is an essential process. It is especially suitable for metallographic laboratories in factories, colleges and universities, and scientific research institutions. It is an excellent choice for metallographic specimen embedding.","og_url":"https:\/\/hardnesstests.com\/de\/produkt\/xq-1t-semi-automatic-metallographic-specimen-mounting-machine\/","og_site_name":"hardnesstests","og_image":[{"width":800,"height":800,"url":"https:\/\/hardnesstests.com\/wp-content\/uploads\/2025\/11\/XQ-1T-\u534a\u81ea\u52a8\u91d1\u76f8\u8bd5\u6837\u9576\u5d4c\u673a.jpg","type":"image\/jpeg"}],"twitter_card":"summary_large_image","twitter_misc":{"Gesch\u00e4tzte Lesezeit":"1\u00a0Minute"},"schema":{"@context":"https:\/\/schema.org","@graph":[{"@type":"WebPage","@id":"https:\/\/hardnesstests.com\/product\/xq-1t-semi-automatic-metallographic-specimen-mounting-machine\/","url":"https:\/\/hardnesstests.com\/product\/xq-1t-semi-automatic-metallographic-specimen-mounting-machine\/","name":"XQ-1T Semi-automatic Metallographic Specimen Mounting Machine - hardnesstests","isPartOf":{"@id":"https:\/\/hardnesstests.com\/tr\/#website"},"primaryImageOfPage":{"@id":"https:\/\/hardnesstests.com\/product\/xq-1t-semi-automatic-metallographic-specimen-mounting-machine\/#primaryimage"},"image":{"@id":"https:\/\/hardnesstests.com\/product\/xq-1t-semi-automatic-metallographic-specimen-mounting-machine\/#primaryimage"},"thumbnailUrl":"https:\/\/hardnesstests.com\/wp-content\/uploads\/2025\/11\/XQ-1T-\u534a\u81ea\u52a8\u91d1\u76f8\u8bd5\u6837\u9576\u5d4c\u673a.jpg","datePublished":"2025-11-27T09:21:02+00:00","breadcrumb":{"@id":"https:\/\/hardnesstests.com\/product\/xq-1t-semi-automatic-metallographic-specimen-mounting-machine\/#breadcrumb"},"inLanguage":"de-CH","potentialAction":[{"@type":"ReadAction","target":["https:\/\/hardnesstests.com\/product\/xq-1t-semi-automatic-metallographic-specimen-mounting-machine\/"]}]},{"@type":"ImageObject","inLanguage":"de-CH","@id":"https:\/\/hardnesstests.com\/product\/xq-1t-semi-automatic-metallographic-specimen-mounting-machine\/#primaryimage","url":"https:\/\/hardnesstests.com\/wp-content\/uploads\/2025\/11\/XQ-1T-\u534a\u81ea\u52a8\u91d1\u76f8\u8bd5\u6837\u9576\u5d4c\u673a.jpg","contentUrl":"https:\/\/hardnesstests.com\/wp-content\/uploads\/2025\/11\/XQ-1T-\u534a\u81ea\u52a8\u91d1\u76f8\u8bd5\u6837\u9576\u5d4c\u673a.jpg","width":800,"height":800,"caption":"XQ-1T Semi-automatic Metallographic Specimen Mounting Machine"},{"@type":"BreadcrumbList","@id":"https:\/\/hardnesstests.com\/product\/xq-1t-semi-automatic-metallographic-specimen-mounting-machine\/#breadcrumb","itemListElement":[{"@type":"ListItem","position":1,"name":"\u9996\u9875","item":"https:\/\/hardnesstests.com\/"},{"@type":"ListItem","position":2,"name":"products","item":"https:\/\/hardnesstests.com\/products\/"},{"@type":"ListItem","position":3,"name":"XQ-1T Semi-automatic Metallographic Specimen Mounting Machine"}]},{"@type":"WebSite","@id":"https:\/\/hardnesstests.com\/tr\/#website","url":"https:\/\/hardnesstests.com\/tr\/","name":"hardnesstests","description":"","publisher":{"@id":"https:\/\/hardnesstests.com\/tr\/#organization"},"potentialAction":[{"@type":"SearchAction","target":{"@type":"EntryPoint","urlTemplate":"https:\/\/hardnesstests.com\/tr\/?s={search_term_string}"},"query-input":{"@type":"PropertyValueSpecification","valueRequired":true,"valueName":"search_term_string"}}],"inLanguage":"de-CH"},{"@type":"Organization","@id":"https:\/\/hardnesstests.com\/tr\/#organization","name":"hardnesstests","url":"https:\/\/hardnesstests.com\/tr\/","logo":{"@type":"ImageObject","inLanguage":"de-CH","@id":"https:\/\/hardnesstests.com\/tr\/#\/schema\/logo\/image\/","url":"https:\/\/hardnesstests.com\/wp-content\/uploads\/2021\/08\/\u5fae\u4fe1\u56fe\u7247_20251029102004_335_1287.png","contentUrl":"https:\/\/hardnesstests.com\/wp-content\/uploads\/2021\/08\/\u5fae\u4fe1\u56fe\u7247_20251029102004_335_1287.png","width":1308,"height":467,"caption":"hardnesstests"},"image":{"@id":"https:\/\/hardnesstests.com\/tr\/#\/schema\/logo\/image\/"}}]}},"_links":{"self":[{"href":"https:\/\/hardnesstests.com\/de\/wp-json\/wp\/v2\/product\/29857","targetHints":{"allow":["GET"]}}],"collection":[{"href":"https:\/\/hardnesstests.com\/de\/wp-json\/wp\/v2\/product"}],"about":[{"href":"https:\/\/hardnesstests.com\/de\/wp-json\/wp\/v2\/types\/product"}],"replies":[{"embeddable":true,"href":"https:\/\/hardnesstests.com\/de\/wp-json\/wp\/v2\/comments?post=29857"}],"version-history":[{"count":1,"href":"https:\/\/hardnesstests.com\/de\/wp-json\/wp\/v2\/product\/29857\/revisions"}],"predecessor-version":[{"id":29859,"href":"https:\/\/hardnesstests.com\/de\/wp-json\/wp\/v2\/product\/29857\/revisions\/29859"}],"wp:featuredmedia":[{"embeddable":true,"href":"https:\/\/hardnesstests.com\/de\/wp-json\/wp\/v2\/media\/29858"}],"wp:attachment":[{"href":"https:\/\/hardnesstests.com\/de\/wp-json\/wp\/v2\/media?parent=29857"}],"wp:term":[{"taxonomy":"product_brand","embeddable":true,"href":"https:\/\/hardnesstests.com\/de\/wp-json\/wp\/v2\/product_brand?post=29857"},{"taxonomy":"product_cat","embeddable":true,"href":"https:\/\/hardnesstests.com\/de\/wp-json\/wp\/v2\/product_cat?post=29857"},{"taxonomy":"product_tag","embeddable":true,"href":"https:\/\/hardnesstests.com\/de\/wp-json\/wp\/v2\/product_tag?post=29857"}],"curies":[{"name":"wp","href":"https:\/\/api.w.org\/{rel}","templated":true}]}}