{"id":29825,"date":"2025-11-27T08:43:33","date_gmt":"2025-11-27T08:43:33","guid":{"rendered":"https:\/\/hardnesstests.com\/?post_type=product&#038;p=29825"},"modified":"2025-11-27T08:43:33","modified_gmt":"2025-11-27T08:43:33","slug":"touch-screen-digital-display-rockwell-hardness-tester-hrts-150","status":"publish","type":"product","link":"https:\/\/hardnesstests.com\/de\/produkt\/touch-screen-digital-display-rockwell-hardness-tester-hrts-150\/","title":{"rendered":"Digitales Touchscreen-Display Rockwell-H\u00e4rtepr\u00fcfger\u00e4t HRTS-150"},"content":{"rendered":"<div class=\"table-responsive\">\n<table border=\"1\">\n<tbody>\n<tr>\n<td><strong>Main function and features\uff1a<\/strong><\/td>\n<\/tr>\n<\/tbody>\n<\/table>\n<\/div>\n<p>1. Directly display the test hardness value, conversion value, maximum value, minimum value, average value, etc. through the 5.6-inch LCD touch screen;<\/p>\n<p>2. The hardness value error can be adjusted electronically through the built-in system, and the adjustment range is between 95%-105%.<\/p>\n<p>3. The shell is made of one-time molding and casting by a special sand-finding process, the structure is stable and does not deform, and can work in a relatively harsh environment; the car paint has high grades, strong scratch resistance, and it is still bright as new after years of use;<\/p>\n<p>4. When testing the cylinder, the correction amount can be automatically added.<\/p>\n<p>5. We have the ability to develop, design, produce and process by ourselves, and provide parts replacement and maintenance upgrade services for the machine for life;<\/p>\n<h1><strong>Main purpose and scope of use\uff1a<\/strong><\/h1>\n<p>1\u3001Casting and forging parts \u00b7Sample test and acceptance inspection<\/p>\n<p>2\u3001Flat and cylindrical workpieces \u00b7 Steel, non-ferrous metals<\/p>\n<p>3\u3001Automobile and aviation industry \u00b7 Cemented carbide, ceramics, stainless steel<\/p>\n<p>4\u3001Laboratory and workshop<\/p>\n<div class=\"table-responsive\">\n<table border=\"1\">\n<tbody>\n<tr>\n<td><strong>Technische Parameter\uff1a<\/strong><\/td>\n<\/tr>\n<\/tbody>\n<\/table>\n<\/div>\n<div class=\"table-responsive\">\n<div class=\"table-responsive\">\n<table border=\"1\" cellspacing=\"0\">\n<tbody>\n<tr>\n<td valign=\"top\" width=\"158\">\n<p align=\"center\">Name des Parameters<\/p>\n<\/td>\n<td valign=\"top\" width=\"389\">\n<p align=\"center\">Parameter-Daten<\/p>\n<\/td>\n<\/tr>\n<tr>\n<td valign=\"top\" width=\"158\">Intial test force(N)<\/td>\n<td valign=\"top\" width=\"389\">10kgf(98.07N) \u00a0\u00a0allowable error\u00b12.0%<\/td>\n<\/tr>\n<tr>\n<td valign=\"top\" width=\"158\">Total test force(N)<\/td>\n<td valign=\"top\" width=\"389\">60kgf(588N) \u00a0\u00a0100kgf(980N) \u00a0\u00a0\u00a0150kgf(1471N)<\/td>\n<\/tr>\n<tr>\n<td valign=\"top\" width=\"158\">Rockwell ruler<\/td>\n<td valign=\"top\" width=\"389\">HRA\u3001HRB\u3001HRC\u3001HRD\u3001HRE\u3001HRF\u3001HRG\u3001HRH\u3001HRK \u00a0HRL\u3001HRM\u3001HRP\u3001HRR\u3001HRS\u3001HRV<\/td>\n<\/tr>\n<tr>\n<td valign=\"top\" width=\"158\">Inspection standard<\/td>\n<td valign=\"top\" width=\"389\">GB\/T230.1, GB\/T230.2 national standard, JJG112 verification regulations<\/p>\n<p>GB\/T2848, GB\/T3773 original standard, EN10109, ASTM E18, ISO 6508<\/td>\n<\/tr>\n<tr>\n<td valign=\"top\" width=\"158\">accuracy<\/td>\n<td valign=\"top\" width=\"389\">0.1HR<\/td>\n<\/tr>\n<tr>\n<td valign=\"top\" width=\"158\">Durating time(s)<\/td>\n<td valign=\"top\" width=\"389\">1-60<\/td>\n<\/tr>\n<tr>\n<td valign=\"top\" width=\"158\">Anzeige der H\u00e4rte<\/td>\n<td valign=\"top\" width=\"389\">Tourch screen LCD display<\/td>\n<\/tr>\n<tr>\n<td valign=\"top\" width=\"158\">Max height of the test piece(mm)<\/td>\n<td valign=\"top\" width=\"389\">170<\/td>\n<\/tr>\n<tr>\n<td valign=\"top\" width=\"158\">Indenter center to body distance(mm)<\/td>\n<td valign=\"top\" width=\"389\">165<\/td>\n<\/tr>\n<tr>\n<td valign=\"top\" width=\"158\">Hardness tester dimension(mm)<\/td>\n<td valign=\"top\" width=\"389\">550\u00d7220\u00d7730<\/td>\n<\/tr>\n<tr>\n<td valign=\"top\" width=\"158\">Stromversorgung<\/td>\n<td valign=\"top\" width=\"389\">220V\/50HZ<\/td>\n<\/tr>\n<tr>\n<td valign=\"top\" width=\"158\">Tester weight(kg)<\/td>\n<td valign=\"top\" width=\"389\">85<\/td>\n<\/tr>\n<tr>\n<td valign=\"top\" width=\"158\">Hardness measuring range<\/td>\n<td valign=\"top\" width=\"389\">HRA:20-88 HRB:20-100 HRC:20-70 HRD:40-77 HRE:70-94 HRF:60-100 HRG:30-94 HRH:80-100 \u00a0HRK:40-100 \u00a0HRL:100-120 \u00a0HRM:85-110 HRR:114-125 \u00a0HRS<\/td>\n<\/tr>\n<\/tbody>\n<\/table>\n<\/div>\n<\/div>","protected":false},"excerpt":{"rendered":"<p>HRTS-150 color touch screen digital display Rockwell hardness tester is our new generation of high-tech products with multi-function, high precision and stable performance. Its appearance is novel, the shell adopts integrated casting, and its stability is high. Its touch screen interface is menu-oriented. The operation is simple, intuitive and convenient. The measuring device adopts grating sensor and computer control, and the hardness value is directly displayed on the LCD screen. It is a mechatronics hardness tester. Various hardness parameters can be automatically converted to each other, and the minimum thickness of the test piece can be identified. When testing the cylinder, the correction amount can be automatically added. Built-in printer to read relevant test results. Automatic operation is realized, and human operation and reading errors are eliminated! At the same time, the machine is also equipped with an emergency stop device, which is safer to use.<\/p>","protected":false},"featured_media":29827,"comment_status":"open","ping_status":"closed","template":"","meta":[],"product_brand":[],"product_cat":[70,74],"product_tag":[109],"class_list":{"0":"post-29825","1":"product","2":"type-product","3":"status-publish","4":"has-post-thumbnail","6":"product_cat-hardness-tester","7":"product_cat-rockwell-hardness-tester","8":"product_tag-methods-rockwell-hardness-test","10":"first","11":"instock","12":"shipping-taxable","13":"product-type-simple"},"yoast_head":"<!-- This site is optimized with the Yoast SEO Premium plugin v25.4 (Yoast SEO v27.4) - https:\/\/yoast.com\/product\/yoast-seo-premium-wordpress\/ -->\n<title>Touch screen digital display Rockwell hardness tester HRTS-150 - hardnesstests<\/title>\n<meta name=\"robots\" content=\"index, follow, max-snippet:-1, max-image-preview:large, max-video-preview:-1\" \/>\n<link rel=\"canonical\" href=\"https:\/\/hardnesstests.com\/de\/produkt\/touch-screen-digital-display-rockwell-hardness-tester-hrts-150\/\" \/>\n<meta property=\"og:locale\" content=\"de_DE\" \/>\n<meta property=\"og:type\" content=\"article\" \/>\n<meta property=\"og:title\" content=\"Touch screen digital display Rockwell hardness tester HRTS-150\" \/>\n<meta property=\"og:description\" content=\"HRTS-150 color touch screen digital display Rockwell hardness tester is our new generation of high-tech products with multi-function, high precision and stable performance. Its appearance is novel, the shell adopts integrated casting, and its stability is high. Its touch screen interface is menu-oriented. The operation is simple, intuitive and convenient. The measuring device adopts grating sensor and computer control, and the hardness value is directly displayed on the LCD screen. It is a mechatronics hardness tester. Various hardness parameters can be automatically converted to each other, and the minimum thickness of the test piece can be identified. When testing the cylinder, the correction amount can be automatically added. Built-in printer to read relevant test results. Automatic operation is realized, and human operation and reading errors are eliminated! At the same time, the machine is also equipped with an emergency stop device, which is safer to use.\" \/>\n<meta property=\"og:url\" content=\"https:\/\/hardnesstests.com\/de\/produkt\/touch-screen-digital-display-rockwell-hardness-tester-hrts-150\/\" \/>\n<meta property=\"og:site_name\" content=\"hardnesstests\" \/>\n<meta property=\"og:image\" content=\"https:\/\/hardnesstests.com\/wp-content\/uploads\/2025\/11\/HRTS-150\u89e6\u6478\u5c4f\u6570\u663e\u6d1b\u6c0f\u786c\u5ea6\u8ba1.jpg\" \/>\n\t<meta property=\"og:image:width\" content=\"800\" \/>\n\t<meta property=\"og:image:height\" content=\"800\" \/>\n\t<meta property=\"og:image:type\" content=\"image\/jpeg\" \/>\n<meta name=\"twitter:card\" content=\"summary_large_image\" \/>\n<meta name=\"twitter:label1\" content=\"Gesch\u00e4tzte Lesezeit\" \/>\n\t<meta name=\"twitter:data1\" content=\"1\u00a0Minute\" \/>\n<script type=\"application\/ld+json\" class=\"yoast-schema-graph\">{\"@context\":\"https:\\\/\\\/schema.org\",\"@graph\":[{\"@type\":\"WebPage\",\"@id\":\"https:\\\/\\\/hardnesstests.com\\\/product\\\/touch-screen-digital-display-rockwell-hardness-tester-hrts-150\\\/\",\"url\":\"https:\\\/\\\/hardnesstests.com\\\/product\\\/touch-screen-digital-display-rockwell-hardness-tester-hrts-150\\\/\",\"name\":\"Touch screen digital display Rockwell hardness tester HRTS-150 - hardnesstests\",\"isPartOf\":{\"@id\":\"https:\\\/\\\/hardnesstests.com\\\/tr\\\/#website\"},\"primaryImageOfPage\":{\"@id\":\"https:\\\/\\\/hardnesstests.com\\\/product\\\/touch-screen-digital-display-rockwell-hardness-tester-hrts-150\\\/#primaryimage\"},\"image\":{\"@id\":\"https:\\\/\\\/hardnesstests.com\\\/product\\\/touch-screen-digital-display-rockwell-hardness-tester-hrts-150\\\/#primaryimage\"},\"thumbnailUrl\":\"https:\\\/\\\/hardnesstests.com\\\/wp-content\\\/uploads\\\/2025\\\/11\\\/HRTS-150\u89e6\u6478\u5c4f\u6570\u663e\u6d1b\u6c0f\u786c\u5ea6\u8ba1.jpg\",\"datePublished\":\"2025-11-27T08:43:33+00:00\",\"breadcrumb\":{\"@id\":\"https:\\\/\\\/hardnesstests.com\\\/product\\\/touch-screen-digital-display-rockwell-hardness-tester-hrts-150\\\/#breadcrumb\"},\"inLanguage\":\"de-CH\",\"potentialAction\":[{\"@type\":\"ReadAction\",\"target\":[\"https:\\\/\\\/hardnesstests.com\\\/product\\\/touch-screen-digital-display-rockwell-hardness-tester-hrts-150\\\/\"]}]},{\"@type\":\"ImageObject\",\"inLanguage\":\"de-CH\",\"@id\":\"https:\\\/\\\/hardnesstests.com\\\/product\\\/touch-screen-digital-display-rockwell-hardness-tester-hrts-150\\\/#primaryimage\",\"url\":\"https:\\\/\\\/hardnesstests.com\\\/wp-content\\\/uploads\\\/2025\\\/11\\\/HRTS-150\u89e6\u6478\u5c4f\u6570\u663e\u6d1b\u6c0f\u786c\u5ea6\u8ba1.jpg\",\"contentUrl\":\"https:\\\/\\\/hardnesstests.com\\\/wp-content\\\/uploads\\\/2025\\\/11\\\/HRTS-150\u89e6\u6478\u5c4f\u6570\u663e\u6d1b\u6c0f\u786c\u5ea6\u8ba1.jpg\",\"width\":800,\"height\":800,\"caption\":\"Touch screen digital display Rockwell hardness tester HRTS-150\"},{\"@type\":\"BreadcrumbList\",\"@id\":\"https:\\\/\\\/hardnesstests.com\\\/product\\\/touch-screen-digital-display-rockwell-hardness-tester-hrts-150\\\/#breadcrumb\",\"itemListElement\":[{\"@type\":\"ListItem\",\"position\":1,\"name\":\"\u9996\u9875\",\"item\":\"https:\\\/\\\/hardnesstests.com\\\/\"},{\"@type\":\"ListItem\",\"position\":2,\"name\":\"products\",\"item\":\"https:\\\/\\\/hardnesstests.com\\\/products\\\/\"},{\"@type\":\"ListItem\",\"position\":3,\"name\":\"Touch screen digital display Rockwell hardness tester HRTS-150\"}]},{\"@type\":\"WebSite\",\"@id\":\"https:\\\/\\\/hardnesstests.com\\\/tr\\\/#website\",\"url\":\"https:\\\/\\\/hardnesstests.com\\\/tr\\\/\",\"name\":\"hardnesstests\",\"description\":\"\",\"publisher\":{\"@id\":\"https:\\\/\\\/hardnesstests.com\\\/tr\\\/#organization\"},\"potentialAction\":[{\"@type\":\"SearchAction\",\"target\":{\"@type\":\"EntryPoint\",\"urlTemplate\":\"https:\\\/\\\/hardnesstests.com\\\/tr\\\/?s={search_term_string}\"},\"query-input\":{\"@type\":\"PropertyValueSpecification\",\"valueRequired\":true,\"valueName\":\"search_term_string\"}}],\"inLanguage\":\"de-CH\"},{\"@type\":\"Organization\",\"@id\":\"https:\\\/\\\/hardnesstests.com\\\/tr\\\/#organization\",\"name\":\"hardnesstests\",\"url\":\"https:\\\/\\\/hardnesstests.com\\\/tr\\\/\",\"logo\":{\"@type\":\"ImageObject\",\"inLanguage\":\"de-CH\",\"@id\":\"https:\\\/\\\/hardnesstests.com\\\/tr\\\/#\\\/schema\\\/logo\\\/image\\\/\",\"url\":\"https:\\\/\\\/hardnesstests.com\\\/wp-content\\\/uploads\\\/2021\\\/08\\\/\u5fae\u4fe1\u56fe\u7247_20251029102004_335_1287.png\",\"contentUrl\":\"https:\\\/\\\/hardnesstests.com\\\/wp-content\\\/uploads\\\/2021\\\/08\\\/\u5fae\u4fe1\u56fe\u7247_20251029102004_335_1287.png\",\"width\":1308,\"height\":467,\"caption\":\"hardnesstests\"},\"image\":{\"@id\":\"https:\\\/\\\/hardnesstests.com\\\/tr\\\/#\\\/schema\\\/logo\\\/image\\\/\"}}]}<\/script>\n<!-- \/ Yoast SEO Premium plugin. -->","yoast_head_json":{"title":"Touch screen digital display Rockwell hardness tester HRTS-150 - hardnesstests","robots":{"index":"index","follow":"follow","max-snippet":"max-snippet:-1","max-image-preview":"max-image-preview:large","max-video-preview":"max-video-preview:-1"},"canonical":"https:\/\/hardnesstests.com\/de\/produkt\/touch-screen-digital-display-rockwell-hardness-tester-hrts-150\/","og_locale":"de_DE","og_type":"article","og_title":"Touch screen digital display Rockwell hardness tester HRTS-150","og_description":"HRTS-150 color touch screen digital display Rockwell hardness tester is our new generation of high-tech products with multi-function, high precision and stable performance. Its appearance is novel, the shell adopts integrated casting, and its stability is high. Its touch screen interface is menu-oriented. The operation is simple, intuitive and convenient. The measuring device adopts grating sensor and computer control, and the hardness value is directly displayed on the LCD screen. It is a mechatronics hardness tester. Various hardness parameters can be automatically converted to each other, and the minimum thickness of the test piece can be identified. When testing the cylinder, the correction amount can be automatically added. Built-in printer to read relevant test results. Automatic operation is realized, and human operation and reading errors are eliminated! At the same time, the machine is also equipped with an emergency stop device, which is safer to use.","og_url":"https:\/\/hardnesstests.com\/de\/produkt\/touch-screen-digital-display-rockwell-hardness-tester-hrts-150\/","og_site_name":"hardnesstests","og_image":[{"width":800,"height":800,"url":"https:\/\/hardnesstests.com\/wp-content\/uploads\/2025\/11\/HRTS-150\u89e6\u6478\u5c4f\u6570\u663e\u6d1b\u6c0f\u786c\u5ea6\u8ba1.jpg","type":"image\/jpeg"}],"twitter_card":"summary_large_image","twitter_misc":{"Gesch\u00e4tzte Lesezeit":"1\u00a0Minute"},"schema":{"@context":"https:\/\/schema.org","@graph":[{"@type":"WebPage","@id":"https:\/\/hardnesstests.com\/product\/touch-screen-digital-display-rockwell-hardness-tester-hrts-150\/","url":"https:\/\/hardnesstests.com\/product\/touch-screen-digital-display-rockwell-hardness-tester-hrts-150\/","name":"Touch screen digital display Rockwell hardness tester HRTS-150 - hardnesstests","isPartOf":{"@id":"https:\/\/hardnesstests.com\/tr\/#website"},"primaryImageOfPage":{"@id":"https:\/\/hardnesstests.com\/product\/touch-screen-digital-display-rockwell-hardness-tester-hrts-150\/#primaryimage"},"image":{"@id":"https:\/\/hardnesstests.com\/product\/touch-screen-digital-display-rockwell-hardness-tester-hrts-150\/#primaryimage"},"thumbnailUrl":"https:\/\/hardnesstests.com\/wp-content\/uploads\/2025\/11\/HRTS-150\u89e6\u6478\u5c4f\u6570\u663e\u6d1b\u6c0f\u786c\u5ea6\u8ba1.jpg","datePublished":"2025-11-27T08:43:33+00:00","breadcrumb":{"@id":"https:\/\/hardnesstests.com\/product\/touch-screen-digital-display-rockwell-hardness-tester-hrts-150\/#breadcrumb"},"inLanguage":"de-CH","potentialAction":[{"@type":"ReadAction","target":["https:\/\/hardnesstests.com\/product\/touch-screen-digital-display-rockwell-hardness-tester-hrts-150\/"]}]},{"@type":"ImageObject","inLanguage":"de-CH","@id":"https:\/\/hardnesstests.com\/product\/touch-screen-digital-display-rockwell-hardness-tester-hrts-150\/#primaryimage","url":"https:\/\/hardnesstests.com\/wp-content\/uploads\/2025\/11\/HRTS-150\u89e6\u6478\u5c4f\u6570\u663e\u6d1b\u6c0f\u786c\u5ea6\u8ba1.jpg","contentUrl":"https:\/\/hardnesstests.com\/wp-content\/uploads\/2025\/11\/HRTS-150\u89e6\u6478\u5c4f\u6570\u663e\u6d1b\u6c0f\u786c\u5ea6\u8ba1.jpg","width":800,"height":800,"caption":"Touch screen digital display Rockwell hardness tester HRTS-150"},{"@type":"BreadcrumbList","@id":"https:\/\/hardnesstests.com\/product\/touch-screen-digital-display-rockwell-hardness-tester-hrts-150\/#breadcrumb","itemListElement":[{"@type":"ListItem","position":1,"name":"\u9996\u9875","item":"https:\/\/hardnesstests.com\/"},{"@type":"ListItem","position":2,"name":"products","item":"https:\/\/hardnesstests.com\/products\/"},{"@type":"ListItem","position":3,"name":"Touch screen digital display Rockwell hardness tester HRTS-150"}]},{"@type":"WebSite","@id":"https:\/\/hardnesstests.com\/tr\/#website","url":"https:\/\/hardnesstests.com\/tr\/","name":"hardnesstests","description":"","publisher":{"@id":"https:\/\/hardnesstests.com\/tr\/#organization"},"potentialAction":[{"@type":"SearchAction","target":{"@type":"EntryPoint","urlTemplate":"https:\/\/hardnesstests.com\/tr\/?s={search_term_string}"},"query-input":{"@type":"PropertyValueSpecification","valueRequired":true,"valueName":"search_term_string"}}],"inLanguage":"de-CH"},{"@type":"Organization","@id":"https:\/\/hardnesstests.com\/tr\/#organization","name":"hardnesstests","url":"https:\/\/hardnesstests.com\/tr\/","logo":{"@type":"ImageObject","inLanguage":"de-CH","@id":"https:\/\/hardnesstests.com\/tr\/#\/schema\/logo\/image\/","url":"https:\/\/hardnesstests.com\/wp-content\/uploads\/2021\/08\/\u5fae\u4fe1\u56fe\u7247_20251029102004_335_1287.png","contentUrl":"https:\/\/hardnesstests.com\/wp-content\/uploads\/2021\/08\/\u5fae\u4fe1\u56fe\u7247_20251029102004_335_1287.png","width":1308,"height":467,"caption":"hardnesstests"},"image":{"@id":"https:\/\/hardnesstests.com\/tr\/#\/schema\/logo\/image\/"}}]}},"_links":{"self":[{"href":"https:\/\/hardnesstests.com\/de\/wp-json\/wp\/v2\/product\/29825","targetHints":{"allow":["GET"]}}],"collection":[{"href":"https:\/\/hardnesstests.com\/de\/wp-json\/wp\/v2\/product"}],"about":[{"href":"https:\/\/hardnesstests.com\/de\/wp-json\/wp\/v2\/types\/product"}],"replies":[{"embeddable":true,"href":"https:\/\/hardnesstests.com\/de\/wp-json\/wp\/v2\/comments?post=29825"}],"version-history":[{"count":1,"href":"https:\/\/hardnesstests.com\/de\/wp-json\/wp\/v2\/product\/29825\/revisions"}],"predecessor-version":[{"id":29828,"href":"https:\/\/hardnesstests.com\/de\/wp-json\/wp\/v2\/product\/29825\/revisions\/29828"}],"wp:featuredmedia":[{"embeddable":true,"href":"https:\/\/hardnesstests.com\/de\/wp-json\/wp\/v2\/media\/29827"}],"wp:attachment":[{"href":"https:\/\/hardnesstests.com\/de\/wp-json\/wp\/v2\/media?parent=29825"}],"wp:term":[{"taxonomy":"product_brand","embeddable":true,"href":"https:\/\/hardnesstests.com\/de\/wp-json\/wp\/v2\/product_brand?post=29825"},{"taxonomy":"product_cat","embeddable":true,"href":"https:\/\/hardnesstests.com\/de\/wp-json\/wp\/v2\/product_cat?post=29825"},{"taxonomy":"product_tag","embeddable":true,"href":"https:\/\/hardnesstests.com\/de\/wp-json\/wp\/v2\/product_tag?post=29825"}],"curies":[{"name":"wp","href":"https:\/\/api.w.org\/{rel}","templated":true}]}}