{"id":29804,"date":"2025-11-27T08:19:38","date_gmt":"2025-11-27T08:19:38","guid":{"rendered":"https:\/\/hardnesstests.com\/?post_type=product&#038;p=29804"},"modified":"2025-11-27T08:19:38","modified_gmt":"2025-11-27T08:19:38","slug":"%ef%bc%88hr-150dt%ef%bc%89-electric-rockwell-hardness-tester","status":"publish","type":"product","link":"https:\/\/hardnesstests.com\/de\/produkt\/%ef%bc%88hr-150dt%ef%bc%89-electric-rockwell-hardness-tester\/","title":{"rendered":"\uff08HR-150DT\uff09 Elektrisches Rockwell-H\u00e4rtepr\u00fcfger\u00e4t"},"content":{"rendered":"<h1 style=\"font-weight: 400;\"><strong>Main features and features:<\/strong><\/h1>\n<ol>\n<li style=\"font-weight: 400;\">The hardness value can be read directly through the dial pointer, the pointer responds sensitively, and the measured result is higher than the national standard;<\/li>\n<li style=\"font-weight: 400;\">The shell is made of one-time molding and casting by a special sand-finding process, the structure is stable and does not deform, and can work in a relatively harsh environment; the car paint has high grades, strong scratch resistance, and it is still bright as new after years of use;<\/li>\n<li style=\"font-weight: 400;\">Test force: applying, holding and unloading are automatically completed;<\/li>\n<li style=\"font-weight: 400;\">We have the ability to develop, design, produce and process by ourselves, and provide parts replacement and maintenance upgrade services for our machines for life.<\/li>\n<\/ol>\n<h1 style=\"font-weight: 400;\"><strong>Main use and scope of application:<\/strong><\/h1>\n<ol>\n<li style=\"font-weight: 400;\">Hardened steel, quenched and tempered steel, annealed steel, bearing steel, strip steel, hardened steel sheet, hard alloy, etc.;<\/li>\n<\/ol>\n<h1><strong>Technicial parameters<\/strong><strong>\uff1a<\/strong><\/h1>\n<table>\n<tbody>\n<tr>\n<td width=\"120\">Modell des Produkts<\/td>\n<td width=\"485\">HR-150DT<\/td>\n<\/tr>\n<tr>\n<td width=\"120\">Intial test force<\/td>\n<td width=\"485\">10kgf(98.07N)<\/td>\n<\/tr>\n<tr>\n<td width=\"120\">Pr\u00fcfkraft<\/td>\n<td width=\"485\">60kgf(588N)\u00a0\u00a0\u00a0100kgf(980N)\u00a0\u00a0\u00a0\u00a0150kgf(1471N)<\/td>\n<\/tr>\n<tr>\n<td width=\"120\">Rockwell ruler<\/td>\n<td width=\"485\">HRA\u3001HRB\u3001HRC\u3001HRD\u3001HRE\u3001HRF\u3001HRG\u3001HRH\u3001HRK<\/td>\n<\/tr>\n<tr>\n<td rowspan=\"2\" width=\"120\">Messbereich<\/td>\n<td width=\"485\">HRA:20-88\u00a0\u00a0\u00a0HRB:20-100\u00a0\u00a0HRC:20-70\u00a0\u00a0HRD:40-77<\/td>\n<\/tr>\n<tr>\n<td width=\"485\">HRF:60-100\u00a0\u00a0HRG:30-94\u00a0\u00a0HRH:80-100\u00a0\u00a0HRK:40-100<\/td>\n<\/tr>\n<tr>\n<td width=\"120\">Datenausgabe<\/td>\n<td width=\"485\">Dial reading<\/td>\n<\/tr>\n<tr>\n<td width=\"120\">Ausf\u00fchrender Standard<\/td>\n<td width=\"485\">GB\/T230.1\u00a0\u00a0GB\/T230.2 National standard\u00a0\u00a0JJG112 Verification procedure<\/td>\n<\/tr>\n<tr>\n<td width=\"120\">Maximale H\u00f6he des Pr\u00fcfk\u00f6rpers<\/td>\n<td width=\"485\">230mm<\/td>\n<\/tr>\n<tr>\n<td width=\"120\">Abstand zwischen Eindringk\u00f6rper und Au\u00dfenwand<\/td>\n<td width=\"485\">160mm<\/td>\n<\/tr>\n<tr>\n<td width=\"120\">Stromversorgung<\/td>\n<td width=\"485\">AC220V<u>+<\/u>5%,50~60Hz<\/td>\n<\/tr>\n<tr>\n<td width=\"120\">Dimension (mm)<\/td>\n<td width=\"485\">520*240*700<\/td>\n<\/tr>\n<tr>\n<td width=\"120\">Gewicht des Wirts<\/td>\n<td width=\"485\">Around 70Kg<\/td>\n<\/tr>\n<\/tbody>\n<\/table>","protected":false},"excerpt":{"rendered":"<p>The electric Rockwell hardness tester adopts an automatic loading and unloading test force mechanism, and the test force conversion is obtained by the rotation of the variable load handwheel;The operation is simple and rapid, except for the dial to zero, there is no man-made operation error, and it has high sensitivity and stability;Suitable for workshops and laboratories. It has been widely used in all walks of life.<\/p>","protected":false},"featured_media":29805,"comment_status":"open","ping_status":"closed","template":"","meta":[],"product_brand":[],"product_cat":[70,74],"product_tag":[109],"class_list":{"0":"post-29804","1":"product","2":"type-product","3":"status-publish","4":"has-post-thumbnail","6":"product_cat-hardness-tester","7":"product_cat-rockwell-hardness-tester","8":"product_tag-methods-rockwell-hardness-test","10":"first","11":"instock","12":"shipping-taxable","13":"product-type-simple"},"yoast_head":"<!-- This site is optimized with the Yoast SEO Premium plugin v25.4 (Yoast SEO v27.4) - https:\/\/yoast.com\/product\/yoast-seo-premium-wordpress\/ -->\n<title>\uff08HR-150DT\uff09 Electric Rockwell hardness tester - hardnesstests<\/title>\n<meta name=\"robots\" content=\"index, follow, max-snippet:-1, max-image-preview:large, max-video-preview:-1\" \/>\n<link rel=\"canonical\" href=\"https:\/\/hardnesstests.com\/de\/produkt\/\uff08hr-150dt\uff09-electric-rockwell-hardness-tester\/\" \/>\n<meta property=\"og:locale\" content=\"de_DE\" \/>\n<meta property=\"og:type\" content=\"article\" \/>\n<meta property=\"og:title\" content=\"\uff08HR-150DT\uff09 Electric Rockwell hardness tester\" \/>\n<meta property=\"og:description\" content=\"The electric Rockwell hardness tester adopts an automatic loading and unloading test force mechanism, and the test force conversion is obtained by the rotation of the variable load handwheel;The operation is simple and rapid, except for the dial to zero, there is no man-made operation error, and it has high sensitivity and stability;Suitable for workshops and laboratories. It has been widely used in all walks of life.\" \/>\n<meta property=\"og:url\" content=\"https:\/\/hardnesstests.com\/de\/produkt\/\uff08hr-150dt\uff09-electric-rockwell-hardness-tester\/\" \/>\n<meta property=\"og:site_name\" content=\"hardnesstests\" \/>\n<meta property=\"og:image\" content=\"https:\/\/hardnesstests.com\/wp-content\/uploads\/2025\/11\/HR-150DT\u7535\u52a8\u6d1b\u6c0f\u786c\u5ea6\u8ba1.jpg\" \/>\n\t<meta property=\"og:image:width\" content=\"800\" \/>\n\t<meta property=\"og:image:height\" content=\"800\" \/>\n\t<meta property=\"og:image:type\" content=\"image\/jpeg\" \/>\n<meta name=\"twitter:card\" content=\"summary_large_image\" \/>\n<meta name=\"twitter:label1\" content=\"Gesch\u00e4tzte Lesezeit\" \/>\n\t<meta name=\"twitter:data1\" content=\"1\u00a0Minute\" \/>\n<script type=\"application\/ld+json\" class=\"yoast-schema-graph\">{\"@context\":\"https:\\\/\\\/schema.org\",\"@graph\":[{\"@type\":\"WebPage\",\"@id\":\"https:\\\/\\\/hardnesstests.com\\\/product\\\/%ef%bc%88hr-150dt%ef%bc%89-electric-rockwell-hardness-tester\\\/\",\"url\":\"https:\\\/\\\/hardnesstests.com\\\/product\\\/%ef%bc%88hr-150dt%ef%bc%89-electric-rockwell-hardness-tester\\\/\",\"name\":\"\uff08HR-150DT\uff09 Electric Rockwell hardness tester - hardnesstests\",\"isPartOf\":{\"@id\":\"https:\\\/\\\/hardnesstests.com\\\/tr\\\/#website\"},\"primaryImageOfPage\":{\"@id\":\"https:\\\/\\\/hardnesstests.com\\\/product\\\/%ef%bc%88hr-150dt%ef%bc%89-electric-rockwell-hardness-tester\\\/#primaryimage\"},\"image\":{\"@id\":\"https:\\\/\\\/hardnesstests.com\\\/product\\\/%ef%bc%88hr-150dt%ef%bc%89-electric-rockwell-hardness-tester\\\/#primaryimage\"},\"thumbnailUrl\":\"https:\\\/\\\/hardnesstests.com\\\/wp-content\\\/uploads\\\/2025\\\/11\\\/HR-150DT\u7535\u52a8\u6d1b\u6c0f\u786c\u5ea6\u8ba1.jpg\",\"datePublished\":\"2025-11-27T08:19:38+00:00\",\"breadcrumb\":{\"@id\":\"https:\\\/\\\/hardnesstests.com\\\/product\\\/%ef%bc%88hr-150dt%ef%bc%89-electric-rockwell-hardness-tester\\\/#breadcrumb\"},\"inLanguage\":\"de-CH\",\"potentialAction\":[{\"@type\":\"ReadAction\",\"target\":[\"https:\\\/\\\/hardnesstests.com\\\/product\\\/%ef%bc%88hr-150dt%ef%bc%89-electric-rockwell-hardness-tester\\\/\"]}]},{\"@type\":\"ImageObject\",\"inLanguage\":\"de-CH\",\"@id\":\"https:\\\/\\\/hardnesstests.com\\\/product\\\/%ef%bc%88hr-150dt%ef%bc%89-electric-rockwell-hardness-tester\\\/#primaryimage\",\"url\":\"https:\\\/\\\/hardnesstests.com\\\/wp-content\\\/uploads\\\/2025\\\/11\\\/HR-150DT\u7535\u52a8\u6d1b\u6c0f\u786c\u5ea6\u8ba1.jpg\",\"contentUrl\":\"https:\\\/\\\/hardnesstests.com\\\/wp-content\\\/uploads\\\/2025\\\/11\\\/HR-150DT\u7535\u52a8\u6d1b\u6c0f\u786c\u5ea6\u8ba1.jpg\",\"width\":800,\"height\":800,\"caption\":\"\uff08HR-150DT\uff09 Electric Rockwell hardness tester\"},{\"@type\":\"BreadcrumbList\",\"@id\":\"https:\\\/\\\/hardnesstests.com\\\/product\\\/%ef%bc%88hr-150dt%ef%bc%89-electric-rockwell-hardness-tester\\\/#breadcrumb\",\"itemListElement\":[{\"@type\":\"ListItem\",\"position\":1,\"name\":\"\u9996\u9875\",\"item\":\"https:\\\/\\\/hardnesstests.com\\\/\"},{\"@type\":\"ListItem\",\"position\":2,\"name\":\"products\",\"item\":\"https:\\\/\\\/hardnesstests.com\\\/products\\\/\"},{\"@type\":\"ListItem\",\"position\":3,\"name\":\"\uff08HR-150DT\uff09 Electric Rockwell hardness tester\"}]},{\"@type\":\"WebSite\",\"@id\":\"https:\\\/\\\/hardnesstests.com\\\/tr\\\/#website\",\"url\":\"https:\\\/\\\/hardnesstests.com\\\/tr\\\/\",\"name\":\"hardnesstests\",\"description\":\"\",\"publisher\":{\"@id\":\"https:\\\/\\\/hardnesstests.com\\\/tr\\\/#organization\"},\"potentialAction\":[{\"@type\":\"SearchAction\",\"target\":{\"@type\":\"EntryPoint\",\"urlTemplate\":\"https:\\\/\\\/hardnesstests.com\\\/tr\\\/?s={search_term_string}\"},\"query-input\":{\"@type\":\"PropertyValueSpecification\",\"valueRequired\":true,\"valueName\":\"search_term_string\"}}],\"inLanguage\":\"de-CH\"},{\"@type\":\"Organization\",\"@id\":\"https:\\\/\\\/hardnesstests.com\\\/tr\\\/#organization\",\"name\":\"hardnesstests\",\"url\":\"https:\\\/\\\/hardnesstests.com\\\/tr\\\/\",\"logo\":{\"@type\":\"ImageObject\",\"inLanguage\":\"de-CH\",\"@id\":\"https:\\\/\\\/hardnesstests.com\\\/tr\\\/#\\\/schema\\\/logo\\\/image\\\/\",\"url\":\"https:\\\/\\\/hardnesstests.com\\\/wp-content\\\/uploads\\\/2021\\\/08\\\/\u5fae\u4fe1\u56fe\u7247_20251029102004_335_1287.png\",\"contentUrl\":\"https:\\\/\\\/hardnesstests.com\\\/wp-content\\\/uploads\\\/2021\\\/08\\\/\u5fae\u4fe1\u56fe\u7247_20251029102004_335_1287.png\",\"width\":1308,\"height\":467,\"caption\":\"hardnesstests\"},\"image\":{\"@id\":\"https:\\\/\\\/hardnesstests.com\\\/tr\\\/#\\\/schema\\\/logo\\\/image\\\/\"}}]}<\/script>\n<!-- \/ Yoast SEO Premium plugin. -->","yoast_head_json":{"title":"\uff08HR-150DT\uff09 Electric Rockwell hardness tester - hardnesstests","robots":{"index":"index","follow":"follow","max-snippet":"max-snippet:-1","max-image-preview":"max-image-preview:large","max-video-preview":"max-video-preview:-1"},"canonical":"https:\/\/hardnesstests.com\/de\/produkt\/\uff08hr-150dt\uff09-electric-rockwell-hardness-tester\/","og_locale":"de_DE","og_type":"article","og_title":"\uff08HR-150DT\uff09 Electric Rockwell hardness tester","og_description":"The electric Rockwell hardness tester adopts an automatic loading and unloading test force mechanism, and the test force conversion is obtained by the rotation of the variable load handwheel;The operation is simple and rapid, except for the dial to zero, there is no man-made operation error, and it has high sensitivity and stability;Suitable for workshops and laboratories. It has been widely used in all walks of life.","og_url":"https:\/\/hardnesstests.com\/de\/produkt\/\uff08hr-150dt\uff09-electric-rockwell-hardness-tester\/","og_site_name":"hardnesstests","og_image":[{"width":800,"height":800,"url":"https:\/\/hardnesstests.com\/wp-content\/uploads\/2025\/11\/HR-150DT\u7535\u52a8\u6d1b\u6c0f\u786c\u5ea6\u8ba1.jpg","type":"image\/jpeg"}],"twitter_card":"summary_large_image","twitter_misc":{"Gesch\u00e4tzte Lesezeit":"1\u00a0Minute"},"schema":{"@context":"https:\/\/schema.org","@graph":[{"@type":"WebPage","@id":"https:\/\/hardnesstests.com\/product\/%ef%bc%88hr-150dt%ef%bc%89-electric-rockwell-hardness-tester\/","url":"https:\/\/hardnesstests.com\/product\/%ef%bc%88hr-150dt%ef%bc%89-electric-rockwell-hardness-tester\/","name":"\uff08HR-150DT\uff09 Electric Rockwell hardness tester - hardnesstests","isPartOf":{"@id":"https:\/\/hardnesstests.com\/tr\/#website"},"primaryImageOfPage":{"@id":"https:\/\/hardnesstests.com\/product\/%ef%bc%88hr-150dt%ef%bc%89-electric-rockwell-hardness-tester\/#primaryimage"},"image":{"@id":"https:\/\/hardnesstests.com\/product\/%ef%bc%88hr-150dt%ef%bc%89-electric-rockwell-hardness-tester\/#primaryimage"},"thumbnailUrl":"https:\/\/hardnesstests.com\/wp-content\/uploads\/2025\/11\/HR-150DT\u7535\u52a8\u6d1b\u6c0f\u786c\u5ea6\u8ba1.jpg","datePublished":"2025-11-27T08:19:38+00:00","breadcrumb":{"@id":"https:\/\/hardnesstests.com\/product\/%ef%bc%88hr-150dt%ef%bc%89-electric-rockwell-hardness-tester\/#breadcrumb"},"inLanguage":"de-CH","potentialAction":[{"@type":"ReadAction","target":["https:\/\/hardnesstests.com\/product\/%ef%bc%88hr-150dt%ef%bc%89-electric-rockwell-hardness-tester\/"]}]},{"@type":"ImageObject","inLanguage":"de-CH","@id":"https:\/\/hardnesstests.com\/product\/%ef%bc%88hr-150dt%ef%bc%89-electric-rockwell-hardness-tester\/#primaryimage","url":"https:\/\/hardnesstests.com\/wp-content\/uploads\/2025\/11\/HR-150DT\u7535\u52a8\u6d1b\u6c0f\u786c\u5ea6\u8ba1.jpg","contentUrl":"https:\/\/hardnesstests.com\/wp-content\/uploads\/2025\/11\/HR-150DT\u7535\u52a8\u6d1b\u6c0f\u786c\u5ea6\u8ba1.jpg","width":800,"height":800,"caption":"\uff08HR-150DT\uff09 Electric Rockwell hardness tester"},{"@type":"BreadcrumbList","@id":"https:\/\/hardnesstests.com\/product\/%ef%bc%88hr-150dt%ef%bc%89-electric-rockwell-hardness-tester\/#breadcrumb","itemListElement":[{"@type":"ListItem","position":1,"name":"\u9996\u9875","item":"https:\/\/hardnesstests.com\/"},{"@type":"ListItem","position":2,"name":"products","item":"https:\/\/hardnesstests.com\/products\/"},{"@type":"ListItem","position":3,"name":"\uff08HR-150DT\uff09 Electric Rockwell hardness tester"}]},{"@type":"WebSite","@id":"https:\/\/hardnesstests.com\/tr\/#website","url":"https:\/\/hardnesstests.com\/tr\/","name":"hardnesstests","description":"","publisher":{"@id":"https:\/\/hardnesstests.com\/tr\/#organization"},"potentialAction":[{"@type":"SearchAction","target":{"@type":"EntryPoint","urlTemplate":"https:\/\/hardnesstests.com\/tr\/?s={search_term_string}"},"query-input":{"@type":"PropertyValueSpecification","valueRequired":true,"valueName":"search_term_string"}}],"inLanguage":"de-CH"},{"@type":"Organization","@id":"https:\/\/hardnesstests.com\/tr\/#organization","name":"hardnesstests","url":"https:\/\/hardnesstests.com\/tr\/","logo":{"@type":"ImageObject","inLanguage":"de-CH","@id":"https:\/\/hardnesstests.com\/tr\/#\/schema\/logo\/image\/","url":"https:\/\/hardnesstests.com\/wp-content\/uploads\/2021\/08\/\u5fae\u4fe1\u56fe\u7247_20251029102004_335_1287.png","contentUrl":"https:\/\/hardnesstests.com\/wp-content\/uploads\/2021\/08\/\u5fae\u4fe1\u56fe\u7247_20251029102004_335_1287.png","width":1308,"height":467,"caption":"hardnesstests"},"image":{"@id":"https:\/\/hardnesstests.com\/tr\/#\/schema\/logo\/image\/"}}]}},"_links":{"self":[{"href":"https:\/\/hardnesstests.com\/de\/wp-json\/wp\/v2\/product\/29804","targetHints":{"allow":["GET"]}}],"collection":[{"href":"https:\/\/hardnesstests.com\/de\/wp-json\/wp\/v2\/product"}],"about":[{"href":"https:\/\/hardnesstests.com\/de\/wp-json\/wp\/v2\/types\/product"}],"replies":[{"embeddable":true,"href":"https:\/\/hardnesstests.com\/de\/wp-json\/wp\/v2\/comments?post=29804"}],"version-history":[{"count":1,"href":"https:\/\/hardnesstests.com\/de\/wp-json\/wp\/v2\/product\/29804\/revisions"}],"predecessor-version":[{"id":29806,"href":"https:\/\/hardnesstests.com\/de\/wp-json\/wp\/v2\/product\/29804\/revisions\/29806"}],"wp:featuredmedia":[{"embeddable":true,"href":"https:\/\/hardnesstests.com\/de\/wp-json\/wp\/v2\/media\/29805"}],"wp:attachment":[{"href":"https:\/\/hardnesstests.com\/de\/wp-json\/wp\/v2\/media?parent=29804"}],"wp:term":[{"taxonomy":"product_brand","embeddable":true,"href":"https:\/\/hardnesstests.com\/de\/wp-json\/wp\/v2\/product_brand?post=29804"},{"taxonomy":"product_cat","embeddable":true,"href":"https:\/\/hardnesstests.com\/de\/wp-json\/wp\/v2\/product_cat?post=29804"},{"taxonomy":"product_tag","embeddable":true,"href":"https:\/\/hardnesstests.com\/de\/wp-json\/wp\/v2\/product_tag?post=29804"}],"curies":[{"name":"wp","href":"https:\/\/api.w.org\/{rel}","templated":true}]}}