{"id":29778,"date":"2025-11-27T07:45:00","date_gmt":"2025-11-27T07:45:00","guid":{"rendered":"https:\/\/hardnesstests.com\/?post_type=product&#038;p=29778"},"modified":"2025-11-27T07:45:00","modified_gmt":"2025-11-27T07:45:00","slug":"metallographic-cutting-machine-q-100z","status":"publish","type":"product","link":"https:\/\/hardnesstests.com\/de\/produkt\/metallographic-cutting-machine-q-100z\/","title":{"rendered":"Metallografische Schneidmaschine Q-100Z"},"content":{"rendered":"<h1 style=\"font-weight: 400;\"><strong>Technische Parameter:<\/strong><\/h1>\n<table width=\"559\">\n<tbody>\n<tr>\n<td width=\"178\">Name<\/td>\n<td width=\"382\">Spezifikationen<\/td>\n<\/tr>\n<tr>\n<td width=\"178\">Schnittverfahren<\/td>\n<td width=\"382\">Manuelles Schneiden, kontinuierliches Schneiden, Impulsschneiden<\/td>\n<\/tr>\n<tr>\n<td width=\"178\">Vorschubgeschwindigkeit<\/td>\n<td width=\"382\">0,01-3mm\/s k\u00f6nnen beliebig eingestellt werden<\/td>\n<\/tr>\n<tr>\n<td width=\"178\">Gr\u00f6\u00dfe der Trennscheibe<\/td>\n<td width=\"382\">\u03c6350x\u03c632\u00d72,5mm<\/td>\n<\/tr>\n<tr>\n<td width=\"178\">Spindeldrehzahl<\/td>\n<td width=\"382\">2800U\/min<\/td>\n<\/tr>\n<tr>\n<td width=\"178\">Gr\u00f6\u00dfe des Schneidtisches<\/td>\n<td width=\"382\">325X305mm<\/td>\n<\/tr>\n<tr>\n<td width=\"178\">Verfahrweg der Y-Achse<\/td>\n<td width=\"382\">270mm<\/td>\n<\/tr>\n<tr>\n<td width=\"178\">Maximaler Schnittdurchmesser<\/td>\n<td width=\"382\">\u03c6100mm<\/td>\n<\/tr>\n<tr>\n<td width=\"178\">Motorleistung<\/td>\n<td width=\"382\">3KW<\/td>\n<\/tr>\n<tr>\n<td width=\"178\">Stromversorgung<\/td>\n<td width=\"382\">Dreiphasen-Vierleiter 380V 50HZ<\/td>\n<\/tr>\n<tr>\n<td width=\"178\">LCD-Bildschirm<\/td>\n<td width=\"382\">Touchscreen<\/td>\n<\/tr>\n<tr>\n<td width=\"178\">Schneidevorrichtung<\/td>\n<td width=\"382\">Klemme mit Gewinde, anpassbar<\/td>\n<\/tr>\n<tr>\n<td width=\"178\">Fassungsverm\u00f6gen des K\u00fchlwassertanks<\/td>\n<td width=\"382\">50L<\/td>\n<\/tr>\n<tr>\n<td width=\"178\">Abmessungen (BXTXH)<\/td>\n<td width=\"382\">900x920x670mm<\/td>\n<\/tr>\n<tr>\n<td width=\"178\">Abmessungen der Holzkiste<\/td>\n<td width=\"382\">990X1040X810<\/td>\n<\/tr>\n<tr>\n<td width=\"178\">Abmessungen des Wassertanks<\/td>\n<td width=\"382\">685X530X640<\/td>\n<\/tr>\n<tr>\n<td width=\"178\">Nettogewicht<\/td>\n<td width=\"382\">290KG<\/td>\n<\/tr>\n<\/tbody>\n<\/table>","protected":false},"excerpt":{"rendered":"<p>Die automatische Schneidemaschine Q-100Z wird \u00fcber eine SPS und einen Touchscreen gesteuert und verf\u00fcgt \u00fcber eine sehr hohe Zuverl\u00e4ssigkeit und leistungsstarke Steuerungsm\u00f6glichkeiten. Die gesamte Maschine nimmt eine vollst\u00e4ndig geschlossene Struktur, und der Schneidraum Sicherheitsschild ist mit einem extra gro\u00dfen Beobachtungsfenster, die bequem f\u00fcr die Benutzer, um den gesamten Schneidprozess der Probe zu beobachten ist ausgestattet; ausgestattet mit einem LED-Beleuchtungssystem, um eine effektive Beleuchtung des gesamten Schneidraum zu erreichen; ausgestattet mit einem zirkulierenden K\u00fchlsystem, um sicherzustellen, dass die Oberfl\u00e4che der Probe nach dem Schneiden ist hell, flach und frei von Verbrennungen; geeignet f\u00fcr das Schneiden von Proben aus verschiedenen Metallen und nicht-metallischen Materialien, um die metallographische und petrographische Strukturen der Materialien zu beobachten. Es zeichnet sich durch einen automatisierten Schneidprozess, geringe Ger\u00e4uschentwicklung, einfache Bedienung, Sicherheit und Zuverl\u00e4ssigkeit aus und ist eine der notwendigen Ausr\u00fcstungen f\u00fcr die Probenvorbereitung im Labor.<\/p>","protected":false},"featured_media":29779,"comment_status":"open","ping_status":"closed","template":"","meta":[],"product_brand":[],"product_cat":[93,81],"product_tag":[108],"class_list":{"0":"post-29778","1":"product","2":"type-product","3":"status-publish","4":"has-post-thumbnail","6":"product_cat-metallographic-cutting-machine","7":"product_cat-sample-preparation-and-analysis","8":"product_tag-metallographic-cutting-machine","10":"first","11":"instock","12":"shipping-taxable","13":"product-type-simple"},"yoast_head":"<!-- This site is optimized with the Yoast SEO Premium plugin v25.4 (Yoast SEO v27.4) - https:\/\/yoast.com\/product\/yoast-seo-premium-wordpress\/ -->\n<title>Metallographic cutting machine Q-100Z - hardnesstests<\/title>\n<meta name=\"robots\" content=\"index, follow, max-snippet:-1, max-image-preview:large, max-video-preview:-1\" \/>\n<link rel=\"canonical\" href=\"https:\/\/hardnesstests.com\/de\/produkt\/metallographic-cutting-machine-q-100z\/\" \/>\n<meta property=\"og:locale\" content=\"de_DE\" \/>\n<meta property=\"og:type\" content=\"article\" \/>\n<meta property=\"og:title\" content=\"Metallographic cutting machine Q-100Z\" \/>\n<meta property=\"og:description\" content=\"The Q-100Z automatic cutting machine is controlled by PLC and touch screen, with very high reliability and powerful control capabilities. The whole machine adopts a fully enclosed structure, and the cutting room safety shield is equipped with an extra-large observation window, which is convenient for users to observe the entire cutting process of the sample; equipped with an LED lighting system to achieve effective lighting of the entire cutting room; equipped with a circulating cooling system to ensure that the surface of the sample after cutting is bright, flat, and free of burns; suitable for cutting samples of various metals and non-metallic materials to observe the metallographic and petrographic structures of the materials. It has the characteristics of automated cutting process, low noise, simple operation, safety and reliability, and is one of the necessary equipment for laboratory sample preparation.\" \/>\n<meta property=\"og:url\" content=\"https:\/\/hardnesstests.com\/de\/produkt\/metallographic-cutting-machine-q-100z\/\" \/>\n<meta property=\"og:site_name\" content=\"hardnesstests\" \/>\n<meta property=\"og:image\" content=\"https:\/\/hardnesstests.com\/wp-content\/uploads\/2025\/11\/Q-100Z\u91d1\u76f8\u5207\u5272\u673a.jpg\" \/>\n\t<meta property=\"og:image:width\" content=\"800\" \/>\n\t<meta property=\"og:image:height\" content=\"800\" \/>\n\t<meta property=\"og:image:type\" content=\"image\/jpeg\" \/>\n<meta name=\"twitter:card\" content=\"summary_large_image\" \/>\n<script type=\"application\/ld+json\" class=\"yoast-schema-graph\">{\"@context\":\"https:\\\/\\\/schema.org\",\"@graph\":[{\"@type\":\"WebPage\",\"@id\":\"https:\\\/\\\/hardnesstests.com\\\/product\\\/metallographic-cutting-machine-q-100z\\\/\",\"url\":\"https:\\\/\\\/hardnesstests.com\\\/product\\\/metallographic-cutting-machine-q-100z\\\/\",\"name\":\"Metallographic cutting machine Q-100Z - hardnesstests\",\"isPartOf\":{\"@id\":\"https:\\\/\\\/hardnesstests.com\\\/tr\\\/#website\"},\"primaryImageOfPage\":{\"@id\":\"https:\\\/\\\/hardnesstests.com\\\/product\\\/metallographic-cutting-machine-q-100z\\\/#primaryimage\"},\"image\":{\"@id\":\"https:\\\/\\\/hardnesstests.com\\\/product\\\/metallographic-cutting-machine-q-100z\\\/#primaryimage\"},\"thumbnailUrl\":\"https:\\\/\\\/hardnesstests.com\\\/wp-content\\\/uploads\\\/2025\\\/11\\\/Q-100Z\u91d1\u76f8\u5207\u5272\u673a.jpg\",\"datePublished\":\"2025-11-27T07:45:00+00:00\",\"breadcrumb\":{\"@id\":\"https:\\\/\\\/hardnesstests.com\\\/product\\\/metallographic-cutting-machine-q-100z\\\/#breadcrumb\"},\"inLanguage\":\"de-CH\",\"potentialAction\":[{\"@type\":\"ReadAction\",\"target\":[\"https:\\\/\\\/hardnesstests.com\\\/product\\\/metallographic-cutting-machine-q-100z\\\/\"]}]},{\"@type\":\"ImageObject\",\"inLanguage\":\"de-CH\",\"@id\":\"https:\\\/\\\/hardnesstests.com\\\/product\\\/metallographic-cutting-machine-q-100z\\\/#primaryimage\",\"url\":\"https:\\\/\\\/hardnesstests.com\\\/wp-content\\\/uploads\\\/2025\\\/11\\\/Q-100Z\u91d1\u76f8\u5207\u5272\u673a.jpg\",\"contentUrl\":\"https:\\\/\\\/hardnesstests.com\\\/wp-content\\\/uploads\\\/2025\\\/11\\\/Q-100Z\u91d1\u76f8\u5207\u5272\u673a.jpg\",\"width\":800,\"height\":800,\"caption\":\"Metallographic cutting machine Q-100Z\"},{\"@type\":\"BreadcrumbList\",\"@id\":\"https:\\\/\\\/hardnesstests.com\\\/product\\\/metallographic-cutting-machine-q-100z\\\/#breadcrumb\",\"itemListElement\":[{\"@type\":\"ListItem\",\"position\":1,\"name\":\"\u9996\u9875\",\"item\":\"https:\\\/\\\/hardnesstests.com\\\/\"},{\"@type\":\"ListItem\",\"position\":2,\"name\":\"products\",\"item\":\"https:\\\/\\\/hardnesstests.com\\\/products\\\/\"},{\"@type\":\"ListItem\",\"position\":3,\"name\":\"Metallographic cutting machine Q-100Z\"}]},{\"@type\":\"WebSite\",\"@id\":\"https:\\\/\\\/hardnesstests.com\\\/tr\\\/#website\",\"url\":\"https:\\\/\\\/hardnesstests.com\\\/tr\\\/\",\"name\":\"hardnesstests\",\"description\":\"\",\"publisher\":{\"@id\":\"https:\\\/\\\/hardnesstests.com\\\/tr\\\/#organization\"},\"potentialAction\":[{\"@type\":\"SearchAction\",\"target\":{\"@type\":\"EntryPoint\",\"urlTemplate\":\"https:\\\/\\\/hardnesstests.com\\\/tr\\\/?s={search_term_string}\"},\"query-input\":{\"@type\":\"PropertyValueSpecification\",\"valueRequired\":true,\"valueName\":\"search_term_string\"}}],\"inLanguage\":\"de-CH\"},{\"@type\":\"Organization\",\"@id\":\"https:\\\/\\\/hardnesstests.com\\\/tr\\\/#organization\",\"name\":\"hardnesstests\",\"url\":\"https:\\\/\\\/hardnesstests.com\\\/tr\\\/\",\"logo\":{\"@type\":\"ImageObject\",\"inLanguage\":\"de-CH\",\"@id\":\"https:\\\/\\\/hardnesstests.com\\\/tr\\\/#\\\/schema\\\/logo\\\/image\\\/\",\"url\":\"https:\\\/\\\/hardnesstests.com\\\/wp-content\\\/uploads\\\/2021\\\/08\\\/\u5fae\u4fe1\u56fe\u7247_20251029102004_335_1287.png\",\"contentUrl\":\"https:\\\/\\\/hardnesstests.com\\\/wp-content\\\/uploads\\\/2021\\\/08\\\/\u5fae\u4fe1\u56fe\u7247_20251029102004_335_1287.png\",\"width\":1308,\"height\":467,\"caption\":\"hardnesstests\"},\"image\":{\"@id\":\"https:\\\/\\\/hardnesstests.com\\\/tr\\\/#\\\/schema\\\/logo\\\/image\\\/\"}}]}<\/script>\n<!-- \/ Yoast SEO Premium plugin. -->","yoast_head_json":{"title":"Metallographic cutting machine Q-100Z - hardnesstests","robots":{"index":"index","follow":"follow","max-snippet":"max-snippet:-1","max-image-preview":"max-image-preview:large","max-video-preview":"max-video-preview:-1"},"canonical":"https:\/\/hardnesstests.com\/de\/produkt\/metallographic-cutting-machine-q-100z\/","og_locale":"de_DE","og_type":"article","og_title":"Metallographic cutting machine Q-100Z","og_description":"The Q-100Z automatic cutting machine is controlled by PLC and touch screen, with very high reliability and powerful control capabilities. The whole machine adopts a fully enclosed structure, and the cutting room safety shield is equipped with an extra-large observation window, which is convenient for users to observe the entire cutting process of the sample; equipped with an LED lighting system to achieve effective lighting of the entire cutting room; equipped with a circulating cooling system to ensure that the surface of the sample after cutting is bright, flat, and free of burns; suitable for cutting samples of various metals and non-metallic materials to observe the metallographic and petrographic structures of the materials. It has the characteristics of automated cutting process, low noise, simple operation, safety and reliability, and is one of the necessary equipment for laboratory sample preparation.","og_url":"https:\/\/hardnesstests.com\/de\/produkt\/metallographic-cutting-machine-q-100z\/","og_site_name":"hardnesstests","og_image":[{"width":800,"height":800,"url":"https:\/\/hardnesstests.com\/wp-content\/uploads\/2025\/11\/Q-100Z\u91d1\u76f8\u5207\u5272\u673a.jpg","type":"image\/jpeg"}],"twitter_card":"summary_large_image","schema":{"@context":"https:\/\/schema.org","@graph":[{"@type":"WebPage","@id":"https:\/\/hardnesstests.com\/product\/metallographic-cutting-machine-q-100z\/","url":"https:\/\/hardnesstests.com\/product\/metallographic-cutting-machine-q-100z\/","name":"Metallographic cutting machine Q-100Z - hardnesstests","isPartOf":{"@id":"https:\/\/hardnesstests.com\/tr\/#website"},"primaryImageOfPage":{"@id":"https:\/\/hardnesstests.com\/product\/metallographic-cutting-machine-q-100z\/#primaryimage"},"image":{"@id":"https:\/\/hardnesstests.com\/product\/metallographic-cutting-machine-q-100z\/#primaryimage"},"thumbnailUrl":"https:\/\/hardnesstests.com\/wp-content\/uploads\/2025\/11\/Q-100Z\u91d1\u76f8\u5207\u5272\u673a.jpg","datePublished":"2025-11-27T07:45:00+00:00","breadcrumb":{"@id":"https:\/\/hardnesstests.com\/product\/metallographic-cutting-machine-q-100z\/#breadcrumb"},"inLanguage":"de-CH","potentialAction":[{"@type":"ReadAction","target":["https:\/\/hardnesstests.com\/product\/metallographic-cutting-machine-q-100z\/"]}]},{"@type":"ImageObject","inLanguage":"de-CH","@id":"https:\/\/hardnesstests.com\/product\/metallographic-cutting-machine-q-100z\/#primaryimage","url":"https:\/\/hardnesstests.com\/wp-content\/uploads\/2025\/11\/Q-100Z\u91d1\u76f8\u5207\u5272\u673a.jpg","contentUrl":"https:\/\/hardnesstests.com\/wp-content\/uploads\/2025\/11\/Q-100Z\u91d1\u76f8\u5207\u5272\u673a.jpg","width":800,"height":800,"caption":"Metallographic cutting machine Q-100Z"},{"@type":"BreadcrumbList","@id":"https:\/\/hardnesstests.com\/product\/metallographic-cutting-machine-q-100z\/#breadcrumb","itemListElement":[{"@type":"ListItem","position":1,"name":"\u9996\u9875","item":"https:\/\/hardnesstests.com\/"},{"@type":"ListItem","position":2,"name":"products","item":"https:\/\/hardnesstests.com\/products\/"},{"@type":"ListItem","position":3,"name":"Metallographic cutting machine Q-100Z"}]},{"@type":"WebSite","@id":"https:\/\/hardnesstests.com\/tr\/#website","url":"https:\/\/hardnesstests.com\/tr\/","name":"hardnesstests","description":"","publisher":{"@id":"https:\/\/hardnesstests.com\/tr\/#organization"},"potentialAction":[{"@type":"SearchAction","target":{"@type":"EntryPoint","urlTemplate":"https:\/\/hardnesstests.com\/tr\/?s={search_term_string}"},"query-input":{"@type":"PropertyValueSpecification","valueRequired":true,"valueName":"search_term_string"}}],"inLanguage":"de-CH"},{"@type":"Organization","@id":"https:\/\/hardnesstests.com\/tr\/#organization","name":"hardnesstests","url":"https:\/\/hardnesstests.com\/tr\/","logo":{"@type":"ImageObject","inLanguage":"de-CH","@id":"https:\/\/hardnesstests.com\/tr\/#\/schema\/logo\/image\/","url":"https:\/\/hardnesstests.com\/wp-content\/uploads\/2021\/08\/\u5fae\u4fe1\u56fe\u7247_20251029102004_335_1287.png","contentUrl":"https:\/\/hardnesstests.com\/wp-content\/uploads\/2021\/08\/\u5fae\u4fe1\u56fe\u7247_20251029102004_335_1287.png","width":1308,"height":467,"caption":"hardnesstests"},"image":{"@id":"https:\/\/hardnesstests.com\/tr\/#\/schema\/logo\/image\/"}}]}},"_links":{"self":[{"href":"https:\/\/hardnesstests.com\/de\/wp-json\/wp\/v2\/product\/29778","targetHints":{"allow":["GET"]}}],"collection":[{"href":"https:\/\/hardnesstests.com\/de\/wp-json\/wp\/v2\/product"}],"about":[{"href":"https:\/\/hardnesstests.com\/de\/wp-json\/wp\/v2\/types\/product"}],"replies":[{"embeddable":true,"href":"https:\/\/hardnesstests.com\/de\/wp-json\/wp\/v2\/comments?post=29778"}],"version-history":[{"count":1,"href":"https:\/\/hardnesstests.com\/de\/wp-json\/wp\/v2\/product\/29778\/revisions"}],"predecessor-version":[{"id":29780,"href":"https:\/\/hardnesstests.com\/de\/wp-json\/wp\/v2\/product\/29778\/revisions\/29780"}],"wp:featuredmedia":[{"embeddable":true,"href":"https:\/\/hardnesstests.com\/de\/wp-json\/wp\/v2\/media\/29779"}],"wp:attachment":[{"href":"https:\/\/hardnesstests.com\/de\/wp-json\/wp\/v2\/media?parent=29778"}],"wp:term":[{"taxonomy":"product_brand","embeddable":true,"href":"https:\/\/hardnesstests.com\/de\/wp-json\/wp\/v2\/product_brand?post=29778"},{"taxonomy":"product_cat","embeddable":true,"href":"https:\/\/hardnesstests.com\/de\/wp-json\/wp\/v2\/product_cat?post=29778"},{"taxonomy":"product_tag","embeddable":true,"href":"https:\/\/hardnesstests.com\/de\/wp-json\/wp\/v2\/product_tag?post=29778"}],"curies":[{"name":"wp","href":"https:\/\/api.w.org\/{rel}","templated":true}]}}