{"id":29720,"date":"2025-11-27T06:26:50","date_gmt":"2025-11-27T06:26:50","guid":{"rendered":"https:\/\/hardnesstests.com\/?post_type=product&#038;p=29720"},"modified":"2025-11-27T06:26:50","modified_gmt":"2025-11-27T06:26:50","slug":"chv-10z-vickers-hardness-tester","status":"publish","type":"product","link":"https:\/\/hardnesstests.com\/de\/produkt\/chv-10z-vickers-hardness-tester\/","title":{"rendered":"CHV-10Z Vickers-H\u00e4rtepr\u00fcfer"},"content":{"rendered":"<h1 style=\"font-weight: 400;\"><strong>Main functions and features of the machine<\/strong><strong>\uff1a<\/strong><\/h1>\n<ol>\n<li style=\"font-weight: 400;\">The optical system designed by senior optical engineers not only has clear images, but also can be used as a simple microscope, with adjustable brightness, comfortable vision, and not easy to fatigue after long-term operation;<\/li>\n<li style=\"font-weight: 400;\">The industrial display screen can display the test method, test force, measured indentation length, hardness value, test force retention time, and the number of measurements;<\/li>\n<li style=\"font-weight: 400;\">The cast aluminum shell is formed at one time, the structure is stable and does not deform, the car paint grade is high, the scratch resistance is strong, and it is still bright as new after years of use;<\/li>\n<li style=\"font-weight: 400;\">Our company has the ability to develop, design, produce and process by ourselves, and provide parts replacement and maintenance upgrade services for our machines for life;<\/li>\n<li style=\"font-weight: 400;\">For CHV-10Z model, the hardness value can be obtained by inputting the length of the measured indentation on the button;<\/li>\n<li style=\"font-weight: 400;\">The CHV-10Z model can realize: the position switch of observation-test-measurement is completed by the automatic turret<\/li>\n<\/ol>\n<h1 style=\"font-weight: 400;\"><strong>Main purpose and scope of application<\/strong><strong>\uff1a<\/strong><\/h1>\n<ol>\n<li>Steel, non-ferrous metals, metal foil, cemented carbide, metal sheet, microstructure, carbonization;<\/li>\n<li>Carburizing, nitriding and decarburizing layer, surface hardening layer, electroplating layer, coating, heat treatment;<\/li>\n<li style=\"font-weight: 400;\">Glass, wafers, ceramic materials\uff1b<\/li>\n<\/ol>\n<h1 style=\"font-weight: 400;\"><strong>technical parameter<\/strong><strong>\uff1a<\/strong><\/h1>\n<table style=\"font-weight: 400;\">\n<tbody>\n<tr>\n<td width=\"151\">Parametername<\/td>\n<td width=\"435\">Parameter-Daten<\/td>\n<\/tr>\n<tr>\n<td width=\"151\">Vickers-H\u00e4rteskala<\/td>\n<td width=\"435\">HV0.1,HV0.2,HV0.3,HV0.5,HV1,HV2,HV2.5,HV3,HV5,HV10<\/td>\n<\/tr>\n<tr>\n<td width=\"151\">Anzeige<\/td>\n<td width=\"435\">5-stelliger H\u00e4rtewert, 4-stellige Diagonall\u00e4nge (D1, D2),<\/p>\n<p>Dwelling time, test times, conversion scale, light brightness, test force<\/td>\n<\/tr>\n<tr>\n<td width=\"151\">Pr\u00fcfkraft (Kgf)<\/td>\n<td width=\"435\">0.1\u30010.2\u30010.3\u30010.5\u30011\u30012\u30012.5\u30013\u30015\u300110kgf<\/td>\n<\/tr>\n<tr>\n<td width=\"151\">Test mode<\/td>\n<td width=\"435\">HV\/HK<\/td>\n<\/tr>\n<tr>\n<td width=\"151\">Objective lens and indenter switch<\/td>\n<td width=\"435\">Automatic switching<\/td>\n<\/tr>\n<tr>\n<td width=\"151\">Measurement multiple<\/td>\n<td width=\"435\">Both 10X and 40X can be measured with double objective lens<\/td>\n<\/tr>\n<tr>\n<td width=\"151\">Lastkontrolle<\/td>\n<td width=\"435\">Automatic (load\/hold\/unload)<\/td>\n<\/tr>\n<tr>\n<td width=\"151\">Pr\u00fcfkraft Haltezeit (s)<\/td>\n<td width=\"435\">1-99<\/td>\n<\/tr>\n<tr>\n<td width=\"151\">Optischer Kanal<\/td>\n<td width=\"435\">Dual optical channel (eyepiece and CCD camera channel)<\/td>\n<\/tr>\n<tr>\n<td width=\"151\">Optisches System<\/td>\n<td width=\"435\">Objective: 10\u00d7, 40\u00d7, eyepiece magnification: 10\u00d7 (optional 15X)<\/p>\n<p>Total magnification (\u03bcm): 100\u00d7, 400\u00d7 Measuring range (\u03bcm): 200<\/p>\n<p>Resolution (\u03bcm): 0.0625<\/td>\n<\/tr>\n<tr>\n<td width=\"151\">Ausf\u00fchrender Standard<\/td>\n<td width=\"435\">ISO 6507\uff0cASTM E92\uff0cJIS Z2244\uff0cGB\/T 4340.2<\/td>\n<\/tr>\n<tr>\n<td width=\"151\">H\u00e4rtemessbereich<\/td>\n<td width=\"435\">(5-3000)HV<\/td>\n<\/tr>\n<tr>\n<td width=\"151\">XY test bench<\/td>\n<td width=\"435\">Size (mm): 100\u00d7100 Stroke range (mm): 25\u00d725<\/p>\n<p>Mindestablesung (mm): 0.01<\/td>\n<\/tr>\n<tr>\n<td width=\"151\">Maximale H\u00f6he des Probek\u00f6rpers (mm)<\/td>\n<td width=\"435\">165<\/td>\n<\/tr>\n<tr>\n<td width=\"151\">Maximum width of test piece (mm)<\/td>\n<td width=\"435\">130 (The distance from the center line of the indenter to the wall of the machine)<\/td>\n<\/tr>\n<tr>\n<td width=\"151\">Power supply voltage<\/td>\n<td width=\"435\">AC220V\/50HZ<\/td>\n<\/tr>\n<tr>\n<td width=\"151\">Gesamtgr\u00f6\u00dfe (mm)<\/td>\n<td width=\"435\">585\u00d7200\u00d7630<\/td>\n<\/tr>\n<tr>\n<td width=\"151\">Gewicht (kg)<\/td>\n<td width=\"435\">42<\/td>\n<\/tr>\n<\/tbody>\n<\/table>\n<h1 style=\"font-weight: 500;\"><strong>Standard-Konfiguration<\/strong><strong>\uff1a<\/strong><\/h1>\n<table style=\"font-weight: 400;\">\n<tbody>\n<tr>\n<td width=\"308\">Host machine<\/td>\n<td width=\"238\">1<\/td>\n<\/tr>\n<tr>\n<td width=\"308\">Cross measurement platform<\/td>\n<td width=\"238\">1<\/td>\n<\/tr>\n<tr>\n<td width=\"308\">Flachspanntisch<\/td>\n<td width=\"238\">1<\/td>\n<\/tr>\n<tr>\n<td width=\"308\">Schraube zur Niveauregulierung<\/td>\n<td width=\"238\">4<\/td>\n<\/tr>\n<tr>\n<td width=\"308\">power cable<\/td>\n<td width=\"238\">1<\/td>\n<\/tr>\n<tr>\n<td width=\"308\">10X micrometer eyepiece<\/td>\n<td width=\"238\">1<\/td>\n<\/tr>\n<tr>\n<td width=\"308\">Vickers-H\u00e4rteblock<\/td>\n<td width=\"238\">2<\/td>\n<\/tr>\n<tr>\n<td width=\"308\">Ersatz-Sicherung 2A<\/td>\n<td width=\"238\">2<\/td>\n<\/tr>\n<tr>\n<td width=\"308\">Product certification<\/td>\n<td width=\"238\">1<\/td>\n<\/tr>\n<tr>\n<td width=\"308\">Gebrauchsanweisung<\/td>\n<td width=\"238\">1<\/td>\n<\/tr>\n<\/tbody>\n<\/table>\n<p style=\"font-weight: 400;\"><strong>Remarks: Optional hardness tester measurement software to eliminate human error, computer operation, improve efficiency, and more precise accuracy.<\/strong><\/p>","protected":false},"excerpt":{"rendered":"<p>The Vickers hardness tester is a high-tech product integrating light, machine and electricity. It adopts a closed-loop loading control system with high test force accuracy and good repeatability and stability of the indicated value. The display of the instrument is intuitive and clear, easy to operate, and has an energy-saving mode. High-magnification optical measurement system and optical dual-channel structure, new technologies such as photoelectric and optical couple sensing. Through the key operation, the length of the measured indentation can be input on the key, the hardness value, the conversion scale, the test force, the test force holding time and the number of measurements can be displayed on the screen.<\/p>","protected":false},"featured_media":29721,"comment_status":"open","ping_status":"closed","template":"","meta":[],"product_brand":[],"product_cat":[70,73],"product_tag":[106],"class_list":{"0":"post-29720","1":"product","2":"type-product","3":"status-publish","4":"has-post-thumbnail","6":"product_cat-hardness-tester","7":"product_cat-sensor-vickers-hardness-tester","8":"product_tag-sensor-vickers-hardness-tester","10":"first","11":"instock","12":"shipping-taxable","13":"product-type-simple"},"yoast_head":"<!-- This site is optimized with the Yoast SEO Premium plugin v25.4 (Yoast SEO v27.4) - https:\/\/yoast.com\/product\/yoast-seo-premium-wordpress\/ -->\n<title>CHV-10Z Vickers Hardness Tester - hardnesstests<\/title>\n<meta name=\"robots\" content=\"index, follow, max-snippet:-1, max-image-preview:large, max-video-preview:-1\" \/>\n<link rel=\"canonical\" href=\"https:\/\/hardnesstests.com\/de\/produkt\/chv-10z-vickers-hardness-tester\/\" \/>\n<meta property=\"og:locale\" content=\"de_DE\" \/>\n<meta property=\"og:type\" content=\"article\" \/>\n<meta property=\"og:title\" content=\"CHV-10Z Vickers Hardness Tester\" \/>\n<meta property=\"og:description\" content=\"The Vickers hardness tester is a high-tech product integrating light, machine and electricity. It adopts a closed-loop loading control system with high test force accuracy and good repeatability and stability of the indicated value. The display of the instrument is intuitive and clear, easy to operate, and has an energy-saving mode. High-magnification optical measurement system and optical dual-channel structure, new technologies such as photoelectric and optical couple sensing. Through the key operation, the length of the measured indentation can be input on the key, the hardness value, the conversion scale, the test force, the test force holding time and the number of measurements can be displayed on the screen.\" \/>\n<meta property=\"og:url\" content=\"https:\/\/hardnesstests.com\/de\/produkt\/chv-10z-vickers-hardness-tester\/\" \/>\n<meta property=\"og:site_name\" content=\"hardnesstests\" \/>\n<meta property=\"og:image\" content=\"https:\/\/hardnesstests.com\/wp-content\/uploads\/2025\/11\/CHV-10Z-\u7ef4\u6c0f\u786c\u5ea6\u8ba1.jpg\" \/>\n\t<meta property=\"og:image:width\" content=\"800\" \/>\n\t<meta property=\"og:image:height\" content=\"800\" \/>\n\t<meta property=\"og:image:type\" content=\"image\/jpeg\" \/>\n<meta name=\"twitter:card\" content=\"summary_large_image\" \/>\n<meta name=\"twitter:label1\" content=\"Gesch\u00e4tzte Lesezeit\" \/>\n\t<meta name=\"twitter:data1\" content=\"2\u00a0Minuten\" \/>\n<script type=\"application\/ld+json\" class=\"yoast-schema-graph\">{\"@context\":\"https:\\\/\\\/schema.org\",\"@graph\":[{\"@type\":\"WebPage\",\"@id\":\"https:\\\/\\\/hardnesstests.com\\\/product\\\/chv-10z-vickers-hardness-tester\\\/\",\"url\":\"https:\\\/\\\/hardnesstests.com\\\/product\\\/chv-10z-vickers-hardness-tester\\\/\",\"name\":\"CHV-10Z Vickers Hardness Tester - hardnesstests\",\"isPartOf\":{\"@id\":\"https:\\\/\\\/hardnesstests.com\\\/tr\\\/#website\"},\"primaryImageOfPage\":{\"@id\":\"https:\\\/\\\/hardnesstests.com\\\/product\\\/chv-10z-vickers-hardness-tester\\\/#primaryimage\"},\"image\":{\"@id\":\"https:\\\/\\\/hardnesstests.com\\\/product\\\/chv-10z-vickers-hardness-tester\\\/#primaryimage\"},\"thumbnailUrl\":\"https:\\\/\\\/hardnesstests.com\\\/wp-content\\\/uploads\\\/2025\\\/11\\\/CHV-10Z-\u7ef4\u6c0f\u786c\u5ea6\u8ba1.jpg\",\"datePublished\":\"2025-11-27T06:26:50+00:00\",\"breadcrumb\":{\"@id\":\"https:\\\/\\\/hardnesstests.com\\\/product\\\/chv-10z-vickers-hardness-tester\\\/#breadcrumb\"},\"inLanguage\":\"de-CH\",\"potentialAction\":[{\"@type\":\"ReadAction\",\"target\":[\"https:\\\/\\\/hardnesstests.com\\\/product\\\/chv-10z-vickers-hardness-tester\\\/\"]}]},{\"@type\":\"ImageObject\",\"inLanguage\":\"de-CH\",\"@id\":\"https:\\\/\\\/hardnesstests.com\\\/product\\\/chv-10z-vickers-hardness-tester\\\/#primaryimage\",\"url\":\"https:\\\/\\\/hardnesstests.com\\\/wp-content\\\/uploads\\\/2025\\\/11\\\/CHV-10Z-\u7ef4\u6c0f\u786c\u5ea6\u8ba1.jpg\",\"contentUrl\":\"https:\\\/\\\/hardnesstests.com\\\/wp-content\\\/uploads\\\/2025\\\/11\\\/CHV-10Z-\u7ef4\u6c0f\u786c\u5ea6\u8ba1.jpg\",\"width\":800,\"height\":800,\"caption\":\"CHV-10Z Vickers Hardness Tester\"},{\"@type\":\"BreadcrumbList\",\"@id\":\"https:\\\/\\\/hardnesstests.com\\\/product\\\/chv-10z-vickers-hardness-tester\\\/#breadcrumb\",\"itemListElement\":[{\"@type\":\"ListItem\",\"position\":1,\"name\":\"\u9996\u9875\",\"item\":\"https:\\\/\\\/hardnesstests.com\\\/\"},{\"@type\":\"ListItem\",\"position\":2,\"name\":\"products\",\"item\":\"https:\\\/\\\/hardnesstests.com\\\/products\\\/\"},{\"@type\":\"ListItem\",\"position\":3,\"name\":\"CHV-10Z Vickers Hardness Tester\"}]},{\"@type\":\"WebSite\",\"@id\":\"https:\\\/\\\/hardnesstests.com\\\/tr\\\/#website\",\"url\":\"https:\\\/\\\/hardnesstests.com\\\/tr\\\/\",\"name\":\"hardnesstests\",\"description\":\"\",\"publisher\":{\"@id\":\"https:\\\/\\\/hardnesstests.com\\\/tr\\\/#organization\"},\"potentialAction\":[{\"@type\":\"SearchAction\",\"target\":{\"@type\":\"EntryPoint\",\"urlTemplate\":\"https:\\\/\\\/hardnesstests.com\\\/tr\\\/?s={search_term_string}\"},\"query-input\":{\"@type\":\"PropertyValueSpecification\",\"valueRequired\":true,\"valueName\":\"search_term_string\"}}],\"inLanguage\":\"de-CH\"},{\"@type\":\"Organization\",\"@id\":\"https:\\\/\\\/hardnesstests.com\\\/tr\\\/#organization\",\"name\":\"hardnesstests\",\"url\":\"https:\\\/\\\/hardnesstests.com\\\/tr\\\/\",\"logo\":{\"@type\":\"ImageObject\",\"inLanguage\":\"de-CH\",\"@id\":\"https:\\\/\\\/hardnesstests.com\\\/tr\\\/#\\\/schema\\\/logo\\\/image\\\/\",\"url\":\"https:\\\/\\\/hardnesstests.com\\\/wp-content\\\/uploads\\\/2021\\\/08\\\/\u5fae\u4fe1\u56fe\u7247_20251029102004_335_1287.png\",\"contentUrl\":\"https:\\\/\\\/hardnesstests.com\\\/wp-content\\\/uploads\\\/2021\\\/08\\\/\u5fae\u4fe1\u56fe\u7247_20251029102004_335_1287.png\",\"width\":1308,\"height\":467,\"caption\":\"hardnesstests\"},\"image\":{\"@id\":\"https:\\\/\\\/hardnesstests.com\\\/tr\\\/#\\\/schema\\\/logo\\\/image\\\/\"}}]}<\/script>\n<!-- \/ Yoast SEO Premium plugin. -->","yoast_head_json":{"title":"CHV-10Z Vickers Hardness Tester - hardnesstests","robots":{"index":"index","follow":"follow","max-snippet":"max-snippet:-1","max-image-preview":"max-image-preview:large","max-video-preview":"max-video-preview:-1"},"canonical":"https:\/\/hardnesstests.com\/de\/produkt\/chv-10z-vickers-hardness-tester\/","og_locale":"de_DE","og_type":"article","og_title":"CHV-10Z Vickers Hardness Tester","og_description":"The Vickers hardness tester is a high-tech product integrating light, machine and electricity. It adopts a closed-loop loading control system with high test force accuracy and good repeatability and stability of the indicated value. The display of the instrument is intuitive and clear, easy to operate, and has an energy-saving mode. High-magnification optical measurement system and optical dual-channel structure, new technologies such as photoelectric and optical couple sensing. Through the key operation, the length of the measured indentation can be input on the key, the hardness value, the conversion scale, the test force, the test force holding time and the number of measurements can be displayed on the screen.","og_url":"https:\/\/hardnesstests.com\/de\/produkt\/chv-10z-vickers-hardness-tester\/","og_site_name":"hardnesstests","og_image":[{"width":800,"height":800,"url":"https:\/\/hardnesstests.com\/wp-content\/uploads\/2025\/11\/CHV-10Z-\u7ef4\u6c0f\u786c\u5ea6\u8ba1.jpg","type":"image\/jpeg"}],"twitter_card":"summary_large_image","twitter_misc":{"Gesch\u00e4tzte Lesezeit":"2\u00a0Minuten"},"schema":{"@context":"https:\/\/schema.org","@graph":[{"@type":"WebPage","@id":"https:\/\/hardnesstests.com\/product\/chv-10z-vickers-hardness-tester\/","url":"https:\/\/hardnesstests.com\/product\/chv-10z-vickers-hardness-tester\/","name":"CHV-10Z Vickers Hardness Tester - hardnesstests","isPartOf":{"@id":"https:\/\/hardnesstests.com\/tr\/#website"},"primaryImageOfPage":{"@id":"https:\/\/hardnesstests.com\/product\/chv-10z-vickers-hardness-tester\/#primaryimage"},"image":{"@id":"https:\/\/hardnesstests.com\/product\/chv-10z-vickers-hardness-tester\/#primaryimage"},"thumbnailUrl":"https:\/\/hardnesstests.com\/wp-content\/uploads\/2025\/11\/CHV-10Z-\u7ef4\u6c0f\u786c\u5ea6\u8ba1.jpg","datePublished":"2025-11-27T06:26:50+00:00","breadcrumb":{"@id":"https:\/\/hardnesstests.com\/product\/chv-10z-vickers-hardness-tester\/#breadcrumb"},"inLanguage":"de-CH","potentialAction":[{"@type":"ReadAction","target":["https:\/\/hardnesstests.com\/product\/chv-10z-vickers-hardness-tester\/"]}]},{"@type":"ImageObject","inLanguage":"de-CH","@id":"https:\/\/hardnesstests.com\/product\/chv-10z-vickers-hardness-tester\/#primaryimage","url":"https:\/\/hardnesstests.com\/wp-content\/uploads\/2025\/11\/CHV-10Z-\u7ef4\u6c0f\u786c\u5ea6\u8ba1.jpg","contentUrl":"https:\/\/hardnesstests.com\/wp-content\/uploads\/2025\/11\/CHV-10Z-\u7ef4\u6c0f\u786c\u5ea6\u8ba1.jpg","width":800,"height":800,"caption":"CHV-10Z Vickers Hardness Tester"},{"@type":"BreadcrumbList","@id":"https:\/\/hardnesstests.com\/product\/chv-10z-vickers-hardness-tester\/#breadcrumb","itemListElement":[{"@type":"ListItem","position":1,"name":"\u9996\u9875","item":"https:\/\/hardnesstests.com\/"},{"@type":"ListItem","position":2,"name":"products","item":"https:\/\/hardnesstests.com\/products\/"},{"@type":"ListItem","position":3,"name":"CHV-10Z Vickers Hardness Tester"}]},{"@type":"WebSite","@id":"https:\/\/hardnesstests.com\/tr\/#website","url":"https:\/\/hardnesstests.com\/tr\/","name":"hardnesstests","description":"","publisher":{"@id":"https:\/\/hardnesstests.com\/tr\/#organization"},"potentialAction":[{"@type":"SearchAction","target":{"@type":"EntryPoint","urlTemplate":"https:\/\/hardnesstests.com\/tr\/?s={search_term_string}"},"query-input":{"@type":"PropertyValueSpecification","valueRequired":true,"valueName":"search_term_string"}}],"inLanguage":"de-CH"},{"@type":"Organization","@id":"https:\/\/hardnesstests.com\/tr\/#organization","name":"hardnesstests","url":"https:\/\/hardnesstests.com\/tr\/","logo":{"@type":"ImageObject","inLanguage":"de-CH","@id":"https:\/\/hardnesstests.com\/tr\/#\/schema\/logo\/image\/","url":"https:\/\/hardnesstests.com\/wp-content\/uploads\/2021\/08\/\u5fae\u4fe1\u56fe\u7247_20251029102004_335_1287.png","contentUrl":"https:\/\/hardnesstests.com\/wp-content\/uploads\/2021\/08\/\u5fae\u4fe1\u56fe\u7247_20251029102004_335_1287.png","width":1308,"height":467,"caption":"hardnesstests"},"image":{"@id":"https:\/\/hardnesstests.com\/tr\/#\/schema\/logo\/image\/"}}]}},"_links":{"self":[{"href":"https:\/\/hardnesstests.com\/de\/wp-json\/wp\/v2\/product\/29720","targetHints":{"allow":["GET"]}}],"collection":[{"href":"https:\/\/hardnesstests.com\/de\/wp-json\/wp\/v2\/product"}],"about":[{"href":"https:\/\/hardnesstests.com\/de\/wp-json\/wp\/v2\/types\/product"}],"replies":[{"embeddable":true,"href":"https:\/\/hardnesstests.com\/de\/wp-json\/wp\/v2\/comments?post=29720"}],"version-history":[{"count":1,"href":"https:\/\/hardnesstests.com\/de\/wp-json\/wp\/v2\/product\/29720\/revisions"}],"predecessor-version":[{"id":29722,"href":"https:\/\/hardnesstests.com\/de\/wp-json\/wp\/v2\/product\/29720\/revisions\/29722"}],"wp:featuredmedia":[{"embeddable":true,"href":"https:\/\/hardnesstests.com\/de\/wp-json\/wp\/v2\/media\/29721"}],"wp:attachment":[{"href":"https:\/\/hardnesstests.com\/de\/wp-json\/wp\/v2\/media?parent=29720"}],"wp:term":[{"taxonomy":"product_brand","embeddable":true,"href":"https:\/\/hardnesstests.com\/de\/wp-json\/wp\/v2\/product_brand?post=29720"},{"taxonomy":"product_cat","embeddable":true,"href":"https:\/\/hardnesstests.com\/de\/wp-json\/wp\/v2\/product_cat?post=29720"},{"taxonomy":"product_tag","embeddable":true,"href":"https:\/\/hardnesstests.com\/de\/wp-json\/wp\/v2\/product_tag?post=29720"}],"curies":[{"name":"wp","href":"https:\/\/api.w.org\/{rel}","templated":true}]}}