{"id":29648,"date":"2025-11-26T07:13:20","date_gmt":"2025-11-26T07:13:20","guid":{"rendered":"https:\/\/hardnesstests.com\/?post_type=product&#038;p=29648"},"modified":"2025-11-27T05:56:20","modified_gmt":"2025-11-27T05:56:20","slug":"hbs-3000z-digital-display-brinell-hardness-tester","status":"publish","type":"product","link":"https:\/\/hardnesstests.com\/de\/produkt\/hbs-3000z-digital-display-brinell-hardness-tester\/","title":{"rendered":"(HBS-3000Z) Brinell-H\u00e4rtepr\u00fcfger\u00e4t mit Digitalanzeige"},"content":{"rendered":"<table>\n<tbody>\n<tr>\n<td>\n<h1><strong>Wichtigste Funktionen und Merkmale:<\/strong><\/h1>\n<\/td>\n<\/tr>\n<\/tbody>\n<\/table>\n<ol>\n<li style=\"font-weight: 400;\">Diese Maschine zeichnet sich durch hohe Pr\u00e4zision, hohe Wiederholgenauigkeit und Stabilit\u00e4t, einfache Bedienung, Bequemlichkeit und Praxisn\u00e4he sowie hohe Kosteneffizienz aus;<\/li>\n<li style=\"font-weight: 400;\">Das System fordert Sie automatisch auf, die Mindestdicke des Produkts zu messen;<\/li>\n<li style=\"font-weight: 400;\">Verf\u00fcgt \u00fcber die Testf\u00e4higkeit der Stufe 10 und kann einen gr\u00f6\u00dferen Bereich testen;<\/li>\n<li style=\"font-weight: 400;\">Ausgestattet mit digitalem Anzeigemikrometer-Okular und pr\u00e4zisem Datenberechnungssystem kann der H\u00e4rtewert mit nur einer Ber\u00fchrung direkt angezeigt werden;<\/li>\n<li style=\"font-weight: 400;\">Ausgestattet mit einem eingebauten Drucker zur Ausgabe der Messdaten oder Anschluss an den Computer zur \u00dcbertragung der Messdaten des Hosts an den Computer zur Bearbeitung und Speicherung;<\/li>\n<li style=\"font-weight: 400;\">Ausgestattet mit einem leistungsstarken Schrittmotor, der die Pr\u00fcfkraft automatisch auf- und abbaut, ist der L\u00e4rm, der w\u00e4hrend der Pr\u00fcfung entsteht, geringer<\/li>\n<li style=\"font-weight: 400;\">Durch die Verwendung von fotoelektrischer Sensortechnologie und Mikrocomputersteuerung kann es automatisch kompensieren, und die Testergebnisse sind genau und stabil;<\/li>\n<li style=\"font-weight: 400;\">Automatische Eingabe des Eindrucksdurchmessers und direkte Anzeige des H\u00e4rtewerts, wodurch die doppelte Anzeige einer beliebigen H\u00e4rteeinheit m\u00f6glich ist und die umst\u00e4ndliche Pr\u00fcftabelle entf\u00e4llt;<\/li>\n<li style=\"font-weight: 400;\">Self-contained Design der hohen Vergr\u00f6\u00dferung LED optische Messung, hohe Bildsch\u00e4rfe, einstellbare Helligkeit, Langzeitbetrieb ist nicht geeignet f\u00fcr M\u00fcdigkeit;<\/li>\n<li style=\"font-weight: 400;\">Die Schale wird in einem St\u00fcck gegossen, die Struktur ist stabil und verformt sich nicht, und sie kann in einer relativ rauen Umgebung arbeiten;<\/li>\n<li style=\"font-weight: 400;\">Die Oberfl\u00e4che ist mit dem Autolackverfahren behandelt, das eine starke Kratzfestigkeit aufweist und auch nach jahrelangem Gebrauch noch wie neu ist;<\/li>\n<\/ol>\n<h1 style=\"font-weight: 400;\"><strong>Hauptzweck und Anwendungsbereich:<\/strong><\/h1>\n<ol>\n<li style=\"font-weight: 400;\">Sie eignet sich f\u00fcr die H\u00e4rtepr\u00fcfung von Metallwerkstoffen mit gro\u00dfen Kristallk\u00f6rnern, die die umfassende Leistungsf\u00e4higkeit des Materials widerspiegeln k\u00f6nnen;<\/li>\n<li style=\"font-weight: 400;\">Gusseisen, Stahl, Nichteisenmetalle, besonders geeignet f\u00fcr weichere Metalle, wie reines Aluminium, Blei, Zinn, usw.<\/li>\n<li style=\"font-weight: 400;\">Es kann zur Messung der H\u00e4rte einiger nicht-metallischer Materialien wie Hartplastik, Bakelit usw. verwendet werden.<\/li>\n<\/ol>\n<table>\n<tbody>\n<tr>\n<td>\n<h1><strong>Technische Parameter:<\/strong><\/h1>\n<\/td>\n<\/tr>\n<\/tbody>\n<\/table>\n<table>\n<tbody>\n<tr>\n<td width=\"138\">Modell des Produkts<\/td>\n<td width=\"450\">HBS-3000Z<\/td>\n<\/tr>\n<tr>\n<td width=\"138\">Brinell-Lineal<\/td>\n<td width=\"450\">HBW2,5\/62,5 HBW2,5\/187,5 HBW5\/62,5 HBW5\/125 HBW5\/250 HBW5\/750 HBW10\/100, HBW10\/250 HBW10\/500 HBW10\/1000 HBW10\/1500 HBW10\/3000<\/td>\n<\/tr>\n<tr>\n<td width=\"138\">Pr\u00fcfkraft<\/td>\n<td width=\"450\">62.5kgf (612.9N) 100kgf (980.7N) 125kgf (1226N) 187.5kgf (1839N) 250kgf (2452N) 500kgf (4903N) 750kgf (7355N) 1000kgf (8907N) 1500kgf (14710N) 3000kgf (29420N)<\/td>\n<\/tr>\n<tr>\n<td width=\"138\">Lastkontrolle<\/td>\n<td width=\"450\">Automatisch (Laden\/Entladen\/Entladen)<\/td>\n<\/tr>\n<tr>\n<td width=\"138\">T\u00fcrmchen<\/td>\n<td width=\"450\">Automatischer Revolverkopf und Objektiv drehen sich automatisch<\/td>\n<\/tr>\n<tr>\n<td width=\"138\">Maximale H\u00f6he des Pr\u00fcfk\u00f6rpers<\/td>\n<td width=\"450\">220mm<\/td>\n<\/tr>\n<tr>\n<td width=\"138\">Abstand zwischen Eindringk\u00f6rper und Au\u00dfenwand<\/td>\n<td width=\"450\">135 mm<\/td>\n<\/tr>\n<tr>\n<td width=\"138\">Abstand Eindringk\u00f6rper - obere Wand<\/td>\n<td width=\"450\">55mm (der Druck vom Eindringk\u00f6rper auf die obere Wand kann durch Anpassung des Eindringk\u00f6rpers erh\u00f6ht werden)<\/td>\n<\/tr>\n<tr>\n<td width=\"138\">Mindestma\u00dfeinheit<\/td>\n<td width=\"450\">0,125 um<\/td>\n<\/tr>\n<tr>\n<td width=\"138\">Zeit des Schutzes<\/td>\n<td width=\"450\">0~60s<\/td>\n<\/tr>\n<tr>\n<td width=\"138\">H\u00e4rtepr\u00fcfbereich<\/td>\n<td width=\"450\">8~650HBW<\/td>\n<\/tr>\n<tr>\n<td width=\"138\">Gesamtvergr\u00f6\u00dferung<\/td>\n<td width=\"450\">20X<\/td>\n<\/tr>\n<tr>\n<td width=\"138\">Ausf\u00fchrender Standard<\/td>\n<td width=\"450\">, EN ISO 6506, , ASTM E-10-08, GB\/T231.2\uff0cJJG150 -2005<\/td>\n<\/tr>\n<tr>\n<td width=\"138\">Anzeige der H\u00e4rte<\/td>\n<td width=\"450\">Automatische Berechnung<\/td>\n<\/tr>\n<tr>\n<td width=\"138\">Datenausgabe<\/td>\n<td width=\"450\">Eingebauter Drucker, HyperTerminal.<\/td>\n<\/tr>\n<tr>\n<td width=\"138\">Stromzufuhr<\/td>\n<td width=\"450\">AC220+5%, 50~60Hz<\/td>\n<\/tr>\n<tr>\n<td width=\"138\">Abmessungen (mm)<\/td>\n<td width=\"450\">520*210*745mm<\/td>\n<\/tr>\n<tr>\n<td width=\"138\">Gewicht des Wirts<\/td>\n<td width=\"450\">Etwa 125kg<\/td>\n<\/tr>\n<\/tbody>\n<\/table>","protected":false},"excerpt":{"rendered":"<p>HBS-3000ZDas Softwaresystem der HBS-3000Z Digitalanzeige automatische Ziegel Turm Brinell H\u00e4rtepr\u00fcfger\u00e4t nimmt Computer intelligente Programmierung, verwendet photoelektrische Sensortechnik, und kann die Pr\u00fcfmethode, obere und untere Grenze Bereich, messen die Einr\u00fcckl\u00e4nge, H\u00e4rtewert, Umrechnungswert, Pr\u00fcfkraft, Haltezeit und Messzeiten auf dem LCD-Bildschirm durch unabh\u00e4ngige Auswahl der Testbedingungen, und kann in das Jahr, Monat, Datum, Testergebnisse, Datenverarbeitung, etc. eingeben, kann es auch die Messdaten \u00fcber den eingebauten Drucker ausgeben oder eine Verbindung mit dem Computer \u00fcber die Datenschnittstelle. Das optische System nimmt hohe Vergr\u00f6\u00dferung LED optische Messung, mit hoher Bildsch\u00e4rfe, einstellbare Helligkeit und langen Betrieb ohne Erm\u00fcdung. Das Hardwaresystem verwendet eine fortschrittliche elektronische Sensorladetechnik. Durch den geschlossenen Regelkreis steuert die CPU den Sensor, um Signale zu sammeln. Der Schrittmotor l\u00e4dt und entl\u00e4dt die Pr\u00fcfkraft automatisch und kann die Pr\u00fcfkraft automatisch kompensieren, um sicherzustellen, dass der Kraftwert genauer ist und die Anzeige stabiler ist. Gleichzeitig ist das Ger\u00e4t mit einer Not-Aus-Vorrichtung ausgestattet, die den EU-CE-Sicherheitsstandards entspricht. Es hat humanisierte Bedienbarkeit, mehr zuverl\u00e4ssige Stabilit\u00e4t und Sicherheit.<\/p>","protected":false},"featured_media":29649,"comment_status":"open","ping_status":"closed","template":"","meta":[],"product_brand":[],"product_cat":[75,70],"product_tag":[105],"class_list":{"0":"post-29648","1":"product","2":"type-product","3":"status-publish","4":"has-post-thumbnail","6":"product_cat-brinell-hardness-tester","7":"product_cat-hardness-tester","8":"product_tag-brinell-hardness-tester","10":"first","11":"instock","12":"shipping-taxable","13":"product-type-simple"},"yoast_head":"<!-- This site is optimized with the Yoast SEO Premium plugin v25.4 (Yoast SEO v27.4) - https:\/\/yoast.com\/product\/yoast-seo-premium-wordpress\/ -->\n<title>(HBS-3000Z) Digital display Brinell hardness tester - hardnesstests<\/title>\n<meta name=\"robots\" content=\"index, follow, max-snippet:-1, max-image-preview:large, max-video-preview:-1\" \/>\n<link rel=\"canonical\" href=\"https:\/\/hardnesstests.com\/de\/produkt\/hbs-3000z-digital-display-brinell-hardness-tester\/\" \/>\n<meta property=\"og:locale\" content=\"de_DE\" \/>\n<meta property=\"og:type\" content=\"article\" \/>\n<meta property=\"og:title\" content=\"(HBS-3000Z) Digital display Brinell hardness tester\" \/>\n<meta property=\"og:description\" content=\"HBS-3000ZThe software system of HBS-3000Z digital display automatic brick tower Brinell hardness tester adopts computer intelligent programming, uses photoelectric sensing technology, and can display the test method, upper and lower limit range, measure the indentation length, hardness value, conversion value, test force, holding time, and measurement times on the LCD screen by independently selecting the test conditions, and can key in the year, month, date, test results, data processing, etc, It can also output the measurement data through the built-in printer or connect with the computer through the data interface. The optical system adopts high magnification LED optical measurement, with high image definition, adjustable brightness, and long operation without fatigue. The hardware system adopts\u00a0advanced electronic sensor loading technology. Through the closed-loop control system, the CPU controls the sensor to collect signals. The stepping motor automatically loads and unloads the test force, and can automatically compensate the test force to ensure that the force value is more accurate and the indication is more stable. At the same time, it is equipped with an emergency stop device, which complies with EU CE safety standards. It has humanized operability, more reliable stability and security.\" \/>\n<meta property=\"og:url\" content=\"https:\/\/hardnesstests.com\/de\/produkt\/hbs-3000z-digital-display-brinell-hardness-tester\/\" \/>\n<meta property=\"og:site_name\" content=\"hardnesstests\" \/>\n<meta property=\"article:modified_time\" content=\"2025-11-27T05:56:20+00:00\" \/>\n<meta property=\"og:image\" content=\"https:\/\/hardnesstests.com\/wp-content\/uploads\/2025\/11\/HBS-3000Z-\u6570\u663e\u5168\u81ea\u52a8\u8f6c\u5854\u5e03\u6c0f\u786c\u5ea6\u8ba1.jpg\" \/>\n\t<meta property=\"og:image:width\" content=\"800\" \/>\n\t<meta property=\"og:image:height\" content=\"800\" \/>\n\t<meta property=\"og:image:type\" content=\"image\/jpeg\" \/>\n<meta name=\"twitter:card\" content=\"summary_large_image\" \/>\n<meta name=\"twitter:label1\" content=\"Gesch\u00e4tzte Lesezeit\" \/>\n\t<meta name=\"twitter:data1\" content=\"2\u00a0Minuten\" \/>\n<script type=\"application\/ld+json\" class=\"yoast-schema-graph\">{\"@context\":\"https:\\\/\\\/schema.org\",\"@graph\":[{\"@type\":\"WebPage\",\"@id\":\"https:\\\/\\\/hardnesstests.com\\\/product\\\/hbs-3000z-digital-display-brinell-hardness-tester\\\/\",\"url\":\"https:\\\/\\\/hardnesstests.com\\\/product\\\/hbs-3000z-digital-display-brinell-hardness-tester\\\/\",\"name\":\"(HBS-3000Z) Digital display Brinell hardness tester - hardnesstests\",\"isPartOf\":{\"@id\":\"https:\\\/\\\/hardnesstests.com\\\/tr\\\/#website\"},\"primaryImageOfPage\":{\"@id\":\"https:\\\/\\\/hardnesstests.com\\\/product\\\/hbs-3000z-digital-display-brinell-hardness-tester\\\/#primaryimage\"},\"image\":{\"@id\":\"https:\\\/\\\/hardnesstests.com\\\/product\\\/hbs-3000z-digital-display-brinell-hardness-tester\\\/#primaryimage\"},\"thumbnailUrl\":\"https:\\\/\\\/hardnesstests.com\\\/wp-content\\\/uploads\\\/2025\\\/11\\\/HBS-3000Z-\u6570\u663e\u5168\u81ea\u52a8\u8f6c\u5854\u5e03\u6c0f\u786c\u5ea6\u8ba1.jpg\",\"datePublished\":\"2025-11-26T07:13:20+00:00\",\"dateModified\":\"2025-11-27T05:56:20+00:00\",\"breadcrumb\":{\"@id\":\"https:\\\/\\\/hardnesstests.com\\\/product\\\/hbs-3000z-digital-display-brinell-hardness-tester\\\/#breadcrumb\"},\"inLanguage\":\"de-CH\",\"potentialAction\":[{\"@type\":\"ReadAction\",\"target\":[\"https:\\\/\\\/hardnesstests.com\\\/product\\\/hbs-3000z-digital-display-brinell-hardness-tester\\\/\"]}]},{\"@type\":\"ImageObject\",\"inLanguage\":\"de-CH\",\"@id\":\"https:\\\/\\\/hardnesstests.com\\\/product\\\/hbs-3000z-digital-display-brinell-hardness-tester\\\/#primaryimage\",\"url\":\"https:\\\/\\\/hardnesstests.com\\\/wp-content\\\/uploads\\\/2025\\\/11\\\/HBS-3000Z-\u6570\u663e\u5168\u81ea\u52a8\u8f6c\u5854\u5e03\u6c0f\u786c\u5ea6\u8ba1.jpg\",\"contentUrl\":\"https:\\\/\\\/hardnesstests.com\\\/wp-content\\\/uploads\\\/2025\\\/11\\\/HBS-3000Z-\u6570\u663e\u5168\u81ea\u52a8\u8f6c\u5854\u5e03\u6c0f\u786c\u5ea6\u8ba1.jpg\",\"width\":800,\"height\":800,\"caption\":\"(HBS-3000Z) Digital display Brinell hardness tester\"},{\"@type\":\"BreadcrumbList\",\"@id\":\"https:\\\/\\\/hardnesstests.com\\\/product\\\/hbs-3000z-digital-display-brinell-hardness-tester\\\/#breadcrumb\",\"itemListElement\":[{\"@type\":\"ListItem\",\"position\":1,\"name\":\"\u9996\u9875\",\"item\":\"https:\\\/\\\/hardnesstests.com\\\/\"},{\"@type\":\"ListItem\",\"position\":2,\"name\":\"products\",\"item\":\"https:\\\/\\\/hardnesstests.com\\\/products\\\/\"},{\"@type\":\"ListItem\",\"position\":3,\"name\":\"(HBS-3000Z) Digital display Brinell hardness tester\"}]},{\"@type\":\"WebSite\",\"@id\":\"https:\\\/\\\/hardnesstests.com\\\/tr\\\/#website\",\"url\":\"https:\\\/\\\/hardnesstests.com\\\/tr\\\/\",\"name\":\"hardnesstests\",\"description\":\"\",\"publisher\":{\"@id\":\"https:\\\/\\\/hardnesstests.com\\\/tr\\\/#organization\"},\"potentialAction\":[{\"@type\":\"SearchAction\",\"target\":{\"@type\":\"EntryPoint\",\"urlTemplate\":\"https:\\\/\\\/hardnesstests.com\\\/tr\\\/?s={search_term_string}\"},\"query-input\":{\"@type\":\"PropertyValueSpecification\",\"valueRequired\":true,\"valueName\":\"search_term_string\"}}],\"inLanguage\":\"de-CH\"},{\"@type\":\"Organization\",\"@id\":\"https:\\\/\\\/hardnesstests.com\\\/tr\\\/#organization\",\"name\":\"hardnesstests\",\"url\":\"https:\\\/\\\/hardnesstests.com\\\/tr\\\/\",\"logo\":{\"@type\":\"ImageObject\",\"inLanguage\":\"de-CH\",\"@id\":\"https:\\\/\\\/hardnesstests.com\\\/tr\\\/#\\\/schema\\\/logo\\\/image\\\/\",\"url\":\"https:\\\/\\\/hardnesstests.com\\\/wp-content\\\/uploads\\\/2021\\\/08\\\/\u5fae\u4fe1\u56fe\u7247_20251029102004_335_1287.png\",\"contentUrl\":\"https:\\\/\\\/hardnesstests.com\\\/wp-content\\\/uploads\\\/2021\\\/08\\\/\u5fae\u4fe1\u56fe\u7247_20251029102004_335_1287.png\",\"width\":1308,\"height\":467,\"caption\":\"hardnesstests\"},\"image\":{\"@id\":\"https:\\\/\\\/hardnesstests.com\\\/tr\\\/#\\\/schema\\\/logo\\\/image\\\/\"}}]}<\/script>\n<!-- \/ Yoast SEO Premium plugin. -->","yoast_head_json":{"title":"(HBS-3000Z) Digital display Brinell hardness tester - hardnesstests","robots":{"index":"index","follow":"follow","max-snippet":"max-snippet:-1","max-image-preview":"max-image-preview:large","max-video-preview":"max-video-preview:-1"},"canonical":"https:\/\/hardnesstests.com\/de\/produkt\/hbs-3000z-digital-display-brinell-hardness-tester\/","og_locale":"de_DE","og_type":"article","og_title":"(HBS-3000Z) Digital display Brinell hardness tester","og_description":"HBS-3000ZThe software system of HBS-3000Z digital display automatic brick tower Brinell hardness tester adopts computer intelligent programming, uses photoelectric sensing technology, and can display the test method, upper and lower limit range, measure the indentation length, hardness value, conversion value, test force, holding time, and measurement times on the LCD screen by independently selecting the test conditions, and can key in the year, month, date, test results, data processing, etc, It can also output the measurement data through the built-in printer or connect with the computer through the data interface. The optical system adopts high magnification LED optical measurement, with high image definition, adjustable brightness, and long operation without fatigue. The hardware system adopts\u00a0advanced electronic sensor loading technology. Through the closed-loop control system, the CPU controls the sensor to collect signals. The stepping motor automatically loads and unloads the test force, and can automatically compensate the test force to ensure that the force value is more accurate and the indication is more stable. At the same time, it is equipped with an emergency stop device, which complies with EU CE safety standards. It has humanized operability, more reliable stability and security.","og_url":"https:\/\/hardnesstests.com\/de\/produkt\/hbs-3000z-digital-display-brinell-hardness-tester\/","og_site_name":"hardnesstests","article_modified_time":"2025-11-27T05:56:20+00:00","og_image":[{"width":800,"height":800,"url":"https:\/\/hardnesstests.com\/wp-content\/uploads\/2025\/11\/HBS-3000Z-\u6570\u663e\u5168\u81ea\u52a8\u8f6c\u5854\u5e03\u6c0f\u786c\u5ea6\u8ba1.jpg","type":"image\/jpeg"}],"twitter_card":"summary_large_image","twitter_misc":{"Gesch\u00e4tzte Lesezeit":"2\u00a0Minuten"},"schema":{"@context":"https:\/\/schema.org","@graph":[{"@type":"WebPage","@id":"https:\/\/hardnesstests.com\/product\/hbs-3000z-digital-display-brinell-hardness-tester\/","url":"https:\/\/hardnesstests.com\/product\/hbs-3000z-digital-display-brinell-hardness-tester\/","name":"(HBS-3000Z) Digital display Brinell hardness tester - hardnesstests","isPartOf":{"@id":"https:\/\/hardnesstests.com\/tr\/#website"},"primaryImageOfPage":{"@id":"https:\/\/hardnesstests.com\/product\/hbs-3000z-digital-display-brinell-hardness-tester\/#primaryimage"},"image":{"@id":"https:\/\/hardnesstests.com\/product\/hbs-3000z-digital-display-brinell-hardness-tester\/#primaryimage"},"thumbnailUrl":"https:\/\/hardnesstests.com\/wp-content\/uploads\/2025\/11\/HBS-3000Z-\u6570\u663e\u5168\u81ea\u52a8\u8f6c\u5854\u5e03\u6c0f\u786c\u5ea6\u8ba1.jpg","datePublished":"2025-11-26T07:13:20+00:00","dateModified":"2025-11-27T05:56:20+00:00","breadcrumb":{"@id":"https:\/\/hardnesstests.com\/product\/hbs-3000z-digital-display-brinell-hardness-tester\/#breadcrumb"},"inLanguage":"de-CH","potentialAction":[{"@type":"ReadAction","target":["https:\/\/hardnesstests.com\/product\/hbs-3000z-digital-display-brinell-hardness-tester\/"]}]},{"@type":"ImageObject","inLanguage":"de-CH","@id":"https:\/\/hardnesstests.com\/product\/hbs-3000z-digital-display-brinell-hardness-tester\/#primaryimage","url":"https:\/\/hardnesstests.com\/wp-content\/uploads\/2025\/11\/HBS-3000Z-\u6570\u663e\u5168\u81ea\u52a8\u8f6c\u5854\u5e03\u6c0f\u786c\u5ea6\u8ba1.jpg","contentUrl":"https:\/\/hardnesstests.com\/wp-content\/uploads\/2025\/11\/HBS-3000Z-\u6570\u663e\u5168\u81ea\u52a8\u8f6c\u5854\u5e03\u6c0f\u786c\u5ea6\u8ba1.jpg","width":800,"height":800,"caption":"(HBS-3000Z) Digital display Brinell hardness tester"},{"@type":"BreadcrumbList","@id":"https:\/\/hardnesstests.com\/product\/hbs-3000z-digital-display-brinell-hardness-tester\/#breadcrumb","itemListElement":[{"@type":"ListItem","position":1,"name":"\u9996\u9875","item":"https:\/\/hardnesstests.com\/"},{"@type":"ListItem","position":2,"name":"products","item":"https:\/\/hardnesstests.com\/products\/"},{"@type":"ListItem","position":3,"name":"(HBS-3000Z) Digital display Brinell hardness tester"}]},{"@type":"WebSite","@id":"https:\/\/hardnesstests.com\/tr\/#website","url":"https:\/\/hardnesstests.com\/tr\/","name":"hardnesstests","description":"","publisher":{"@id":"https:\/\/hardnesstests.com\/tr\/#organization"},"potentialAction":[{"@type":"SearchAction","target":{"@type":"EntryPoint","urlTemplate":"https:\/\/hardnesstests.com\/tr\/?s={search_term_string}"},"query-input":{"@type":"PropertyValueSpecification","valueRequired":true,"valueName":"search_term_string"}}],"inLanguage":"de-CH"},{"@type":"Organization","@id":"https:\/\/hardnesstests.com\/tr\/#organization","name":"hardnesstests","url":"https:\/\/hardnesstests.com\/tr\/","logo":{"@type":"ImageObject","inLanguage":"de-CH","@id":"https:\/\/hardnesstests.com\/tr\/#\/schema\/logo\/image\/","url":"https:\/\/hardnesstests.com\/wp-content\/uploads\/2021\/08\/\u5fae\u4fe1\u56fe\u7247_20251029102004_335_1287.png","contentUrl":"https:\/\/hardnesstests.com\/wp-content\/uploads\/2021\/08\/\u5fae\u4fe1\u56fe\u7247_20251029102004_335_1287.png","width":1308,"height":467,"caption":"hardnesstests"},"image":{"@id":"https:\/\/hardnesstests.com\/tr\/#\/schema\/logo\/image\/"}}]}},"_links":{"self":[{"href":"https:\/\/hardnesstests.com\/de\/wp-json\/wp\/v2\/product\/29648","targetHints":{"allow":["GET"]}}],"collection":[{"href":"https:\/\/hardnesstests.com\/de\/wp-json\/wp\/v2\/product"}],"about":[{"href":"https:\/\/hardnesstests.com\/de\/wp-json\/wp\/v2\/types\/product"}],"replies":[{"embeddable":true,"href":"https:\/\/hardnesstests.com\/de\/wp-json\/wp\/v2\/comments?post=29648"}],"version-history":[{"count":2,"href":"https:\/\/hardnesstests.com\/de\/wp-json\/wp\/v2\/product\/29648\/revisions"}],"predecessor-version":[{"id":29704,"href":"https:\/\/hardnesstests.com\/de\/wp-json\/wp\/v2\/product\/29648\/revisions\/29704"}],"wp:featuredmedia":[{"embeddable":true,"href":"https:\/\/hardnesstests.com\/de\/wp-json\/wp\/v2\/media\/29649"}],"wp:attachment":[{"href":"https:\/\/hardnesstests.com\/de\/wp-json\/wp\/v2\/media?parent=29648"}],"wp:term":[{"taxonomy":"product_brand","embeddable":true,"href":"https:\/\/hardnesstests.com\/de\/wp-json\/wp\/v2\/product_brand?post=29648"},{"taxonomy":"product_cat","embeddable":true,"href":"https:\/\/hardnesstests.com\/de\/wp-json\/wp\/v2\/product_cat?post=29648"},{"taxonomy":"product_tag","embeddable":true,"href":"https:\/\/hardnesstests.com\/de\/wp-json\/wp\/v2\/product_tag?post=29648"}],"curies":[{"name":"wp","href":"https:\/\/api.w.org\/{rel}","templated":true}]}}