{"id":29645,"date":"2025-11-26T07:08:59","date_gmt":"2025-11-26T07:08:59","guid":{"rendered":"https:\/\/hardnesstests.com\/?post_type=product&#038;p=29645"},"modified":"2025-11-27T05:55:53","modified_gmt":"2025-11-27T05:55:53","slug":"hbs-3000-digital-display-brinell-hardness-tester","status":"publish","type":"product","link":"https:\/\/hardnesstests.com\/de\/produkt\/hbs-3000-digital-display-brinell-hardness-tester\/","title":{"rendered":"(HBS-3000 ) Digitalanzeige Brinell-H\u00e4rtepr\u00fcfger\u00e4t"},"content":{"rendered":"<table border=\"1\">\n<tbody>\n<tr>\n<td><strong>Wichtigste Funktionen und Merkmale:<\/strong><\/td>\n<\/tr>\n<\/tbody>\n<\/table>\n<p>1. This machine has the characteristics of high precision, high repeatability and stability, simple operation, convenient and practical, and high cost performance;<\/p>\n<p>2. The system automatically prompts to measure the minimum thickness of the product;<\/p>\n<p>3. Possesses level 10 test capability, and can test a wider range;<\/p>\n<p>4. Equipped with digital display micrometer eyepiece and accurate data calculation system, the hardness value can be directly displayed with just one tap;<\/p>\n<p>5. Equipped with a built-in printer to output the measurement data or connect to the computer to transmit the measurement data of the host to the computer for editing and saving;<\/p>\n<p>6. Equipped with high-performance stepper motor to automatically load and unload the test force, the noise generated during the test is smaller<\/p>\n<p>7.Using photoelectric sensor technology and microcomputer control system, it can automatically compensate, and the test results are accurate and stable;<\/p>\n<p>8. Automatically enter the indentation diameter and directly display the hardness value, which can realize dual display of any hardness unit, avoiding the cumbersome check-up table;<\/p>\n<p>9. Self-contained design of high-magnification LED optical measurement, high image clarity, adjustable brightness, long-term operation is not suitable for fatigue;<\/p>\n<p>10. The shell is cast at one time, the structure is stable and does not deform, and it can work in a relatively harsh environment;<\/p>\n<p>11. The surface is treated with the car paint process, which has strong scratching ability and is still as bright as new after years of use;<\/p>\n<p>&nbsp;<\/p>\n<h1><strong>Hauptzweck und Anwendungsbereich:<\/strong><\/h1>\n<p>1. It is suitable for the hardness test of metal materials with large crystal grains, which can reflect the comprehensive performance of the material;<\/p>\n<p>2. Cast iron, steel, non-ferrous metals, especially suitable for softer metals, such as pure aluminum, lead, tin, etc.<\/p>\n<p>3. It can be used to measure the hardness of some non-metallic materials, such as hard plastic, bakelite, etc.<\/p>\n<p>&nbsp;<\/p>\n<table border=\"1\">\n<tbody>\n<tr>\n<td><strong>Technische Parameter:<\/strong><\/td>\n<\/tr>\n<\/tbody>\n<\/table>\n<div align=\"center\">\n<div class=\"table-responsive\">\n<div class=\"table-responsive\">\n<table border=\"1\" cellspacing=\"0\">\n<tbody>\n<tr>\n<td valign=\"center\" width=\"138\">Modell des Produkts<\/td>\n<td valign=\"center\" width=\"449\">HBS-3000<\/td>\n<\/tr>\n<tr>\n<td valign=\"center\" width=\"138\">Brinell-Lineal<\/td>\n<td valign=\"center\" width=\"449\">HBW2,5\/62,5 HBW2,5\/187,5 HBW5\/62,5 HBW5\/125 HBW5\/250 HBW5\/750 HBW10\/100, HBW10\/250 HBW10\/500 HBW10\/1000 HBW10\/1500 HBW10\/3000<\/td>\n<\/tr>\n<tr>\n<td valign=\"center\" width=\"138\">Pr\u00fcfkraft<\/td>\n<td valign=\"center\" width=\"449\">62.5kgf (612.9N) \u3001100kgf (980.7N)\u3001125kgf (1226N)\u3001187.5kgf (1839N) \u3001250kgf (2452N) \u3001500kgf (4903N) \u3001750kgf (7355N)\u30011000kgf (8907N) \u30011500kgf (14710N)\u30013000kgf (29420N)<\/td>\n<\/tr>\n<tr>\n<td valign=\"center\" width=\"138\">Lastkontrolle<\/td>\n<td valign=\"center\" width=\"449\">Automatisch (Laden\/Entladen\/Entladen)<\/td>\n<\/tr>\n<tr>\n<td valign=\"center\" width=\"138\">Maximale H\u00f6he des Pr\u00fcfk\u00f6rpers<\/td>\n<td valign=\"center\" width=\"449\">220mm<\/td>\n<\/tr>\n<tr>\n<td valign=\"center\" width=\"138\">Abstand zwischen Eindringk\u00f6rper und Au\u00dfenwand<\/td>\n<td valign=\"center\" width=\"449\">135 mm<\/td>\n<\/tr>\n<tr>\n<td valign=\"center\" width=\"138\">Abstand Eindringk\u00f6rper - obere Wand<\/td>\n<td valign=\"center\" width=\"449\">55mm (der Druck vom Eindringk\u00f6rper auf die obere Wand kann durch Anpassung des Eindringk\u00f6rpers erh\u00f6ht werden)<\/td>\n<\/tr>\n<tr>\n<td valign=\"center\" width=\"138\">Mindestma\u00dfeinheit<\/td>\n<td valign=\"center\" width=\"449\">0,125 um<\/td>\n<\/tr>\n<tr>\n<td valign=\"center\" width=\"138\">Zeit des Schutzes<\/td>\n<td valign=\"center\" width=\"449\">0~60s<\/td>\n<\/tr>\n<tr>\n<td valign=\"center\" width=\"138\">H\u00e4rtepr\u00fcfbereich<\/td>\n<td valign=\"center\" width=\"449\">8~650HBW<\/td>\n<\/tr>\n<tr>\n<td valign=\"center\" width=\"138\">Gesamtvergr\u00f6\u00dferung<\/td>\n<td valign=\"center\" width=\"449\">20X<\/td>\n<\/tr>\n<tr>\n<td valign=\"center\" width=\"138\">Ausf\u00fchrender Standard<\/td>\n<td valign=\"center\" width=\"449\">, EN ISO 6506, , ASTM E-10-08, GB\/T231.2\uff0cJJG150 -2005<\/td>\n<\/tr>\n<tr>\n<td valign=\"center\" width=\"138\">Anzeige der H\u00e4rte<\/td>\n<td valign=\"center\" width=\"449\">Automatische Berechnung<\/td>\n<\/tr>\n<tr>\n<td valign=\"center\" width=\"138\">Datenausgabe<\/td>\n<td valign=\"center\" width=\"449\">Eingebauter Drucker, HyperTerminal.<\/td>\n<\/tr>\n<tr>\n<td valign=\"center\" width=\"138\">Stromzufuhr<\/td>\n<td valign=\"center\" width=\"449\">AC220+5%, 50~60Hz<\/td>\n<\/tr>\n<tr>\n<td valign=\"center\" width=\"138\">Abmessungen (mm)<\/td>\n<td valign=\"center\" width=\"449\">520*210*745mm<\/td>\n<\/tr>\n<tr>\n<td valign=\"center\" width=\"138\">Gewicht des Wirts<\/td>\n<td valign=\"center\" width=\"449\">Etwa 125kg<\/td>\n<\/tr>\n<\/tbody>\n<\/table>\n<\/div>\n<\/div>\n<\/div>","protected":false},"excerpt":{"rendered":"<p>HBS-3000 digital display Brinell hardness tester, the software system adopts computer intelligent programming, using photoelectric sensor technology, through independent selection of test conditions, the test method, upper and lower limit range can be displayed on the LCD display screen, and the indentation length and hardness value can be measured , Conversion value, test force, retention time, and number of measurements, and can enter year, month, date, test results and data processing, etc., and can output measurement data through a built-in printer or connect to a computer through a data interface. The optical system adopts high-magnification LED optical measurement, the image clarity is high, the brightness is adjustable, and the long-term operation is not suitable for fatigue. The hardware system adopts advanced electronic sensor loading technology. Through the closed-loop control system, the CPU controls the sensor to collect signals. The stepper motor automatically loads and unloads the test force, and can automatically compensate the test force to ensure more accurate force values and more stable indications . At the same time, it is equipped with an emergency stop device, which meets the EU CE safety standards. With humanized operability, more reliable stability and safety.<\/p>","protected":false},"featured_media":29646,"comment_status":"open","ping_status":"closed","template":"","meta":[],"product_brand":[],"product_cat":[75,70],"product_tag":[105],"class_list":{"0":"post-29645","1":"product","2":"type-product","3":"status-publish","4":"has-post-thumbnail","6":"product_cat-brinell-hardness-tester","7":"product_cat-hardness-tester","8":"product_tag-brinell-hardness-tester","10":"first","11":"instock","12":"shipping-taxable","13":"product-type-simple"},"yoast_head":"<!-- This site is optimized with the Yoast SEO Premium plugin v25.4 (Yoast SEO v27.4) - https:\/\/yoast.com\/product\/yoast-seo-premium-wordpress\/ -->\n<title>(HBS-3000 ) Digital display Brinell hardness tester - hardnesstests<\/title>\n<meta name=\"robots\" content=\"index, follow, max-snippet:-1, max-image-preview:large, max-video-preview:-1\" \/>\n<link rel=\"canonical\" href=\"https:\/\/hardnesstests.com\/de\/produkt\/hbs-3000-digital-display-brinell-hardness-tester\/\" \/>\n<meta property=\"og:locale\" content=\"de_DE\" \/>\n<meta property=\"og:type\" content=\"article\" \/>\n<meta property=\"og:title\" content=\"(HBS-3000 ) Digital display Brinell hardness tester\" \/>\n<meta property=\"og:description\" content=\"HBS-3000 digital display Brinell hardness tester, the software system adopts computer intelligent programming, using photoelectric sensor technology, through independent selection of test conditions, the test method, upper and lower limit range can be displayed on the LCD display screen, and the indentation length and hardness value can be measured , Conversion value, test force, retention time, and number of measurements, and can enter year, month, date, test results and data processing, etc., and can output measurement data through a built-in printer or connect to a computer through a data interface. The optical system adopts high-magnification LED optical measurement, the image clarity is high, the brightness is adjustable, and the long-term operation is not suitable for fatigue. The hardware system adopts advanced electronic sensor loading technology. Through the closed-loop control system, the CPU controls the sensor to collect signals. The stepper motor automatically loads and unloads the test force, and can automatically compensate the test force to ensure more accurate force values and more stable indications . At the same time, it is equipped with an emergency stop device, which meets the EU CE safety standards. With humanized operability, more reliable stability and safety.\" \/>\n<meta property=\"og:url\" content=\"https:\/\/hardnesstests.com\/de\/produkt\/hbs-3000-digital-display-brinell-hardness-tester\/\" \/>\n<meta property=\"og:site_name\" content=\"hardnesstests\" \/>\n<meta property=\"article:modified_time\" content=\"2025-11-27T05:55:53+00:00\" \/>\n<meta property=\"og:image\" content=\"https:\/\/hardnesstests.com\/wp-content\/uploads\/2025\/11\/HBS-3000-\u6570\u663e\u5e03\u6c0f\u786c\u5ea6\u8ba1.jpg\" \/>\n\t<meta property=\"og:image:width\" content=\"800\" \/>\n\t<meta property=\"og:image:height\" content=\"800\" \/>\n\t<meta property=\"og:image:type\" content=\"image\/jpeg\" \/>\n<meta name=\"twitter:card\" content=\"summary_large_image\" \/>\n<meta name=\"twitter:label1\" content=\"Gesch\u00e4tzte Lesezeit\" \/>\n\t<meta name=\"twitter:data1\" content=\"2\u00a0Minuten\" \/>\n<script type=\"application\/ld+json\" class=\"yoast-schema-graph\">{\"@context\":\"https:\\\/\\\/schema.org\",\"@graph\":[{\"@type\":\"WebPage\",\"@id\":\"https:\\\/\\\/hardnesstests.com\\\/product\\\/hbs-3000-digital-display-brinell-hardness-tester\\\/\",\"url\":\"https:\\\/\\\/hardnesstests.com\\\/product\\\/hbs-3000-digital-display-brinell-hardness-tester\\\/\",\"name\":\"(HBS-3000 ) Digital display Brinell hardness tester - hardnesstests\",\"isPartOf\":{\"@id\":\"https:\\\/\\\/hardnesstests.com\\\/tr\\\/#website\"},\"primaryImageOfPage\":{\"@id\":\"https:\\\/\\\/hardnesstests.com\\\/product\\\/hbs-3000-digital-display-brinell-hardness-tester\\\/#primaryimage\"},\"image\":{\"@id\":\"https:\\\/\\\/hardnesstests.com\\\/product\\\/hbs-3000-digital-display-brinell-hardness-tester\\\/#primaryimage\"},\"thumbnailUrl\":\"https:\\\/\\\/hardnesstests.com\\\/wp-content\\\/uploads\\\/2025\\\/11\\\/HBS-3000-\u6570\u663e\u5e03\u6c0f\u786c\u5ea6\u8ba1.jpg\",\"datePublished\":\"2025-11-26T07:08:59+00:00\",\"dateModified\":\"2025-11-27T05:55:53+00:00\",\"breadcrumb\":{\"@id\":\"https:\\\/\\\/hardnesstests.com\\\/product\\\/hbs-3000-digital-display-brinell-hardness-tester\\\/#breadcrumb\"},\"inLanguage\":\"de-CH\",\"potentialAction\":[{\"@type\":\"ReadAction\",\"target\":[\"https:\\\/\\\/hardnesstests.com\\\/product\\\/hbs-3000-digital-display-brinell-hardness-tester\\\/\"]}]},{\"@type\":\"ImageObject\",\"inLanguage\":\"de-CH\",\"@id\":\"https:\\\/\\\/hardnesstests.com\\\/product\\\/hbs-3000-digital-display-brinell-hardness-tester\\\/#primaryimage\",\"url\":\"https:\\\/\\\/hardnesstests.com\\\/wp-content\\\/uploads\\\/2025\\\/11\\\/HBS-3000-\u6570\u663e\u5e03\u6c0f\u786c\u5ea6\u8ba1.jpg\",\"contentUrl\":\"https:\\\/\\\/hardnesstests.com\\\/wp-content\\\/uploads\\\/2025\\\/11\\\/HBS-3000-\u6570\u663e\u5e03\u6c0f\u786c\u5ea6\u8ba1.jpg\",\"width\":800,\"height\":800,\"caption\":\"(HBS-3000 ) Digital display Brinell hardness tester\"},{\"@type\":\"BreadcrumbList\",\"@id\":\"https:\\\/\\\/hardnesstests.com\\\/product\\\/hbs-3000-digital-display-brinell-hardness-tester\\\/#breadcrumb\",\"itemListElement\":[{\"@type\":\"ListItem\",\"position\":1,\"name\":\"\u9996\u9875\",\"item\":\"https:\\\/\\\/hardnesstests.com\\\/\"},{\"@type\":\"ListItem\",\"position\":2,\"name\":\"products\",\"item\":\"https:\\\/\\\/hardnesstests.com\\\/products\\\/\"},{\"@type\":\"ListItem\",\"position\":3,\"name\":\"(HBS-3000 ) Digital display Brinell hardness tester\"}]},{\"@type\":\"WebSite\",\"@id\":\"https:\\\/\\\/hardnesstests.com\\\/tr\\\/#website\",\"url\":\"https:\\\/\\\/hardnesstests.com\\\/tr\\\/\",\"name\":\"hardnesstests\",\"description\":\"\",\"publisher\":{\"@id\":\"https:\\\/\\\/hardnesstests.com\\\/tr\\\/#organization\"},\"potentialAction\":[{\"@type\":\"SearchAction\",\"target\":{\"@type\":\"EntryPoint\",\"urlTemplate\":\"https:\\\/\\\/hardnesstests.com\\\/tr\\\/?s={search_term_string}\"},\"query-input\":{\"@type\":\"PropertyValueSpecification\",\"valueRequired\":true,\"valueName\":\"search_term_string\"}}],\"inLanguage\":\"de-CH\"},{\"@type\":\"Organization\",\"@id\":\"https:\\\/\\\/hardnesstests.com\\\/tr\\\/#organization\",\"name\":\"hardnesstests\",\"url\":\"https:\\\/\\\/hardnesstests.com\\\/tr\\\/\",\"logo\":{\"@type\":\"ImageObject\",\"inLanguage\":\"de-CH\",\"@id\":\"https:\\\/\\\/hardnesstests.com\\\/tr\\\/#\\\/schema\\\/logo\\\/image\\\/\",\"url\":\"https:\\\/\\\/hardnesstests.com\\\/wp-content\\\/uploads\\\/2021\\\/08\\\/\u5fae\u4fe1\u56fe\u7247_20251029102004_335_1287.png\",\"contentUrl\":\"https:\\\/\\\/hardnesstests.com\\\/wp-content\\\/uploads\\\/2021\\\/08\\\/\u5fae\u4fe1\u56fe\u7247_20251029102004_335_1287.png\",\"width\":1308,\"height\":467,\"caption\":\"hardnesstests\"},\"image\":{\"@id\":\"https:\\\/\\\/hardnesstests.com\\\/tr\\\/#\\\/schema\\\/logo\\\/image\\\/\"}}]}<\/script>\n<!-- \/ Yoast SEO Premium plugin. -->","yoast_head_json":{"title":"(HBS-3000 ) Digital display Brinell hardness tester - hardnesstests","robots":{"index":"index","follow":"follow","max-snippet":"max-snippet:-1","max-image-preview":"max-image-preview:large","max-video-preview":"max-video-preview:-1"},"canonical":"https:\/\/hardnesstests.com\/de\/produkt\/hbs-3000-digital-display-brinell-hardness-tester\/","og_locale":"de_DE","og_type":"article","og_title":"(HBS-3000 ) Digital display Brinell hardness tester","og_description":"HBS-3000 digital display Brinell hardness tester, the software system adopts computer intelligent programming, using photoelectric sensor technology, through independent selection of test conditions, the test method, upper and lower limit range can be displayed on the LCD display screen, and the indentation length and hardness value can be measured , Conversion value, test force, retention time, and number of measurements, and can enter year, month, date, test results and data processing, etc., and can output measurement data through a built-in printer or connect to a computer through a data interface. The optical system adopts high-magnification LED optical measurement, the image clarity is high, the brightness is adjustable, and the long-term operation is not suitable for fatigue. The hardware system adopts advanced electronic sensor loading technology. Through the closed-loop control system, the CPU controls the sensor to collect signals. The stepper motor automatically loads and unloads the test force, and can automatically compensate the test force to ensure more accurate force values and more stable indications . At the same time, it is equipped with an emergency stop device, which meets the EU CE safety standards. With humanized operability, more reliable stability and safety.","og_url":"https:\/\/hardnesstests.com\/de\/produkt\/hbs-3000-digital-display-brinell-hardness-tester\/","og_site_name":"hardnesstests","article_modified_time":"2025-11-27T05:55:53+00:00","og_image":[{"width":800,"height":800,"url":"https:\/\/hardnesstests.com\/wp-content\/uploads\/2025\/11\/HBS-3000-\u6570\u663e\u5e03\u6c0f\u786c\u5ea6\u8ba1.jpg","type":"image\/jpeg"}],"twitter_card":"summary_large_image","twitter_misc":{"Gesch\u00e4tzte Lesezeit":"2\u00a0Minuten"},"schema":{"@context":"https:\/\/schema.org","@graph":[{"@type":"WebPage","@id":"https:\/\/hardnesstests.com\/product\/hbs-3000-digital-display-brinell-hardness-tester\/","url":"https:\/\/hardnesstests.com\/product\/hbs-3000-digital-display-brinell-hardness-tester\/","name":"(HBS-3000 ) Digital display Brinell hardness tester - hardnesstests","isPartOf":{"@id":"https:\/\/hardnesstests.com\/tr\/#website"},"primaryImageOfPage":{"@id":"https:\/\/hardnesstests.com\/product\/hbs-3000-digital-display-brinell-hardness-tester\/#primaryimage"},"image":{"@id":"https:\/\/hardnesstests.com\/product\/hbs-3000-digital-display-brinell-hardness-tester\/#primaryimage"},"thumbnailUrl":"https:\/\/hardnesstests.com\/wp-content\/uploads\/2025\/11\/HBS-3000-\u6570\u663e\u5e03\u6c0f\u786c\u5ea6\u8ba1.jpg","datePublished":"2025-11-26T07:08:59+00:00","dateModified":"2025-11-27T05:55:53+00:00","breadcrumb":{"@id":"https:\/\/hardnesstests.com\/product\/hbs-3000-digital-display-brinell-hardness-tester\/#breadcrumb"},"inLanguage":"de-CH","potentialAction":[{"@type":"ReadAction","target":["https:\/\/hardnesstests.com\/product\/hbs-3000-digital-display-brinell-hardness-tester\/"]}]},{"@type":"ImageObject","inLanguage":"de-CH","@id":"https:\/\/hardnesstests.com\/product\/hbs-3000-digital-display-brinell-hardness-tester\/#primaryimage","url":"https:\/\/hardnesstests.com\/wp-content\/uploads\/2025\/11\/HBS-3000-\u6570\u663e\u5e03\u6c0f\u786c\u5ea6\u8ba1.jpg","contentUrl":"https:\/\/hardnesstests.com\/wp-content\/uploads\/2025\/11\/HBS-3000-\u6570\u663e\u5e03\u6c0f\u786c\u5ea6\u8ba1.jpg","width":800,"height":800,"caption":"(HBS-3000 ) Digital display Brinell hardness tester"},{"@type":"BreadcrumbList","@id":"https:\/\/hardnesstests.com\/product\/hbs-3000-digital-display-brinell-hardness-tester\/#breadcrumb","itemListElement":[{"@type":"ListItem","position":1,"name":"\u9996\u9875","item":"https:\/\/hardnesstests.com\/"},{"@type":"ListItem","position":2,"name":"products","item":"https:\/\/hardnesstests.com\/products\/"},{"@type":"ListItem","position":3,"name":"(HBS-3000 ) Digital display Brinell hardness tester"}]},{"@type":"WebSite","@id":"https:\/\/hardnesstests.com\/tr\/#website","url":"https:\/\/hardnesstests.com\/tr\/","name":"hardnesstests","description":"","publisher":{"@id":"https:\/\/hardnesstests.com\/tr\/#organization"},"potentialAction":[{"@type":"SearchAction","target":{"@type":"EntryPoint","urlTemplate":"https:\/\/hardnesstests.com\/tr\/?s={search_term_string}"},"query-input":{"@type":"PropertyValueSpecification","valueRequired":true,"valueName":"search_term_string"}}],"inLanguage":"de-CH"},{"@type":"Organization","@id":"https:\/\/hardnesstests.com\/tr\/#organization","name":"hardnesstests","url":"https:\/\/hardnesstests.com\/tr\/","logo":{"@type":"ImageObject","inLanguage":"de-CH","@id":"https:\/\/hardnesstests.com\/tr\/#\/schema\/logo\/image\/","url":"https:\/\/hardnesstests.com\/wp-content\/uploads\/2021\/08\/\u5fae\u4fe1\u56fe\u7247_20251029102004_335_1287.png","contentUrl":"https:\/\/hardnesstests.com\/wp-content\/uploads\/2021\/08\/\u5fae\u4fe1\u56fe\u7247_20251029102004_335_1287.png","width":1308,"height":467,"caption":"hardnesstests"},"image":{"@id":"https:\/\/hardnesstests.com\/tr\/#\/schema\/logo\/image\/"}}]}},"_links":{"self":[{"href":"https:\/\/hardnesstests.com\/de\/wp-json\/wp\/v2\/product\/29645","targetHints":{"allow":["GET"]}}],"collection":[{"href":"https:\/\/hardnesstests.com\/de\/wp-json\/wp\/v2\/product"}],"about":[{"href":"https:\/\/hardnesstests.com\/de\/wp-json\/wp\/v2\/types\/product"}],"replies":[{"embeddable":true,"href":"https:\/\/hardnesstests.com\/de\/wp-json\/wp\/v2\/comments?post=29645"}],"version-history":[{"count":2,"href":"https:\/\/hardnesstests.com\/de\/wp-json\/wp\/v2\/product\/29645\/revisions"}],"predecessor-version":[{"id":29703,"href":"https:\/\/hardnesstests.com\/de\/wp-json\/wp\/v2\/product\/29645\/revisions\/29703"}],"wp:featuredmedia":[{"embeddable":true,"href":"https:\/\/hardnesstests.com\/de\/wp-json\/wp\/v2\/media\/29646"}],"wp:attachment":[{"href":"https:\/\/hardnesstests.com\/de\/wp-json\/wp\/v2\/media?parent=29645"}],"wp:term":[{"taxonomy":"product_brand","embeddable":true,"href":"https:\/\/hardnesstests.com\/de\/wp-json\/wp\/v2\/product_brand?post=29645"},{"taxonomy":"product_cat","embeddable":true,"href":"https:\/\/hardnesstests.com\/de\/wp-json\/wp\/v2\/product_cat?post=29645"},{"taxonomy":"product_tag","embeddable":true,"href":"https:\/\/hardnesstests.com\/de\/wp-json\/wp\/v2\/product_tag?post=29645"}],"curies":[{"name":"wp","href":"https:\/\/api.w.org\/{rel}","templated":true}]}}