{"id":29606,"date":"2025-11-25T08:22:28","date_gmt":"2025-11-25T08:22:28","guid":{"rendered":"https:\/\/hardnesstests.com\/?post_type=product&#038;p=29606"},"modified":"2025-11-27T05:29:13","modified_gmt":"2025-11-27T05:29:13","slug":"cbarcol-hardness-tester","status":"publish","type":"product","link":"https:\/\/hardnesstests.com\/de\/produkt\/cbarcol-hardness-tester\/","title":{"rendered":"cBarcol-H\u00e4rtepr\u00fcfger\u00e4t"},"content":{"rendered":"<h1>1.Advantage\uff1a<\/h1>\n<p style=\"font-weight: 400;\">*Small size, light weight (510g), easy to carry.<\/p>\n<p style=\"font-weight: 400;\">* One-handed operation, no need to use experience, in any case, can be tested as long as it can be reached.<\/p>\n<p style=\"font-weight: 400;\">* Wide test range. From very soft pure aluminum to particularly hard aluminum alloys, the effective test range is equivalent to Brinell hardness 25\uff5e135HB.<\/p>\n<p style=\"font-weight: 400;\">* High sensitivity. The Webster hardness tester only has 20 scales, while the Barcol hardness tester has 100 scales and has higher sensitivity.<\/p>\n<p style=\"font-weight: 400;\">* The Barcol hardness tester is only tested on one side of the sample and does not require support. It is suitable for testing large and extra-thick workpieces and assemblies.<\/p>\n<p style=\"font-weight: 400;\">* Easy to convert. The hardness values of Brinell, Rockwell, Vickers, and Webster can be obtained through the conversion table.<\/p>\n<h1>2.Technical Parameters<\/h1>\n<table>\n<tbody>\n<tr>\n<td width=\"225\">Range<\/td>\n<td width=\"344\">0\uff5e100HBa<\/td>\n<\/tr>\n<tr>\n<td width=\"225\">Effective measurement range<\/td>\n<td width=\"344\">equivalent to 25\uff5e135HBW<\/td>\n<\/tr>\n<tr>\n<td width=\"225\">Aufl\u00f6sung<\/td>\n<td width=\"344\">0.5HBa<\/td>\n<\/tr>\n<tr>\n<td width=\"225\">Indication error<\/td>\n<td width=\"344\">42\uff5e52 HBa \u00b12.0 HBa<\/p>\n<p>84\uff5e88 HBa \u00b11.0 HBa<\/td>\n<\/tr>\n<tr>\n<td width=\"225\">Repeatability error<\/td>\n<td width=\"344\">42-52 HBa \u00b12.5 HBa<\/p>\n<p>84\uff5e88 HBa \u00b11.5 HBa<\/td>\n<\/tr>\n<\/tbody>\n<\/table>\n<h1>3.Standard configuration<\/h1>\n<table width=\"572\">\n<tbody>\n<tr>\n<td width=\"154\">Main part<\/td>\n<td width=\"132\">1<\/td>\n<td width=\"163\">Calibration block<\/td>\n<td width=\"123\">2<\/td>\n<\/tr>\n<tr>\n<td width=\"154\">Calibration wrench<\/td>\n<td width=\"132\">1<\/td>\n<td width=\"163\">Spare needle<\/td>\n<td width=\"123\">2<\/td>\n<\/tr>\n<\/tbody>\n<\/table>","protected":false},"excerpt":{"rendered":"<p>https:\/\/www.youtube.com\/shorts\/eP0GhjjVnjM?feature=share<\/p>","protected":false},"featured_media":29607,"comment_status":"open","ping_status":"closed","template":"","meta":[],"product_brand":[],"product_cat":[76,70],"product_tag":[102],"class_list":{"0":"post-29606","1":"product","2":"type-product","3":"status-publish","4":"has-post-thumbnail","6":"product_cat-barcol-hardness-tester","7":"product_cat-hardness-tester","8":"product_tag-barcol-hardness-tester","10":"first","11":"instock","12":"shipping-taxable","13":"product-type-simple"},"yoast_head":"<!-- This site is optimized with the Yoast SEO Premium plugin v25.4 (Yoast SEO v27.4) - https:\/\/yoast.com\/product\/yoast-seo-premium-wordpress\/ -->\n<title>cBarcol hardness tester - hardnesstests<\/title>\n<meta name=\"robots\" content=\"index, follow, max-snippet:-1, max-image-preview:large, max-video-preview:-1\" \/>\n<link rel=\"canonical\" href=\"https:\/\/hardnesstests.com\/de\/produkt\/cbarcol-hardness-tester\/\" \/>\n<meta property=\"og:locale\" content=\"de_DE\" \/>\n<meta property=\"og:type\" content=\"article\" \/>\n<meta property=\"og:title\" content=\"cBarcol hardness tester\" \/>\n<meta property=\"og:description\" content=\"https:\/\/www.youtube.com\/shorts\/eP0GhjjVnjM?feature=share\" \/>\n<meta property=\"og:url\" content=\"https:\/\/hardnesstests.com\/de\/produkt\/cbarcol-hardness-tester\/\" \/>\n<meta property=\"og:site_name\" content=\"hardnesstests\" \/>\n<meta property=\"article:modified_time\" content=\"2025-11-27T05:29:13+00:00\" \/>\n<meta property=\"og:image\" content=\"https:\/\/hardnesstests.com\/wp-content\/uploads\/2025\/11\/934-1\u5df4\u6c0f\u786c\u5ea6\u8ba1.jpg\" \/>\n\t<meta property=\"og:image:width\" content=\"800\" \/>\n\t<meta property=\"og:image:height\" content=\"800\" \/>\n\t<meta property=\"og:image:type\" content=\"image\/jpeg\" \/>\n<meta name=\"twitter:card\" content=\"summary_large_image\" \/>\n<meta name=\"twitter:label1\" content=\"Gesch\u00e4tzte Lesezeit\" \/>\n\t<meta name=\"twitter:data1\" content=\"1\u00a0Minute\" \/>\n<script type=\"application\/ld+json\" class=\"yoast-schema-graph\">{\"@context\":\"https:\\\/\\\/schema.org\",\"@graph\":[{\"@type\":\"WebPage\",\"@id\":\"https:\\\/\\\/hardnesstests.com\\\/product\\\/cbarcol-hardness-tester\\\/\",\"url\":\"https:\\\/\\\/hardnesstests.com\\\/product\\\/cbarcol-hardness-tester\\\/\",\"name\":\"cBarcol hardness tester - hardnesstests\",\"isPartOf\":{\"@id\":\"https:\\\/\\\/hardnesstests.com\\\/tr\\\/#website\"},\"primaryImageOfPage\":{\"@id\":\"https:\\\/\\\/hardnesstests.com\\\/product\\\/cbarcol-hardness-tester\\\/#primaryimage\"},\"image\":{\"@id\":\"https:\\\/\\\/hardnesstests.com\\\/product\\\/cbarcol-hardness-tester\\\/#primaryimage\"},\"thumbnailUrl\":\"https:\\\/\\\/hardnesstests.com\\\/wp-content\\\/uploads\\\/2025\\\/11\\\/934-1\u5df4\u6c0f\u786c\u5ea6\u8ba1.jpg\",\"datePublished\":\"2025-11-25T08:22:28+00:00\",\"dateModified\":\"2025-11-27T05:29:13+00:00\",\"breadcrumb\":{\"@id\":\"https:\\\/\\\/hardnesstests.com\\\/product\\\/cbarcol-hardness-tester\\\/#breadcrumb\"},\"inLanguage\":\"de-CH\",\"potentialAction\":[{\"@type\":\"ReadAction\",\"target\":[\"https:\\\/\\\/hardnesstests.com\\\/product\\\/cbarcol-hardness-tester\\\/\"]}]},{\"@type\":\"ImageObject\",\"inLanguage\":\"de-CH\",\"@id\":\"https:\\\/\\\/hardnesstests.com\\\/product\\\/cbarcol-hardness-tester\\\/#primaryimage\",\"url\":\"https:\\\/\\\/hardnesstests.com\\\/wp-content\\\/uploads\\\/2025\\\/11\\\/934-1\u5df4\u6c0f\u786c\u5ea6\u8ba1.jpg\",\"contentUrl\":\"https:\\\/\\\/hardnesstests.com\\\/wp-content\\\/uploads\\\/2025\\\/11\\\/934-1\u5df4\u6c0f\u786c\u5ea6\u8ba1.jpg\",\"width\":800,\"height\":800,\"caption\":\"cBarcol hardness tester\"},{\"@type\":\"BreadcrumbList\",\"@id\":\"https:\\\/\\\/hardnesstests.com\\\/product\\\/cbarcol-hardness-tester\\\/#breadcrumb\",\"itemListElement\":[{\"@type\":\"ListItem\",\"position\":1,\"name\":\"\u9996\u9875\",\"item\":\"https:\\\/\\\/hardnesstests.com\\\/\"},{\"@type\":\"ListItem\",\"position\":2,\"name\":\"products\",\"item\":\"https:\\\/\\\/hardnesstests.com\\\/products\\\/\"},{\"@type\":\"ListItem\",\"position\":3,\"name\":\"cBarcol hardness tester\"}]},{\"@type\":\"WebSite\",\"@id\":\"https:\\\/\\\/hardnesstests.com\\\/tr\\\/#website\",\"url\":\"https:\\\/\\\/hardnesstests.com\\\/tr\\\/\",\"name\":\"hardnesstests\",\"description\":\"\",\"publisher\":{\"@id\":\"https:\\\/\\\/hardnesstests.com\\\/tr\\\/#organization\"},\"potentialAction\":[{\"@type\":\"SearchAction\",\"target\":{\"@type\":\"EntryPoint\",\"urlTemplate\":\"https:\\\/\\\/hardnesstests.com\\\/tr\\\/?s={search_term_string}\"},\"query-input\":{\"@type\":\"PropertyValueSpecification\",\"valueRequired\":true,\"valueName\":\"search_term_string\"}}],\"inLanguage\":\"de-CH\"},{\"@type\":\"Organization\",\"@id\":\"https:\\\/\\\/hardnesstests.com\\\/tr\\\/#organization\",\"name\":\"hardnesstests\",\"url\":\"https:\\\/\\\/hardnesstests.com\\\/tr\\\/\",\"logo\":{\"@type\":\"ImageObject\",\"inLanguage\":\"de-CH\",\"@id\":\"https:\\\/\\\/hardnesstests.com\\\/tr\\\/#\\\/schema\\\/logo\\\/image\\\/\",\"url\":\"https:\\\/\\\/hardnesstests.com\\\/wp-content\\\/uploads\\\/2021\\\/08\\\/\u5fae\u4fe1\u56fe\u7247_20251029102004_335_1287.png\",\"contentUrl\":\"https:\\\/\\\/hardnesstests.com\\\/wp-content\\\/uploads\\\/2021\\\/08\\\/\u5fae\u4fe1\u56fe\u7247_20251029102004_335_1287.png\",\"width\":1308,\"height\":467,\"caption\":\"hardnesstests\"},\"image\":{\"@id\":\"https:\\\/\\\/hardnesstests.com\\\/tr\\\/#\\\/schema\\\/logo\\\/image\\\/\"}}]}<\/script>\n<!-- \/ Yoast SEO Premium plugin. -->","yoast_head_json":{"title":"cBarcol hardness tester - hardnesstests","robots":{"index":"index","follow":"follow","max-snippet":"max-snippet:-1","max-image-preview":"max-image-preview:large","max-video-preview":"max-video-preview:-1"},"canonical":"https:\/\/hardnesstests.com\/de\/produkt\/cbarcol-hardness-tester\/","og_locale":"de_DE","og_type":"article","og_title":"cBarcol hardness tester","og_description":"https:\/\/www.youtube.com\/shorts\/eP0GhjjVnjM?feature=share","og_url":"https:\/\/hardnesstests.com\/de\/produkt\/cbarcol-hardness-tester\/","og_site_name":"hardnesstests","article_modified_time":"2025-11-27T05:29:13+00:00","og_image":[{"width":800,"height":800,"url":"https:\/\/hardnesstests.com\/wp-content\/uploads\/2025\/11\/934-1\u5df4\u6c0f\u786c\u5ea6\u8ba1.jpg","type":"image\/jpeg"}],"twitter_card":"summary_large_image","twitter_misc":{"Gesch\u00e4tzte Lesezeit":"1\u00a0Minute"},"schema":{"@context":"https:\/\/schema.org","@graph":[{"@type":"WebPage","@id":"https:\/\/hardnesstests.com\/product\/cbarcol-hardness-tester\/","url":"https:\/\/hardnesstests.com\/product\/cbarcol-hardness-tester\/","name":"cBarcol hardness tester - hardnesstests","isPartOf":{"@id":"https:\/\/hardnesstests.com\/tr\/#website"},"primaryImageOfPage":{"@id":"https:\/\/hardnesstests.com\/product\/cbarcol-hardness-tester\/#primaryimage"},"image":{"@id":"https:\/\/hardnesstests.com\/product\/cbarcol-hardness-tester\/#primaryimage"},"thumbnailUrl":"https:\/\/hardnesstests.com\/wp-content\/uploads\/2025\/11\/934-1\u5df4\u6c0f\u786c\u5ea6\u8ba1.jpg","datePublished":"2025-11-25T08:22:28+00:00","dateModified":"2025-11-27T05:29:13+00:00","breadcrumb":{"@id":"https:\/\/hardnesstests.com\/product\/cbarcol-hardness-tester\/#breadcrumb"},"inLanguage":"de-CH","potentialAction":[{"@type":"ReadAction","target":["https:\/\/hardnesstests.com\/product\/cbarcol-hardness-tester\/"]}]},{"@type":"ImageObject","inLanguage":"de-CH","@id":"https:\/\/hardnesstests.com\/product\/cbarcol-hardness-tester\/#primaryimage","url":"https:\/\/hardnesstests.com\/wp-content\/uploads\/2025\/11\/934-1\u5df4\u6c0f\u786c\u5ea6\u8ba1.jpg","contentUrl":"https:\/\/hardnesstests.com\/wp-content\/uploads\/2025\/11\/934-1\u5df4\u6c0f\u786c\u5ea6\u8ba1.jpg","width":800,"height":800,"caption":"cBarcol hardness tester"},{"@type":"BreadcrumbList","@id":"https:\/\/hardnesstests.com\/product\/cbarcol-hardness-tester\/#breadcrumb","itemListElement":[{"@type":"ListItem","position":1,"name":"\u9996\u9875","item":"https:\/\/hardnesstests.com\/"},{"@type":"ListItem","position":2,"name":"products","item":"https:\/\/hardnesstests.com\/products\/"},{"@type":"ListItem","position":3,"name":"cBarcol hardness tester"}]},{"@type":"WebSite","@id":"https:\/\/hardnesstests.com\/tr\/#website","url":"https:\/\/hardnesstests.com\/tr\/","name":"hardnesstests","description":"","publisher":{"@id":"https:\/\/hardnesstests.com\/tr\/#organization"},"potentialAction":[{"@type":"SearchAction","target":{"@type":"EntryPoint","urlTemplate":"https:\/\/hardnesstests.com\/tr\/?s={search_term_string}"},"query-input":{"@type":"PropertyValueSpecification","valueRequired":true,"valueName":"search_term_string"}}],"inLanguage":"de-CH"},{"@type":"Organization","@id":"https:\/\/hardnesstests.com\/tr\/#organization","name":"hardnesstests","url":"https:\/\/hardnesstests.com\/tr\/","logo":{"@type":"ImageObject","inLanguage":"de-CH","@id":"https:\/\/hardnesstests.com\/tr\/#\/schema\/logo\/image\/","url":"https:\/\/hardnesstests.com\/wp-content\/uploads\/2021\/08\/\u5fae\u4fe1\u56fe\u7247_20251029102004_335_1287.png","contentUrl":"https:\/\/hardnesstests.com\/wp-content\/uploads\/2021\/08\/\u5fae\u4fe1\u56fe\u7247_20251029102004_335_1287.png","width":1308,"height":467,"caption":"hardnesstests"},"image":{"@id":"https:\/\/hardnesstests.com\/tr\/#\/schema\/logo\/image\/"}}]}},"_links":{"self":[{"href":"https:\/\/hardnesstests.com\/de\/wp-json\/wp\/v2\/product\/29606","targetHints":{"allow":["GET"]}}],"collection":[{"href":"https:\/\/hardnesstests.com\/de\/wp-json\/wp\/v2\/product"}],"about":[{"href":"https:\/\/hardnesstests.com\/de\/wp-json\/wp\/v2\/types\/product"}],"replies":[{"embeddable":true,"href":"https:\/\/hardnesstests.com\/de\/wp-json\/wp\/v2\/comments?post=29606"}],"version-history":[{"count":2,"href":"https:\/\/hardnesstests.com\/de\/wp-json\/wp\/v2\/product\/29606\/revisions"}],"predecessor-version":[{"id":29684,"href":"https:\/\/hardnesstests.com\/de\/wp-json\/wp\/v2\/product\/29606\/revisions\/29684"}],"wp:featuredmedia":[{"embeddable":true,"href":"https:\/\/hardnesstests.com\/de\/wp-json\/wp\/v2\/media\/29607"}],"wp:attachment":[{"href":"https:\/\/hardnesstests.com\/de\/wp-json\/wp\/v2\/media?parent=29606"}],"wp:term":[{"taxonomy":"product_brand","embeddable":true,"href":"https:\/\/hardnesstests.com\/de\/wp-json\/wp\/v2\/product_brand?post=29606"},{"taxonomy":"product_cat","embeddable":true,"href":"https:\/\/hardnesstests.com\/de\/wp-json\/wp\/v2\/product_cat?post=29606"},{"taxonomy":"product_tag","embeddable":true,"href":"https:\/\/hardnesstests.com\/de\/wp-json\/wp\/v2\/product_tag?post=29606"}],"curies":[{"name":"wp","href":"https:\/\/api.w.org\/{rel}","templated":true}]}}