{"id":29600,"date":"2025-11-25T07:25:23","date_gmt":"2025-11-25T07:25:23","guid":{"rendered":"https:\/\/hardnesstests.com\/?post_type=product&#038;p=29600"},"modified":"2025-11-27T05:37:15","modified_gmt":"2025-11-27T05:37:15","slug":"shl-160-portable-leeb-hardness-tester","status":"publish","type":"product","link":"https:\/\/hardnesstests.com\/de\/produkt\/shl-160-portable-leeb-hardness-tester\/","title":{"rendered":"SHL-160 Tragbares Leeb-H\u00e4rtepr\u00fcfger\u00e4t"},"content":{"rendered":"<h1>Merkmale:<\/h1>\n<ol>\n<li>Full Chinese display, menu-based operation.<\/li>\n<li>Mini USB communication interface.<\/li>\n<li>Can be equipped with 7 different impact devices, no need to recalibrate when replaced, and can automatically identify the type of impact device.<\/li>\n<li>Supports measurement of multiple hardness systems and three strength values.<\/li>\n<li>Can store 300 groups, single measurement values, average values, measurement date, impact direction, number of times, materials, hardness system and other information.<\/li>\n<li>Can pre-set the upper and lower limits of hardness values, and automatically alarm when exceeding the limit, which is convenient for users to meet batch testing needs.<\/li>\n<li>Indicator software calibration function.<\/li>\n<li>Built-in high-performance lithium battery and charging control circuit, with ultra-long working and standby time.<\/li>\n<li>Can be equipped with computer software, supporting data query, storage, statistics and bar chart display functions. Main technical indicators:<\/li>\n<\/ol>\n<h1>Indication error and indication repeatability<\/h1>\n<table>\n<tbody>\n<tr>\n<td width=\"60\">Serial number<\/td>\n<td width=\"148\">Impact device type<\/td>\n<td width=\"175\">Standard Leeb Hardness Block Hardness Value<\/td>\n<td width=\"101\">Indication error<\/td>\n<td width=\"94\">Indication repeatability<\/td>\n<\/tr>\n<tr>\n<td width=\"60\">1<\/td>\n<td width=\"148\">D<\/td>\n<td width=\"175\">760\u00b130HLD<\/p>\n<p>530\u00b140HLD<\/td>\n<td width=\"101\">\u00b15 HLD<\/p>\n<p>\u00b18 HLD<\/td>\n<td width=\"94\">5 HLD<\/p>\n<p>8 HLD<\/td>\n<\/tr>\n<tr>\n<td width=\"60\">2<\/td>\n<td width=\"148\">DC<\/td>\n<td width=\"175\">760\u00b130HLDC<\/p>\n<p>530\u00b140HLDC<\/td>\n<td width=\"101\">\u00b15 HLDC<\/p>\n<p>\u00b18 HLDC<\/td>\n<td width=\"94\">5 HLD<\/p>\n<p>8 HLD<\/td>\n<\/tr>\n<tr>\n<td width=\"60\">3<\/td>\n<td width=\"148\">DL<\/td>\n<td width=\"175\">878\u00b130HLDL<\/p>\n<p>736\u00b140HLDL<\/td>\n<td width=\"101\">\u00b110 HLDL<\/td>\n<td width=\"94\">10 HLDL<\/td>\n<\/tr>\n<tr>\n<td width=\"60\">4<\/td>\n<td width=\"148\">D+15<\/td>\n<td width=\"175\">766\u00b130HLD+15<\/p>\n<p>544\u00b140HLD+15<\/td>\n<td width=\"101\">\u00b110 HLD+12<\/td>\n<td width=\"94\">10 HLD+12<\/td>\n<\/tr>\n<tr>\n<td width=\"60\">5<\/td>\n<td width=\"148\">G<\/td>\n<td width=\"175\">590\u00b140HLG<\/p>\n<p>500\u00b140HLG<\/td>\n<td width=\"101\">\u00b110 HLG<\/td>\n<td width=\"94\">10 HLG<\/td>\n<\/tr>\n<tr>\n<td width=\"60\">6<\/td>\n<td width=\"148\">E<\/td>\n<td width=\"175\">725\u00b130HLE<\/p>\n<p>508\u00b140HLE<\/td>\n<td width=\"101\">\u00b110 HLE<\/td>\n<td width=\"94\">10 HLE<\/td>\n<\/tr>\n<tr>\n<td width=\"60\">7<\/td>\n<td width=\"148\">C<\/td>\n<td width=\"175\">822\u00b130HLC<\/p>\n<p>590\u00b140HLC<\/td>\n<td width=\"101\">\u00b110 HLC<\/td>\n<td width=\"94\">10 HLC<\/td>\n<\/tr>\n<\/tbody>\n<\/table>\n<p>Hardness scale Leeb (HL), Brinell (HB), Rockwell A (HRA), Rockwell B (HRB), Rockwell C (HRC), Vickers (HV) and Shore (HS)\u6d4b\u91cf\u8303\u56f4\u00a0\u00a0\u00a0\u00a0\u00a0\u00a0 HLD\uff08170\uff5e960\uff09\u3001HRA\uff0859\uff5e85\uff09\u3001HRB\uff0813\uff5e100\uff09\u3001HRC\uff0818\uff5e68\uff09\u3001HB\uff0819\uff5e655\uff09\u3001HV\uff0880\uff5e976\uff09\u3001HS\uff0832\uff5e100\uff09<\/p>\n<p>Measuring direction 360\u00b0 (vertical downward, oblique downward, horizontal, oblique upward, vertical upward)<\/p>\n<p>Measuring materials Steel and cast steel, alloy tool steel, stainless steel, grey cast iron, ductile iron, cast aluminum alloys, copper-zinc alloys (brass), copper-tin alloys (bronze), pure copper and forged steel<\/p>\n<p>Display LCD, 128\u00d764 graphic dot matrix LCD<\/p>\n<p>Printing function Thermal print head, quiet operation, can print measurement results at any time<\/p>\n<p>Printing paper width 57.5\u00b10.5mm, diameter 30mm<\/p>\n<p>Communication interface standard USB2.0<\/p>\n<p>Charging power supply 9VDC, 220VAC<\/p>\n<p>Charging time 4-5 hours<\/p>\n<p>Battery 7.4V, lithium battery (1500mAh)<\/p>\n<p>Ambient temperature 0-40\u2103<\/p>\n<p>Storage temperature -25-70\u2103<\/p>\n<p>Continuous working time about 300 hours<\/p>\n<p>&nbsp;<\/p>\n<h1 style=\"font-weight: 400;\">Standard Configuration:<\/h1>\n<p style=\"font-weight: 400;\">Instrument host \u00a0\u00a0\u00a0\u00a0\u00a0\u00a0\u00a0\u00a0\u00a0\u00a0\u00a0\u00a0\u00a0\u00a0\u00a01 unit<\/p>\n<p style=\"font-weight: 400;\">D-type impact device \u00a0\u00a0\u00a0\u00a0\u00a0\u00a0\u00a0\u00a0\u00a0\u00a01 unit<\/p>\n<p style=\"font-weight: 400;\">Small support ring \u00a0\u00a0\u00a0\u00a0\u00a0\u00a0\u00a0\u00a0\u00a0\u00a0\u00a0\u00a0\u00a01 unit<\/p>\n<p style=\"font-weight: 400;\">Nylon brush (I) \u00a0\u00a0\u00a0\u00a0\u00a0\u00a0\u00a0\u00a0\u00a0\u00a0\u00a0\u00a0\u00a0\u00a0\u00a01 unit<\/p>\n<p style=\"font-weight: 400;\">High-value Leeb hardness block\u00a0 \u00a01 unit<\/p>\n<p style=\"font-weight: 400;\">Charger \u00a0\u00a0\u00a0\u00a0\u00a0\u00a0\u00a0\u00a0\u00a0\u00a0\u00a0\u00a0\u00a0\u00a0\u00a0\u00a0\u00a0\u00a0\u00a0\u00a0\u00a01 unit<\/p>\n<p style=\"font-weight: 400;\">Communication cable \u00a0\u00a0\u00a0\u00a0\u00a0\u00a0\u00a0\u00a0\u00a0\u00a01 unit<\/p>\n<h1 style=\"font-weight: 400;\">Optional accessories:<\/h1>\n<p style=\"font-weight: 400;\">Data processing software (applied on computer)<\/p>\n<p style=\"font-weight: 400;\">Various special-shaped impact devices and support rings<\/p>\n<p style=\"font-weight: 400;\">High, medium and low Leeb hardness blocks<\/p>","protected":false},"excerpt":{"rendered":"<p>SHL-160 Portable Leeb Hardness Tester is a new generation flagship model developed by our company. It adopts ultra-low power consumption design concept, high-performance rechargeable battery, intelligent charging management and USB plug-and-play communication interface, and comes with an embedded thermal printer, supports on-site instant printing, meets diverse measurement requirements, and has an ultra-high brightness LCD screen, which better meets complex measurement environments. It is the first choice for users.<\/p>","protected":false},"featured_media":29601,"comment_status":"open","ping_status":"closed","template":"","meta":[],"product_brand":[],"product_cat":[70,92],"product_tag":[103],"class_list":{"0":"post-29600","1":"product","2":"type-product","3":"status-publish","4":"has-post-thumbnail","6":"product_cat-hardness-tester","7":"product_cat-leeb-hardness-tester","8":"product_tag-methods-leeb-hardness-test","10":"first","11":"instock","12":"shipping-taxable","13":"product-type-simple"},"yoast_head":"<!-- This site is optimized with the Yoast SEO Premium plugin v25.4 (Yoast SEO v27.4) - https:\/\/yoast.com\/product\/yoast-seo-premium-wordpress\/ -->\n<title>SHL-160 Portable Leeb Hardness Tester - hardnesstests<\/title>\n<meta name=\"robots\" content=\"index, follow, max-snippet:-1, max-image-preview:large, max-video-preview:-1\" \/>\n<link rel=\"canonical\" href=\"https:\/\/hardnesstests.com\/de\/produkt\/shl-160-portable-leeb-hardness-tester\/\" \/>\n<meta property=\"og:locale\" content=\"de_DE\" \/>\n<meta property=\"og:type\" content=\"article\" \/>\n<meta property=\"og:title\" content=\"SHL-160 Portable Leeb Hardness Tester\" \/>\n<meta property=\"og:description\" content=\"SHL-160 Portable Leeb Hardness Tester is a new generation flagship model developed by our company. It adopts ultra-low power consumption design concept, high-performance rechargeable battery, intelligent charging management and USB plug-and-play communication interface, and comes with an embedded thermal printer, supports on-site instant printing, meets diverse measurement requirements, and has an ultra-high brightness LCD screen, which better meets complex measurement environments. It is the first choice for users.\" \/>\n<meta property=\"og:url\" content=\"https:\/\/hardnesstests.com\/de\/produkt\/shl-160-portable-leeb-hardness-tester\/\" \/>\n<meta property=\"og:site_name\" content=\"hardnesstests\" \/>\n<meta property=\"article:modified_time\" content=\"2025-11-27T05:37:15+00:00\" \/>\n<meta property=\"og:image\" content=\"https:\/\/hardnesstests.com\/wp-content\/uploads\/2025\/11\/SHL-160\u4fbf\u643a\u5f0f\u91cc\u6c0f\u786c\u5ea6\u8ba1.jpg\" \/>\n\t<meta property=\"og:image:width\" content=\"550\" \/>\n\t<meta property=\"og:image:height\" content=\"367\" \/>\n\t<meta property=\"og:image:type\" content=\"image\/jpeg\" \/>\n<meta name=\"twitter:card\" content=\"summary_large_image\" \/>\n<meta name=\"twitter:label1\" content=\"Gesch\u00e4tzte Lesezeit\" \/>\n\t<meta name=\"twitter:data1\" content=\"2\u00a0Minuten\" \/>\n<script type=\"application\/ld+json\" class=\"yoast-schema-graph\">{\"@context\":\"https:\\\/\\\/schema.org\",\"@graph\":[{\"@type\":\"WebPage\",\"@id\":\"https:\\\/\\\/hardnesstests.com\\\/product\\\/shl-160-portable-leeb-hardness-tester\\\/\",\"url\":\"https:\\\/\\\/hardnesstests.com\\\/product\\\/shl-160-portable-leeb-hardness-tester\\\/\",\"name\":\"SHL-160 Portable Leeb Hardness Tester - hardnesstests\",\"isPartOf\":{\"@id\":\"https:\\\/\\\/hardnesstests.com\\\/tr\\\/#website\"},\"primaryImageOfPage\":{\"@id\":\"https:\\\/\\\/hardnesstests.com\\\/product\\\/shl-160-portable-leeb-hardness-tester\\\/#primaryimage\"},\"image\":{\"@id\":\"https:\\\/\\\/hardnesstests.com\\\/product\\\/shl-160-portable-leeb-hardness-tester\\\/#primaryimage\"},\"thumbnailUrl\":\"https:\\\/\\\/hardnesstests.com\\\/wp-content\\\/uploads\\\/2025\\\/11\\\/SHL-160\u4fbf\u643a\u5f0f\u91cc\u6c0f\u786c\u5ea6\u8ba1.jpg\",\"datePublished\":\"2025-11-25T07:25:23+00:00\",\"dateModified\":\"2025-11-27T05:37:15+00:00\",\"breadcrumb\":{\"@id\":\"https:\\\/\\\/hardnesstests.com\\\/product\\\/shl-160-portable-leeb-hardness-tester\\\/#breadcrumb\"},\"inLanguage\":\"de-CH\",\"potentialAction\":[{\"@type\":\"ReadAction\",\"target\":[\"https:\\\/\\\/hardnesstests.com\\\/product\\\/shl-160-portable-leeb-hardness-tester\\\/\"]}]},{\"@type\":\"ImageObject\",\"inLanguage\":\"de-CH\",\"@id\":\"https:\\\/\\\/hardnesstests.com\\\/product\\\/shl-160-portable-leeb-hardness-tester\\\/#primaryimage\",\"url\":\"https:\\\/\\\/hardnesstests.com\\\/wp-content\\\/uploads\\\/2025\\\/11\\\/SHL-160\u4fbf\u643a\u5f0f\u91cc\u6c0f\u786c\u5ea6\u8ba1.jpg\",\"contentUrl\":\"https:\\\/\\\/hardnesstests.com\\\/wp-content\\\/uploads\\\/2025\\\/11\\\/SHL-160\u4fbf\u643a\u5f0f\u91cc\u6c0f\u786c\u5ea6\u8ba1.jpg\",\"width\":550,\"height\":367,\"caption\":\"SHL-160 Portable Leeb Hardness Tester\"},{\"@type\":\"BreadcrumbList\",\"@id\":\"https:\\\/\\\/hardnesstests.com\\\/product\\\/shl-160-portable-leeb-hardness-tester\\\/#breadcrumb\",\"itemListElement\":[{\"@type\":\"ListItem\",\"position\":1,\"name\":\"\u9996\u9875\",\"item\":\"https:\\\/\\\/hardnesstests.com\\\/\"},{\"@type\":\"ListItem\",\"position\":2,\"name\":\"products\",\"item\":\"https:\\\/\\\/hardnesstests.com\\\/products\\\/\"},{\"@type\":\"ListItem\",\"position\":3,\"name\":\"SHL-160 Portable Leeb Hardness Tester\"}]},{\"@type\":\"WebSite\",\"@id\":\"https:\\\/\\\/hardnesstests.com\\\/tr\\\/#website\",\"url\":\"https:\\\/\\\/hardnesstests.com\\\/tr\\\/\",\"name\":\"hardnesstests\",\"description\":\"\",\"publisher\":{\"@id\":\"https:\\\/\\\/hardnesstests.com\\\/tr\\\/#organization\"},\"potentialAction\":[{\"@type\":\"SearchAction\",\"target\":{\"@type\":\"EntryPoint\",\"urlTemplate\":\"https:\\\/\\\/hardnesstests.com\\\/tr\\\/?s={search_term_string}\"},\"query-input\":{\"@type\":\"PropertyValueSpecification\",\"valueRequired\":true,\"valueName\":\"search_term_string\"}}],\"inLanguage\":\"de-CH\"},{\"@type\":\"Organization\",\"@id\":\"https:\\\/\\\/hardnesstests.com\\\/tr\\\/#organization\",\"name\":\"hardnesstests\",\"url\":\"https:\\\/\\\/hardnesstests.com\\\/tr\\\/\",\"logo\":{\"@type\":\"ImageObject\",\"inLanguage\":\"de-CH\",\"@id\":\"https:\\\/\\\/hardnesstests.com\\\/tr\\\/#\\\/schema\\\/logo\\\/image\\\/\",\"url\":\"https:\\\/\\\/hardnesstests.com\\\/wp-content\\\/uploads\\\/2021\\\/08\\\/\u5fae\u4fe1\u56fe\u7247_20251029102004_335_1287.png\",\"contentUrl\":\"https:\\\/\\\/hardnesstests.com\\\/wp-content\\\/uploads\\\/2021\\\/08\\\/\u5fae\u4fe1\u56fe\u7247_20251029102004_335_1287.png\",\"width\":1308,\"height\":467,\"caption\":\"hardnesstests\"},\"image\":{\"@id\":\"https:\\\/\\\/hardnesstests.com\\\/tr\\\/#\\\/schema\\\/logo\\\/image\\\/\"}}]}<\/script>\n<!-- \/ Yoast SEO Premium plugin. -->","yoast_head_json":{"title":"SHL-160 Portable Leeb Hardness Tester - hardnesstests","robots":{"index":"index","follow":"follow","max-snippet":"max-snippet:-1","max-image-preview":"max-image-preview:large","max-video-preview":"max-video-preview:-1"},"canonical":"https:\/\/hardnesstests.com\/de\/produkt\/shl-160-portable-leeb-hardness-tester\/","og_locale":"de_DE","og_type":"article","og_title":"SHL-160 Portable Leeb Hardness Tester","og_description":"SHL-160 Portable Leeb Hardness Tester is a new generation flagship model developed by our company. It adopts ultra-low power consumption design concept, high-performance rechargeable battery, intelligent charging management and USB plug-and-play communication interface, and comes with an embedded thermal printer, supports on-site instant printing, meets diverse measurement requirements, and has an ultra-high brightness LCD screen, which better meets complex measurement environments. It is the first choice for users.","og_url":"https:\/\/hardnesstests.com\/de\/produkt\/shl-160-portable-leeb-hardness-tester\/","og_site_name":"hardnesstests","article_modified_time":"2025-11-27T05:37:15+00:00","og_image":[{"width":550,"height":367,"url":"https:\/\/hardnesstests.com\/wp-content\/uploads\/2025\/11\/SHL-160\u4fbf\u643a\u5f0f\u91cc\u6c0f\u786c\u5ea6\u8ba1.jpg","type":"image\/jpeg"}],"twitter_card":"summary_large_image","twitter_misc":{"Gesch\u00e4tzte Lesezeit":"2\u00a0Minuten"},"schema":{"@context":"https:\/\/schema.org","@graph":[{"@type":"WebPage","@id":"https:\/\/hardnesstests.com\/product\/shl-160-portable-leeb-hardness-tester\/","url":"https:\/\/hardnesstests.com\/product\/shl-160-portable-leeb-hardness-tester\/","name":"SHL-160 Portable Leeb Hardness Tester - hardnesstests","isPartOf":{"@id":"https:\/\/hardnesstests.com\/tr\/#website"},"primaryImageOfPage":{"@id":"https:\/\/hardnesstests.com\/product\/shl-160-portable-leeb-hardness-tester\/#primaryimage"},"image":{"@id":"https:\/\/hardnesstests.com\/product\/shl-160-portable-leeb-hardness-tester\/#primaryimage"},"thumbnailUrl":"https:\/\/hardnesstests.com\/wp-content\/uploads\/2025\/11\/SHL-160\u4fbf\u643a\u5f0f\u91cc\u6c0f\u786c\u5ea6\u8ba1.jpg","datePublished":"2025-11-25T07:25:23+00:00","dateModified":"2025-11-27T05:37:15+00:00","breadcrumb":{"@id":"https:\/\/hardnesstests.com\/product\/shl-160-portable-leeb-hardness-tester\/#breadcrumb"},"inLanguage":"de-CH","potentialAction":[{"@type":"ReadAction","target":["https:\/\/hardnesstests.com\/product\/shl-160-portable-leeb-hardness-tester\/"]}]},{"@type":"ImageObject","inLanguage":"de-CH","@id":"https:\/\/hardnesstests.com\/product\/shl-160-portable-leeb-hardness-tester\/#primaryimage","url":"https:\/\/hardnesstests.com\/wp-content\/uploads\/2025\/11\/SHL-160\u4fbf\u643a\u5f0f\u91cc\u6c0f\u786c\u5ea6\u8ba1.jpg","contentUrl":"https:\/\/hardnesstests.com\/wp-content\/uploads\/2025\/11\/SHL-160\u4fbf\u643a\u5f0f\u91cc\u6c0f\u786c\u5ea6\u8ba1.jpg","width":550,"height":367,"caption":"SHL-160 Portable Leeb Hardness Tester"},{"@type":"BreadcrumbList","@id":"https:\/\/hardnesstests.com\/product\/shl-160-portable-leeb-hardness-tester\/#breadcrumb","itemListElement":[{"@type":"ListItem","position":1,"name":"\u9996\u9875","item":"https:\/\/hardnesstests.com\/"},{"@type":"ListItem","position":2,"name":"products","item":"https:\/\/hardnesstests.com\/products\/"},{"@type":"ListItem","position":3,"name":"SHL-160 Portable Leeb Hardness Tester"}]},{"@type":"WebSite","@id":"https:\/\/hardnesstests.com\/tr\/#website","url":"https:\/\/hardnesstests.com\/tr\/","name":"hardnesstests","description":"","publisher":{"@id":"https:\/\/hardnesstests.com\/tr\/#organization"},"potentialAction":[{"@type":"SearchAction","target":{"@type":"EntryPoint","urlTemplate":"https:\/\/hardnesstests.com\/tr\/?s={search_term_string}"},"query-input":{"@type":"PropertyValueSpecification","valueRequired":true,"valueName":"search_term_string"}}],"inLanguage":"de-CH"},{"@type":"Organization","@id":"https:\/\/hardnesstests.com\/tr\/#organization","name":"hardnesstests","url":"https:\/\/hardnesstests.com\/tr\/","logo":{"@type":"ImageObject","inLanguage":"de-CH","@id":"https:\/\/hardnesstests.com\/tr\/#\/schema\/logo\/image\/","url":"https:\/\/hardnesstests.com\/wp-content\/uploads\/2021\/08\/\u5fae\u4fe1\u56fe\u7247_20251029102004_335_1287.png","contentUrl":"https:\/\/hardnesstests.com\/wp-content\/uploads\/2021\/08\/\u5fae\u4fe1\u56fe\u7247_20251029102004_335_1287.png","width":1308,"height":467,"caption":"hardnesstests"},"image":{"@id":"https:\/\/hardnesstests.com\/tr\/#\/schema\/logo\/image\/"}}]}},"_links":{"self":[{"href":"https:\/\/hardnesstests.com\/de\/wp-json\/wp\/v2\/product\/29600","targetHints":{"allow":["GET"]}}],"collection":[{"href":"https:\/\/hardnesstests.com\/de\/wp-json\/wp\/v2\/product"}],"about":[{"href":"https:\/\/hardnesstests.com\/de\/wp-json\/wp\/v2\/types\/product"}],"replies":[{"embeddable":true,"href":"https:\/\/hardnesstests.com\/de\/wp-json\/wp\/v2\/comments?post=29600"}],"version-history":[{"count":3,"href":"https:\/\/hardnesstests.com\/de\/wp-json\/wp\/v2\/product\/29600\/revisions"}],"predecessor-version":[{"id":29688,"href":"https:\/\/hardnesstests.com\/de\/wp-json\/wp\/v2\/product\/29600\/revisions\/29688"}],"wp:featuredmedia":[{"embeddable":true,"href":"https:\/\/hardnesstests.com\/de\/wp-json\/wp\/v2\/media\/29601"}],"wp:attachment":[{"href":"https:\/\/hardnesstests.com\/de\/wp-json\/wp\/v2\/media?parent=29600"}],"wp:term":[{"taxonomy":"product_brand","embeddable":true,"href":"https:\/\/hardnesstests.com\/de\/wp-json\/wp\/v2\/product_brand?post=29600"},{"taxonomy":"product_cat","embeddable":true,"href":"https:\/\/hardnesstests.com\/de\/wp-json\/wp\/v2\/product_cat?post=29600"},{"taxonomy":"product_tag","embeddable":true,"href":"https:\/\/hardnesstests.com\/de\/wp-json\/wp\/v2\/product_tag?post=29600"}],"curies":[{"name":"wp","href":"https:\/\/api.w.org\/{rel}","templated":true}]}}