{"id":29066,"date":"2025-10-20T06:29:11","date_gmt":"2025-10-20T06:29:11","guid":{"rendered":"https:\/\/hardnesstests.com\/?post_type=product&#038;p=29066"},"modified":"2025-11-27T09:13:47","modified_gmt":"2025-11-27T09:13:47","slug":"fully-automatic-metallographic-specimen-mounting-machine-machine-pressinghxqz-1","status":"publish","type":"product","link":"https:\/\/hardnesstests.com\/de\/produkt\/fully-automatic-metallographic-specimen-mounting-machine-machine-pressinghxqz-1\/","title":{"rendered":"Vollautomatische metallografische Probenmontagemaschine (Maschinenpressen) HXQZ-1"},"content":{"rendered":"<h1 style=\"font-weight: 400;\"><strong>Product advantages:<\/strong><\/h1>\n<ol>\n<li style=\"font-weight: 400;\">The shell is made of high-end ABS one-piece molding, with a novel appearance, high-end atmosphere and high grade.<\/li>\n<li style=\"font-weight: 400;\">Touchscreen-Display-Steuerung, klare und intuitive Schnittstelle, einfach zu bedienen.<\/li>\n<li style=\"font-weight: 400;\">Pr\u00e4zise mechanische Druck\u00fcbertragung, langlebig.<\/li>\n<li style=\"font-weight: 400;\">The whole process is fully automatic closed-loop control, and all inlay processes can be completed automatically with just one button.<\/li>\n<li style=\"font-weight: 400;\">It has its own cooling system, which cools faster and has higher inlay efficiency.<\/li>\n<li style=\"font-weight: 400;\">Es gibt eine Vielzahl von Werkzeugspezifikationen, und Sonderformen k\u00f6nnen je nach Kundenwunsch angepasst werden.<\/li>\n<li style=\"font-weight: 400;\">It can be operated manually or automatically. It can be DIY operated according to customer needs, which is more flexible and convenient to use.<\/li>\n<li style=\"font-weight: 400;\">It can store more than 100 sets of inlay process formulas, which is convenient for quick call and serial production.<\/li>\n<li style=\"font-weight: 400;\">It can meet various customized needs of customers according to customer needs and provide all-round one-stop service.<\/li>\n<li style=\"font-weight: 400;\">It can inlay 2 samples at the same time, which instantly doubles the inlay efficiency.<\/li>\n<li style=\"font-weight: 400;\">Das Programm verf\u00fcgt \u00fcber einen eingebauten intelligenten Algorithmus, und es kann zwischen Zeit- und Temperaturmodus gew\u00e4hlt werden (insbesondere f\u00fcr Erstanwender).<\/li>\n<li style=\"font-weight: 400;\">A chiller can be optionally equipped to realize refrigeration cycle to solve the faucet constraint. (Optional)<\/li>\n<\/ol>\n<h1 style=\"font-weight: 400;\"><strong>Technische Parameter:<\/strong><\/h1>\n<table width=\"100%\">\n<tbody>\n<tr>\n<td width=\"28%\">Name<\/td>\n<td width=\"71%\">Spezifikationen<\/td>\n<\/tr>\n<tr>\n<td width=\"28%\">Spezifikationen der Form<\/td>\n<td width=\"71%\">Standard \u03c630 (optional: \u03c622, \u03c645), special customization available<\/td>\n<\/tr>\n<tr>\n<td width=\"28%\">Heizleistung<\/td>\n<td width=\"71%\">2KW<\/td>\n<\/tr>\n<tr>\n<td width=\"28%\">Temperatur-Einstellbereich<\/td>\n<td width=\"71%\">0-200 degrees Celsius<\/td>\n<\/tr>\n<tr>\n<td width=\"28%\">Einstellbereich der Isolierung<\/td>\n<td width=\"71%\">0-99 Minuten<\/td>\n<\/tr>\n<tr>\n<td width=\"28%\">Einstellbereich der K\u00fchlung<\/td>\n<td width=\"71%\">0-99 minutes (<\/td>\n<\/tr>\n<tr>\n<td width=\"28%\">Stromversorgung<\/td>\n<td width=\"71%\">Spannung: 220V Frequenz: 50HZ<\/td>\n<\/tr>\n<tr>\n<td width=\"28%\">Gesamtleistung<\/td>\n<td width=\"71%\">2.2KW<\/td>\n<\/tr>\n<tr>\n<td width=\"28%\">Abmessungen<\/td>\n<td width=\"71%\">460X600X500<\/td>\n<\/tr>\n<tr>\n<td width=\"28%\">Abmessungen der Holzkiste<\/td>\n<td width=\"71%\">530X680X630<\/td>\n<\/tr>\n<tr>\n<td width=\"28%\">Gewicht<\/td>\n<td width=\"71%\">60KG<\/td>\n<\/tr>\n<\/tbody>\n<\/table>\n<h1 style=\"font-weight: 400;\"><strong>Shipping accessories:<\/strong><\/h1>\n<table width=\"100%\">\n<tbody>\n<tr>\n<td width=\"30%\">Name<\/td>\n<td width=\"14%\"><strong>quantity<\/strong><\/td>\n<td width=\"14%\">Unit<\/td>\n<td width=\"40%\">Notes<\/td>\n<\/tr>\n<tr>\n<td width=\"30%\">\u03a630 Formenbau<\/td>\n<td width=\"14%\"><strong>1<\/strong><\/td>\n<td width=\"14%\">piece<\/td>\n<td width=\"40%\">Already installed on the device<\/td>\n<\/tr>\n<tr>\n<td width=\"30%\">Material der Einlage (schwarz)<\/td>\n<td width=\"14%\"><strong>500<\/strong><\/td>\n<td width=\"14%\">gram<\/td>\n<td width=\"40%\">Delivery accessories<\/td>\n<\/tr>\n<tr>\n<td width=\"30%\">F\u00fctterungsl\u00f6ffel<\/td>\n<td width=\"14%\"><strong>1<\/strong><\/td>\n<td width=\"14%\">piece<\/td>\n<td width=\"40%\">Delivery accessories<\/td>\n<\/tr>\n<tr>\n<td width=\"30%\">Trichter<\/td>\n<td width=\"14%\"><strong>1<\/strong><\/td>\n<td width=\"14%\">piece<\/td>\n<td width=\"40%\">Delivery accessories<\/td>\n<\/tr>\n<tr>\n<td width=\"30%\">Brush<\/td>\n<td width=\"14%\"><strong>1<\/strong><\/td>\n<td width=\"14%\">piece<\/td>\n<td width=\"40%\">Delivery accessories<\/td>\n<\/tr>\n<tr>\n<td width=\"30%\">Wasserzulaufrohr<\/td>\n<td width=\"14%\"><strong>1<\/strong><\/td>\n<td width=\"14%\">piece<\/td>\n<td width=\"40%\">6-point interface<\/td>\n<\/tr>\n<tr>\n<td width=\"30%\">Wasserablaufleitung<\/td>\n<td width=\"14%\"><strong>1<\/strong><\/td>\n<td width=\"14%\">root<\/td>\n<td width=\"40%\">\u03a632<\/td>\n<\/tr>\n<tr>\n<td width=\"30%\">Technische Dokumente<\/td>\n<td colspan=\"3\" width=\"69%\">1 Exemplar des Produkthandbuchs 1 Exemplar des Produktzertifikats<\/td>\n<\/tr>\n<\/tbody>\n<\/table>","protected":false},"excerpt":{"rendered":"<p>Inlaying of metallographic samples is a very important link in the preparation process of metallographic samples, especially for some small samples that are not easy to hold or samples with irregular shapes. After inlaying, the size of the sample is fixed and unified, which is convenient for holding or subsequent automatic grinding and polishing (it can be used together with our company&#8217;s automatic grinding and polishing machine for better results.). It is especially suitable for samples that need to protect the edges or samples that need to be automatically polished. Inlaying of samples is an indispensable process. It is especially suitable for metallographic laboratories in factories, colleges and universities and scientific research institutions. It is the best choice for inlaying metallographic samples.<\/p>","protected":false},"featured_media":29067,"comment_status":"open","ping_status":"closed","template":"","meta":[],"product_brand":[],"product_cat":[95,81],"product_tag":[111],"class_list":{"0":"post-29066","1":"product","2":"type-product","3":"status-publish","4":"has-post-thumbnail","6":"product_cat-metallographic-mounting-machine","7":"product_cat-sample-preparation-and-analysis","8":"product_tag-metallographic-mounting-machine","10":"first","11":"instock","12":"shipping-taxable","13":"product-type-simple"},"yoast_head":"<!-- This site is optimized with the Yoast SEO Premium plugin v25.4 (Yoast SEO v27.4) - https:\/\/yoast.com\/product\/yoast-seo-premium-wordpress\/ -->\n<title>Fully automatic metallographic specimen mounting machine (machine pressing)HXQZ-1 - hardnesstests<\/title>\n<meta name=\"robots\" content=\"index, follow, max-snippet:-1, max-image-preview:large, max-video-preview:-1\" \/>\n<link rel=\"canonical\" href=\"https:\/\/hardnesstests.com\/de\/produkt\/fully-automatic-metallographic-specimen-mounting-machine-machine-pressinghxqz-1\/\" \/>\n<meta property=\"og:locale\" content=\"de_DE\" \/>\n<meta property=\"og:type\" content=\"article\" \/>\n<meta property=\"og:title\" content=\"Fully automatic metallographic specimen mounting machine (machine pressing)HXQZ-1\" \/>\n<meta property=\"og:description\" content=\"Inlaying of metallographic samples is a very important link in the preparation process of metallographic samples, especially for some small samples that are not easy to hold or samples with irregular shapes. After inlaying, the size of the sample is fixed and unified, which is convenient for holding or subsequent automatic grinding and polishing (it can be used together with our company&#039;s automatic grinding and polishing machine for better results.). It is especially suitable for samples that need to protect the edges or samples that need to be automatically polished. Inlaying of samples is an indispensable process. It is especially suitable for metallographic laboratories in factories, colleges and universities and scientific research institutions. It is the best choice for inlaying metallographic samples.\" \/>\n<meta property=\"og:url\" content=\"https:\/\/hardnesstests.com\/de\/produkt\/fully-automatic-metallographic-specimen-mounting-machine-machine-pressinghxqz-1\/\" \/>\n<meta property=\"og:site_name\" content=\"hardnesstests\" \/>\n<meta property=\"article:modified_time\" content=\"2025-11-27T09:13:47+00:00\" \/>\n<meta property=\"og:image\" content=\"https:\/\/hardnesstests.com\/wp-content\/uploads\/2025\/10\/HXQZ-1\u5168\u81ea\u52a8\u9576\u5d4c\u673a.jpg\" \/>\n\t<meta property=\"og:image:width\" content=\"800\" \/>\n\t<meta property=\"og:image:height\" content=\"800\" \/>\n\t<meta property=\"og:image:type\" content=\"image\/jpeg\" \/>\n<meta name=\"twitter:card\" content=\"summary_large_image\" \/>\n<meta name=\"twitter:label1\" content=\"Gesch\u00e4tzte Lesezeit\" \/>\n\t<meta name=\"twitter:data1\" content=\"1\u00a0Minute\" \/>\n<script type=\"application\/ld+json\" class=\"yoast-schema-graph\">{\"@context\":\"https:\\\/\\\/schema.org\",\"@graph\":[{\"@type\":\"WebPage\",\"@id\":\"https:\\\/\\\/hardnesstests.com\\\/product\\\/fully-automatic-metallographic-specimen-mounting-machine-machine-pressinghxqz-1\\\/\",\"url\":\"https:\\\/\\\/hardnesstests.com\\\/product\\\/fully-automatic-metallographic-specimen-mounting-machine-machine-pressinghxqz-1\\\/\",\"name\":\"Fully automatic metallographic specimen mounting machine (machine pressing)HXQZ-1 - hardnesstests\",\"isPartOf\":{\"@id\":\"https:\\\/\\\/hardnesstests.com\\\/tr\\\/#website\"},\"primaryImageOfPage\":{\"@id\":\"https:\\\/\\\/hardnesstests.com\\\/product\\\/fully-automatic-metallographic-specimen-mounting-machine-machine-pressinghxqz-1\\\/#primaryimage\"},\"image\":{\"@id\":\"https:\\\/\\\/hardnesstests.com\\\/product\\\/fully-automatic-metallographic-specimen-mounting-machine-machine-pressinghxqz-1\\\/#primaryimage\"},\"thumbnailUrl\":\"https:\\\/\\\/hardnesstests.com\\\/wp-content\\\/uploads\\\/2025\\\/10\\\/HXQZ-1\u5168\u81ea\u52a8\u9576\u5d4c\u673a.jpg\",\"datePublished\":\"2025-10-20T06:29:11+00:00\",\"dateModified\":\"2025-11-27T09:13:47+00:00\",\"breadcrumb\":{\"@id\":\"https:\\\/\\\/hardnesstests.com\\\/product\\\/fully-automatic-metallographic-specimen-mounting-machine-machine-pressinghxqz-1\\\/#breadcrumb\"},\"inLanguage\":\"de-CH\",\"potentialAction\":[{\"@type\":\"ReadAction\",\"target\":[\"https:\\\/\\\/hardnesstests.com\\\/product\\\/fully-automatic-metallographic-specimen-mounting-machine-machine-pressinghxqz-1\\\/\"]}]},{\"@type\":\"ImageObject\",\"inLanguage\":\"de-CH\",\"@id\":\"https:\\\/\\\/hardnesstests.com\\\/product\\\/fully-automatic-metallographic-specimen-mounting-machine-machine-pressinghxqz-1\\\/#primaryimage\",\"url\":\"https:\\\/\\\/hardnesstests.com\\\/wp-content\\\/uploads\\\/2025\\\/10\\\/HXQZ-1\u5168\u81ea\u52a8\u9576\u5d4c\u673a.jpg\",\"contentUrl\":\"https:\\\/\\\/hardnesstests.com\\\/wp-content\\\/uploads\\\/2025\\\/10\\\/HXQZ-1\u5168\u81ea\u52a8\u9576\u5d4c\u673a.jpg\",\"width\":800,\"height\":800,\"caption\":\"Fully automatic metallographic specimen mounting machine (machine pressing)HXQZ-1\"},{\"@type\":\"BreadcrumbList\",\"@id\":\"https:\\\/\\\/hardnesstests.com\\\/product\\\/fully-automatic-metallographic-specimen-mounting-machine-machine-pressinghxqz-1\\\/#breadcrumb\",\"itemListElement\":[{\"@type\":\"ListItem\",\"position\":1,\"name\":\"\u9996\u9875\",\"item\":\"https:\\\/\\\/hardnesstests.com\\\/\"},{\"@type\":\"ListItem\",\"position\":2,\"name\":\"products\",\"item\":\"https:\\\/\\\/hardnesstests.com\\\/products\\\/\"},{\"@type\":\"ListItem\",\"position\":3,\"name\":\"Fully automatic metallographic specimen mounting machine (machine pressing)HXQZ-1\"}]},{\"@type\":\"WebSite\",\"@id\":\"https:\\\/\\\/hardnesstests.com\\\/tr\\\/#website\",\"url\":\"https:\\\/\\\/hardnesstests.com\\\/tr\\\/\",\"name\":\"hardnesstests\",\"description\":\"\",\"publisher\":{\"@id\":\"https:\\\/\\\/hardnesstests.com\\\/tr\\\/#organization\"},\"potentialAction\":[{\"@type\":\"SearchAction\",\"target\":{\"@type\":\"EntryPoint\",\"urlTemplate\":\"https:\\\/\\\/hardnesstests.com\\\/tr\\\/?s={search_term_string}\"},\"query-input\":{\"@type\":\"PropertyValueSpecification\",\"valueRequired\":true,\"valueName\":\"search_term_string\"}}],\"inLanguage\":\"de-CH\"},{\"@type\":\"Organization\",\"@id\":\"https:\\\/\\\/hardnesstests.com\\\/tr\\\/#organization\",\"name\":\"hardnesstests\",\"url\":\"https:\\\/\\\/hardnesstests.com\\\/tr\\\/\",\"logo\":{\"@type\":\"ImageObject\",\"inLanguage\":\"de-CH\",\"@id\":\"https:\\\/\\\/hardnesstests.com\\\/tr\\\/#\\\/schema\\\/logo\\\/image\\\/\",\"url\":\"https:\\\/\\\/hardnesstests.com\\\/wp-content\\\/uploads\\\/2021\\\/08\\\/\u5fae\u4fe1\u56fe\u7247_20251029102004_335_1287.png\",\"contentUrl\":\"https:\\\/\\\/hardnesstests.com\\\/wp-content\\\/uploads\\\/2021\\\/08\\\/\u5fae\u4fe1\u56fe\u7247_20251029102004_335_1287.png\",\"width\":1308,\"height\":467,\"caption\":\"hardnesstests\"},\"image\":{\"@id\":\"https:\\\/\\\/hardnesstests.com\\\/tr\\\/#\\\/schema\\\/logo\\\/image\\\/\"}}]}<\/script>\n<!-- \/ Yoast SEO Premium plugin. -->","yoast_head_json":{"title":"Fully automatic metallographic specimen mounting machine (machine pressing)HXQZ-1 - hardnesstests","robots":{"index":"index","follow":"follow","max-snippet":"max-snippet:-1","max-image-preview":"max-image-preview:large","max-video-preview":"max-video-preview:-1"},"canonical":"https:\/\/hardnesstests.com\/de\/produkt\/fully-automatic-metallographic-specimen-mounting-machine-machine-pressinghxqz-1\/","og_locale":"de_DE","og_type":"article","og_title":"Fully automatic metallographic specimen mounting machine (machine pressing)HXQZ-1","og_description":"Inlaying of metallographic samples is a very important link in the preparation process of metallographic samples, especially for some small samples that are not easy to hold or samples with irregular shapes. After inlaying, the size of the sample is fixed and unified, which is convenient for holding or subsequent automatic grinding and polishing (it can be used together with our company's automatic grinding and polishing machine for better results.). It is especially suitable for samples that need to protect the edges or samples that need to be automatically polished. Inlaying of samples is an indispensable process. It is especially suitable for metallographic laboratories in factories, colleges and universities and scientific research institutions. It is the best choice for inlaying metallographic samples.","og_url":"https:\/\/hardnesstests.com\/de\/produkt\/fully-automatic-metallographic-specimen-mounting-machine-machine-pressinghxqz-1\/","og_site_name":"hardnesstests","article_modified_time":"2025-11-27T09:13:47+00:00","og_image":[{"width":800,"height":800,"url":"https:\/\/hardnesstests.com\/wp-content\/uploads\/2025\/10\/HXQZ-1\u5168\u81ea\u52a8\u9576\u5d4c\u673a.jpg","type":"image\/jpeg"}],"twitter_card":"summary_large_image","twitter_misc":{"Gesch\u00e4tzte Lesezeit":"1\u00a0Minute"},"schema":{"@context":"https:\/\/schema.org","@graph":[{"@type":"WebPage","@id":"https:\/\/hardnesstests.com\/product\/fully-automatic-metallographic-specimen-mounting-machine-machine-pressinghxqz-1\/","url":"https:\/\/hardnesstests.com\/product\/fully-automatic-metallographic-specimen-mounting-machine-machine-pressinghxqz-1\/","name":"Fully automatic metallographic specimen mounting machine (machine pressing)HXQZ-1 - hardnesstests","isPartOf":{"@id":"https:\/\/hardnesstests.com\/tr\/#website"},"primaryImageOfPage":{"@id":"https:\/\/hardnesstests.com\/product\/fully-automatic-metallographic-specimen-mounting-machine-machine-pressinghxqz-1\/#primaryimage"},"image":{"@id":"https:\/\/hardnesstests.com\/product\/fully-automatic-metallographic-specimen-mounting-machine-machine-pressinghxqz-1\/#primaryimage"},"thumbnailUrl":"https:\/\/hardnesstests.com\/wp-content\/uploads\/2025\/10\/HXQZ-1\u5168\u81ea\u52a8\u9576\u5d4c\u673a.jpg","datePublished":"2025-10-20T06:29:11+00:00","dateModified":"2025-11-27T09:13:47+00:00","breadcrumb":{"@id":"https:\/\/hardnesstests.com\/product\/fully-automatic-metallographic-specimen-mounting-machine-machine-pressinghxqz-1\/#breadcrumb"},"inLanguage":"de-CH","potentialAction":[{"@type":"ReadAction","target":["https:\/\/hardnesstests.com\/product\/fully-automatic-metallographic-specimen-mounting-machine-machine-pressinghxqz-1\/"]}]},{"@type":"ImageObject","inLanguage":"de-CH","@id":"https:\/\/hardnesstests.com\/product\/fully-automatic-metallographic-specimen-mounting-machine-machine-pressinghxqz-1\/#primaryimage","url":"https:\/\/hardnesstests.com\/wp-content\/uploads\/2025\/10\/HXQZ-1\u5168\u81ea\u52a8\u9576\u5d4c\u673a.jpg","contentUrl":"https:\/\/hardnesstests.com\/wp-content\/uploads\/2025\/10\/HXQZ-1\u5168\u81ea\u52a8\u9576\u5d4c\u673a.jpg","width":800,"height":800,"caption":"Fully automatic metallographic specimen mounting machine (machine pressing)HXQZ-1"},{"@type":"BreadcrumbList","@id":"https:\/\/hardnesstests.com\/product\/fully-automatic-metallographic-specimen-mounting-machine-machine-pressinghxqz-1\/#breadcrumb","itemListElement":[{"@type":"ListItem","position":1,"name":"\u9996\u9875","item":"https:\/\/hardnesstests.com\/"},{"@type":"ListItem","position":2,"name":"products","item":"https:\/\/hardnesstests.com\/products\/"},{"@type":"ListItem","position":3,"name":"Fully automatic metallographic specimen mounting machine (machine pressing)HXQZ-1"}]},{"@type":"WebSite","@id":"https:\/\/hardnesstests.com\/tr\/#website","url":"https:\/\/hardnesstests.com\/tr\/","name":"hardnesstests","description":"","publisher":{"@id":"https:\/\/hardnesstests.com\/tr\/#organization"},"potentialAction":[{"@type":"SearchAction","target":{"@type":"EntryPoint","urlTemplate":"https:\/\/hardnesstests.com\/tr\/?s={search_term_string}"},"query-input":{"@type":"PropertyValueSpecification","valueRequired":true,"valueName":"search_term_string"}}],"inLanguage":"de-CH"},{"@type":"Organization","@id":"https:\/\/hardnesstests.com\/tr\/#organization","name":"hardnesstests","url":"https:\/\/hardnesstests.com\/tr\/","logo":{"@type":"ImageObject","inLanguage":"de-CH","@id":"https:\/\/hardnesstests.com\/tr\/#\/schema\/logo\/image\/","url":"https:\/\/hardnesstests.com\/wp-content\/uploads\/2021\/08\/\u5fae\u4fe1\u56fe\u7247_20251029102004_335_1287.png","contentUrl":"https:\/\/hardnesstests.com\/wp-content\/uploads\/2021\/08\/\u5fae\u4fe1\u56fe\u7247_20251029102004_335_1287.png","width":1308,"height":467,"caption":"hardnesstests"},"image":{"@id":"https:\/\/hardnesstests.com\/tr\/#\/schema\/logo\/image\/"}}]}},"_links":{"self":[{"href":"https:\/\/hardnesstests.com\/de\/wp-json\/wp\/v2\/product\/29066","targetHints":{"allow":["GET"]}}],"collection":[{"href":"https:\/\/hardnesstests.com\/de\/wp-json\/wp\/v2\/product"}],"about":[{"href":"https:\/\/hardnesstests.com\/de\/wp-json\/wp\/v2\/types\/product"}],"replies":[{"embeddable":true,"href":"https:\/\/hardnesstests.com\/de\/wp-json\/wp\/v2\/comments?post=29066"}],"version-history":[{"count":3,"href":"https:\/\/hardnesstests.com\/de\/wp-json\/wp\/v2\/product\/29066\/revisions"}],"predecessor-version":[{"id":29847,"href":"https:\/\/hardnesstests.com\/de\/wp-json\/wp\/v2\/product\/29066\/revisions\/29847"}],"wp:featuredmedia":[{"embeddable":true,"href":"https:\/\/hardnesstests.com\/de\/wp-json\/wp\/v2\/media\/29067"}],"wp:attachment":[{"href":"https:\/\/hardnesstests.com\/de\/wp-json\/wp\/v2\/media?parent=29066"}],"wp:term":[{"taxonomy":"product_brand","embeddable":true,"href":"https:\/\/hardnesstests.com\/de\/wp-json\/wp\/v2\/product_brand?post=29066"},{"taxonomy":"product_cat","embeddable":true,"href":"https:\/\/hardnesstests.com\/de\/wp-json\/wp\/v2\/product_cat?post=29066"},{"taxonomy":"product_tag","embeddable":true,"href":"https:\/\/hardnesstests.com\/de\/wp-json\/wp\/v2\/product_tag?post=29066"}],"curies":[{"name":"wp","href":"https:\/\/api.w.org\/{rel}","templated":true}]}}