{"id":29033,"date":"2025-10-20T06:13:02","date_gmt":"2025-10-20T06:13:02","guid":{"rendered":"https:\/\/hardnesstests.com\/?post_type=product&#038;p=29033"},"modified":"2025-11-27T05:27:17","modified_gmt":"2025-11-27T05:27:17","slug":"934-1s-digital-babbitt-hardness-tester","status":"publish","type":"product","link":"https:\/\/hardnesstests.com\/de\/produkt\/934-1s-digital-babbitt-hardness-tester\/","title":{"rendered":"934-1S digitales Babbitt-H\u00e4rtepr\u00fcfger\u00e4t"},"content":{"rendered":"<h1 style=\"font-weight: 400;\"><strong>1\u3001 Purpose \uff1a<\/strong><\/h1>\n<p style=\"font-weight: 400;\">Pasteur hardness tester is mainly used to test the hardness of aluminum and aluminum alloy, also can test the hardness of other soft metal and FRP products. Can test all kinds of super large, ultra wide, super thick workpiece and assembly parts, test sheet, strip, profile, forgings, castings, etc.<\/p>\n<p style=\"font-weight: 400;\">A W-20 type Wechsler hardness tester widely used in aluminum processing industry is suitable for most aluminum alloys. For 2024,7075 and other super hard aluminum alloy, you can use the W-B75 type Wechsler hardness meter, or pasteurian hardness meter. For pure aluminum, low hardness aluminum alloy, especially thick aluminum alloy and other aluminum alloy workpieces which are not convenient to use Wechsler hardness meter should use pasteurian hardness meter.<\/p>\n<p style=\"font-weight: 400;\">The pasteurian hardness tester is generally used as a supplement to the Wechsler hardness tester when testing pure aluminum, low hardness aluminum alloy and super large, super thick materials.<\/p>\n<h1 style=\"font-weight: 400;\"><strong>2<\/strong><strong>\u3001<\/strong><strong>Vorteile\u00a0<\/strong><strong>\uff1a<\/strong><\/h1>\n<p style=\"font-weight: 400;\"><strong>*\u00a0<\/strong>\u00a0Equipped with bracket rotary positioning device\u3002<\/p>\n<p style=\"font-weight: 400;\"><strong>*<\/strong>\u00a0Machine automatic conversion of hardness HW\u3001HV\u3001HB\u3001HRE\u3001HRF\u3001HRB\u3001HRH<\/p>\n<p style=\"font-weight: 400;\"><strong>*\u00a0<\/strong>\u00a0With maximum value retention function, record the maximum hardness value during measurement.<\/p>\n<p style=\"font-weight: 400;\"><strong>*\u00a0<\/strong>\u00a0Has the average value calculation function, calculates the average value of up to 29 sets of data<\/p>\n<p style=\"font-weight: 400;\"><strong>*\u00a0<\/strong>\u00a0small size, light weight (550 g), easy to carry.<\/p>\n<p style=\"font-weight: 400;\"><strong>*<\/strong>\u00a0\u00a0Good stability, easy calibration and high detection accuracy<\/p>\n<p style=\"font-weight: 400;\"><strong>*\u00a0<\/strong>\u00a0One-handed operation, no use of experience, in any situation, as long as the reach can be tested.<\/p>\n<p style=\"font-weight: 400;\"><strong>*<\/strong>\u00a0wide test range. From very soft pure aluminum to particularly hard aluminum alloys, the effective test range is equivalent to Brinell hardness 25~135 HB.<\/p>\n<p style=\"font-weight: 400;\"><strong>*<\/strong>\u00a0 High sensitivity. The Wechsler hardness meter has only 20 scales, while the Pasteur hardness meter test range 0-100, with higher sensitivity.<\/p>\n<p style=\"font-weight: 400;\"><strong>*<\/strong>\u00a0Without support, it is suitable for testing oversize and overthick workpieces and assembly parts.<\/p>\n<h1 style=\"font-weight: 400;\"><strong>3<\/strong><strong>\u3001<\/strong><strong>\u00a0Technische Parameter<\/strong><\/h1>\n<p style=\"font-weight: 400;\">\u00a0Range\u00a0\u00a0\u00a0 0\uff5e100HBa<\/p>\n<p style=\"font-weight: 400;\">The effective measurement range is equivalent to 25\uff5e135HBW<\/p>\n<p style=\"font-weight: 400;\">\u00a0Resolution\u00a0 \u00a0\u00a0\u00a0\u00a0\u00a0\u00a0\u00a00.5 HBa<\/p>\n<p style=\"font-weight: 400;\">\u00a0Indicator error\u00a0\u00a0\u00a0 42\uff5e52 HBa\u00a0 \u00b12.0 HBa<\/p>\n<p style=\"font-weight: 400;\">\u00a0\u00a0\u00a0\u00a0\u00a0\u00a0\u00a0\u00a0\u00a0\u00a0\u00a0 \u00a0\u00a0\u00a0\u00a0\u00a0\u00a0\u00a0\u00a084\uff5e88 HBa\u00a0 \u00b11.0 HBa<\/p>\n<p style=\"font-weight: 400;\">Repeat error\u00a0 \u00a0\u00a0\u00a0\u00a0\u00a0\u00a042\uff5e52 HBa\u00a0 \u00b12.5 HBa<\/p>\n<p style=\"font-weight: 400;\">\u00a0\u00a0\u00a0\u00a0\u00a0\u00a0\u00a0\u00a0\u00a0\u00a0\u00a0 \u00a0\u00a0\u00a0\u00a0\u00a0\u00a0\u00a0\u00a084\uff5e88 HBa\u00a0 \u00b11.5 HBa<\/p>\n<h1 style=\"font-weight: 400;\"><strong>4<\/strong><strong>\u3001<\/strong><strong>\u00a0Standard-Konfiguration<\/strong><\/h1>\n<table>\n<tbody>\n<tr>\n<td width=\"171\">Host<\/td>\n<td width=\"141\">1<\/td>\n<td width=\"174\">Calibration block<\/td>\n<td width=\"138\">2<\/td>\n<\/tr>\n<tr>\n<td width=\"171\">Support angle<\/td>\n<td width=\"141\">1<\/td>\n<td width=\"174\">Spare presser<\/td>\n<td width=\"138\">1<\/td>\n<\/tr>\n<tr>\n<td width=\"171\">Correction wrench<\/td>\n<td width=\"141\">1<\/td>\n<td width=\"174\">Portable portable box<\/td>\n<td width=\"138\">1<\/td>\n<\/tr>\n<\/tbody>\n<\/table>","protected":false},"excerpt":{"rendered":"<p>The Pasteur hardness tester (Barker hardness tester) is an indentation type hardness tester. Fast, simple and easy to test, it can be used to quickly test the hardness of aluminum and aluminum alloy materials, in accordance with American standards ASTM B648.. Test Method for Measuring Hard Plastic Indentation Hardness ASTM HD2583-07\u300a Pasteur Hardness Meter and Test Method for GB\/T 3854-2005\u300bReinforced Plastic Barker Hardness.<\/p>","protected":false},"featured_media":29032,"comment_status":"open","ping_status":"closed","template":"","meta":[],"product_brand":[],"product_cat":[76,70],"product_tag":[102],"class_list":{"0":"post-29033","1":"product","2":"type-product","3":"status-publish","4":"has-post-thumbnail","6":"product_cat-barcol-hardness-tester","7":"product_cat-hardness-tester","8":"product_tag-barcol-hardness-tester","10":"first","11":"instock","12":"shipping-taxable","13":"product-type-simple"},"yoast_head":"<!-- This site is optimized with the Yoast SEO Premium plugin v25.4 (Yoast SEO v27.4) - https:\/\/yoast.com\/product\/yoast-seo-premium-wordpress\/ -->\n<title>934-1S digital Babbitt hardness tester - hardnesstests<\/title>\n<meta name=\"robots\" content=\"index, follow, max-snippet:-1, max-image-preview:large, max-video-preview:-1\" \/>\n<link rel=\"canonical\" href=\"https:\/\/hardnesstests.com\/de\/produkt\/934-1s-digital-babbitt-hardness-tester\/\" \/>\n<meta property=\"og:locale\" content=\"de_DE\" \/>\n<meta property=\"og:type\" content=\"article\" \/>\n<meta property=\"og:title\" content=\"934-1S digital Babbitt hardness tester\" \/>\n<meta property=\"og:description\" content=\"The Pasteur hardness tester (Barker hardness tester) is an indentation type hardness tester. Fast, simple and easy to test, it can be used to quickly test the hardness of aluminum and aluminum alloy materials, in accordance with American standards ASTM B648.. Test Method for Measuring Hard Plastic Indentation Hardness ASTM HD2583-07\u300a Pasteur Hardness Meter and Test Method for GB\/T 3854-2005\u300bReinforced Plastic Barker Hardness.\" \/>\n<meta property=\"og:url\" content=\"https:\/\/hardnesstests.com\/de\/produkt\/934-1s-digital-babbitt-hardness-tester\/\" \/>\n<meta property=\"og:site_name\" content=\"hardnesstests\" \/>\n<meta property=\"article:modified_time\" content=\"2025-11-27T05:27:17+00:00\" \/>\n<meta property=\"og:image\" content=\"https:\/\/hardnesstests.com\/wp-content\/uploads\/2025\/10\/934-1S\u6570\u663e\u5df4\u6c0f\u786c\u5ea6\u8ba1.jpg\" \/>\n\t<meta property=\"og:image:width\" content=\"800\" \/>\n\t<meta property=\"og:image:height\" content=\"800\" \/>\n\t<meta property=\"og:image:type\" content=\"image\/jpeg\" \/>\n<meta name=\"twitter:card\" content=\"summary_large_image\" \/>\n<meta name=\"twitter:label1\" content=\"Gesch\u00e4tzte Lesezeit\" \/>\n\t<meta name=\"twitter:data1\" content=\"2\u00a0Minuten\" \/>\n<script type=\"application\/ld+json\" class=\"yoast-schema-graph\">{\"@context\":\"https:\\\/\\\/schema.org\",\"@graph\":[{\"@type\":\"WebPage\",\"@id\":\"https:\\\/\\\/hardnesstests.com\\\/product\\\/934-1s-digital-babbitt-hardness-tester\\\/\",\"url\":\"https:\\\/\\\/hardnesstests.com\\\/product\\\/934-1s-digital-babbitt-hardness-tester\\\/\",\"name\":\"934-1S digital Babbitt hardness tester - hardnesstests\",\"isPartOf\":{\"@id\":\"https:\\\/\\\/hardnesstests.com\\\/tr\\\/#website\"},\"primaryImageOfPage\":{\"@id\":\"https:\\\/\\\/hardnesstests.com\\\/product\\\/934-1s-digital-babbitt-hardness-tester\\\/#primaryimage\"},\"image\":{\"@id\":\"https:\\\/\\\/hardnesstests.com\\\/product\\\/934-1s-digital-babbitt-hardness-tester\\\/#primaryimage\"},\"thumbnailUrl\":\"https:\\\/\\\/hardnesstests.com\\\/wp-content\\\/uploads\\\/2025\\\/10\\\/934-1S\u6570\u663e\u5df4\u6c0f\u786c\u5ea6\u8ba1.jpg\",\"datePublished\":\"2025-10-20T06:13:02+00:00\",\"dateModified\":\"2025-11-27T05:27:17+00:00\",\"breadcrumb\":{\"@id\":\"https:\\\/\\\/hardnesstests.com\\\/product\\\/934-1s-digital-babbitt-hardness-tester\\\/#breadcrumb\"},\"inLanguage\":\"de-CH\",\"potentialAction\":[{\"@type\":\"ReadAction\",\"target\":[\"https:\\\/\\\/hardnesstests.com\\\/product\\\/934-1s-digital-babbitt-hardness-tester\\\/\"]}]},{\"@type\":\"ImageObject\",\"inLanguage\":\"de-CH\",\"@id\":\"https:\\\/\\\/hardnesstests.com\\\/product\\\/934-1s-digital-babbitt-hardness-tester\\\/#primaryimage\",\"url\":\"https:\\\/\\\/hardnesstests.com\\\/wp-content\\\/uploads\\\/2025\\\/10\\\/934-1S\u6570\u663e\u5df4\u6c0f\u786c\u5ea6\u8ba1.jpg\",\"contentUrl\":\"https:\\\/\\\/hardnesstests.com\\\/wp-content\\\/uploads\\\/2025\\\/10\\\/934-1S\u6570\u663e\u5df4\u6c0f\u786c\u5ea6\u8ba1.jpg\",\"width\":800,\"height\":800},{\"@type\":\"BreadcrumbList\",\"@id\":\"https:\\\/\\\/hardnesstests.com\\\/product\\\/934-1s-digital-babbitt-hardness-tester\\\/#breadcrumb\",\"itemListElement\":[{\"@type\":\"ListItem\",\"position\":1,\"name\":\"\u9996\u9875\",\"item\":\"https:\\\/\\\/hardnesstests.com\\\/\"},{\"@type\":\"ListItem\",\"position\":2,\"name\":\"products\",\"item\":\"https:\\\/\\\/hardnesstests.com\\\/products\\\/\"},{\"@type\":\"ListItem\",\"position\":3,\"name\":\"934-1S digital Babbitt hardness tester\"}]},{\"@type\":\"WebSite\",\"@id\":\"https:\\\/\\\/hardnesstests.com\\\/tr\\\/#website\",\"url\":\"https:\\\/\\\/hardnesstests.com\\\/tr\\\/\",\"name\":\"hardnesstests\",\"description\":\"\",\"publisher\":{\"@id\":\"https:\\\/\\\/hardnesstests.com\\\/tr\\\/#organization\"},\"potentialAction\":[{\"@type\":\"SearchAction\",\"target\":{\"@type\":\"EntryPoint\",\"urlTemplate\":\"https:\\\/\\\/hardnesstests.com\\\/tr\\\/?s={search_term_string}\"},\"query-input\":{\"@type\":\"PropertyValueSpecification\",\"valueRequired\":true,\"valueName\":\"search_term_string\"}}],\"inLanguage\":\"de-CH\"},{\"@type\":\"Organization\",\"@id\":\"https:\\\/\\\/hardnesstests.com\\\/tr\\\/#organization\",\"name\":\"hardnesstests\",\"url\":\"https:\\\/\\\/hardnesstests.com\\\/tr\\\/\",\"logo\":{\"@type\":\"ImageObject\",\"inLanguage\":\"de-CH\",\"@id\":\"https:\\\/\\\/hardnesstests.com\\\/tr\\\/#\\\/schema\\\/logo\\\/image\\\/\",\"url\":\"https:\\\/\\\/hardnesstests.com\\\/wp-content\\\/uploads\\\/2021\\\/08\\\/\u5fae\u4fe1\u56fe\u7247_20251029102004_335_1287.png\",\"contentUrl\":\"https:\\\/\\\/hardnesstests.com\\\/wp-content\\\/uploads\\\/2021\\\/08\\\/\u5fae\u4fe1\u56fe\u7247_20251029102004_335_1287.png\",\"width\":1308,\"height\":467,\"caption\":\"hardnesstests\"},\"image\":{\"@id\":\"https:\\\/\\\/hardnesstests.com\\\/tr\\\/#\\\/schema\\\/logo\\\/image\\\/\"}}]}<\/script>\n<!-- \/ Yoast SEO Premium plugin. -->","yoast_head_json":{"title":"934-1S digital Babbitt hardness tester - hardnesstests","robots":{"index":"index","follow":"follow","max-snippet":"max-snippet:-1","max-image-preview":"max-image-preview:large","max-video-preview":"max-video-preview:-1"},"canonical":"https:\/\/hardnesstests.com\/de\/produkt\/934-1s-digital-babbitt-hardness-tester\/","og_locale":"de_DE","og_type":"article","og_title":"934-1S digital Babbitt hardness tester","og_description":"The Pasteur hardness tester (Barker hardness tester) is an indentation type hardness tester. Fast, simple and easy to test, it can be used to quickly test the hardness of aluminum and aluminum alloy materials, in accordance with American standards ASTM B648.. Test Method for Measuring Hard Plastic Indentation Hardness ASTM HD2583-07\u300a Pasteur Hardness Meter and Test Method for GB\/T 3854-2005\u300bReinforced Plastic Barker Hardness.","og_url":"https:\/\/hardnesstests.com\/de\/produkt\/934-1s-digital-babbitt-hardness-tester\/","og_site_name":"hardnesstests","article_modified_time":"2025-11-27T05:27:17+00:00","og_image":[{"width":800,"height":800,"url":"https:\/\/hardnesstests.com\/wp-content\/uploads\/2025\/10\/934-1S\u6570\u663e\u5df4\u6c0f\u786c\u5ea6\u8ba1.jpg","type":"image\/jpeg"}],"twitter_card":"summary_large_image","twitter_misc":{"Gesch\u00e4tzte Lesezeit":"2\u00a0Minuten"},"schema":{"@context":"https:\/\/schema.org","@graph":[{"@type":"WebPage","@id":"https:\/\/hardnesstests.com\/product\/934-1s-digital-babbitt-hardness-tester\/","url":"https:\/\/hardnesstests.com\/product\/934-1s-digital-babbitt-hardness-tester\/","name":"934-1S digital Babbitt hardness tester - hardnesstests","isPartOf":{"@id":"https:\/\/hardnesstests.com\/tr\/#website"},"primaryImageOfPage":{"@id":"https:\/\/hardnesstests.com\/product\/934-1s-digital-babbitt-hardness-tester\/#primaryimage"},"image":{"@id":"https:\/\/hardnesstests.com\/product\/934-1s-digital-babbitt-hardness-tester\/#primaryimage"},"thumbnailUrl":"https:\/\/hardnesstests.com\/wp-content\/uploads\/2025\/10\/934-1S\u6570\u663e\u5df4\u6c0f\u786c\u5ea6\u8ba1.jpg","datePublished":"2025-10-20T06:13:02+00:00","dateModified":"2025-11-27T05:27:17+00:00","breadcrumb":{"@id":"https:\/\/hardnesstests.com\/product\/934-1s-digital-babbitt-hardness-tester\/#breadcrumb"},"inLanguage":"de-CH","potentialAction":[{"@type":"ReadAction","target":["https:\/\/hardnesstests.com\/product\/934-1s-digital-babbitt-hardness-tester\/"]}]},{"@type":"ImageObject","inLanguage":"de-CH","@id":"https:\/\/hardnesstests.com\/product\/934-1s-digital-babbitt-hardness-tester\/#primaryimage","url":"https:\/\/hardnesstests.com\/wp-content\/uploads\/2025\/10\/934-1S\u6570\u663e\u5df4\u6c0f\u786c\u5ea6\u8ba1.jpg","contentUrl":"https:\/\/hardnesstests.com\/wp-content\/uploads\/2025\/10\/934-1S\u6570\u663e\u5df4\u6c0f\u786c\u5ea6\u8ba1.jpg","width":800,"height":800},{"@type":"BreadcrumbList","@id":"https:\/\/hardnesstests.com\/product\/934-1s-digital-babbitt-hardness-tester\/#breadcrumb","itemListElement":[{"@type":"ListItem","position":1,"name":"\u9996\u9875","item":"https:\/\/hardnesstests.com\/"},{"@type":"ListItem","position":2,"name":"products","item":"https:\/\/hardnesstests.com\/products\/"},{"@type":"ListItem","position":3,"name":"934-1S digital Babbitt hardness tester"}]},{"@type":"WebSite","@id":"https:\/\/hardnesstests.com\/tr\/#website","url":"https:\/\/hardnesstests.com\/tr\/","name":"hardnesstests","description":"","publisher":{"@id":"https:\/\/hardnesstests.com\/tr\/#organization"},"potentialAction":[{"@type":"SearchAction","target":{"@type":"EntryPoint","urlTemplate":"https:\/\/hardnesstests.com\/tr\/?s={search_term_string}"},"query-input":{"@type":"PropertyValueSpecification","valueRequired":true,"valueName":"search_term_string"}}],"inLanguage":"de-CH"},{"@type":"Organization","@id":"https:\/\/hardnesstests.com\/tr\/#organization","name":"hardnesstests","url":"https:\/\/hardnesstests.com\/tr\/","logo":{"@type":"ImageObject","inLanguage":"de-CH","@id":"https:\/\/hardnesstests.com\/tr\/#\/schema\/logo\/image\/","url":"https:\/\/hardnesstests.com\/wp-content\/uploads\/2021\/08\/\u5fae\u4fe1\u56fe\u7247_20251029102004_335_1287.png","contentUrl":"https:\/\/hardnesstests.com\/wp-content\/uploads\/2021\/08\/\u5fae\u4fe1\u56fe\u7247_20251029102004_335_1287.png","width":1308,"height":467,"caption":"hardnesstests"},"image":{"@id":"https:\/\/hardnesstests.com\/tr\/#\/schema\/logo\/image\/"}}]}},"_links":{"self":[{"href":"https:\/\/hardnesstests.com\/de\/wp-json\/wp\/v2\/product\/29033","targetHints":{"allow":["GET"]}}],"collection":[{"href":"https:\/\/hardnesstests.com\/de\/wp-json\/wp\/v2\/product"}],"about":[{"href":"https:\/\/hardnesstests.com\/de\/wp-json\/wp\/v2\/types\/product"}],"replies":[{"embeddable":true,"href":"https:\/\/hardnesstests.com\/de\/wp-json\/wp\/v2\/comments?post=29033"}],"version-history":[{"count":5,"href":"https:\/\/hardnesstests.com\/de\/wp-json\/wp\/v2\/product\/29033\/revisions"}],"predecessor-version":[{"id":29683,"href":"https:\/\/hardnesstests.com\/de\/wp-json\/wp\/v2\/product\/29033\/revisions\/29683"}],"wp:featuredmedia":[{"embeddable":true,"href":"https:\/\/hardnesstests.com\/de\/wp-json\/wp\/v2\/media\/29032"}],"wp:attachment":[{"href":"https:\/\/hardnesstests.com\/de\/wp-json\/wp\/v2\/media?parent=29033"}],"wp:term":[{"taxonomy":"product_brand","embeddable":true,"href":"https:\/\/hardnesstests.com\/de\/wp-json\/wp\/v2\/product_brand?post=29033"},{"taxonomy":"product_cat","embeddable":true,"href":"https:\/\/hardnesstests.com\/de\/wp-json\/wp\/v2\/product_cat?post=29033"},{"taxonomy":"product_tag","embeddable":true,"href":"https:\/\/hardnesstests.com\/de\/wp-json\/wp\/v2\/product_tag?post=29033"}],"curies":[{"name":"wp","href":"https:\/\/api.w.org\/{rel}","templated":true}]}}