{"id":29349,"date":"2025-11-05T08:12:29","date_gmt":"2025-11-05T08:12:29","guid":{"rendered":"https:\/\/hardnesstests.com\/?page_id=29349"},"modified":"2025-12-25T04:45:02","modified_gmt":"2025-12-25T04:45:02","slug":"oem-customization","status":"publish","type":"page","link":"https:\/\/hardnesstests.com\/de\/oem-customization\/","title":{"rendered":"OEM &amp; kundenspezifische Anpassung"},"content":{"rendered":"<h3 class=\"wp-block-heading\"><strong>1. \u00dcberblick<\/strong><\/h3>\n\n\n\n<p>Juhui bietet umfassende OEM- und kundenspezifische Dienstleistungen an, um die unterschiedlichsten Anforderungen an Pr\u00fcf- und Metallographieger\u00e4te zu erf\u00fcllen.<br>Mit hochmodernen Produktionsanlagen und einem erfahrenen Ingenieurteam bieten wir ma\u00dfgeschneiderte L\u00f6sungen, die mit Ihrer Markenidentit\u00e4t, Ihren technischen Spezifikationen und Qualit\u00e4tsstandards \u00fcbereinstimmen.<\/p>\n\n\n\n<p>Unser Ziel ist es, unseren Kunden dabei zu helfen, sich auf dem Markt zu differenzieren und gleichzeitig Pr\u00e4zision, Zuverl\u00e4ssigkeit und Kosteneffizienz zu gew\u00e4hrleisten.<\/p>\n\n\n\n<hr class=\"wp-block-separator has-alpha-channel-opacity\"\/>\n\n\n\n<h3 class=\"wp-block-heading\"><strong>2. OEM-Serviceumfang<\/strong><\/h3>\n\n\n\n<p>Juhui bietet umfassende Unterst\u00fctzung f\u00fcr Projekte im Bereich der Erstausr\u00fcstungsfertigung, einschlie\u00dflich:<\/p>\n\n\n\n<ul class=\"wp-block-list\">\n<li><strong>Produktion von Eigenmarken:<\/strong><br>Kundenspezifischer Logodruck, Markenkennzeichnung und Verpackungsdesign gem\u00e4\u00df den Anforderungen des Kunden.<\/li>\n\n\n\n<li><strong>\u00c4nderung von Aussehen und Struktur:<\/strong><br>Flexible Anpassung der Produktfarbe, des Geh\u00e4usedesigns oder des Schnittstellenlayouts an den Stil der Marke oder die bevorzugte Nutzung.<\/li>\n\n\n\n<li><strong>Kundenspezifische Steuerungssoftware:<\/strong><br>Integration von Kundenlogos und UI-Themen in Softwareoberfl\u00e4chen, bei Bedarf auch von kundenspezifischen Funktionsmodulen.<\/li>\n\n\n\n<li><strong>Hardware-Konfiguration:<\/strong><br>Einstellbare Parameter wie Lastbereich, Pr\u00fcfgeschwindigkeit, optische Komponenten und Anzeigeoptionen je nach Anwendungsbedarf.<\/li>\n<\/ul>\n\n\n\n<hr class=\"wp-block-separator has-alpha-channel-opacity\"\/>\n\n\n\n<h3 class=\"wp-block-heading\"><strong>3. Anpassungsprozess<\/strong><\/h3>\n\n\n\n<p>1\ufe0f\u20e3 <strong>Anforderungsanalyse:<\/strong><br>Die Kunden stellen technische Anforderungen, Anwendungsziele oder Referenzmuster zur Verf\u00fcgung.<\/p>\n\n\n\n<p>2\ufe0f\u20e3 <strong>Technische Bewertung:<\/strong><br>Das F&amp;E-Team von Juhui bewertet die Machbarkeit und schl\u00e4gt einen detaillierten Anpassungsplan vor.<\/p>\n\n\n\n<p>3\ufe0f\u20e3 <strong>Entwicklung von Prototypen:<\/strong><br>Ein Prototyp oder ein Funktionsmuster wird zur Pr\u00fcfung und Best\u00e4tigung durch den Kunden hergestellt.<\/p>\n\n\n\n<p>4\ufe0f\u20e3 <strong>Massenproduktion:<\/strong><br>Nach der Genehmigung beginnt die Produktion unter Einhaltung der strengen Qualit\u00e4tskontrollverfahren von Juhui.<\/p>\n\n\n\n<p>5\ufe0f\u20e3 <strong>Endabnahme und Lieferung:<\/strong><br>Alle kundenspezifischen Ger\u00e4te werden getestet, kalibriert und gem\u00e4\u00df den Exportstandards verpackt.<\/p>\n\n\n\n<hr class=\"wp-block-separator has-alpha-channel-opacity\"\/>\n\n\n\n<h3 class=\"wp-block-heading\"><strong>4. Technische Leistungsf\u00e4higkeit<\/strong><\/h3>\n\n\n\n<ul class=\"wp-block-list\">\n<li>Professionelles Forschungs- und Entwicklungsteam, spezialisiert auf H\u00e4rtepr\u00fcfger\u00e4te und metallographische Systeme.<\/li>\n\n\n\n<li>Unabh\u00e4ngige Einrichtungen f\u00fcr Bearbeitung, elektronische Montage und Kalibrierung.<\/li>\n\n\n\n<li>Fortgeschrittene CAD\/3D-Modellierung und Software-Integrationsm\u00f6glichkeiten.<\/li>\n\n\n\n<li>Unterst\u00fctzung f\u00fcr die Produktion von Klein- und Gro\u00dfserien mit konsistenter Qualit\u00e4tskontrolle.<\/li>\n<\/ul>\n\n\n\n<p>Dank dieser St\u00e4rken liefert Juhui ma\u00dfgeschneiderte L\u00f6sungen, die sowohl technisch pr\u00e4zise als auch kommerziell wettbewerbsf\u00e4hig sind.<\/p>\n\n\n\n<hr class=\"wp-block-separator has-alpha-channel-opacity\"\/>\n\n\n\n<h3 class=\"wp-block-heading\"><strong>5. Vertraulichkeit und geistiges Eigentum<\/strong><\/h3>\n\n\n\n<p>Alle OEM- und Anpassungsprojekte werden unter strengen Vertraulichkeitsvereinbarungen behandelt.<br>Alle vom Kunden zur Verf\u00fcgung gestellten Entw\u00fcrfe, Zeichnungen oder technischen Daten werden sicher gesch\u00fctzt und ausschlie\u00dflich f\u00fcr den vereinbarten Projektzweck verwendet.<br>Juhui respektiert und sch\u00fctzt alle geistigen Eigentumsrechte in Bezug auf die Marken und Technologien seiner Kunden.<\/p>\n\n\n\n<hr class=\"wp-block-separator has-alpha-channel-opacity\"\/>\n\n\n\n<h3 class=\"wp-block-heading\"><strong>6. Kontaktinformationen<\/strong><\/h3>\n\n\n\n<p>F\u00fcr OEM- oder Anpassungsanfragen wenden Sie sich bitte an unser technisches und gesch\u00e4ftliches Team:<\/p>\n\n\n\n<p><strong>Name des Unternehmens:<\/strong> Juhui Instruments Co. Ltd.<br><strong>Adresse:<\/strong> Nr. 888 Liujiang Road, Gemeinde Beibai, Stadt Yueqing, Stadt Wenzhou, Provinz Zhejiang<br><strong>E-Mail:<\/strong> <a>shjhyq@qq.com<\/a> \/ <a>3981002512@qq.com<\/a><br><strong>Telefon:<\/strong> +86-0577-62769190<br><strong>Mobil:<\/strong> +86-17857757017<br><strong>Kontaktperson:<\/strong> Yang Xue<br><strong>Business QQ:<\/strong> 3981002512<br><strong>WeChat ID:<\/strong> +86-17857757017 \/ 18814940933<br><strong>WhatsApp:<\/strong> +86-13587757391<\/p>","protected":false},"excerpt":{"rendered":"<p>1. Overview Juhui offers comprehensive OEM and customization services to meet diverse testing and metallographic equipment requirements.With advanced production facilities<\/p>","protected":false},"author":1,"featured_media":0,"parent":0,"menu_order":0,"comment_status":"closed","ping_status":"closed","template":"","meta":{"footnotes":""},"class_list":["post-29349","page","type-page","status-publish","hentry"],"yoast_head":"<!-- This site is optimized with the Yoast SEO Premium plugin v25.4 (Yoast SEO v27.4) - https:\/\/yoast.com\/product\/yoast-seo-premium-wordpress\/ -->\n<title>OEM &amp; Customization - hardnesstests<\/title>\n<meta name=\"description\" content=\"OEM and customization services for hardness testing and metallography equipment. Tailored solutions to meet your lab or industrial requirements.\" \/>\n<meta name=\"robots\" content=\"index, follow, max-snippet:-1, max-image-preview:large, max-video-preview:-1\" \/>\n<link rel=\"canonical\" href=\"https:\/\/hardnesstests.com\/de\/oem-customization\/\" \/>\n<meta property=\"og:locale\" content=\"de_DE\" \/>\n<meta property=\"og:type\" content=\"article\" \/>\n<meta property=\"og:title\" content=\"OEM &amp; Customization\" \/>\n<meta property=\"og:description\" content=\"OEM and customization services for hardness testing and metallography equipment. Tailored solutions to meet your lab or industrial requirements.\" \/>\n<meta property=\"og:url\" content=\"https:\/\/hardnesstests.com\/de\/oem-customization\/\" \/>\n<meta property=\"og:site_name\" content=\"hardnesstests\" \/>\n<meta property=\"article:modified_time\" content=\"2025-12-25T04:45:02+00:00\" \/>\n<meta name=\"twitter:card\" content=\"summary_large_image\" \/>\n<meta name=\"twitter:label1\" content=\"Gesch\u00e4tzte Lesezeit\" \/>\n\t<meta name=\"twitter:data1\" content=\"3\u00a0Minuten\" \/>\n<script type=\"application\/ld+json\" class=\"yoast-schema-graph\">{\"@context\":\"https:\\\/\\\/schema.org\",\"@graph\":[{\"@type\":\"WebPage\",\"@id\":\"https:\\\/\\\/hardnesstests.com\\\/oem-customization\\\/\",\"url\":\"https:\\\/\\\/hardnesstests.com\\\/oem-customization\\\/\",\"name\":\"OEM &amp; Customization - hardnesstests\",\"isPartOf\":{\"@id\":\"https:\\\/\\\/hardnesstests.com\\\/tr\\\/#website\"},\"datePublished\":\"2025-11-05T08:12:29+00:00\",\"dateModified\":\"2025-12-25T04:45:02+00:00\",\"description\":\"OEM and customization services for hardness testing and metallography equipment. Tailored solutions to meet your lab or industrial requirements.\",\"breadcrumb\":{\"@id\":\"https:\\\/\\\/hardnesstests.com\\\/oem-customization\\\/#breadcrumb\"},\"inLanguage\":\"de-CH\",\"potentialAction\":[{\"@type\":\"ReadAction\",\"target\":[\"https:\\\/\\\/hardnesstests.com\\\/oem-customization\\\/\"]}]},{\"@type\":\"BreadcrumbList\",\"@id\":\"https:\\\/\\\/hardnesstests.com\\\/oem-customization\\\/#breadcrumb\",\"itemListElement\":[{\"@type\":\"ListItem\",\"position\":1,\"name\":\"\u9996\u9875\",\"item\":\"https:\\\/\\\/hardnesstests.com\\\/\"},{\"@type\":\"ListItem\",\"position\":2,\"name\":\"OEM &amp; Customization\"}]},{\"@type\":\"WebSite\",\"@id\":\"https:\\\/\\\/hardnesstests.com\\\/tr\\\/#website\",\"url\":\"https:\\\/\\\/hardnesstests.com\\\/tr\\\/\",\"name\":\"hardnesstests\",\"description\":\"\",\"publisher\":{\"@id\":\"https:\\\/\\\/hardnesstests.com\\\/tr\\\/#organization\"},\"potentialAction\":[{\"@type\":\"SearchAction\",\"target\":{\"@type\":\"EntryPoint\",\"urlTemplate\":\"https:\\\/\\\/hardnesstests.com\\\/tr\\\/?s={search_term_string}\"},\"query-input\":{\"@type\":\"PropertyValueSpecification\",\"valueRequired\":true,\"valueName\":\"search_term_string\"}}],\"inLanguage\":\"de-CH\"},{\"@type\":\"Organization\",\"@id\":\"https:\\\/\\\/hardnesstests.com\\\/tr\\\/#organization\",\"name\":\"hardnesstests\",\"url\":\"https:\\\/\\\/hardnesstests.com\\\/tr\\\/\",\"logo\":{\"@type\":\"ImageObject\",\"inLanguage\":\"de-CH\",\"@id\":\"https:\\\/\\\/hardnesstests.com\\\/tr\\\/#\\\/schema\\\/logo\\\/image\\\/\",\"url\":\"https:\\\/\\\/hardnesstests.com\\\/wp-content\\\/uploads\\\/2021\\\/08\\\/\u5fae\u4fe1\u56fe\u7247_20251029102004_335_1287.png\",\"contentUrl\":\"https:\\\/\\\/hardnesstests.com\\\/wp-content\\\/uploads\\\/2021\\\/08\\\/\u5fae\u4fe1\u56fe\u7247_20251029102004_335_1287.png\",\"width\":1308,\"height\":467,\"caption\":\"hardnesstests\"},\"image\":{\"@id\":\"https:\\\/\\\/hardnesstests.com\\\/tr\\\/#\\\/schema\\\/logo\\\/image\\\/\"}}]}<\/script>\n<!-- \/ Yoast SEO Premium plugin. -->","yoast_head_json":{"title":"OEM &amp; Customization - hardnesstests","description":"OEM and customization services for hardness testing and metallography equipment. Tailored solutions to meet your lab or industrial requirements.","robots":{"index":"index","follow":"follow","max-snippet":"max-snippet:-1","max-image-preview":"max-image-preview:large","max-video-preview":"max-video-preview:-1"},"canonical":"https:\/\/hardnesstests.com\/de\/oem-customization\/","og_locale":"de_DE","og_type":"article","og_title":"OEM &amp; Customization","og_description":"OEM and customization services for hardness testing and metallography equipment. Tailored solutions to meet your lab or industrial requirements.","og_url":"https:\/\/hardnesstests.com\/de\/oem-customization\/","og_site_name":"hardnesstests","article_modified_time":"2025-12-25T04:45:02+00:00","twitter_card":"summary_large_image","twitter_misc":{"Gesch\u00e4tzte Lesezeit":"3\u00a0Minuten"},"schema":{"@context":"https:\/\/schema.org","@graph":[{"@type":"WebPage","@id":"https:\/\/hardnesstests.com\/oem-customization\/","url":"https:\/\/hardnesstests.com\/oem-customization\/","name":"OEM &amp; Customization - hardnesstests","isPartOf":{"@id":"https:\/\/hardnesstests.com\/tr\/#website"},"datePublished":"2025-11-05T08:12:29+00:00","dateModified":"2025-12-25T04:45:02+00:00","description":"OEM and customization services for hardness testing and metallography equipment. Tailored solutions to meet your lab or industrial requirements.","breadcrumb":{"@id":"https:\/\/hardnesstests.com\/oem-customization\/#breadcrumb"},"inLanguage":"de-CH","potentialAction":[{"@type":"ReadAction","target":["https:\/\/hardnesstests.com\/oem-customization\/"]}]},{"@type":"BreadcrumbList","@id":"https:\/\/hardnesstests.com\/oem-customization\/#breadcrumb","itemListElement":[{"@type":"ListItem","position":1,"name":"\u9996\u9875","item":"https:\/\/hardnesstests.com\/"},{"@type":"ListItem","position":2,"name":"OEM &amp; Customization"}]},{"@type":"WebSite","@id":"https:\/\/hardnesstests.com\/tr\/#website","url":"https:\/\/hardnesstests.com\/tr\/","name":"hardnesstests","description":"","publisher":{"@id":"https:\/\/hardnesstests.com\/tr\/#organization"},"potentialAction":[{"@type":"SearchAction","target":{"@type":"EntryPoint","urlTemplate":"https:\/\/hardnesstests.com\/tr\/?s={search_term_string}"},"query-input":{"@type":"PropertyValueSpecification","valueRequired":true,"valueName":"search_term_string"}}],"inLanguage":"de-CH"},{"@type":"Organization","@id":"https:\/\/hardnesstests.com\/tr\/#organization","name":"hardnesstests","url":"https:\/\/hardnesstests.com\/tr\/","logo":{"@type":"ImageObject","inLanguage":"de-CH","@id":"https:\/\/hardnesstests.com\/tr\/#\/schema\/logo\/image\/","url":"https:\/\/hardnesstests.com\/wp-content\/uploads\/2021\/08\/\u5fae\u4fe1\u56fe\u7247_20251029102004_335_1287.png","contentUrl":"https:\/\/hardnesstests.com\/wp-content\/uploads\/2021\/08\/\u5fae\u4fe1\u56fe\u7247_20251029102004_335_1287.png","width":1308,"height":467,"caption":"hardnesstests"},"image":{"@id":"https:\/\/hardnesstests.com\/tr\/#\/schema\/logo\/image\/"}}]}},"_hostinger_reach_plugin_has_subscription_block":false,"_hostinger_reach_plugin_is_elementor":false,"_links":{"self":[{"href":"https:\/\/hardnesstests.com\/de\/wp-json\/wp\/v2\/pages\/29349","targetHints":{"allow":["GET"]}}],"collection":[{"href":"https:\/\/hardnesstests.com\/de\/wp-json\/wp\/v2\/pages"}],"about":[{"href":"https:\/\/hardnesstests.com\/de\/wp-json\/wp\/v2\/types\/page"}],"author":[{"embeddable":true,"href":"https:\/\/hardnesstests.com\/de\/wp-json\/wp\/v2\/users\/1"}],"replies":[{"embeddable":true,"href":"https:\/\/hardnesstests.com\/de\/wp-json\/wp\/v2\/comments?post=29349"}],"version-history":[{"count":3,"href":"https:\/\/hardnesstests.com\/de\/wp-json\/wp\/v2\/pages\/29349\/revisions"}],"predecessor-version":[{"id":30223,"href":"https:\/\/hardnesstests.com\/de\/wp-json\/wp\/v2\/pages\/29349\/revisions\/30223"}],"wp:attachment":[{"href":"https:\/\/hardnesstests.com\/de\/wp-json\/wp\/v2\/media?parent=29349"}],"curies":[{"name":"wp","href":"https:\/\/api.w.org\/{rel}","templated":true}]}}