{"id":29345,"date":"2025-11-05T08:11:54","date_gmt":"2025-11-05T08:11:54","guid":{"rendered":"https:\/\/hardnesstests.com\/?page_id=29345"},"modified":"2025-12-25T04:45:45","modified_gmt":"2025-12-25T04:45:45","slug":"package-delivery","status":"publish","type":"page","link":"https:\/\/hardnesstests.com\/de\/package-delivery\/","title":{"rendered":"Paket &amp; Lieferung"},"content":{"rendered":"<h3 class=\"wp-block-heading\"><strong>1. \u00dcberblick<\/strong><\/h3>\n\n\n\n<p>Juhui stellt sicher, dass jedes H\u00e4rtepr\u00fcfger\u00e4t und jede metallografische Ausr\u00fcstung sorgf\u00e4ltig verpackt und sicher an Kunden in aller Welt geliefert wird. Alle Logistikprozesse folgen internationalen Exportstandards, um m\u00f6gliche Sch\u00e4den w\u00e4hrend des Transports zu minimieren.<\/p>\n\n\n\n<hr class=\"wp-block-separator has-alpha-channel-opacity\"\/>\n\n\n\n<h3 class=\"wp-block-heading\"><strong>2. Verpackungsnormen<\/strong><\/h3>\n\n\n\n<p>Alle Ger\u00e4te werden mit mehrschichtigen Schutzmaterialien verpackt, um die Sicherheit und Unversehrtheit beim Versand zu gew\u00e4hrleisten:<\/p>\n\n\n\n<ul class=\"wp-block-list\">\n<li><strong>Innere Schicht:<\/strong> Sto\u00dfd\u00e4mpfender Schaumstoff und feuchtigkeitsdichte Umh\u00fcllung.<\/li>\n\n\n\n<li><strong>\u00c4u\u00dfere Schicht:<\/strong> Verst\u00e4rkte Holzkiste oder exporttauglicher Wellkarton.<\/li>\n\n\n\n<li><strong>Etiketten:<\/strong> Jede Packung enth\u00e4lt Handhabungshinweise und Produktkennzeichnungsetiketten.<\/li>\n<\/ul>\n\n\n\n<p>Vor dem Versand werden alle Artikel einer Endkontrolle und Versiegelung durch unser Qualit\u00e4tskontrollteam unterzogen.<\/p>\n\n\n\n<hr class=\"wp-block-separator has-alpha-channel-opacity\"\/>\n\n\n\n<h3 class=\"wp-block-heading\"><strong>3. Lieferzeiten und Versandmethoden<\/strong><\/h3>\n\n\n\n<ul class=\"wp-block-list\">\n<li><strong>Standard-Lieferzeit:<\/strong> 7-15 Arbeitstage nach Auftragsbest\u00e4tigung.<\/li>\n\n\n\n<li><strong>Versandoptionen:<\/strong> Luftfracht, Seefracht, Expresskurier oder ein vom Kunden benannter Logistikpartner.<\/li>\n\n\n\n<li><strong>Verfolgung:<\/strong> Die Sendungsverfolgungsnummer und die Versanddetails werden mitgeteilt, sobald die Bestellung versandt wurde.<\/li>\n<\/ul>\n\n\n\n<p>Bei gro\u00dfen Ger\u00e4ten bieten wir eine professionelle Verladung und Konsolidierung der Container an, um eine sichere Handhabung zu gew\u00e4hrleisten.<\/p>\n\n\n\n<hr class=\"wp-block-separator has-alpha-channel-opacity\"\/>\n\n\n\n<h3 class=\"wp-block-heading\"><strong>4. Internationaler Versand<\/strong><\/h3>\n\n\n\n<p>Juhui arbeitet mit f\u00fchrenden globalen Spediteuren und Frachtf\u00fchrern zusammen, um eine zuverl\u00e4ssige weltweite Lieferung zu gew\u00e4hrleisten. Wir helfen bei der Erstellung aller Exportdokumente, einschlie\u00dflich Handelsrechnungen, Packlisten und Ursprungszeugnissen, falls erforderlich.<\/p>\n\n\n\n<p>Z\u00f6lle, Einfuhrsteuern oder andere damit zusammenh\u00e4ngende Geb\u00fchren gehen zu Lasten des K\u00e4ufers, sofern nicht anders angegeben.<\/p>\n\n\n\n<hr class=\"wp-block-separator has-alpha-channel-opacity\"\/>\n\n\n\n<h3 class=\"wp-block-heading\"><strong>5. Besch\u00e4digung oder Verlust<\/strong><\/h3>\n\n\n\n<p>Alle Sendungen werden gem\u00e4\u00df den internationalen Sicherheitsstandards vollst\u00e4ndig kontrolliert und verpackt.<br>Bei Besch\u00e4digung oder Verlust w\u00e4hrend des Transports, kontaktieren Sie uns bitte innerhalb von <strong>3 Arbeitstage<\/strong> nach Erhalt der Waren mit den folgenden Angaben:<\/p>\n\n\n\n<ul class=\"wp-block-list\">\n<li>Bestellnummer<\/li>\n\n\n\n<li>Fotos der besch\u00e4digten Verpackung und des Produkts<\/li>\n\n\n\n<li>Beschreibung des Themas<\/li>\n<\/ul>\n\n\n\n<p>Unser Serviceteam hilft Ihnen bei Versicherungsanspr\u00fcchen oder Ersatzbeschaffungen.<\/p>\n\n\n\n<hr class=\"wp-block-separator has-alpha-channel-opacity\"\/>\n\n\n\n<h3 class=\"wp-block-heading\"><strong>6. Kontaktinformationen<\/strong><\/h3>\n\n\n\n<p>Bei Fragen zu Verpackung, Lieferung oder Versandunterst\u00fctzung wenden Sie sich bitte an uns:<\/p>\n\n\n\n<p><strong>Name des Unternehmens:<\/strong> Juhui Instruments Co. Ltd.<br><strong>Adresse:<\/strong> Nr. 888 Liujiang Road, Gemeinde Beibai, Stadt Yueqing, Stadt Wenzhou, Provinz Zhejiang<br><strong>E-Mail:<\/strong> <a>shjhyq@qq.com<\/a> \/ <a>3981002512@qq.com<\/a><br><strong>Telefon:<\/strong> +86-0577-62769190<br><strong>Mobil:<\/strong> +86-17857757017<br><strong>Kontaktperson:<\/strong> Yang Xue<br><strong>Business QQ:<\/strong> 3981002512<br><strong>WeChat ID:<\/strong> +86-17857757017 \/ 18814940933<br><strong>WhatsApp:<\/strong> +86-13587757391<\/p>","protected":false},"excerpt":{"rendered":"<p>1. Overview Juhui ensures that every hardness tester and metallographic equipment is carefully packaged and safely delivered to customers around<\/p>","protected":false},"author":1,"featured_media":0,"parent":0,"menu_order":0,"comment_status":"closed","ping_status":"closed","template":"","meta":{"footnotes":""},"class_list":["post-29345","page","type-page","status-publish","hentry"],"yoast_head":"<!-- This site is optimized with the Yoast SEO Premium plugin v25.4 (Yoast SEO v27.4) - https:\/\/yoast.com\/product\/yoast-seo-premium-wordpress\/ -->\n<title>Package\u00a0&amp; Delivery - hardnesstests<\/title>\n<meta name=\"description\" content=\"Package and delivery information for HardnessTests.com products. Secure packaging and reliable shipping for hardness testing and metallography equipment.\" \/>\n<meta name=\"robots\" content=\"index, follow, max-snippet:-1, max-image-preview:large, max-video-preview:-1\" \/>\n<link rel=\"canonical\" href=\"https:\/\/hardnesstests.com\/de\/package-delivery\/\" \/>\n<meta property=\"og:locale\" content=\"de_DE\" \/>\n<meta property=\"og:type\" content=\"article\" \/>\n<meta property=\"og:title\" content=\"Package\u00a0&amp; Delivery\" \/>\n<meta property=\"og:description\" content=\"Package and delivery information for HardnessTests.com products. Secure packaging and reliable shipping for hardness testing and metallography equipment.\" \/>\n<meta property=\"og:url\" content=\"https:\/\/hardnesstests.com\/de\/package-delivery\/\" \/>\n<meta property=\"og:site_name\" content=\"hardnesstests\" \/>\n<meta property=\"article:modified_time\" content=\"2025-12-25T04:45:45+00:00\" \/>\n<meta name=\"twitter:card\" content=\"summary_large_image\" \/>\n<meta name=\"twitter:label1\" content=\"Gesch\u00e4tzte Lesezeit\" \/>\n\t<meta name=\"twitter:data1\" content=\"2\u00a0Minuten\" \/>\n<script type=\"application\/ld+json\" class=\"yoast-schema-graph\">{\"@context\":\"https:\\\/\\\/schema.org\",\"@graph\":[{\"@type\":\"WebPage\",\"@id\":\"https:\\\/\\\/hardnesstests.com\\\/package-delivery\\\/\",\"url\":\"https:\\\/\\\/hardnesstests.com\\\/package-delivery\\\/\",\"name\":\"Package\u00a0&amp; Delivery - hardnesstests\",\"isPartOf\":{\"@id\":\"https:\\\/\\\/hardnesstests.com\\\/tr\\\/#website\"},\"datePublished\":\"2025-11-05T08:11:54+00:00\",\"dateModified\":\"2025-12-25T04:45:45+00:00\",\"description\":\"Package and delivery information for HardnessTests.com products. Secure packaging and reliable shipping for hardness testing and metallography equipment.\",\"breadcrumb\":{\"@id\":\"https:\\\/\\\/hardnesstests.com\\\/package-delivery\\\/#breadcrumb\"},\"inLanguage\":\"de-CH\",\"potentialAction\":[{\"@type\":\"ReadAction\",\"target\":[\"https:\\\/\\\/hardnesstests.com\\\/package-delivery\\\/\"]}]},{\"@type\":\"BreadcrumbList\",\"@id\":\"https:\\\/\\\/hardnesstests.com\\\/package-delivery\\\/#breadcrumb\",\"itemListElement\":[{\"@type\":\"ListItem\",\"position\":1,\"name\":\"\u9996\u9875\",\"item\":\"https:\\\/\\\/hardnesstests.com\\\/\"},{\"@type\":\"ListItem\",\"position\":2,\"name\":\"Package\u00a0&amp; Delivery\"}]},{\"@type\":\"WebSite\",\"@id\":\"https:\\\/\\\/hardnesstests.com\\\/tr\\\/#website\",\"url\":\"https:\\\/\\\/hardnesstests.com\\\/tr\\\/\",\"name\":\"hardnesstests\",\"description\":\"\",\"publisher\":{\"@id\":\"https:\\\/\\\/hardnesstests.com\\\/tr\\\/#organization\"},\"potentialAction\":[{\"@type\":\"SearchAction\",\"target\":{\"@type\":\"EntryPoint\",\"urlTemplate\":\"https:\\\/\\\/hardnesstests.com\\\/tr\\\/?s={search_term_string}\"},\"query-input\":{\"@type\":\"PropertyValueSpecification\",\"valueRequired\":true,\"valueName\":\"search_term_string\"}}],\"inLanguage\":\"de-CH\"},{\"@type\":\"Organization\",\"@id\":\"https:\\\/\\\/hardnesstests.com\\\/tr\\\/#organization\",\"name\":\"hardnesstests\",\"url\":\"https:\\\/\\\/hardnesstests.com\\\/tr\\\/\",\"logo\":{\"@type\":\"ImageObject\",\"inLanguage\":\"de-CH\",\"@id\":\"https:\\\/\\\/hardnesstests.com\\\/tr\\\/#\\\/schema\\\/logo\\\/image\\\/\",\"url\":\"https:\\\/\\\/hardnesstests.com\\\/wp-content\\\/uploads\\\/2021\\\/08\\\/\u5fae\u4fe1\u56fe\u7247_20251029102004_335_1287.png\",\"contentUrl\":\"https:\\\/\\\/hardnesstests.com\\\/wp-content\\\/uploads\\\/2021\\\/08\\\/\u5fae\u4fe1\u56fe\u7247_20251029102004_335_1287.png\",\"width\":1308,\"height\":467,\"caption\":\"hardnesstests\"},\"image\":{\"@id\":\"https:\\\/\\\/hardnesstests.com\\\/tr\\\/#\\\/schema\\\/logo\\\/image\\\/\"}}]}<\/script>\n<!-- \/ Yoast SEO Premium plugin. -->","yoast_head_json":{"title":"Package\u00a0&amp; Delivery - hardnesstests","description":"Package and delivery information for HardnessTests.com products. Secure packaging and reliable shipping for hardness testing and metallography equipment.","robots":{"index":"index","follow":"follow","max-snippet":"max-snippet:-1","max-image-preview":"max-image-preview:large","max-video-preview":"max-video-preview:-1"},"canonical":"https:\/\/hardnesstests.com\/de\/package-delivery\/","og_locale":"de_DE","og_type":"article","og_title":"Package\u00a0&amp; Delivery","og_description":"Package and delivery information for HardnessTests.com products. Secure packaging and reliable shipping for hardness testing and metallography equipment.","og_url":"https:\/\/hardnesstests.com\/de\/package-delivery\/","og_site_name":"hardnesstests","article_modified_time":"2025-12-25T04:45:45+00:00","twitter_card":"summary_large_image","twitter_misc":{"Gesch\u00e4tzte Lesezeit":"2\u00a0Minuten"},"schema":{"@context":"https:\/\/schema.org","@graph":[{"@type":"WebPage","@id":"https:\/\/hardnesstests.com\/package-delivery\/","url":"https:\/\/hardnesstests.com\/package-delivery\/","name":"Package\u00a0&amp; Delivery - hardnesstests","isPartOf":{"@id":"https:\/\/hardnesstests.com\/tr\/#website"},"datePublished":"2025-11-05T08:11:54+00:00","dateModified":"2025-12-25T04:45:45+00:00","description":"Package and delivery information for HardnessTests.com products. Secure packaging and reliable shipping for hardness testing and metallography equipment.","breadcrumb":{"@id":"https:\/\/hardnesstests.com\/package-delivery\/#breadcrumb"},"inLanguage":"de-CH","potentialAction":[{"@type":"ReadAction","target":["https:\/\/hardnesstests.com\/package-delivery\/"]}]},{"@type":"BreadcrumbList","@id":"https:\/\/hardnesstests.com\/package-delivery\/#breadcrumb","itemListElement":[{"@type":"ListItem","position":1,"name":"\u9996\u9875","item":"https:\/\/hardnesstests.com\/"},{"@type":"ListItem","position":2,"name":"Package\u00a0&amp; Delivery"}]},{"@type":"WebSite","@id":"https:\/\/hardnesstests.com\/tr\/#website","url":"https:\/\/hardnesstests.com\/tr\/","name":"hardnesstests","description":"","publisher":{"@id":"https:\/\/hardnesstests.com\/tr\/#organization"},"potentialAction":[{"@type":"SearchAction","target":{"@type":"EntryPoint","urlTemplate":"https:\/\/hardnesstests.com\/tr\/?s={search_term_string}"},"query-input":{"@type":"PropertyValueSpecification","valueRequired":true,"valueName":"search_term_string"}}],"inLanguage":"de-CH"},{"@type":"Organization","@id":"https:\/\/hardnesstests.com\/tr\/#organization","name":"hardnesstests","url":"https:\/\/hardnesstests.com\/tr\/","logo":{"@type":"ImageObject","inLanguage":"de-CH","@id":"https:\/\/hardnesstests.com\/tr\/#\/schema\/logo\/image\/","url":"https:\/\/hardnesstests.com\/wp-content\/uploads\/2021\/08\/\u5fae\u4fe1\u56fe\u7247_20251029102004_335_1287.png","contentUrl":"https:\/\/hardnesstests.com\/wp-content\/uploads\/2021\/08\/\u5fae\u4fe1\u56fe\u7247_20251029102004_335_1287.png","width":1308,"height":467,"caption":"hardnesstests"},"image":{"@id":"https:\/\/hardnesstests.com\/tr\/#\/schema\/logo\/image\/"}}]}},"_hostinger_reach_plugin_has_subscription_block":false,"_hostinger_reach_plugin_is_elementor":false,"_links":{"self":[{"href":"https:\/\/hardnesstests.com\/de\/wp-json\/wp\/v2\/pages\/29345","targetHints":{"allow":["GET"]}}],"collection":[{"href":"https:\/\/hardnesstests.com\/de\/wp-json\/wp\/v2\/pages"}],"about":[{"href":"https:\/\/hardnesstests.com\/de\/wp-json\/wp\/v2\/types\/page"}],"author":[{"embeddable":true,"href":"https:\/\/hardnesstests.com\/de\/wp-json\/wp\/v2\/users\/1"}],"replies":[{"embeddable":true,"href":"https:\/\/hardnesstests.com\/de\/wp-json\/wp\/v2\/comments?post=29345"}],"version-history":[{"count":2,"href":"https:\/\/hardnesstests.com\/de\/wp-json\/wp\/v2\/pages\/29345\/revisions"}],"predecessor-version":[{"id":29503,"href":"https:\/\/hardnesstests.com\/de\/wp-json\/wp\/v2\/pages\/29345\/revisions\/29503"}],"wp:attachment":[{"href":"https:\/\/hardnesstests.com\/de\/wp-json\/wp\/v2\/media?parent=29345"}],"curies":[{"name":"wp","href":"https:\/\/api.w.org\/{rel}","templated":true}]}}