{"id":29343,"date":"2025-11-05T08:11:28","date_gmt":"2025-11-05T08:11:28","guid":{"rendered":"https:\/\/hardnesstests.com\/?page_id=29343"},"modified":"2025-12-25T05:02:51","modified_gmt":"2025-12-25T05:02:51","slug":"pre-sales-consultation","status":"publish","type":"page","link":"https:\/\/hardnesstests.com\/de\/pre-sales-consultation\/","title":{"rendered":"Beratung vor dem Verkauf"},"content":{"rendered":"<div data-elementor-type=\"wp-page\" data-elementor-id=\"29343\" class=\"elementor elementor-29343\" data-elementor-post-type=\"page\">\n\t\t\t\t<div class=\"wd-negative-gap elementor-element elementor-element-947a9dc e-flex e-con-boxed e-con e-parent\" data-id=\"947a9dc\" data-element_type=\"container\" data-e-type=\"container\">\n\t\t\t\t\t<div class=\"e-con-inner\">\n\t\t\t\t<div class=\"elementor-element elementor-element-9310da3 wd-width-100 elementor-widget elementor-widget-wd_title\" data-id=\"9310da3\" data-element_type=\"widget\" data-e-type=\"widget\" data-widget_type=\"wd_title.default\">\n\t\t\t\t<div class=\"elementor-widget-container\">\n\t\t\t\t\t\t\t<div class=\"title-wrapper wd-set-mb reset-last-child wd-title-color-default wd-title-style-default wd-title-size-default text-center\">\n\n\t\t\t\n\t\t\t<div class=\"liner-continer\">\n\t\t\t\t<h4 class=\"woodmart-title-container title wd-fontsize-l\">Beratung vor dem Verkauf<\/h4> \n\t\t\t\t\t\t\t<\/div>\n\n\t\t\t\t\t\t\t<div class=\"title-after_title reset-last-child wd-fontsize-xs\">\n\t\t\t\t\t<p>Wir bei Juhui Instruments wissen, dass die Wahl der am besten geeigneten Pr\u00fcfger\u00e4te f\u00fcr die Gew\u00e4hrleistung der Produktqualit\u00e4t entscheidend ist. Unser Expertenteam steht Ihnen von Anfang an bei der Entscheidungsfindung zur Seite und bietet professionelle und objektive technische Unterst\u00fctzung, um sicherzustellen, dass Sie eine L\u00f6sung erhalten, die Ihren Anforderungen perfekt entspricht.<\/p>\t\t\t\t<\/div>\n\t\t\t\t\t<\/div>\n\t\t\t\t\t\t<\/div>\n\t\t\t\t<\/div>\n\t\t\t\t\t<\/div>\n\t\t\t\t<\/div>\n\t\t<div class=\"wd-negative-gap elementor-element elementor-element-2a915b0 e-flex e-con-boxed e-con e-parent\" data-id=\"2a915b0\" data-element_type=\"container\" data-e-type=\"container\">\n\t\t\t\t\t<div class=\"e-con-inner\">\n\t\t<div class=\"elementor-element elementor-element-9617455 e-con-full e-flex e-con e-child\" data-id=\"9617455\" data-element_type=\"container\" data-e-type=\"container\">\n\t\t\t\t<div class=\"elementor-element elementor-element-8ea7e11 wd-width-100 elementor-widget elementor-widget-wd_title\" data-id=\"8ea7e11\" data-element_type=\"widget\" data-e-type=\"widget\" data-widget_type=\"wd_title.default\">\n\t\t\t\t<div class=\"elementor-widget-container\">\n\t\t\t\t\t\t\t<div class=\"title-wrapper wd-set-mb reset-last-child wd-title-color-default wd-title-style-default wd-title-size-default text-left\">\n\n\t\t\t\n\t\t\t<div class=\"liner-continer\">\n\t\t\t\t<h4 class=\"woodmart-title-container title wd-fontsize-l\">Sind Sie mit einem der folgenden Probleme konfrontiert?<\/h4> \n\t\t\t\t\t\t\t<\/div>\n\n\t\t\t\t\t\t\t<div class=\"title-after_title reset-last-child wd-fontsize-xs\">\n\t\t\t\t\t<p>Verwirrung bei der Auswahl: Sie sind sich nicht sicher, welches H\u00e4rtepr\u00fcfger\u00e4t bei den verschiedenen Materialien und Pr\u00fcfnormen das beste f\u00fcr Sie ist?<\/p><p>\u00dcberlegungen zum Budget: Wie erh\u00e4lt man die optimale Preis-Leistungs-L\u00f6sung innerhalb eines begrenzten Budgets?<\/p><p>Fragen zur Anwendung: K\u00f6nnen sich unsere Ger\u00e4te perfekt an Ihr spezifisches Werkst\u00fcck und Ihre Produktionsumgebung anpassen?<\/p><p>Einhaltung von Normen: Erf\u00fcllen die Ger\u00e4te die f\u00fcr Ihre Branche ma\u00dfgeblichen Normen wie ISO, ASTM oder GB\/T?<\/p><p>Anpassungsbed\u00fcrfnisse: Gibt es spezielle Vorrichtungen, Software oder Funktionen, die eine individuelle Entwicklung erfordern?<\/p>\t\t\t\t<\/div>\n\t\t\t\t\t<\/div>\n\t\t\t\t\t\t<\/div>\n\t\t\t\t<\/div>\n\t\t\t\t<\/div>\n\t\t<div class=\"elementor-element elementor-element-9dcd5a4 e-con-full e-flex e-con e-child\" data-id=\"9dcd5a4\" data-element_type=\"container\" data-e-type=\"container\">\n\t\t\t\t<div class=\"elementor-element elementor-element-08f01f7 elementor-widget elementor-widget-wd_image_or_svg\" data-id=\"08f01f7\" data-element_type=\"widget\" data-e-type=\"widget\" data-widget_type=\"wd_image_or_svg.default\">\n\t\t\t\t<div class=\"elementor-widget-container\">\n\t\t\t\t\t\n\t\t<div class=\"wd-image text-left\">\n\t\t\t\t\t\t\t\t<img loading=\"lazy\" decoding=\"async\" width=\"1440\" height=\"1080\" src=\"https:\/\/hardnesstests.com\/wp-content\/uploads\/2025\/11\/\u5fae\u4fe1\u56fe\u7247_2025-10-31_134136_370.jpg\" class=\"attachment-full size-full\" alt=\"\" srcset=\"https:\/\/hardnesstests.com\/wp-content\/uploads\/2025\/11\/\u5fae\u4fe1\u56fe\u7247_2025-10-31_134136_370.jpg 1440w, https:\/\/hardnesstests.com\/wp-content\/uploads\/2025\/11\/\u5fae\u4fe1\u56fe\u7247_2025-10-31_134136_370-400x300.jpg 400w, https:\/\/hardnesstests.com\/wp-content\/uploads\/2025\/11\/\u5fae\u4fe1\u56fe\u7247_2025-10-31_134136_370-1067x800.jpg 1067w, https:\/\/hardnesstests.com\/wp-content\/uploads\/2025\/11\/\u5fae\u4fe1\u56fe\u7247_2025-10-31_134136_370-768x576.jpg 768w, https:\/\/hardnesstests.com\/wp-content\/uploads\/2025\/11\/\u5fae\u4fe1\u56fe\u7247_2025-10-31_134136_370-16x12.jpg 16w, https:\/\/hardnesstests.com\/wp-content\/uploads\/2025\/11\/\u5fae\u4fe1\u56fe\u7247_2025-10-31_134136_370-700x525.jpg 700w, https:\/\/hardnesstests.com\/wp-content\/uploads\/2025\/11\/\u5fae\u4fe1\u56fe\u7247_2025-10-31_134136_370-150x113.jpg 150w\" sizes=\"auto, (max-width: 1440px) 100vw, 1440px\" \/>\t\t\t\t\t<\/div>\n\n\t\t\t\t\t\t<\/div>\n\t\t\t\t<\/div>\n\t\t\t\t<\/div>\n\t\t\t\t\t<\/div>\n\t\t\t\t<\/div>\n\t\t<div class=\"wd-negative-gap elementor-element elementor-element-9e7c201 e-flex e-con-boxed e-con e-parent\" data-id=\"9e7c201\" data-element_type=\"container\" data-e-type=\"container\">\n\t\t\t\t\t<div class=\"e-con-inner\">\n\t\t<div class=\"elementor-element elementor-element-0321b79 e-con-full e-flex e-con e-child\" data-id=\"0321b79\" data-element_type=\"container\" data-e-type=\"container\">\n\t\t\t\t<div class=\"elementor-element elementor-element-5f0b798 wd-width-100 elementor-widget elementor-widget-wd_title\" data-id=\"5f0b798\" data-element_type=\"widget\" data-e-type=\"widget\" data-widget_type=\"wd_title.default\">\n\t\t\t\t<div class=\"elementor-widget-container\">\n\t\t\t\t\t\t\t<div class=\"title-wrapper wd-set-mb reset-last-child wd-title-color-default wd-title-style-default wd-title-size-default text-left\">\n\n\t\t\t\n\t\t\t<div class=\"liner-continer\">\n\t\t\t\t<h4 class=\"woodmart-title-container title wd-fontsize-l\">Warum sollten Sie unseren Pre-Sales-Service w\u00e4hlen?<\/h4> \n\t\t\t\t\t\t\t<\/div>\n\n\t\t\t\t\t\t\t<div class=\"title-after_title reset-last-child wd-fontsize-xs\">\n\t\t\t\t\t<p>Professionelle Berater: Eins-zu-eins-Kommunikation mit leitenden Anwendungsingenieuren, die Sie objektiv und unter Ber\u00fccksichtigung Ihrer tats\u00e4chlichen Arbeitsbedingungen beraten.<\/p><p>Validierung von L\u00f6sungen: Online-Videotests k\u00f6nnen arrangiert werden, um den Testprozess und die Ergebnisse Ihrer Proben visuell zu demonstrieren.<\/p><p>Flexible Planung: Wir bieten Ihnen die kosteneffizienteste Ger\u00e4teauswahl und Aufr\u00fcstungsplanung auf der Grundlage Ihres Budgets und Ihrer Anwendungsphase.<\/p><p>Sorglos-Versprechen: Wir versprechen, dass Sie umfassende technische Informationen, transparente Preise und aufrichtige professionelle Beratung erhalten.<\/p>\t\t\t\t<\/div>\n\t\t\t\t\t<\/div>\n\t\t\t\t\t\t<\/div>\n\t\t\t\t<\/div>\n\t\t\t\t<\/div>\n\t\t<div class=\"elementor-element elementor-element-2bd72ce e-con-full e-flex e-con e-child\" data-id=\"2bd72ce\" data-element_type=\"container\" data-e-type=\"container\">\n\t\t\t\t<div class=\"elementor-element elementor-element-e2cca52 elementor-widget elementor-widget-wd_image_or_svg\" data-id=\"e2cca52\" data-element_type=\"widget\" data-e-type=\"widget\" data-widget_type=\"wd_image_or_svg.default\">\n\t\t\t\t<div class=\"elementor-widget-container\">\n\t\t\t\t\t\n\t\t<div class=\"wd-image text-left\">\n\t\t\t\t\t\t\t\t<img loading=\"lazy\" decoding=\"async\" width=\"1440\" height=\"1080\" src=\"https:\/\/hardnesstests.com\/wp-content\/uploads\/2025\/11\/\u5fae\u4fe1\u56fe\u7247_2025-10-31_134055_953.jpg\" class=\"attachment-full size-full\" alt=\"\" srcset=\"https:\/\/hardnesstests.com\/wp-content\/uploads\/2025\/11\/\u5fae\u4fe1\u56fe\u7247_2025-10-31_134055_953.jpg 1440w, https:\/\/hardnesstests.com\/wp-content\/uploads\/2025\/11\/\u5fae\u4fe1\u56fe\u7247_2025-10-31_134055_953-400x300.jpg 400w, https:\/\/hardnesstests.com\/wp-content\/uploads\/2025\/11\/\u5fae\u4fe1\u56fe\u7247_2025-10-31_134055_953-1067x800.jpg 1067w, https:\/\/hardnesstests.com\/wp-content\/uploads\/2025\/11\/\u5fae\u4fe1\u56fe\u7247_2025-10-31_134055_953-768x576.jpg 768w, https:\/\/hardnesstests.com\/wp-content\/uploads\/2025\/11\/\u5fae\u4fe1\u56fe\u7247_2025-10-31_134055_953-16x12.jpg 16w, https:\/\/hardnesstests.com\/wp-content\/uploads\/2025\/11\/\u5fae\u4fe1\u56fe\u7247_2025-10-31_134055_953-700x525.jpg 700w, https:\/\/hardnesstests.com\/wp-content\/uploads\/2025\/11\/\u5fae\u4fe1\u56fe\u7247_2025-10-31_134055_953-150x113.jpg 150w\" sizes=\"auto, (max-width: 1440px) 100vw, 1440px\" \/>\t\t\t\t\t<\/div>\n\n\t\t\t\t\t\t<\/div>\n\t\t\t\t<\/div>\n\t\t\t\t<\/div>\n\t\t\t\t\t<\/div>\n\t\t\t\t<\/div>\n\t\t\t\t<\/div>","protected":false},"excerpt":{"rendered":"<p>Pre-Sales Consultation At Juhui Instruments, we understand that choosing the most suitable testing equipment is crucial to ensuring product quality.<\/p>","protected":false},"author":1,"featured_media":0,"parent":0,"menu_order":0,"comment_status":"closed","ping_status":"closed","template":"","meta":{"footnotes":""},"class_list":["post-29343","page","type-page","status-publish","hentry"],"yoast_head":"<!-- This site is optimized with the Yoast SEO Premium plugin v25.4 (Yoast SEO v27.4) - https:\/\/yoast.com\/product\/yoast-seo-premium-wordpress\/ -->\n<title>Pre-Sales Consultation - hardnesstests<\/title>\n<meta name=\"description\" content=\"Get expert pre-sales consultation for hardness testing and metallography equipment. Tailored advice for labs and industrial use.\" \/>\n<meta name=\"robots\" content=\"index, follow, max-snippet:-1, max-image-preview:large, max-video-preview:-1\" \/>\n<link rel=\"canonical\" href=\"https:\/\/hardnesstests.com\/de\/pre-sales-consultation\/\" \/>\n<meta property=\"og:locale\" content=\"de_DE\" \/>\n<meta property=\"og:type\" content=\"article\" \/>\n<meta property=\"og:title\" content=\"Pre-Sales Consultation\" \/>\n<meta property=\"og:description\" content=\"Get expert pre-sales consultation for hardness testing and metallography equipment. Tailored advice for labs and industrial use.\" \/>\n<meta property=\"og:url\" content=\"https:\/\/hardnesstests.com\/de\/pre-sales-consultation\/\" \/>\n<meta property=\"og:site_name\" content=\"hardnesstests\" \/>\n<meta property=\"article:modified_time\" content=\"2025-12-25T05:02:51+00:00\" \/>\n<meta name=\"twitter:card\" content=\"summary_large_image\" \/>\n<meta name=\"twitter:label1\" content=\"Gesch\u00e4tzte Lesezeit\" \/>\n\t<meta name=\"twitter:data1\" content=\"2\u00a0Minuten\" \/>\n<script type=\"application\/ld+json\" class=\"yoast-schema-graph\">{\"@context\":\"https:\\\/\\\/schema.org\",\"@graph\":[{\"@type\":\"WebPage\",\"@id\":\"https:\\\/\\\/hardnesstests.com\\\/pre-sales-consultation\\\/\",\"url\":\"https:\\\/\\\/hardnesstests.com\\\/pre-sales-consultation\\\/\",\"name\":\"Pre-Sales Consultation - hardnesstests\",\"isPartOf\":{\"@id\":\"https:\\\/\\\/hardnesstests.com\\\/tr\\\/#website\"},\"datePublished\":\"2025-11-05T08:11:28+00:00\",\"dateModified\":\"2025-12-25T05:02:51+00:00\",\"description\":\"Get expert pre-sales consultation for hardness testing and metallography equipment. Tailored advice for labs and industrial use.\",\"breadcrumb\":{\"@id\":\"https:\\\/\\\/hardnesstests.com\\\/pre-sales-consultation\\\/#breadcrumb\"},\"inLanguage\":\"de-CH\",\"potentialAction\":[{\"@type\":\"ReadAction\",\"target\":[\"https:\\\/\\\/hardnesstests.com\\\/pre-sales-consultation\\\/\"]}]},{\"@type\":\"BreadcrumbList\",\"@id\":\"https:\\\/\\\/hardnesstests.com\\\/pre-sales-consultation\\\/#breadcrumb\",\"itemListElement\":[{\"@type\":\"ListItem\",\"position\":1,\"name\":\"\u9996\u9875\",\"item\":\"https:\\\/\\\/hardnesstests.com\\\/\"},{\"@type\":\"ListItem\",\"position\":2,\"name\":\"Pre-Sales Consultation\"}]},{\"@type\":\"WebSite\",\"@id\":\"https:\\\/\\\/hardnesstests.com\\\/tr\\\/#website\",\"url\":\"https:\\\/\\\/hardnesstests.com\\\/tr\\\/\",\"name\":\"hardnesstests\",\"description\":\"\",\"publisher\":{\"@id\":\"https:\\\/\\\/hardnesstests.com\\\/tr\\\/#organization\"},\"potentialAction\":[{\"@type\":\"SearchAction\",\"target\":{\"@type\":\"EntryPoint\",\"urlTemplate\":\"https:\\\/\\\/hardnesstests.com\\\/tr\\\/?s={search_term_string}\"},\"query-input\":{\"@type\":\"PropertyValueSpecification\",\"valueRequired\":true,\"valueName\":\"search_term_string\"}}],\"inLanguage\":\"de-CH\"},{\"@type\":\"Organization\",\"@id\":\"https:\\\/\\\/hardnesstests.com\\\/tr\\\/#organization\",\"name\":\"hardnesstests\",\"url\":\"https:\\\/\\\/hardnesstests.com\\\/tr\\\/\",\"logo\":{\"@type\":\"ImageObject\",\"inLanguage\":\"de-CH\",\"@id\":\"https:\\\/\\\/hardnesstests.com\\\/tr\\\/#\\\/schema\\\/logo\\\/image\\\/\",\"url\":\"https:\\\/\\\/hardnesstests.com\\\/wp-content\\\/uploads\\\/2021\\\/08\\\/\u5fae\u4fe1\u56fe\u7247_20251029102004_335_1287.png\",\"contentUrl\":\"https:\\\/\\\/hardnesstests.com\\\/wp-content\\\/uploads\\\/2021\\\/08\\\/\u5fae\u4fe1\u56fe\u7247_20251029102004_335_1287.png\",\"width\":1308,\"height\":467,\"caption\":\"hardnesstests\"},\"image\":{\"@id\":\"https:\\\/\\\/hardnesstests.com\\\/tr\\\/#\\\/schema\\\/logo\\\/image\\\/\"}}]}<\/script>\n<!-- \/ Yoast SEO Premium plugin. -->","yoast_head_json":{"title":"Pre-Sales Consultation - hardnesstests","description":"Get expert pre-sales consultation for hardness testing and metallography equipment. Tailored advice for labs and industrial use.","robots":{"index":"index","follow":"follow","max-snippet":"max-snippet:-1","max-image-preview":"max-image-preview:large","max-video-preview":"max-video-preview:-1"},"canonical":"https:\/\/hardnesstests.com\/de\/pre-sales-consultation\/","og_locale":"de_DE","og_type":"article","og_title":"Pre-Sales Consultation","og_description":"Get expert pre-sales consultation for hardness testing and metallography equipment. Tailored advice for labs and industrial use.","og_url":"https:\/\/hardnesstests.com\/de\/pre-sales-consultation\/","og_site_name":"hardnesstests","article_modified_time":"2025-12-25T05:02:51+00:00","twitter_card":"summary_large_image","twitter_misc":{"Gesch\u00e4tzte Lesezeit":"2\u00a0Minuten"},"schema":{"@context":"https:\/\/schema.org","@graph":[{"@type":"WebPage","@id":"https:\/\/hardnesstests.com\/pre-sales-consultation\/","url":"https:\/\/hardnesstests.com\/pre-sales-consultation\/","name":"Pre-Sales Consultation - hardnesstests","isPartOf":{"@id":"https:\/\/hardnesstests.com\/tr\/#website"},"datePublished":"2025-11-05T08:11:28+00:00","dateModified":"2025-12-25T05:02:51+00:00","description":"Get expert pre-sales consultation for hardness testing and metallography equipment. Tailored advice for labs and industrial use.","breadcrumb":{"@id":"https:\/\/hardnesstests.com\/pre-sales-consultation\/#breadcrumb"},"inLanguage":"de-CH","potentialAction":[{"@type":"ReadAction","target":["https:\/\/hardnesstests.com\/pre-sales-consultation\/"]}]},{"@type":"BreadcrumbList","@id":"https:\/\/hardnesstests.com\/pre-sales-consultation\/#breadcrumb","itemListElement":[{"@type":"ListItem","position":1,"name":"\u9996\u9875","item":"https:\/\/hardnesstests.com\/"},{"@type":"ListItem","position":2,"name":"Pre-Sales Consultation"}]},{"@type":"WebSite","@id":"https:\/\/hardnesstests.com\/tr\/#website","url":"https:\/\/hardnesstests.com\/tr\/","name":"hardnesstests","description":"","publisher":{"@id":"https:\/\/hardnesstests.com\/tr\/#organization"},"potentialAction":[{"@type":"SearchAction","target":{"@type":"EntryPoint","urlTemplate":"https:\/\/hardnesstests.com\/tr\/?s={search_term_string}"},"query-input":{"@type":"PropertyValueSpecification","valueRequired":true,"valueName":"search_term_string"}}],"inLanguage":"de-CH"},{"@type":"Organization","@id":"https:\/\/hardnesstests.com\/tr\/#organization","name":"hardnesstests","url":"https:\/\/hardnesstests.com\/tr\/","logo":{"@type":"ImageObject","inLanguage":"de-CH","@id":"https:\/\/hardnesstests.com\/tr\/#\/schema\/logo\/image\/","url":"https:\/\/hardnesstests.com\/wp-content\/uploads\/2021\/08\/\u5fae\u4fe1\u56fe\u7247_20251029102004_335_1287.png","contentUrl":"https:\/\/hardnesstests.com\/wp-content\/uploads\/2021\/08\/\u5fae\u4fe1\u56fe\u7247_20251029102004_335_1287.png","width":1308,"height":467,"caption":"hardnesstests"},"image":{"@id":"https:\/\/hardnesstests.com\/tr\/#\/schema\/logo\/image\/"}}]}},"_hostinger_reach_plugin_has_subscription_block":false,"_hostinger_reach_plugin_is_elementor":false,"_links":{"self":[{"href":"https:\/\/hardnesstests.com\/de\/wp-json\/wp\/v2\/pages\/29343","targetHints":{"allow":["GET"]}}],"collection":[{"href":"https:\/\/hardnesstests.com\/de\/wp-json\/wp\/v2\/pages"}],"about":[{"href":"https:\/\/hardnesstests.com\/de\/wp-json\/wp\/v2\/types\/page"}],"author":[{"embeddable":true,"href":"https:\/\/hardnesstests.com\/de\/wp-json\/wp\/v2\/users\/1"}],"replies":[{"embeddable":true,"href":"https:\/\/hardnesstests.com\/de\/wp-json\/wp\/v2\/comments?post=29343"}],"version-history":[{"count":16,"href":"https:\/\/hardnesstests.com\/de\/wp-json\/wp\/v2\/pages\/29343\/revisions"}],"predecessor-version":[{"id":29544,"href":"https:\/\/hardnesstests.com\/de\/wp-json\/wp\/v2\/pages\/29343\/revisions\/29544"}],"wp:attachment":[{"href":"https:\/\/hardnesstests.com\/de\/wp-json\/wp\/v2\/media?parent=29343"}],"curies":[{"name":"wp","href":"https:\/\/api.w.org\/{rel}","templated":true}]}}